{"id":389724,"date":"2022-01-10T12:55:09","date_gmt":"2022-01-10T11:55:09","guid":{"rendered":"https:\/\/www.bacpolska.pl\/serwis\/"},"modified":"2022-06-29T08:26:55","modified_gmt":"2022-06-29T06:26:55","slug":"sluzba","status":"publish","type":"page","link":"https:\/\/www.bacpolska.pl\/cs\/serwis\/","title":{"rendered":"Slu\u017eba"},"content":{"rendered":"<p>D\u00edky v\u00fdhodn\u00e9 poloze na\u0161ich pobo\u010dek v Polsku <strong>Kostrzyn nad Odrou,<\/strong> <strong>Piotrk\u00f3w Trybunalski<\/strong>, <strong>Wroc\u0142aw, D\u0105browa G\u00f3rnicza<\/strong> Jsme schopni zajistit \u00fadr\u017ebu a opravy po cel\u00e9m Polsku. Sna\u017e\u00edme se poskytovat slu\u017eby na nejvy\u0161\u0161\u00ed mo\u017en\u00e9 \u00farovni, a proto se na ka\u017ed\u00e9 m\u00edsto, kde byla z\u00e1vada nahl\u00e1\u0161ena, dostav\u00edme neprodlen\u011b a z\u00e1vadu okam\u017eit\u011b odstran\u00edme.<\/p>\n\n\n\n<p><\/p>\n\n\n<div class=\"gb-container gb-container-dc63fa3d\"><div class=\"gb-inside-container\">\n\n<div class=\"wp-block-media-text is-stacked-on-mobile is-vertically-aligned-center\" style=\"grid-template-columns:42% auto\"><figure class=\"wp-block-media-text__media\"><img decoding=\"async\" data-src=\"https:\/\/www.bacpolska.pl\/wp-content\/uploads\/2022\/06\/bac-polska-serwis-zoomlion-1024x576.jpg\" alt=\"bac polska zoomlion service\" class=\"wp-image-408053 size-full lazyload\" title=\"\" src=\"data:image\/svg+xml;base64,PHN2ZyB3aWR0aD0iMSIgaGVpZ2h0PSIxIiB4bWxucz0iaHR0cDovL3d3dy53My5vcmcvMjAwMC9zdmciPjwvc3ZnPg==\" style=\"--smush-placeholder-width: 1024px; --smush-placeholder-aspect-ratio: 1024\/576;\"><\/figure><div class=\"wp-block-media-text__content\">\n<p><\/p>\n\n\n\n<p>Abychom p\u0159ed pron\u00e1jmem nebo prodejem odstranili p\u0159\u00edpadn\u00e9 nesrovnalosti, na\u0161e <strong>mobiln\u00ed plo\u0161iny, v\u00fdlo\u017en\u00edky, v\u00fdtahy<\/strong> proj\u00edt intern\u00edm procesem ov\u011b\u0159ov\u00e1n\u00ed, jeho\u017e v\u00fdsledkem je zpr\u00e1va o zkou\u0161ce. Na\u0161\u00ed v\u00fdhodou je rychlost a efektivita. Spole\u010dnost BAC Polska m\u00e1 velmi zku\u0161en\u00fd servisn\u00ed person\u00e1l. Disponujeme zhruba des\u00edtkou specializovan\u00fdch servisn\u00edch vozidel, kter\u00e1 n\u00e1m umo\u017e\u0148uj\u00ed dojet na jak\u00e9koli m\u00edsto v Polsku a Evrop\u011b.<\/p>\n\n\n\n<p>Na\u0161i zam\u011bstnanci jsou certifikovan\u00ed <strong>\u00da\u0159ad technick\u00e9 inspekce (UDT).<\/strong> To je dal\u0161\u00ed d\u016fkaz, \u017ee na\u0161e <strong>leteck\u00e9 pracovn\u00ed plo\u0161iny, n\u016f\u017ekov\u00e9 v\u00fdtahy<\/strong> a <strong>teleskopick\u00e9 p\u0159ist\u00e1n\u00ed<\/strong> jsou obsluhov\u00e1ny podle nejvy\u0161\u0161\u00edch standard\u016f. <\/p>\n\n\n\n<p>Krom\u011b z\u00e1kladn\u00edho servisu pronajat\u00fdch stroj\u016f nab\u00edz\u00edme:<\/p>\n\n\n\n<ul class=\"wp-block-list\"><li>servis nov\u00fdch a pou\u017eit\u00fdch vysokozdvi\u017en\u00fdch voz\u00edk\u016f<\/li><li>\u00fadr\u017eba stroj\u016f<\/li><li>p\u0159\u00edprava v\u00fdtah\u016f s technickou dokumentac\u00ed pro registraci u \u00da\u0159adu pro technickou inspekci (UDT).<\/li><li>p\u0159\u00edprava na vzk\u0159\u00ed\u0161en\u00ed<\/li><\/ul>\n<\/div><\/div>\n\n<\/div><\/div>\n\n\n<p><\/p>\n\n\n\n<p><\/p>\n\n\n\n<div class=\"wp-block-media-text has-media-on-the-right is-stacked-on-mobile is-vertically-aligned-center\"><figure class=\"wp-block-media-text__media\"><img decoding=\"async\" width=\"1024\" height=\"472\" data-src=\"https:\/\/www.bacpolska.pl\/wp-content\/uploads\/2022\/01\/serwis-bac-polska1-1024x472.jpg\" alt=\"bac polska service1\" class=\"wp-image-390934 size-full lazyload\" title=\"\" data-srcset=\"https:\/\/www.bacpolska.pl\/wp-content\/uploads\/2022\/01\/serwis-bac-polska1-1024x472.jpg 1024w, https:\/\/www.bacpolska.pl\/wp-content\/smush-webp\/2022\/01\/serwis-bac-polska1-64x30.jpg.webp 64w, https:\/\/www.bacpolska.pl\/wp-content\/uploads\/2022\/01\/serwis-bac-polska1-360x166.jpg 360w, https:\/\/www.bacpolska.pl\/wp-content\/uploads\/2022\/01\/serwis-bac-polska1-300x138.jpg 300w, https:\/\/www.bacpolska.pl\/wp-content\/uploads\/2022\/01\/serwis-bac-polska1-768x354.jpg 768w, https:\/\/www.bacpolska.pl\/wp-content\/uploads\/2022\/01\/serwis-bac-polska1.jpg 1288w\" data-sizes=\"(max-width: 1024px) 100vw, 1024px\" src=\"data:image\/svg+xml;base64,PHN2ZyB3aWR0aD0iMSIgaGVpZ2h0PSIxIiB4bWxucz0iaHR0cDovL3d3dy53My5vcmcvMjAwMC9zdmciPjwvc3ZnPg==\" style=\"--smush-placeholder-width: 1024px; --smush-placeholder-aspect-ratio: 1024\/472;\" data-smush-webp-fallback=\"{&quot;data-srcset&quot;:&quot;https:\\\/\\\/www.bacpolska.pl\\\/wp-content\\\/uploads\\\/2022\\\/01\\\/serwis-bac-polska1-1024x472.jpg 1024w, https:\\\/\\\/www.bacpolska.pl\\\/wp-content\\\/uploads\\\/2022\\\/01\\\/serwis-bac-polska1-64x30.jpg 64w, https:\\\/\\\/www.bacpolska.pl\\\/wp-content\\\/uploads\\\/2022\\\/01\\\/serwis-bac-polska1-360x166.jpg 360w, https:\\\/\\\/www.bacpolska.pl\\\/wp-content\\\/uploads\\\/2022\\\/01\\\/serwis-bac-polska1-300x138.jpg 300w, https:\\\/\\\/www.bacpolska.pl\\\/wp-content\\\/uploads\\\/2022\\\/01\\\/serwis-bac-polska1-768x354.jpg 768w, https:\\\/\\\/www.bacpolska.pl\\\/wp-content\\\/uploads\\\/2022\\\/01\\\/serwis-bac-polska1.jpg 1288w&quot;}\" \/><\/figure><div class=\"wp-block-media-text__content\">\n<h3 class=\"has-text-align-center has-text-color wp-block-heading\" style=\"color:#000000\">Jako autorizovan\u00fd prodejce zna\u010dky <strong>Zoomlion<\/strong> m\u00e1me p\u0159\u00edmou podporu v\u00fdrobce p\u0159i prov\u00e1d\u011bn\u00ed oprav. P\u0159i odstra\u0148ov\u00e1n\u00ed z\u00e1vad na v\u00fdtaz\u00edch jsme velmi efektivn\u00ed a rychle odstra\u0148ujeme v\u0161echny z\u00e1vady, po\u0161kozen\u00ed nebo chybov\u00e9 k\u00f3dy, kter\u00e9 se vyskytnou. <\/h3>\n\n\n\n<p>Ka\u017ed\u00fd z\u00e1kazn\u00edk, kter\u00fd se rozhodne zakoupit mobiln\u00ed platformu Zoomlion, obdr\u017e\u00ed z\u00e1ruku, kter\u00e1 zahrnuje:<\/p>\n\n\n\n<ul class=\"wp-block-list\"><li>5 let pro baterii (v\u00fdtahy nap\u00e1jen\u00e9 lithium-iontovou bateri\u00ed).<\/li><li>5 let na konstrukci za\u0159\u00edzen\u00ed<\/li><li>2 roky na v\u0161echny komponenty<\/li><li> 1 rok pro kompletn\u00ed servis<\/li><\/ul>\n<\/div><\/div>\n\n\n<div class=\"gb-container gb-container-2b676cee\"><div class=\"gb-inside-container\"><\/div><\/div>","protected":false},"excerpt":{"rendered":"","protected":false},"author":1,"featured_media":0,"parent":0,"menu_order":0,"comment_status":"open","ping_status":"open","template":"","meta":{"footnotes":""},"class_list":{"0":"post-389724","1":"page","2":"type-page","3":"status-publish","5":"infinite-scroll-item"},"_links":{"self":[{"href":"https:\/\/www.bacpolska.pl\/cs\/wp-json\/wp\/v2\/pages\/389724","targetHints":{"allow":["GET"]}}],"collection":[{"href":"https:\/\/www.bacpolska.pl\/cs\/wp-json\/wp\/v2\/pages"}],"about":[{"href":"https:\/\/www.bacpolska.pl\/cs\/wp-json\/wp\/v2\/types\/page"}],"author":[{"embeddable":true,"href":"https:\/\/www.bacpolska.pl\/cs\/wp-json\/wp\/v2\/users\/1"}],"replies":[{"embeddable":true,"href":"https:\/\/www.bacpolska.pl\/cs\/wp-json\/wp\/v2\/comments?post=389724"}],"version-history":[{"count":0,"href":"https:\/\/www.bacpolska.pl\/cs\/wp-json\/wp\/v2\/pages\/389724\/revisions"}],"wp:attachment":[{"href":"https:\/\/www.bacpolska.pl\/cs\/wp-json\/wp\/v2\/media?parent=389724"}],"curies":[{"name":"wp","href":"https:\/\/api.w.org\/{rel}","templated":true}]}}