{"id":389730,"date":"2022-01-10T12:55:09","date_gmt":"2022-01-10T11:55:09","guid":{"rendered":"https:\/\/www.bacpolska.pl\/rodo-klauzula-informacyjna\/"},"modified":"2024-01-25T14:59:09","modified_gmt":"2024-01-25T13:59:09","slug":"rodo-informacni-dolozka","status":"publish","type":"page","link":"https:\/\/www.bacpolska.pl\/cs\/rodo-klauzula-informacyjna\/","title":{"rendered":"RODO - informa\u010dn\u00ed dolo\u017eka"},"content":{"rendered":"<ol class=\"lista_ikonki wp-block-list\"><li>Spr\u00e1vcem va\u0161ich osobn\u00edch \u00fadaj\u016f je spole\u010dnost Bac Sp. z o.o. se s\u00eddlem v Kostrzyn\u011b nad Odrou na adrese: Gorzowska 112, 66-470 Kostrzyn nad Odr\u0105.<\/li><li>Spr\u00e1vce \u00fadaj\u016f nejmenoval inspektora ochrany osobn\u00edch \u00fadaj\u016f. Ve v\u0161ech z\u00e1le\u017eitostech t\u00fdkaj\u00edc\u00edch se zpracov\u00e1n\u00ed osobn\u00edch \u00fadaj\u016f lze informace z\u00edskat u Spr\u00e1vce \u00fadaj\u016f n\u00e1sleduj\u00edc\u00edm zp\u016fsobem:<br>- telefonicky na \u010d\u00edsle 95 752 92 77,<br>- e-mailem na adresu:&nbsp;<a href=\"mailto:info@bacpolska.pl\">info@bacpolska.pl<\/a>,<br>- dopisem nebo osobn\u011b na adresu s\u00eddla spr\u00e1vce: ul. Gorzowska 112, 66-470 Kostrzyn nad Odr\u0105.<\/li><li>Va\u0161e osobn\u00ed \u00fadaje budou zpracov\u00e1v\u00e1ny za \u00fa\u010delem p\u0159edlo\u017een\u00ed nab\u00eddky vz\u00e1jemn\u00e9 spolupr\u00e1ce, za \u00fa\u010delem uzav\u0159en\u00ed a \u0159\u00e1dn\u00e9ho pln\u011bn\u00ed smlouvy, jako\u017e i za \u00fa\u010delem spln\u011bn\u00ed z\u00e1konn\u00e9 povinnosti spr\u00e1vce (nap\u0159. vystaven\u00ed a uchov\u00e1v\u00e1n\u00ed faktur a jin\u00fdch \u00fa\u010detn\u00edch doklad\u016f, pro \u00fa\u010dely da\u0148ov\u00e9ho pr\u00e1va, zp\u0159\u00edstupn\u011bn\u00ed \u00fadaj\u016f opr\u00e1vn\u011bn\u00fdm subjekt\u016fm). \u00dadaje mohou b\u00fdt rovn\u011b\u017e pou\u017eity k uplatn\u011bn\u00ed p\u0159\u00edpadn\u00fdch n\u00e1rok\u016f z titulu nepln\u011bn\u00ed nebo neopr\u00e1vn\u011bn\u00e9ho pln\u011bn\u00ed uzav\u0159en\u00e9 smlouvy.<\/li><li>P\u0159\u00edjemci va\u0161ich osobn\u00edch \u00fadaj\u016f budou p\u0159\u00edslu\u0161n\u00e9 st\u00e1tn\u00ed org\u00e1ny v r\u00e1mci sv\u00fdch \u00fakol\u016f, kur\u00fdrn\u00ed spole\u010dnosti a dal\u0161\u00ed subjekty zaji\u0161\u0165uj\u00edc\u00ed doru\u010den\u00ed zbo\u017e\u00ed, partne\u0159i a pov\u011b\u0159en\u00ed zam\u011bstnanci spole\u010dnosti v r\u00e1mci sv\u00fdch povinnost\u00ed a subjekty spolupracuj\u00edc\u00ed se spr\u00e1vcem \u00fadaj\u016f v r\u00e1mci poskytov\u00e1n\u00ed slu\u017eeb pro v\u00e1s.<\/li><li>Osobn\u00ed \u00fadaje nebudou p\u0159ed\u00e1v\u00e1ny do t\u0159et\u00ed zem\u011b nebo mezin\u00e1rodn\u00ed organizaci.<\/li><li>Osobn\u00ed \u00fadaje budou uchov\u00e1v\u00e1ny po dobu trv\u00e1n\u00ed smlouvy a po jej\u00edm ukon\u010den\u00ed a\u017e do uplynut\u00ed proml\u010dec\u00ed lh\u016fty nebo z\u00e1niku n\u00e1rok\u016f vypl\u00fdvaj\u00edc\u00edch ze smlouvy.<\/li><li>M\u00e1te pr\u00e1vo po\u017eadovat p\u0159\u00edstup ke sv\u00fdm osobn\u00edm \u00fadaj\u016fm a pr\u00e1vo na opravu, v\u00fdmaz nebo omezen\u00ed zpracov\u00e1n\u00ed sv\u00fdch osobn\u00edch \u00fadaj\u016f, jako\u017e i pr\u00e1vo vzn\u00e9st n\u00e1mitku proti zpracov\u00e1n\u00ed sv\u00fdch \u00fadaj\u016f a pr\u00e1vo na p\u0159enositelnost \u00fadaj\u016f.<\/li><li>M\u00e1te pr\u00e1vo podat st\u00ed\u017enost u dozorov\u00e9ho \u00fa\u0159adu, kter\u00fdm je p\u0159edseda \u00da\u0159adu pro ochranu osobn\u00edch \u00fadaj\u016f, v p\u0159\u00edpad\u011b, \u017ee zpracov\u00e1n\u00ed va\u0161ich osobn\u00edch \u00fadaj\u016f prob\u00edh\u00e1 v rozporu s ustanoven\u00edmi na\u0159\u00edzen\u00ed o ochran\u011b osobn\u00edch \u00fadaj\u016f ze dne 27. dubna 2016.<\/li><li>Poskytnut\u00ed va\u0161ich osobn\u00edch \u00fadaj\u016f je dobrovoln\u00e9, ale nezbytn\u00e9 pro uzav\u0159en\u00ed smlouvy a nav\u00e1z\u00e1n\u00ed spolupr\u00e1ce.<\/li><li>Va\u0161e osobn\u00ed \u00fadaje nebudou p\u0159edm\u011btem profilov\u00e1n\u00ed.<\/li><\/ol>","protected":false},"excerpt":{"rendered":"","protected":false},"author":1,"featured_media":0,"parent":0,"menu_order":0,"comment_status":"closed","ping_status":"closed","template":"","meta":{"footnotes":""},"class_list":{"0":"post-389730","1":"page","2":"type-page","3":"status-publish","5":"infinite-scroll-item"},"_links":{"self":[{"href":"https:\/\/www.bacpolska.pl\/cs\/wp-json\/wp\/v2\/pages\/389730","targetHints":{"allow":["GET"]}}],"collection":[{"href":"https:\/\/www.bacpolska.pl\/cs\/wp-json\/wp\/v2\/pages"}],"about":[{"href":"https:\/\/www.bacpolska.pl\/cs\/wp-json\/wp\/v2\/types\/page"}],"author":[{"embeddable":true,"href":"https:\/\/www.bacpolska.pl\/cs\/wp-json\/wp\/v2\/users\/1"}],"replies":[{"embeddable":true,"href":"https:\/\/www.bacpolska.pl\/cs\/wp-json\/wp\/v2\/comments?post=389730"}],"version-history":[{"count":0,"href":"https:\/\/www.bacpolska.pl\/cs\/wp-json\/wp\/v2\/pages\/389730\/revisions"}],"wp:attachment":[{"href":"https:\/\/www.bacpolska.pl\/cs\/wp-json\/wp\/v2\/media?parent=389730"}],"curies":[{"name":"wp","href":"https:\/\/api.w.org\/{rel}","templated":true}]}}