{"id":391422,"date":"2022-02-08T09:01:19","date_gmt":"2022-02-08T08:01:19","guid":{"rendered":"https:\/\/www.bacpolska.pl\/?page_id=391422"},"modified":"2023-06-20T14:37:49","modified_gmt":"2023-06-20T12:37:49","slug":"leasing","status":"publish","type":"page","link":"https:\/\/www.bacpolska.pl\/cs\/leasing\/","title":{"rendered":"Leasing"},"content":{"rendered":"<p><strong>Spole\u010dnost BAC Polska<\/strong> s c\u00edlem jednat rychle a \u00fa\u010dinn\u011b spolupracoval s \u00da\u0159adem pro ochranu osobn\u00edch \u00fadaj\u016f. <strong>pronaj\u00edmatel Santander Leasing.<\/strong><br><strong>M\u00e1me v\u0161echny mo\u017enosti, abychom z\u00e1kazn\u00edkovi neprodlen\u011b poskytli v\u00fdhodnou nab\u00eddku leasingu.<\/strong><br>V p\u0159\u00edpad\u011b \u00fav\u011br\u016f do 200 000 PLN s kompletn\u00ed sadou pot\u0159ebn\u00fdch dokument\u016f (vypln\u011bn\u00e1 \u017e\u00e1dost) z\u00edsk\u00e1me rozhodnut\u00ed o leasingu.&nbsp;<strong>do 2 hodin a bez zbyte\u010dn\u00e9 byrokracie. Financov\u00e1n\u00ed naopak prob\u00edh\u00e1 do 24 hodin.<\/strong><\/p>\n\n\n\n<p>Santander Leasing (d\u0159\u00edve BZ WBK Leasing), dlouholet\u00fd l\u00eddr v oblasti financov\u00e1n\u00ed<strong> stroje a za\u0159\u00edzen\u00ed<\/strong>, <strong>pat\u0159\u00ed mezi nejlep\u0161\u00ed leasingov\u00e9 spole\u010dnosti<\/strong>. Jako univerz\u00e1ln\u00ed pronaj\u00edmatel nab\u00edz\u00ed financov\u00e1n\u00ed \u0161irok\u00e9 \u0161k\u00e1ly dlouhodob\u00e9ho majetku mal\u00fdm a st\u0159edn\u00edm podnik\u016fm a korpor\u00e1tn\u00edm z\u00e1kazn\u00edk\u016fm.  Spole\u010dnost se specializuje na financov\u00e1n\u00ed v\u0161ech dopravn\u00edch prost\u0159edk\u016f. Krom\u011b toho je nab\u00eddka p\u0159izp\u016fsobena specifick\u00fdm profesn\u00edm skupin\u00e1m .<\/p>\n\n\n\n<p>Spole\u010dnost zakl\u00e1d\u00e1 sv\u00e9 obchodn\u00ed aktivity p\u0159edev\u0161\u00edm na partnersk\u00fdch programech, a nab\u00edz\u00ed tak slu\u017eby a finan\u010dn\u00ed \u0159e\u0161en\u00ed, kter\u00e9 odpov\u00eddaj\u00ed m\u011bn\u00edc\u00edm se pot\u0159eb\u00e1m trhu.<\/p>","protected":false},"excerpt":{"rendered":"","protected":false},"author":1,"featured_media":0,"parent":0,"menu_order":0,"comment_status":"closed","ping_status":"closed","template":"","meta":{"footnotes":""},"class_list":{"0":"post-391422","1":"page","2":"type-page","3":"status-publish","5":"infinite-scroll-item"},"_links":{"self":[{"href":"https:\/\/www.bacpolska.pl\/cs\/wp-json\/wp\/v2\/pages\/391422","targetHints":{"allow":["GET"]}}],"collection":[{"href":"https:\/\/www.bacpolska.pl\/cs\/wp-json\/wp\/v2\/pages"}],"about":[{"href":"https:\/\/www.bacpolska.pl\/cs\/wp-json\/wp\/v2\/types\/page"}],"author":[{"embeddable":true,"href":"https:\/\/www.bacpolska.pl\/cs\/wp-json\/wp\/v2\/users\/1"}],"replies":[{"embeddable":true,"href":"https:\/\/www.bacpolska.pl\/cs\/wp-json\/wp\/v2\/comments?post=391422"}],"version-history":[{"count":0,"href":"https:\/\/www.bacpolska.pl\/cs\/wp-json\/wp\/v2\/pages\/391422\/revisions"}],"wp:attachment":[{"href":"https:\/\/www.bacpolska.pl\/cs\/wp-json\/wp\/v2\/media?parent=391422"}],"curies":[{"name":"wp","href":"https:\/\/api.w.org\/{rel}","templated":true}]}}