{"id":392337,"date":"2022-03-09T15:26:04","date_gmt":"2022-03-09T14:26:04","guid":{"rendered":"https:\/\/www.bacpolska.pl\/?page_id=392337"},"modified":"2025-11-12T11:15:34","modified_gmt":"2025-11-12T10:15:34","slug":"zoomlion","status":"publish","type":"page","link":"https:\/\/www.bacpolska.pl\/cs\/zoomlion\/","title":{"rendered":"BAC Polska. Autorizovan\u00fd prodejce Zoomlion"},"content":{"rendered":"<div class=\"gb-container gb-container-b5b90694\"><div class=\"gb-inside-container\">\n<div class=\"gb-grid-wrapper gb-grid-wrapper-30351cd7\">\n<div class=\"gb-grid-column gb-grid-column-9c0e79d9\"><div class=\"gb-container gb-container-9c0e79d9\"><div class=\"gb-inside-container\">\n<div class=\"wp-block-image image-shadow img\">\n<figure class=\"aligncenter size-full\"><img decoding=\"async\" width=\"380\" height=\"232\" data-src=\"https:\/\/www.bacpolska.pl\/wp-content\/uploads\/2022\/04\/zoomlionjpg.jpg\" alt=\"zoomlionjpg\" class=\"wp-image-400678 lazyload\" title=\"\" data-srcset=\"https:\/\/www.bacpolska.pl\/wp-content\/uploads\/2022\/04\/zoomlionjpg.jpg 380w, https:\/\/www.bacpolska.pl\/wp-content\/smush-webp\/2022\/04\/zoomlionjpg-64x39.jpg.webp 64w, https:\/\/www.bacpolska.pl\/wp-content\/uploads\/2022\/04\/zoomlionjpg-300x183.jpg 300w, https:\/\/www.bacpolska.pl\/wp-content\/smush-webp\/2022\/04\/zoomlionjpg-18x12.jpg.webp 18w, https:\/\/www.bacpolska.pl\/wp-content\/uploads\/2022\/04\/zoomlionjpg-360x220.jpg 360w\" data-sizes=\"(max-width: 380px) 100vw, 380px\" src=\"data:image\/svg+xml;base64,PHN2ZyB3aWR0aD0iMSIgaGVpZ2h0PSIxIiB4bWxucz0iaHR0cDovL3d3dy53My5vcmcvMjAwMC9zdmciPjwvc3ZnPg==\" style=\"--smush-placeholder-width: 380px; --smush-placeholder-aspect-ratio: 380\/232;\" data-smush-webp-fallback=\"{&quot;data-srcset&quot;:&quot;https:\\\/\\\/www.bacpolska.pl\\\/wp-content\\\/uploads\\\/2022\\\/04\\\/zoomlionjpg.jpg 380w, https:\\\/\\\/www.bacpolska.pl\\\/wp-content\\\/uploads\\\/2022\\\/04\\\/zoomlionjpg-64x39.jpg 64w, https:\\\/\\\/www.bacpolska.pl\\\/wp-content\\\/uploads\\\/2022\\\/04\\\/zoomlionjpg-300x183.jpg 300w, https:\\\/\\\/www.bacpolska.pl\\\/wp-content\\\/uploads\\\/2022\\\/04\\\/zoomlionjpg-18x12.jpg 18w, https:\\\/\\\/www.bacpolska.pl\\\/wp-content\\\/uploads\\\/2022\\\/04\\\/zoomlionjpg-360x220.jpg 360w&quot;}\" \/><\/figure>\n<\/div>\n<\/div><\/div><\/div>\n\n<div class=\"gb-grid-column gb-grid-column-27b76bc9\"><div class=\"gb-container gb-container-27b76bc9\"><div class=\"gb-inside-container\">\n\n<h3 class=\"gb-headline gb-headline-3ae41554 gb-headline-text\">P\u0159e\u010dt\u011bte si v\u00edce o spole\u010dnosti Zoomlion<\/h3>\n\n\n\n<p>Spole\u010dnost Zoomlion Heavy Industry Science and Technology Co., Ltd. je v\u00fdrobcem stavebn\u00edch a zem\u011bd\u011blsk\u00fdch stroj\u016f. Spole\u010dnost byla zalo\u017eena v roce 1992 a s\u00eddl\u00ed ve m\u011bst\u011b Changsha ve st\u00e1t\u011b Hunan v \u010c\u00edn\u011b.<\/p>\n\n\n\n<p>Od roku 2020 je spole\u010dnost BAC Polska ofici\u00e1ln\u00edm prodejcem zna\u010dky Zoomlion pro mobiln\u00ed plo\u0161iny v Polsku. Jsme r\u00e1di, \u017ee n\u00e1\u0161 strojov\u00fd park je neust\u00e1le z\u00e1sobov\u00e1n v\u00fdtahy od tohoto sv\u011btov\u00e9ho v\u00fdrobce. Plo\u0161iny, kter\u00e9 m\u00e1me k dispozici, se vyzna\u010duj\u00ed inovacemi. V na\u0161em vozov\u00e9m parku nechyb\u00ed teleskopick\u00e9 a n\u016f\u017ekov\u00e9 v\u00fdtahy, kter\u00e9 jsou poh\u00e1n\u011bny elekt\u0159inou nebo naftou.<\/p>\n\n\n<div class=\"gb-button-wrapper gb-button-wrapper-66d48426\">\n\n<a class=\"gb-button gb-button-2579acf0 gb-button-text smooth-scroll\" href=\"http:\/\/en.zoomlion.com\/\" target=\"_blank\" rel=\"noopener noreferrer nofollow\">Proch\u00e1zet<\/a>\n\n<\/div>\n<\/div><\/div><\/div>\n\n<div class=\"gb-grid-column gb-grid-column-fc815922\"><div class=\"gb-container gb-container-fc815922\"><div class=\"gb-inside-container\">\n\n<h3 class=\"gb-headline gb-headline-d6fae0aa gb-headline-text\">R\u016fst na sv\u011btov\u00fdch trz\u00edch<\/h3>\n\n\n\n<p>Spole\u010dnost za\u010dala velmi rychle r\u016fst a v\u00fdsledkem byla expanze na sv\u011btov\u00e9 trhy. Zoomlion m\u00e1 tov\u00e1rny po cel\u00e9m sv\u011bt\u011b - 14 pr\u016fmyslov\u00fdch a technologick\u00fdch park\u016f se nach\u00e1z\u00ed v \u010c\u00edn\u011b a p\u011bt v zahrani\u010d\u00ed, v\u010detn\u011b Evropy, Asie a Ji\u017en\u00ed Ameriky.<\/p>\n\n\n\n<p>V\u00fdrobn\u00ed linky, na kter\u00fdch se stroje Zoomlion vyr\u00e1b\u011bj\u00ed, jsou pova\u017eov\u00e1ny za jedny z nejmodern\u011bj\u0161\u00edch na sv\u011bt\u011b. To je nesm\u00edrn\u011b d\u016fle\u017eit\u00e9, proto\u017ee to sv\u011bd\u010d\u00ed o \u0161pi\u010dkov\u00e9 kvalit\u011b stroj\u016f.<\/p>\n\n\n\n<p>Spole\u010dnost Zoomlion se nezam\u011b\u0159uje pouze na v\u00fdrobu mobiln\u00edch platforem. V jeho \u0161irok\u00e9m sortimentu nechyb\u00ed ani stroje, jako jsou je\u0159\u00e1by, mobiln\u00ed je\u0159\u00e1by, m\u00edcha\u010dky betonu, bagry, naklada\u010de, buldozery, vysokozdvi\u017en\u00e9 voz\u00edky, zem\u011bd\u011blsk\u00e9 traktory nebo kombajny.<\/p>\n\n<\/div><\/div><\/div>\n\n<div class=\"gb-grid-column gb-grid-column-304b9b80\"><div class=\"gb-container gb-container-304b9b80\"><div class=\"gb-inside-container\">\n\n<figure class=\"wp-block-embed is-type-video is-provider-youtube wp-block-embed-youtube wp-embed-aspect-16-9 wp-has-aspect-ratio\"><div class=\"wp-block-embed__wrapper\">\n<iframe title=\"Seznamte se se zna\u010dkou v\u00fdtah\u016f Zoomlion\" width=\"1200\" height=\"675\" data-src=\"https:\/\/www.youtube.com\/embed\/pUAJXwEnEI8?feature=oembed\" frameborder=\"0\" allow=\"accelerometer; autoplay; clipboard-write; encrypted-media; gyroscope; picture-in-picture; web-share\" allowfullscreen src=\"data:image\/svg+xml;base64,PHN2ZyB3aWR0aD0iMSIgaGVpZ2h0PSIxIiB4bWxucz0iaHR0cDovL3d3dy53My5vcmcvMjAwMC9zdmciPjwvc3ZnPg==\" class=\"lazyload\" data-load-mode=\"1\"><\/iframe>\n<\/div><\/figure>\n\n<\/div><\/div><\/div>\n<\/div>\n\n\n<p><\/p>\n\n\n\n<p><\/p>\n\n\n<div class=\"wp-block-image is-resized\">\n<figure class=\"aligncenter size-large\"><a href=\"https:\/\/www.bacpolska.pl\/wp-content\/smush-webp\/2022\/04\/miasto_zoomlion.jpg.webp\" data-smush-webp-fallback=\"{&quot;href&quot;:&quot;https:\\\/\\\/www.bacpolska.pl\\\/wp-content\\\/uploads\\\/2022\\\/04\\\/miasto_zoomlion.jpg&quot;}\"><img decoding=\"async\" width=\"1024\" height=\"576\" data-src=\"https:\/\/www.bacpolska.pl\/wp-content\/smush-webp\/2022\/04\/miasto_zoomlion-1024x576.jpg.webp\" alt=\"m\u011bsto zoomlion\" class=\"wp-image-402464 lazyload\" title=\"\" data-srcset=\"https:\/\/www.bacpolska.pl\/wp-content\/smush-webp\/2022\/04\/miasto_zoomlion-1024x576.jpg.webp 1024w, https:\/\/www.bacpolska.pl\/wp-content\/smush-webp\/2022\/04\/miasto_zoomlion-64x36.jpg.webp 64w, https:\/\/www.bacpolska.pl\/wp-content\/smush-webp\/2022\/04\/miasto_zoomlion-300x169.jpg.webp 300w, https:\/\/www.bacpolska.pl\/wp-content\/smush-webp\/2022\/04\/miasto_zoomlion-768x432.jpg.webp 768w, https:\/\/www.bacpolska.pl\/wp-content\/smush-webp\/2022\/04\/miasto_zoomlion-360x203.jpg.webp 360w, https:\/\/www.bacpolska.pl\/wp-content\/smush-webp\/2022\/04\/miasto_zoomlion.jpg.webp 1080w\" data-sizes=\"(max-width: 1024px) 100vw, 1024px\" src=\"data:image\/svg+xml;base64,PHN2ZyB3aWR0aD0iMSIgaGVpZ2h0PSIxIiB4bWxucz0iaHR0cDovL3d3dy53My5vcmcvMjAwMC9zdmciPjwvc3ZnPg==\" style=\"--smush-placeholder-width: 1024px; --smush-placeholder-aspect-ratio: 1024\/576;\" data-smush-webp-fallback=\"{&quot;data-src&quot;:&quot;https:\\\/\\\/www.bacpolska.pl\\\/wp-content\\\/uploads\\\/2022\\\/04\\\/miasto_zoomlion-1024x576.jpg&quot;,&quot;data-srcset&quot;:&quot;https:\\\/\\\/www.bacpolska.pl\\\/wp-content\\\/uploads\\\/2022\\\/04\\\/miasto_zoomlion-1024x576.jpg 1024w, https:\\\/\\\/www.bacpolska.pl\\\/wp-content\\\/uploads\\\/2022\\\/04\\\/miasto_zoomlion-64x36.jpg 64w, https:\\\/\\\/www.bacpolska.pl\\\/wp-content\\\/uploads\\\/2022\\\/04\\\/miasto_zoomlion-300x169.jpg 300w, https:\\\/\\\/www.bacpolska.pl\\\/wp-content\\\/uploads\\\/2022\\\/04\\\/miasto_zoomlion-768x432.jpg 768w, https:\\\/\\\/www.bacpolska.pl\\\/wp-content\\\/uploads\\\/2022\\\/04\\\/miasto_zoomlion-360x203.jpg 360w, https:\\\/\\\/www.bacpolska.pl\\\/wp-content\\\/uploads\\\/2022\\\/04\\\/miasto_zoomlion.jpg 1080w&quot;}\" \/><\/a><\/figure>\n<\/div>\n\n<div class=\"gb-container gb-container-fecfbc56\"><div class=\"gb-inside-container\">\n\n<p class=\"gb-headline gb-headline-d4b26c43 gb-headline-text\"><span class=\"gb-headline-text\">N\u016f\u017ekov\u00e9 a teleskopick\u00e9 v\u00fdtahy se vyzna\u010duj\u00ed robustn\u00ed a stabiln\u00ed konstrukc\u00ed, kter\u00e1 zaru\u010duje bezpe\u010dnou pr\u00e1ci ve v\u00fd\u0161k\u00e1ch.<\/span><\/p>\n\n\n\n<p class=\"gb-headline gb-headline-09822cea gb-headline-text\"><span class=\"gb-headline-text\">Mobiln\u00ed plo\u0161iny maj\u00ed p\u0159\u00edm\u00fd elektrick\u00fd pohon, co\u017e vede k ni\u017e\u0161\u00ed spot\u0159eb\u011b energie a v\u011bt\u0161\u00edmu po\u010dtu pracovn\u00edch cykl\u016f.&nbsp;&nbsp;<\/span><\/p>\n\n\n\n<p class=\"gb-headline gb-headline-82a6b678 gb-headline-text\"><span class=\"gb-headline-text\">V\u00fdlo\u017en\u00edky jsou na podlaze oblo\u017eeny vlnit\u00fdm plechem, tak\u017ee jsou pro prov\u00e1d\u011bn\u00e9 pr\u00e1ce mimo\u0159\u00e1dn\u011b bezpe\u010dn\u00e9.<\/span><\/p>\n\n\n\n<p class=\"gb-headline gb-headline-e9b65024 gb-headline-text\"><span class=\"gb-headline-text\">V\u011bt\u0161ina mobiln\u00edch platforem nab\u00edzen\u00fdch spole\u010dnost\u00ed BAC Polska je nap\u00e1jena lithium-iontov\u00fdmi bateriemi.<\/span><\/p>\n\n\n\n<p class=\"gb-headline gb-headline-d00a1431 gb-headline-text\"><span class=\"gb-headline-text\">V\u00fdrobce pou\u017e\u00edv\u00e1 zn\u00e1m\u00e9 a uzn\u00e1van\u00e9 komponenty, kter\u00e9 zaru\u010duj\u00ed vy\u0161\u0161\u00ed kvalitu p\u0159i pou\u017e\u00edv\u00e1n\u00ed.<\/span><\/p>\n\n\n\n<p class=\"gb-headline gb-headline-95e11ef9 gb-headline-text\"><span class=\"gb-headline-text\">&nbsp;<\/span><\/p>\n\n<\/div><\/div>\n\n<div class=\"gb-grid-wrapper gb-grid-wrapper-f9a65bfd\">\n<div class=\"gb-grid-column gb-grid-column-765ed59a\"><div class=\"gb-container gb-container-765ed59a\"><div class=\"gb-inside-container\">\n\n<figure class=\"wp-block-embed is-type-video is-provider-youtube wp-block-embed-youtube wp-embed-aspect-16-9 wp-has-aspect-ratio\"><div class=\"wp-block-embed__wrapper\">\n<iframe title=\"Zna\u010dka Zoomlion na veletrhu Bauma\" width=\"1200\" height=\"675\" data-src=\"https:\/\/www.youtube.com\/embed\/Z_Mcap8VJL4?feature=oembed\" frameborder=\"0\" allow=\"accelerometer; autoplay; clipboard-write; encrypted-media; gyroscope; picture-in-picture; web-share\" allowfullscreen src=\"data:image\/svg+xml;base64,PHN2ZyB3aWR0aD0iMSIgaGVpZ2h0PSIxIiB4bWxucz0iaHR0cDovL3d3dy53My5vcmcvMjAwMC9zdmciPjwvc3ZnPg==\" class=\"lazyload\" data-load-mode=\"1\"><\/iframe>\n<\/div><\/figure>\n\n<\/div><\/div><\/div>\n\n<div class=\"gb-grid-column gb-grid-column-acdd36d2\"><div class=\"gb-container gb-container-acdd36d2\"><div class=\"gb-inside-container\">\n\n<h3 class=\"gb-headline gb-headline-b384a866 gb-headline-text\">P\u00e1t\u00e9 m\u00edsto mezi v\u00fdrobci stavebn\u00edch stroj\u016f na sv\u011bt\u011b<\/h3>\n\n\n\n<p>Spole\u010dnost Zoomlion ka\u017edoro\u010dn\u011b rychle roste. V roce 2021 se zna\u010dka um\u00edstila na p\u00e1t\u00e9m m\u00edst\u011b mezi v\u00fdrobci stavebn\u00edch stroj\u016f na sv\u011bt\u011b. Obsazenou pozici je t\u0159eba ocenit zejm\u00e9na proto, \u017ee oproti roku 2020 zaznamenal v\u00fdrobce v \u017eeb\u0159\u00ed\u010dku n\u00e1r\u016fst a\u017e o p\u011bt pozic.<\/p>\n\n\n\n<p>T\u00edm v\u0161ak pl\u00e1ny zna\u010dky Zoomlion nekon\u010d\u00ed. V\u00fdrobce hodl\u00e1 v p\u0159\u00ed\u0161t\u00edch letech pokra\u010dovat v rychl\u00e9m r\u016fstu s c\u00edlem posunout se v \u017eeb\u0159\u00ed\u010dku nahoru. <\/p>\n\n\n\n<p>O tom, jak je zna\u010dka rozpoznateln\u00e1, sv\u011bd\u010d\u00ed jej\u00ed st\u00e1l\u00e1 \u00fa\u010dast na sv\u011btov\u00fdch stroj\u00edrensk\u00fdch veletrz\u00edch. Pr\u00e1v\u011b tam v\u00fdrobce prezentuje sv\u00e9 mobiln\u00ed plo\u0161iny a n\u00e1sledn\u011b je nab\u00edz\u00ed z\u00e1kazn\u00edk\u016fm po cel\u00e9m sv\u011bt\u011b. <\/p>\n\n<\/div><\/div><\/div>\n\n<div class=\"gb-grid-column gb-grid-column-997ede34\"><div class=\"gb-container gb-container-997ede34\"><div class=\"gb-inside-container\">\n\n<h3 class=\"gb-headline gb-headline-c50990e2 gb-headline-text\">Rozs\u00e1hl\u00e1 flotila mobiln\u00edch plo\u0161in spole\u010dnosti Zoomlion<\/h3>\n\n\n\n<p>Spole\u010dnost BAC Polska se zab\u00fdv\u00e1 prodejem a pron\u00e1jmem modern\u00edch mobiln\u00edch plo\u0161in zna\u010dky Zoomlion. Tyto stroje se pou\u017e\u00edvaj\u00ed zejm\u00e9na pro stavebn\u00ed a oprav\u00e1rensk\u00e9 pr\u00e1ce ve v\u00fd\u0161k\u00e1ch. <\/p>\n\n\n\n<p>D\u00edky na\u0161emu partnerstv\u00ed se zna\u010dkou Zoomlion nab\u00edz\u00edme v\u00fdtahy s r\u016fzn\u00fdmi nosnostmi a maxim\u00e1ln\u00edmi pracovn\u00edmi v\u00fd\u0161kami. V na\u0161em strojov\u00e9m parku nechyb\u00ed mobiln\u00ed plo\u0161iny s elektrick\u00fdm ani dieselov\u00fdm pohonem. <\/p>\n\n\n\n<p>N\u011bkter\u00e9 na\u0161e v\u00fdtahy jsou nav\u00edc nap\u00e1jeny lithium-iontov\u00fdmi bateriemi. Jedn\u00e1 se o nejmodern\u011bj\u0161\u00ed \u0159e\u0161en\u00ed, d\u00edky n\u011bmu\u017e jsou v\u00fdtahy mimo\u0159\u00e1dn\u011b \u0161etrn\u00e9 k \u017eivotn\u00edmu prost\u0159ed\u00ed. Dal\u0161\u00ed v\u00fdhodou t\u011bchto mobiln\u00edch plo\u0161in je nab\u00edjen\u00ed, respektive svoboda nab\u00edjen\u00ed. To je d\u016fle\u017eit\u00e9, proto\u017ee nepravideln\u00e9 nab\u00edjen\u00ed nem\u00e1 vliv na spot\u0159ebu baterie.<\/p>\n\n\n\n<div class=\"gb-button-wrapper gb-button-wrapper-09888675\">\n    <a class=\"gb-button gb-button-8038a2f4 gb-button-text smooth-scroll\" data-lang-link=\"linkPrzegladaj1\" href=\"https:\/\/www.bacpolska.pl\/kategoria-produktu\/sprzedaz\/nowe\/\" target=\"_blank\" rel=\"noopener\">Proch\u00e1zet<\/a>\n<\/div>\n\n<\/div><\/div><\/div>\n\n<div class=\"gb-grid-column gb-grid-column-ad83e15e\"><div class=\"gb-container gb-container-ad83e15e\"><div class=\"gb-inside-container\">\n\n<figure class=\"wp-block-image size-large is-resized\"><a href=\"https:\/\/www.bacpolska.pl\/wp-content\/uploads\/2022\/04\/bogata-flota-podestow-ruchomych-zoomlion.jpg\"><img decoding=\"async\" width=\"1024\" height=\"682\" data-src=\"https:\/\/www.bacpolska.pl\/wp-content\/uploads\/2022\/04\/bogata-flota-podestow-ruchomych-zoomlion-1024x682.jpg\" alt=\"rozs\u00e1hl\u00e1 flotila mobiln\u00edch plo\u0161in spole\u010dnosti zoomlion\" class=\"wp-image-400915 lazyload\" title=\"\" data-srcset=\"https:\/\/www.bacpolska.pl\/wp-content\/uploads\/2022\/04\/bogata-flota-podestow-ruchomych-zoomlion-1024x682.jpg 1024w, https:\/\/www.bacpolska.pl\/wp-content\/smush-webp\/2022\/04\/bogata-flota-podestow-ruchomych-zoomlion-64x43.jpg.webp 64w, https:\/\/www.bacpolska.pl\/wp-content\/uploads\/2022\/04\/bogata-flota-podestow-ruchomych-zoomlion-300x200.jpg 300w, https:\/\/www.bacpolska.pl\/wp-content\/uploads\/2022\/04\/bogata-flota-podestow-ruchomych-zoomlion-768x512.jpg 768w, https:\/\/www.bacpolska.pl\/wp-content\/smush-webp\/2022\/04\/bogata-flota-podestow-ruchomych-zoomlion-18x12.jpg.webp 18w, https:\/\/www.bacpolska.pl\/wp-content\/uploads\/2022\/04\/bogata-flota-podestow-ruchomych-zoomlion-360x240.jpg 360w, https:\/\/www.bacpolska.pl\/wp-content\/uploads\/2022\/04\/bogata-flota-podestow-ruchomych-zoomlion.jpg 1418w\" data-sizes=\"(max-width: 1024px) 100vw, 1024px\" src=\"data:image\/svg+xml;base64,PHN2ZyB3aWR0aD0iMSIgaGVpZ2h0PSIxIiB4bWxucz0iaHR0cDovL3d3dy53My5vcmcvMjAwMC9zdmciPjwvc3ZnPg==\" style=\"--smush-placeholder-width: 1024px; --smush-placeholder-aspect-ratio: 1024\/682;\" data-smush-webp-fallback=\"{&quot;data-srcset&quot;:&quot;https:\\\/\\\/www.bacpolska.pl\\\/wp-content\\\/uploads\\\/2022\\\/04\\\/bogata-flota-podestow-ruchomych-zoomlion-1024x682.jpg 1024w, https:\\\/\\\/www.bacpolska.pl\\\/wp-content\\\/uploads\\\/2022\\\/04\\\/bogata-flota-podestow-ruchomych-zoomlion-64x43.jpg 64w, https:\\\/\\\/www.bacpolska.pl\\\/wp-content\\\/uploads\\\/2022\\\/04\\\/bogata-flota-podestow-ruchomych-zoomlion-300x200.jpg 300w, https:\\\/\\\/www.bacpolska.pl\\\/wp-content\\\/uploads\\\/2022\\\/04\\\/bogata-flota-podestow-ruchomych-zoomlion-768x512.jpg 768w, https:\\\/\\\/www.bacpolska.pl\\\/wp-content\\\/uploads\\\/2022\\\/04\\\/bogata-flota-podestow-ruchomych-zoomlion-18x12.jpg 18w, https:\\\/\\\/www.bacpolska.pl\\\/wp-content\\\/uploads\\\/2022\\\/04\\\/bogata-flota-podestow-ruchomych-zoomlion-360x240.jpg 360w, https:\\\/\\\/www.bacpolska.pl\\\/wp-content\\\/uploads\\\/2022\\\/04\\\/bogata-flota-podestow-ruchomych-zoomlion.jpg 1418w&quot;}\" \/><\/a><\/figure>\n\n<\/div><\/div><\/div>\n<\/div>\n\n\n<p><\/p>\n\n\n\n<p><\/p>\n\n\n\n<h3 class=\"gb-headline gb-headline-46595e6a gb-headline-text\">Ot\u00e1zky a odpov\u011bdi<\/h3>\n\n\n<div id=\"rank-math-faq\" class=\"rank-math-block\">\n<div class=\"rank-math-list\">\n<div id=\"faq-question-1762942045352\" class=\"rank-math-list-item\">\n<h3 class=\"rank-math-question\">Jsou na prodej elektrick\u00e9 n\u016f\u017ekov\u00e9 v\u00fdtahy a teleskopick\u00e9 elektrick\u00e9 v\u00fdtahy?<\/h3>\n<div class=\"rank-math-answer\">\n\n<p>V co nejv\u011bt\u0161\u00ed m\u00ed\u0159e. Prost\u0159ednictv\u00edm spole\u010dnosti BAC Polska jsou k dispozici n\u016f\u017ekov\u00e9 i teleskopick\u00e9 v\u00fdtahy. Krom\u011b toho v\u00e1m nab\u00edz\u00edme mo\u017enost leasingu, kter\u00fd nab\u00edz\u00ed n\u00e1\u0161 partner DLL LEASING.<\/p>\n\n<\/div>\n<\/div>\n<div id=\"faq-question-1762942048390\" class=\"rank-math-list-item\">\n<h3 class=\"rank-math-question\">V jak\u00fdch v\u00fd\u0161k\u00e1ch funguj\u00ed v\u00fdtahy Zoomlion?<\/h3>\n<div class=\"rank-math-answer\">\n\n<p>Na\u0161e spole\u010dnost nab\u00edz\u00ed modely v\u00fdtah\u016f s pracovn\u00ed v\u00fd\u0161kou od 6,5 m (n\u016f\u017ekov\u00fd) do 67,5 m (teleskopick\u00fd).<\/p>\n\n<\/div>\n<\/div>\n<div id=\"faq-question-1762942049105\" class=\"rank-math-list-item\">\n<h3 class=\"rank-math-question\">Jak\u00fd pohon m\u00e1 v\u00fdtah?<\/h3>\n<div class=\"rank-math-answer\">\n\n<p>Prod\u00e1vaj\u00ed se t\u0159i ozna\u010den\u00ed mobiln\u00edch platforem:<br \/>HD - hydraulick\u00e9 pohony a vybaven\u00e9 kyselinov\u00fdmi akumul\u00e1tory.<br \/>DC - p\u0159\u00edm\u00fd elektrick\u00fd pohon (nab\u00edz\u00ed vy\u0161\u0161\u00ed spolehlivost a tich\u00fd provoz), plo\u0161ina je tak\u00e9 vybavena kyselinov\u00fdmi bateriemi.<br \/>DC-Li - p\u0159\u00edm\u00fd elektrick\u00fd pohon (nab\u00edz\u00ed vy\u0161\u0161\u00ed spolehlivost a ti\u0161\u0161\u00ed provoz), plo\u0161ina je vybavena lithium-iontov\u00fdmi bateriemi, kter\u00e9 umo\u017e\u0148uj\u00ed del\u0161\u00ed provoz bez nutnosti \u010dast\u00e9ho dob\u00edjen\u00ed. D\u00edky tomu jsou na\u0161e v\u00fdtahy \u0161etrn\u011bj\u0161\u00ed k \u017eivotn\u00edmu prost\u0159ed\u00ed a ekonomi\u010dt\u011bj\u0161\u00ed.<\/p>\n\n<\/div>\n<\/div>\n<div id=\"faq-question-1762942092397\" class=\"rank-math-list-item\">\n<h3 class=\"rank-math-question\">Jak\u00e9 jsou vlastnosti nov\u00fdch elektrick\u00fdch n\u016f\u017ekov\u00fdch v\u00fdtah\u016f?<\/h3>\n<div class=\"rank-math-answer\">\n\n<p>Elektrick\u00e9 n\u016f\u017ekov\u00e9 v\u00fdtahy se vyzna\u010duj\u00ed p\u0159edev\u0161\u00edm r\u016fzn\u00fdmi dostupn\u00fdmi v\u00fd\u0161kami a nosnostmi. Jsou vyrobeny z pevn\u00e9 a stabiln\u00ed konstrukce a maj\u00ed diagnostick\u00fd syst\u00e9m s integrovan\u00fdm displejem z tekut\u00fdch krystal\u016f. Nab\u00edz\u00edme mobiln\u00ed plo\u0161iny s lithium-iontov\u00fdm nap\u00e1jen\u00edm. Toto \u0159e\u0161en\u00ed v\u00fdrazn\u011b zvy\u0161uje po\u010det pracovn\u00edch cykl\u016f. Stroje maj\u00ed pozitivn\u00ed vliv na \u017eivotn\u00ed prost\u0159ed\u00ed.<\/p>\n\n<\/div>\n<\/div>\n<div id=\"faq-question-1762942103878\" class=\"rank-math-list-item\">\n<h3 class=\"rank-math-question\">Jak\u00e9 jsou typy teleskopick\u00fdch manipul\u00e1tor\u016f?<\/h3>\n<div class=\"rank-math-answer\">\n\n<p>Teleskopick\u00e9 manipul\u00e1tory lze rozd\u011blit na elektrick\u00e9 a dieselov\u00e9. N\u00e1mi nab\u00edzen\u00e9 modely budou dob\u0159e fungovat v interi\u00e9ru i exteri\u00e9ru. <br \/>Teleskopick\u00e9 mobiln\u00ed plo\u0161iny se vyzna\u010duj\u00ed vysokou maxim\u00e1ln\u00ed pracovn\u00ed v\u00fd\u0161kou. Na\u0161e modely dosahuj\u00ed v\u00fd\u0161ky a\u017e 67,5 metru. <\/p>\n\n<\/div>\n<\/div>\n<div id=\"faq-question-1762942130849\" class=\"rank-math-list-item\">\n<h3 class=\"rank-math-question\">Je p\u0159eprava v\u00fdtahu zakoupena ve firm\u011b?<\/h3>\n<div class=\"rank-math-answer\">\n\n<p>Spole\u010dnost BAC Polska nab\u00edz\u00ed mo\u017enost doru\u010den\u00ed mobiln\u00ed platformy na adresu z\u00e1kazn\u00edka. Krom\u011b toho zaru\u010dujeme kompletn\u00ed prezentaci produktu. Za\u0159\u00edzen\u00ed je tak\u00e9 mo\u017en\u00e9 vyzkou\u0161et p\u0159\u00edmo na m\u00edst\u011b.<\/p>\n\n<\/div>\n<\/div>\n<\/div>\n<\/div>\n<\/div><\/div>","protected":false},"excerpt":{"rendered":"","protected":false},"author":1,"featured_media":0,"parent":0,"menu_order":0,"comment_status":"closed","ping_status":"closed","template":"","meta":{"footnotes":""},"class_list":{"0":"post-392337","1":"page","2":"type-page","3":"status-publish","5":"infinite-scroll-item"},"_links":{"self":[{"href":"https:\/\/www.bacpolska.pl\/cs\/wp-json\/wp\/v2\/pages\/392337","targetHints":{"allow":["GET"]}}],"collection":[{"href":"https:\/\/www.bacpolska.pl\/cs\/wp-json\/wp\/v2\/pages"}],"about":[{"href":"https:\/\/www.bacpolska.pl\/cs\/wp-json\/wp\/v2\/types\/page"}],"author":[{"embeddable":true,"href":"https:\/\/www.bacpolska.pl\/cs\/wp-json\/wp\/v2\/users\/1"}],"replies":[{"embeddable":true,"href":"https:\/\/www.bacpolska.pl\/cs\/wp-json\/wp\/v2\/comments?post=392337"}],"version-history":[{"count":5,"href":"https:\/\/www.bacpolska.pl\/cs\/wp-json\/wp\/v2\/pages\/392337\/revisions"}],"predecessor-version":[{"id":457471,"href":"https:\/\/www.bacpolska.pl\/cs\/wp-json\/wp\/v2\/pages\/392337\/revisions\/457471"}],"wp:attachment":[{"href":"https:\/\/www.bacpolska.pl\/cs\/wp-json\/wp\/v2\/media?parent=392337"}],"curies":[{"name":"wp","href":"https:\/\/api.w.org\/{rel}","templated":true}]}}