{"id":403474,"date":"2022-05-20T14:30:21","date_gmt":"2022-05-20T12:30:21","guid":{"rendered":"https:\/\/www.bacpolska.pl\/?page_id=403474"},"modified":"2024-01-25T15:08:15","modified_gmt":"2024-01-25T14:08:15","slug":"veletrh-instalace-2022","status":"publish","type":"page","link":"https:\/\/www.bacpolska.pl\/cs\/targi\/targi-instalacje-2022\/","title":{"rendered":"Veletrh instalac\u00ed 2022"},"content":{"rendered":"<div class=\"gb-container gb-container-69c0a977\"><div class=\"gb-inside-container\">\n<div class=\"gb-grid-wrapper gb-grid-wrapper-1231d8a3\">\n<div class=\"gb-grid-column gb-grid-column-9f80a59d\"><div class=\"gb-container gb-container-9f80a59d\"><div class=\"gb-inside-container\">\n\n<h2 class=\"gb-headline gb-headline-b71e3958 gb-headline-text\">25.04.2022 - 27.04.2022<\/h2>\n\n\n<div class=\"gb-grid-wrapper gb-grid-wrapper-23fb9c89\">\n<div class=\"gb-grid-column gb-grid-column-b413573a\"><div class=\"gb-container gb-container-b413573a\"><div class=\"gb-inside-container\"><\/div><\/div><\/div>\n<\/div>\n\n\n<p class=\"gb-headline gb-headline-58184751 gb-headline-text\">Spole\u010dnost BAC Polska byla ve dnech 25.04.2022 - 27.04.2022 vystavovatelem na veletrhu. <strong>Instalace Veletrh 2022.<\/strong> Akci po\u0159\u00e1dal Mezin\u00e1rodn\u00ed veletrh v Poznani, kter\u00fd op\u011bt zorganizoval akci sdru\u017euj\u00edc\u00ed firmy z instala\u010dn\u00edho a pr\u016fmyslov\u00e9ho sektoru.<\/p>\n\n<\/div><\/div><\/div>\n<\/div>\n<\/div><\/div>\n\n<div class=\"gb-container gb-container-5c27e0e7\"><div class=\"gb-inside-container\">\n<div class=\"gb-grid-wrapper gb-grid-wrapper-7d07b03b\">\n<div class=\"gb-grid-column gb-grid-column-40797388\"><div class=\"gb-container gb-container-40797388\"><div class=\"gb-inside-container\">\n<div class=\"gb-container gb-container-1d412c02\"><div class=\"gb-inside-container\">\n\n<iframe width=\"853\" height=\"480\" data-src=\"https:\/\/my.matterport.com\/show\/?m=gRE4d7hRPcD\" frameborder=\"0\" allowfullscreen=\"\" allow=\"xr-spatial-tracking\" src=\"data:image\/svg+xml;base64,PHN2ZyB3aWR0aD0iMSIgaGVpZ2h0PSIxIiB4bWxucz0iaHR0cDovL3d3dy53My5vcmcvMjAwMC9zdmciPjwvc3ZnPg==\" class=\"lazyload\" data-load-mode=\"1\"><\/iframe>\n\n<\/div><\/div>\n<\/div><\/div><\/div>\n\n<div class=\"gb-grid-column gb-grid-column-cd951116\"><div class=\"gb-container gb-container-cd951116\"><div class=\"gb-inside-container\">\n\n<h6 class=\"gb-headline gb-headline-ed900dbb\"><span class=\"gb-icon\"><svg aria-hidden=\"true\" role=\"img\" height=\"1em\" width=\"1em\" viewbox=\"0 0 384 512\" xmlns=\"http:\/\/www.w3.org\/2000\/svg\"><path fill=\"currentColor\" d=\"M172.268 501.67C26.97 291.031 0 269.413 0 192 0 85.961 85.961 0 192 0s192 85.961 192 192c0 77.413-26.97 99.031-172.268 309.67-9.535 13.774-29.93 13.773-39.464 0zM192 272c44.183 0 80-35.817 80-80s-35.817-80-80-80-80 35.817-80 80 35.817 80 80 80z\"><\/path><\/svg><\/span><span class=\"gb-headline-text\">POZNA\u0143<\/span><\/h6>\n\n\n\n<h2 class=\"gb-headline gb-headline-6ccdb742 gb-headline-text\">Zved\u00e1ky pro instalace 2022<\/h2>\n\n\n\n<p class=\"gb-headline gb-headline-246cd71c gb-headline-text\">Jsme nesm\u00edrn\u011b r\u00e1di, \u017ee jsme jako spole\u010dnost BAC Polska mohli p\u0159edstavit mobiln\u00ed plo\u0161iny spole\u010dnosti Zoomlion, sv\u011btov\u00e9ho v\u00fdrobce stavebn\u00edch stroj\u016f. Sou\u010d\u00e1st\u00ed expozice byly teleskopick\u00e9 a n\u016f\u017ekov\u00e9 v\u00fdtahy. N\u00e1v\u0161t\u011bvn\u00edci m\u011bli mo\u017enost vid\u011bt mobiln\u00ed plo\u0161iny na vlastn\u00ed o\u010di. Zjist\u011bte, jak funguj\u00ed. Zjistit, kde je lze nejl\u00e9pe vyu\u017e\u00edt. V\u011bt\u0161ina v\u00fdtah\u016f, kter\u00e9 byly na veletrhu k dispozici, byla poh\u00e1n\u011bna inovativn\u00ed lithium-iontovou bateri\u00ed. K vid\u011bn\u00ed byla tak\u00e9 jedna p\u00e1sov\u00e1 plo\u0161ina. Na na\u0161\u00ed v\u00fdstav\u011b bylo k vid\u011bn\u00ed celkem osm v\u00fdtah\u016f.<\/p>\n\n\n\n<p>Eskal\u00e1tory p\u0159edstaven\u00e9 na veletrhu Installations 2022:<\/p>\n\n\n<div class=\"gb-grid-wrapper gb-grid-wrapper-e848adc2\">\n<div class=\"gb-grid-column gb-grid-column-1affe92f\"><div class=\"gb-container gb-container-1affe92f\"><div class=\"gb-inside-container\">\n\n<p class=\"gb-headline gb-headline-206e7ed7\"><span class=\"gb-icon\"><svg aria-hidden=\"true\" role=\"img\" height=\"1em\" width=\"1em\" viewbox=\"0 0 512 512\" xmlns=\"http:\/\/www.w3.org\/2000\/svg\"><path fill=\"currentColor\" d=\"M256 8C119.033 8 8 119.033 8 256s111.033 248 248 248 248-111.033 248-248S392.967 8 256 8zm80 248c0 44.112-35.888 80-80 80s-80-35.888-80-80 35.888-80 80-80 80 35.888 80 80z\"><\/path><\/svg><\/span><span class=\"gb-headline-text\">Zoomlion ZS0610Crawler<\/span><\/p>\n\n\n\n<p class=\"gb-headline gb-headline-947bee19\"><span class=\"gb-icon\"><svg aria-hidden=\"true\" role=\"img\" height=\"1em\" width=\"1em\" viewbox=\"0 0 512 512\" xmlns=\"http:\/\/www.w3.org\/2000\/svg\"><path fill=\"currentColor\" d=\"M256 8C119.033 8 8 119.033 8 256s111.033 248 248 248 248-111.033 248-248S392.967 8 256 8zm80 248c0 44.112-35.888 80-80 80s-80-35.888-80-80 35.888-80 80-80 80 35.888 80 80z\"><\/path><\/svg><\/span><span class=\"gb-headline-text\">Zoomlion ZS0407DC<\/span><\/p>\n\n\n\n<p class=\"gb-headline gb-headline-bf67a6d3\"><span class=\"gb-icon\"><svg aria-hidden=\"true\" role=\"img\" height=\"1em\" width=\"1em\" viewbox=\"0 0 512 512\" xmlns=\"http:\/\/www.w3.org\/2000\/svg\"><path fill=\"currentColor\" d=\"M256 8C119.033 8 8 119.033 8 256s111.033 248 248 248 248-111.033 248-248S392.967 8 256 8zm80 248c0 44.112-35.888 80-80 80s-80-35.888-80-80 35.888-80 80-80 80 35.888 80 80z\"><\/path><\/svg><\/span><span class=\"gb-headline-text\">Zoomlion ZS0407DC-Li<\/span><\/p>\n\n\n\n<p class=\"gb-headline gb-headline-451e8359\"><span class=\"gb-icon\"><svg aria-hidden=\"true\" role=\"img\" height=\"1em\" width=\"1em\" viewbox=\"0 0 512 512\" xmlns=\"http:\/\/www.w3.org\/2000\/svg\"><path fill=\"currentColor\" d=\"M256 8C119.033 8 8 119.033 8 256s111.033 248 248 248 248-111.033 248-248S392.967 8 256 8zm80 248c0 44.112-35.888 80-80 80s-80-35.888-80-80 35.888-80 80-80 80 35.888 80 80z\"><\/path><\/svg><\/span><span class=\"gb-headline-text\">Zoomlion ZS1012DC-Li<\/span><\/p>\n\n<\/div><\/div><\/div>\n\n<div class=\"gb-grid-column gb-grid-column-8487ff28\"><div class=\"gb-container gb-container-8487ff28\"><div class=\"gb-inside-container\">\n\n<p class=\"gb-headline gb-headline-293a4d1b\"><span class=\"gb-icon\"><svg aria-hidden=\"true\" role=\"img\" height=\"1em\" width=\"1em\" viewbox=\"0 0 512 512\" xmlns=\"http:\/\/www.w3.org\/2000\/svg\"><path fill=\"currentColor\" d=\"M256 8C119.033 8 8 119.033 8 256s111.033 248 248 248 248-111.033 248-248S392.967 8 256 8zm80 248c0 44.112-35.888 80-80 80s-80-35.888-80-80 35.888-80 80-80 80 35.888 80 80z\"><\/path><\/svg><\/span><span class=\"gb-headline-text\">Zoomlion ZS0608DC<\/span><\/p>\n\n\n\n<p class=\"gb-headline gb-headline-4fbbd25f\"><span class=\"gb-icon\"><svg aria-hidden=\"true\" role=\"img\" height=\"1em\" width=\"1em\" viewbox=\"0 0 512 512\" xmlns=\"http:\/\/www.w3.org\/2000\/svg\"><path fill=\"currentColor\" d=\"M256 8C119.033 8 8 119.033 8 256s111.033 248 248 248 248-111.033 248-248S392.967 8 256 8zm80 248c0 44.112-35.888 80-80 80s-80-35.888-80-80 35.888-80 80-80 80 35.888 80 80z\"><\/path><\/svg><\/span><span class=\"gb-headline-text\">Zoomlion ZS1414DC-Li<\/span><\/p>\n\n\n\n<p class=\"gb-headline gb-headline-7903e36c\"><span class=\"gb-icon\"><svg aria-hidden=\"true\" role=\"img\" height=\"1em\" width=\"1em\" viewbox=\"0 0 512 512\" xmlns=\"http:\/\/www.w3.org\/2000\/svg\"><path fill=\"currentColor\" d=\"M256 8C119.033 8 8 119.033 8 256s111.033 248 248 248 248-111.033 248-248S392.967 8 256 8zm80 248c0 44.112-35.888 80-80 80s-80-35.888-80-80 35.888-80 80-80 80 35.888 80 80z\"><\/path><\/svg><\/span><span class=\"gb-headline-text\">Zoomlion ZS0607ACW-Li<\/span><\/p>\n\n\n\n<p class=\"gb-headline gb-headline-d1932632\"><span class=\"gb-icon\"><svg aria-hidden=\"true\" role=\"img\" height=\"1em\" width=\"1em\" viewbox=\"0 0 512 512\" xmlns=\"http:\/\/www.w3.org\/2000\/svg\"><path fill=\"currentColor\" d=\"M256 8C119.033 8 8 119.033 8 256s111.033 248 248 248 248-111.033 248-248S392.967 8 256 8zm80 248c0 44.112-35.888 80-80 80s-80-35.888-80-80 35.888-80 80-80 80 35.888 80 80z\"><\/path><\/svg><\/span><span class=\"gb-headline-text\">Zoomlion ZA14JE-Li<\/span><\/p>\n\n<\/div><\/div><\/div>\n<\/div>\n<\/div><\/div><\/div>\n<\/div>\n<\/div><\/div>\n\n<div class=\"gb-container gb-container-62e7f23f\"><div class=\"gb-inside-container\">\n\n<h2 class=\"gb-headline gb-headline-d473eb8f\"><span class=\"gb-icon\"><svg height=\"30\" width=\"30\" xmlns=\"http:\/\/www.w3.org\/2000\/svg\" fill=\"none\" viewbox=\"0 0 15 15\"><path fill=\"currentColor\" d=\"M8 1v11.293l3.146-3.147.708.708L7.5 14.207 3.146 9.854l.708-.708L7 12.293V1h1z\" clip-rule=\"evenodd\" fill-rule=\"evenodd\"><\/path><\/svg><\/span><span class=\"gb-headline-text\">Galerie<\/span><\/h2>\n\n\n<div class=\"gb-grid-wrapper gb-grid-wrapper-29888b2b\">\n<div class=\"gb-grid-column gb-grid-column-bd8f9e6d\"><div class=\"gb-container gb-container-bd8f9e6d\"><a class=\"gb-container-link\" href=\"#\"><\/a><div class=\"gb-inside-container\"><\/div><\/div><\/div>\n\n<div class=\"gb-grid-column gb-grid-column-db59ba45\"><div class=\"gb-container gb-container-db59ba45\"><a class=\"gb-container-link\" href=\"#\"><\/a><div class=\"gb-inside-container\"><\/div><\/div><\/div>\n\n<div class=\"gb-grid-column gb-grid-column-1540fe9b\"><div class=\"gb-container gb-container-1540fe9b\"><a class=\"gb-container-link\" href=\"#\"><\/a><div class=\"gb-inside-container\"><\/div><\/div><\/div>\n\n<div class=\"gb-grid-column gb-grid-column-696dbd7a\"><div class=\"gb-container gb-container-696dbd7a\"><a class=\"gb-container-link\" href=\"#\"><\/a><div class=\"gb-inside-container\"><\/div><\/div><\/div>\n<\/div>\n<\/div><div class=\"gb-shapes\"><div class=\"gb-shape gb-shape-1\"><svg xmlns=\"http:\/\/www.w3.org\/2000\/svg\" viewbox=\"0 0 1200 131\" preserveaspectratio=\"none\"><path d=\"M1200 0L899 110 687 6 410 75 154.8 20 0 70v61h1200z\"\/><\/svg><\/div><div class=\"gb-shape gb-shape-2\"><svg xmlns=\"http:\/\/www.w3.org\/2000\/svg\" viewbox=\"0 0 1200 176\" preserveaspectratio=\"none\"><path d=\"M0 0l400 156 400-88 400 74v34H0z\"\/><\/svg><\/div><\/div><\/div>\n\n<div class=\"gb-container gb-container-d030f99d\"><div class=\"gb-inside-container\">\n<div class=\"gb-grid-wrapper gb-grid-wrapper-07bb9a40\">\n<div class=\"gb-grid-column gb-grid-column-bcc50492\"><div class=\"gb-container gb-container-bcc50492\"><div class=\"gb-inside-container\">\n<div class=\"gb-container gb-container-775efffd\"><div class=\"gb-inside-container\">\n\n<h6 class=\"gb-headline gb-headline-b0e791da\"><span class=\"gb-icon\"><svg aria-hidden=\"true\" role=\"img\" height=\"1em\" width=\"1em\" viewbox=\"0 0 448 512\" xmlns=\"http:\/\/www.w3.org\/2000\/svg\"><path fill=\"currentColor\" d=\"M148 288h-40c-6.6 0-12-5.4-12-12v-40c0-6.6 5.4-12 12-12h40c6.6 0 12 5.4 12 12v40c0 6.6-5.4 12-12 12zm108-12v-40c0-6.6-5.4-12-12-12h-40c-6.6 0-12 5.4-12 12v40c0 6.6 5.4 12 12 12h40c6.6 0 12-5.4 12-12zm96 0v-40c0-6.6-5.4-12-12-12h-40c-6.6 0-12 5.4-12 12v40c0 6.6 5.4 12 12 12h40c6.6 0 12-5.4 12-12zm-96 96v-40c0-6.6-5.4-12-12-12h-40c-6.6 0-12 5.4-12 12v40c0 6.6 5.4 12 12 12h40c6.6 0 12-5.4 12-12zm-96 0v-40c0-6.6-5.4-12-12-12h-40c-6.6 0-12 5.4-12 12v40c0 6.6 5.4 12 12 12h40c6.6 0 12-5.4 12-12zm192 0v-40c0-6.6-5.4-12-12-12h-40c-6.6 0-12 5.4-12 12v40c0 6.6 5.4 12 12 12h40c6.6 0 12-5.4 12-12zm96-260v352c0 26.5-21.5 48-48 48H48c-26.5 0-48-21.5-48-48V112c0-26.5 21.5-48 48-48h48V12c0-6.6 5.4-12 12-12h40c6.6 0 12 5.4 12 12v52h128V12c0-6.6 5.4-12 12-12h40c6.6 0 12 5.4 12 12v52h48c26.5 0 48 21.5 48 48zm-48 346V160H48v298c0 3.3 2.7 6 6 6h340c3.3 0 6-2.7 6-6z\"><\/path><\/svg><\/span><span class=\"gb-headline-text\">Veletrhy a v\u00fdstavy v Polsku!<\/span><\/h6>\n\n\n\n<h2 class=\"gb-headline gb-headline-df101e3c gb-headline-text\"><strong><strong>Obliba mobiln\u00edch platforem Zoomlion st\u00e1le roste<\/strong><\/strong><\/h2>\n\n\n\n<p class=\"gb-headline gb-headline-314983ab gb-headline-text\">A co je d\u016fle\u017eit\u00e9, po cel\u00e9 t\u0159i dny veletrhu jsme se nemuseli ob\u00e1vat nedostatku pr\u00e1ce. N\u00e1v\u0161t\u011bvnost takov\u00fdch akc\u00ed byla jako obvykle vynikaj\u00edc\u00ed. Mnoz\u00ed z n\u00e1v\u0161t\u011bvn\u00edk\u016f MTP se rozhodli nav\u0161t\u00edvit n\u00e1\u0161 st\u00e1nek, kter\u00fd u\u017e z d\u00e1lky upout\u00e1val pozornost d\u00edky mobiln\u00edm plo\u0161in\u00e1m dosahuj\u00edc\u00edm velk\u00fdch v\u00fd\u0161ek.<\/p>\n\n\n\n<p class=\"gb-headline gb-headline-7fd39922\"><span class=\"gb-icon\"><svg xml:space=\"preserve\" style=\"enable-background:new 0 0 14.707 14.707\" viewbox=\"0 0 14.707 14.707\" xmlns=\"http:\/\/www.w3.org\/2000\/svg\"><path d=\"M6.275 0h2.158v14.707H6.275z\"><\/path><\/svg><\/span><span class=\"gb-headline-text\">Na\u0161i obchodn\u00ed z\u00e1stupci m\u011bli pln\u00e9 ruce pr\u00e1ce. Na jejich tv\u00e1\u0159\u00edch byla vid\u011bt radost z toho, \u017ee mohou s nad\u0161en\u00edm hovo\u0159it o v\u00fdtaz\u00edch, kter\u00e9 jsou u n\u00e1v\u0161t\u011bvn\u00edk\u016f velmi obl\u00edben\u00e9 - Huberte, Marcine, d\u011bkujeme!<\/span><\/p>\n\n\n\n<p class=\"gb-headline gb-headline-247de141 gb-headline-text\">Jsme r\u00e1di, \u017ee b\u011bhem <strong>Veletrh instalac\u00ed 2022 <\/strong>jsme mohli nav\u00e1zat nov\u00e1 partnerstv\u00ed, roz\u0161\u00ed\u0159it na\u0161i rozs\u00e1hlou s\u00ed\u0165 a integrovat se s v\u00e1mi.<\/p>\n\n<\/div><\/div>\n<\/div><\/div><\/div>\n\n<div class=\"gb-grid-column gb-grid-column-da455edf\"><div class=\"gb-container gb-container-da455edf\"><div class=\"gb-inside-container\">\n<div class=\"gb-container gb-container-8b962dfd\"><div class=\"gb-inside-container\">\n\n<iframe width=\"560\" height=\"315\" data-src=\"https:\/\/www.youtube.com\/embed\/TtACYLLNcvw\" title=\"P\u0159ehr\u00e1va\u010d vide\u00ed YouTube\" frameborder=\"0\" allow=\"accelerometer; autoplay; clipboard-write; encrypted-media; gyroscope; picture-in-picture\" allowfullscreen=\"\" src=\"data:image\/svg+xml;base64,PHN2ZyB3aWR0aD0iMSIgaGVpZ2h0PSIxIiB4bWxucz0iaHR0cDovL3d3dy53My5vcmcvMjAwMC9zdmciPjwvc3ZnPg==\" class=\"lazyload\" data-load-mode=\"1\"><\/iframe>\n\n<\/div><\/div>\n<\/div><\/div><\/div>\n<\/div>\n<\/div><\/div>\n\n<div class=\"gb-button-wrapper gb-button-wrapper-84b400f9\">\n\n<a class=\"gb-button gb-button-f1bd2dfb gb-button-text\" href=\"https:\/\/www.bacpolska.pl\/leasing\/\">Leasing<\/a>\n\n\n\n<a class=\"gb-button gb-button-36b86f01 gb-button-text\" href=\"https:\/\/www.bacpolska.pl\/czesci\/\">D\u00edly<\/a>\n\n\n\n<a class=\"gb-button gb-button-cc956be2 gb-button-text\" href=\"https:\/\/www.bacpolska.pl\/serwis\/\">Slu\u017eba<\/a>\n\n\n\n<a class=\"gb-button gb-button-4268ade0 gb-button-text\" href=\"https:\/\/www.bacpolska.pl\/wynajem-dlugoterminowy\/\">Pron\u00e1jem<\/a>\n\n\n\n<a class=\"gb-button gb-button-410888ab gb-button-text\" href=\"https:\/\/www.bacpolska.pl\/zoomlion\/\">P\u0159e\u010dt\u011bte si v\u00edce o spole\u010dnosti Zoomlion<\/a>\n\n<\/div>","protected":false},"excerpt":{"rendered":"","protected":false},"author":1,"featured_media":0,"parent":403357,"menu_order":0,"comment_status":"closed","ping_status":"closed","template":"","meta":{"footnotes":""},"class_list":{"0":"post-403474","1":"page","2":"type-page","3":"status-publish","5":"infinite-scroll-item"},"_links":{"self":[{"href":"https:\/\/www.bacpolska.pl\/cs\/wp-json\/wp\/v2\/pages\/403474","targetHints":{"allow":["GET"]}}],"collection":[{"href":"https:\/\/www.bacpolska.pl\/cs\/wp-json\/wp\/v2\/pages"}],"about":[{"href":"https:\/\/www.bacpolska.pl\/cs\/wp-json\/wp\/v2\/types\/page"}],"author":[{"embeddable":true,"href":"https:\/\/www.bacpolska.pl\/cs\/wp-json\/wp\/v2\/users\/1"}],"replies":[{"embeddable":true,"href":"https:\/\/www.bacpolska.pl\/cs\/wp-json\/wp\/v2\/comments?post=403474"}],"version-history":[{"count":0,"href":"https:\/\/www.bacpolska.pl\/cs\/wp-json\/wp\/v2\/pages\/403474\/revisions"}],"up":[{"embeddable":true,"href":"https:\/\/www.bacpolska.pl\/cs\/wp-json\/wp\/v2\/pages\/403357"}],"wp:attachment":[{"href":"https:\/\/www.bacpolska.pl\/cs\/wp-json\/wp\/v2\/media?parent=403474"}],"curies":[{"name":"wp","href":"https:\/\/api.w.org\/{rel}","templated":true}]}}