{"id":407801,"date":"2022-06-22T11:51:06","date_gmt":"2022-06-22T09:51:06","guid":{"rendered":"https:\/\/www.bacpolska.pl\/?page_id=407801"},"modified":"2024-01-23T16:32:20","modified_gmt":"2024-01-23T15:32:20","slug":"historie-firem-bac-polsko","status":"publish","type":"page","link":"https:\/\/www.bacpolska.pl\/cs\/historia-firmy-bac-polska\/","title":{"rendered":"Historie spole\u010dnosti BAC Polska"},"content":{"rendered":"<div class=\"gb-container gb-container-b5b90694\"><div class=\"gb-inside-container\">\n<div class=\"gb-grid-wrapper gb-grid-wrapper-30351cd7\">\n<div class=\"gb-grid-column gb-grid-column-9c0e79d9\"><div class=\"gb-container gb-container-9c0e79d9\"><div class=\"gb-inside-container\">\n<div class=\"wp-block-image image-shadow img\">\n<figure class=\"aligncenter size-full\"><img decoding=\"async\" width=\"318\" height=\"107\" data-src=\"https:\/\/www.bacpolska.pl\/wp-content\/smush-webp\/2022\/01\/logo-bacpolska.png.webp\" alt=\"logo Bacpolska\" class=\"wp-image-389516 lazyload\" title=\"\" data-srcset=\"https:\/\/www.bacpolska.pl\/wp-content\/smush-webp\/2022\/01\/logo-bacpolska.png.webp 318w, https:\/\/www.bacpolska.pl\/wp-content\/smush-webp\/2022\/01\/logo-bacpolska-64x22.png.webp 64w, https:\/\/www.bacpolska.pl\/wp-content\/smush-webp\/2022\/01\/logo-bacpolska-300x101.png.webp 300w\" data-sizes=\"(max-width: 318px) 100vw, 318px\" src=\"data:image\/svg+xml;base64,PHN2ZyB3aWR0aD0iMSIgaGVpZ2h0PSIxIiB4bWxucz0iaHR0cDovL3d3dy53My5vcmcvMjAwMC9zdmciPjwvc3ZnPg==\" style=\"--smush-placeholder-width: 318px; --smush-placeholder-aspect-ratio: 318\/107;\" data-smush-webp-fallback=\"{&quot;data-src&quot;:&quot;https:\\\/\\\/www.bacpolska.pl\\\/wp-content\\\/uploads\\\/2022\\\/01\\\/logo-bacpolska.png&quot;,&quot;data-srcset&quot;:&quot;https:\\\/\\\/www.bacpolska.pl\\\/wp-content\\\/uploads\\\/2022\\\/01\\\/logo-bacpolska.png 318w, https:\\\/\\\/www.bacpolska.pl\\\/wp-content\\\/uploads\\\/2022\\\/01\\\/logo-bacpolska-64x22.png 64w, https:\\\/\\\/www.bacpolska.pl\\\/wp-content\\\/uploads\\\/2022\\\/01\\\/logo-bacpolska-300x101.png 300w&quot;}\" \/><\/figure>\n<\/div>\n<\/div><\/div><\/div>\n\n<div class=\"gb-grid-column gb-grid-column-27b76bc9\"><div class=\"gb-container gb-container-27b76bc9\"><div class=\"gb-inside-container\">\n\n<h2 class=\"gb-headline gb-headline-3ae41554 gb-headline-text\">Po\u010d\u00e1tky spole\u010dnosti BAC <\/h2>\n\n\n\n<p>Spole\u010dnost BAC BV byla zalo\u017eena v roce 1985 v Nizozemsku jako rodinn\u00fd podnik. Od sam\u00e9ho po\u010d\u00e1tku se spole\u010dnost za\u010dala dynamicky rozv\u00edjet a poskytovala slu\u017eby v oblasti pron\u00e1jmu mobiln\u00edch plo\u0161in. Zalo\u017een\u00ed spole\u010dnosti bylo reakc\u00ed na vysokou popt\u00e1vku po tomto typu stroj\u016f na nizozemsk\u00e9m trhu. V d\u016fsledku toho za\u010dala spole\u010dnost BAC BV rychle r\u016fst a nab\u00edzet st\u00e1le v\u00edce v\u00fdtah\u016f k pron\u00e1jmu a prodeji.<\/p>\n\n<\/div><\/div><\/div>\n\n<div class=\"gb-grid-column gb-grid-column-fc815922\"><div class=\"gb-container gb-container-fc815922\"><div class=\"gb-inside-container\">\n\n<h2 class=\"gb-headline gb-headline-d6fae0aa gb-headline-text\">R\u016fst na sv\u011btov\u00fdch trz\u00edch<\/h2>\n\n\n\n<p>O n\u011bkolik let pozd\u011bji za\u010dala spole\u010dnost expandovat do dal\u0161\u00edch zem\u00ed a otev\u0159ela pobo\u010dku v Polsku. V roce 2002 zalo\u017eil spole\u010dnost BAC Polska pan. <strong>Geriit Baastian Slooijer<\/strong> a <strong>Dirk Jacobus Baca<\/strong>, kter\u00e1 se tak uk\u00e1zala jako pokra\u010dovatelka nizozemsk\u00fdch tradic a poskytuje slu\u017eby v oblasti mobiln\u00edch platforem, v\u010detn\u011b: <strong>n\u016f\u017ekov\u00e9 v\u00fdtahy<\/strong>, <strong>teleskopick\u00e9 manipul\u00e1tory<\/strong> a <strong>vzdu\u0161n\u00e9 pracovn\u00ed plo\u0161iny<\/strong>.<\/p>\n\n\n\n<p>S\u00eddlo spole\u010dnosti BAC Polska bylo otev\u0159eno v Kostrzyn\u011b nad Odrou v roce 2003. Zku\u0161enosti z\u00edskan\u00e9 p\u0159i sledov\u00e1n\u00ed nizozemsk\u00e9ho rodinn\u00e9ho podniku umo\u017enily p\u0159edsed\u016fm polsk\u00e9 pobo\u010dky \u00fasp\u011b\u0161n\u011b realizovat opat\u0159en\u00ed k rozvoji spole\u010dnosti. N\u00e1kup dal\u0161\u00edch pozemk\u016f pro dal\u0161\u00ed investice byl jen ot\u00e1zkou \u010dasu. V\u00fdsledkem efektivn\u00ed pr\u00e1ce byla ji\u017e o n\u011bkolik let pozd\u011bji v\u00fdstavba nov\u00fdch pobo\u010dek, kter\u00e9 byly rozm\u00edst\u011bny po cel\u00e9m Polsku. V roce 2006 byla otev\u0159ena pobo\u010dka v <strong>Nowa Wie\u015b Wroc\u0142awskie<\/strong>, v roce 2012 v <strong>Piotrk\u00f3w Trybunalski (Jarosty)<\/strong> a v roce 2016 v <strong>D\u0105browa G\u00f3rnicza.<\/strong><\/p>\n\n<\/div><\/div><\/div>\n\n<div class=\"gb-grid-column gb-grid-column-c49e88c1\"><div class=\"gb-container gb-container-c49e88c1\"><div class=\"gb-inside-container\">\n<div class=\"wp-block-image image-shadow img\">\n<figure class=\"aligncenter size-full\"><img decoding=\"async\" width=\"496\" height=\"367\" data-src=\"https:\/\/www.bacpolska.pl\/wp-content\/smush-webp\/2022\/06\/historia-firmy-BAC-Polska-01.jpg.webp\" alt=\"historie spole\u010dnosti bac polska 01\" class=\"wp-image-407808 lazyload\" title=\"\" data-srcset=\"https:\/\/www.bacpolska.pl\/wp-content\/smush-webp\/2022\/06\/historia-firmy-BAC-Polska-01.jpg.webp 496w, https:\/\/www.bacpolska.pl\/wp-content\/smush-webp\/2022\/06\/historia-firmy-BAC-Polska-01-64x47.jpg.webp 64w, https:\/\/www.bacpolska.pl\/wp-content\/uploads\/2022\/06\/historia-firmy-BAC-Polska-01-300x222.jpg 300w, https:\/\/www.bacpolska.pl\/wp-content\/uploads\/2022\/06\/historia-firmy-BAC-Polska-01-360x266.jpg 360w\" data-sizes=\"(max-width: 496px) 100vw, 496px\" src=\"data:image\/svg+xml;base64,PHN2ZyB3aWR0aD0iMSIgaGVpZ2h0PSIxIiB4bWxucz0iaHR0cDovL3d3dy53My5vcmcvMjAwMC9zdmciPjwvc3ZnPg==\" style=\"--smush-placeholder-width: 496px; --smush-placeholder-aspect-ratio: 496\/367;\" data-smush-webp-fallback=\"{&quot;data-src&quot;:&quot;https:\\\/\\\/www.bacpolska.pl\\\/wp-content\\\/uploads\\\/2022\\\/06\\\/historia-firmy-BAC-Polska-01.jpg&quot;,&quot;data-srcset&quot;:&quot;https:\\\/\\\/www.bacpolska.pl\\\/wp-content\\\/uploads\\\/2022\\\/06\\\/historia-firmy-BAC-Polska-01.jpg 496w, https:\\\/\\\/www.bacpolska.pl\\\/wp-content\\\/uploads\\\/2022\\\/06\\\/historia-firmy-BAC-Polska-01-64x47.jpg 64w, https:\\\/\\\/www.bacpolska.pl\\\/wp-content\\\/uploads\\\/2022\\\/06\\\/historia-firmy-BAC-Polska-01-300x222.jpg 300w, https:\\\/\\\/www.bacpolska.pl\\\/wp-content\\\/uploads\\\/2022\\\/06\\\/historia-firmy-BAC-Polska-01-360x266.jpg 360w&quot;}\" \/><\/figure>\n<\/div>\n<\/div><\/div><\/div>\n<\/div>\n\n\n<p><\/p>\n\n\n<div class=\"gb-container gb-container-fec61585\"><div class=\"gb-inside-container\">\n\n<h2 class=\"gb-headline gb-headline-d4b26c43 gb-headline-text\">\u010casov\u00e1 osa<\/h2>\n\n\n<div class=\"gb-container gb-container-61aad81b\"><div class=\"gb-inside-container\">\n\n<p class=\"gb-headline gb-headline-6b16b964 gb-headline-text\">1985 r. - Zalo\u017een\u00ed spole\u010dnosti BAC BV<\/p>\n\n\n<div class=\"gb-container gb-container-b4a3598a\"><div class=\"gb-inside-container\">\n\n<p class=\"gb-headline gb-headline-c66ede76 gb-headline-text\">2002 r. - Zalo\u017een\u00ed spole\u010dnosti BAC Polska<\/p>\n\n\n<div class=\"gb-container gb-container-48596116\"><div class=\"gb-inside-container\">\n\n<p class=\"gb-headline gb-headline-c6058756 gb-headline-text\">2003 r. - Otev\u0159en\u00ed centr\u00e1ly v Kostrzyn\u011b nad Odrou<\/p>\n\n\n<div class=\"gb-container gb-container-5486e19a\"><div class=\"gb-inside-container\">\n\n<p class=\"gb-headline gb-headline-36709b35 gb-headline-text\">2006 r. - Otev\u0159en\u00ed pobo\u010dky ve m\u011bst\u011b Nowa Wie\u015b Wroc\u0142awska<\/p>\n\n\n<div class=\"gb-container gb-container-bb8483c9\"><div class=\"gb-inside-container\">\n\n<p class=\"gb-headline gb-headline-98ec158a gb-headline-text\">2012 r. - Otev\u0159en\u00ed pobo\u010dky v Piotrkow\u011b Trybunalsk\u00e9m<\/p>\n\n\n<div class=\"gb-container gb-container-d3ef3676\"><div class=\"gb-inside-container\">\n\n<p class=\"gb-headline gb-headline-2c368a58 gb-headline-text\">2016 r. - Otev\u0159en\u00ed pobo\u010dky v D\u0105brow\u011b G\u00f3rnicze<\/p>\n\n\n<div class=\"gb-container gb-container-db95ce2c\"><div class=\"gb-inside-container\">\n\n<p class=\"gb-headline gb-headline-8b1832c8 gb-headline-text\">2006 r. - BAC Polska z\u00e1stupce zna\u010dky MEC<\/p>\n\n\n<div class=\"gb-container gb-container-7766d4f1\"><div class=\"gb-inside-container\">\n\n<p class=\"gb-headline gb-headline-ae4adbb5 gb-headline-text\">2007 r. - Z\u00e1stupce zna\u010dky UpRight ve spole\u010dnosti BAC Polska<\/p>\n\n\n<div class=\"gb-container gb-container-6895a863\"><div class=\"gb-inside-container\">\n\n<p class=\"gb-headline gb-headline-d5b4a8e9 gb-headline-text\">2020 r. - BAC Polska je autorizovan\u00fdm prodejcem zna\u010dky Zoomlion<\/p>\n\n<\/div><\/div>\n<\/div><\/div>\n<\/div><\/div>\n<\/div><\/div>\n<\/div><\/div>\n<\/div><\/div>\n<\/div><\/div>\n<\/div><\/div>\n<\/div><\/div>\n<\/div><\/div>\n\n<div class=\"gb-grid-wrapper gb-grid-wrapper-f9a65bfd\">\n<div class=\"gb-grid-column gb-grid-column-765ed59a\"><div class=\"gb-container gb-container-765ed59a\"><div class=\"gb-inside-container\">\n\n<figure class=\"wp-block-image size-large\"><a href=\"https:\/\/www.bacpolska.pl\/wp-content\/smush-webp\/2022\/06\/historia-firmy-BAC-Polska-02.jpg.webp\" data-smush-webp-fallback=\"{&quot;href&quot;:&quot;https:\\\/\\\/www.bacpolska.pl\\\/wp-content\\\/uploads\\\/2022\\\/06\\\/historia-firmy-BAC-Polska-02.jpg&quot;}\"><img decoding=\"async\" width=\"1024\" height=\"768\" data-src=\"https:\/\/www.bacpolska.pl\/wp-content\/uploads\/2022\/06\/historia-firmy-BAC-Polska-02-1024x768.jpg\" alt=\"historie spole\u010dnosti bac polska 02\" class=\"wp-image-407809 lazyload\" title=\"\" data-srcset=\"https:\/\/www.bacpolska.pl\/wp-content\/uploads\/2022\/06\/historia-firmy-BAC-Polska-02-1024x768.jpg 1024w, https:\/\/www.bacpolska.pl\/wp-content\/smush-webp\/2022\/06\/historia-firmy-BAC-Polska-02-64x48.jpg.webp 64w, https:\/\/www.bacpolska.pl\/wp-content\/uploads\/2022\/06\/historia-firmy-BAC-Polska-02-300x225.jpg 300w, https:\/\/www.bacpolska.pl\/wp-content\/uploads\/2022\/06\/historia-firmy-BAC-Polska-02-768x576.jpg 768w, https:\/\/www.bacpolska.pl\/wp-content\/uploads\/2022\/06\/historia-firmy-BAC-Polska-02-360x270.jpg 360w, https:\/\/www.bacpolska.pl\/wp-content\/smush-webp\/2022\/06\/historia-firmy-BAC-Polska-02.jpg.webp 1440w\" data-sizes=\"(max-width: 1024px) 100vw, 1024px\" src=\"data:image\/svg+xml;base64,PHN2ZyB3aWR0aD0iMSIgaGVpZ2h0PSIxIiB4bWxucz0iaHR0cDovL3d3dy53My5vcmcvMjAwMC9zdmciPjwvc3ZnPg==\" style=\"--smush-placeholder-width: 1024px; --smush-placeholder-aspect-ratio: 1024\/768;\" data-smush-webp-fallback=\"{&quot;data-srcset&quot;:&quot;https:\\\/\\\/www.bacpolska.pl\\\/wp-content\\\/uploads\\\/2022\\\/06\\\/historia-firmy-BAC-Polska-02-1024x768.jpg 1024w, https:\\\/\\\/www.bacpolska.pl\\\/wp-content\\\/uploads\\\/2022\\\/06\\\/historia-firmy-BAC-Polska-02-64x48.jpg 64w, https:\\\/\\\/www.bacpolska.pl\\\/wp-content\\\/uploads\\\/2022\\\/06\\\/historia-firmy-BAC-Polska-02-300x225.jpg 300w, https:\\\/\\\/www.bacpolska.pl\\\/wp-content\\\/uploads\\\/2022\\\/06\\\/historia-firmy-BAC-Polska-02-768x576.jpg 768w, https:\\\/\\\/www.bacpolska.pl\\\/wp-content\\\/uploads\\\/2022\\\/06\\\/historia-firmy-BAC-Polska-02-360x270.jpg 360w, https:\\\/\\\/www.bacpolska.pl\\\/wp-content\\\/uploads\\\/2022\\\/06\\\/historia-firmy-BAC-Polska-02.jpg 1440w&quot;}\" \/><\/a><\/figure>\n\n<\/div><\/div><\/div>\n\n<div class=\"gb-grid-column gb-grid-column-acdd36d2\"><div class=\"gb-container gb-container-acdd36d2\"><div class=\"gb-inside-container\">\n\n<h2 class=\"gb-headline gb-headline-b384a866 gb-headline-text\">Spolupr\u00e1ce se zna\u010dkou Zoomlion<\/h2>\n\n\n\n<p>Polsk\u00e1 pobo\u010dka spolu se sv\u00fdmi t\u0159emi dce\u0159in\u00fdmi spole\u010dnostmi v na\u0161\u00ed zemi nad\u00e1le roste a prosperuje a nab\u00edz\u00ed v\u00fdtahy k pron\u00e1jmu i prodeji. D\u00edky sv\u00fdm \u00fasp\u011bch\u016fm se spole\u010dnost BAC Polska rychle stala l\u00eddrem na polsk\u00e9m trhu v oblasti zdvihac\u00edch plo\u0161in.<\/p>\n\n\n\n<p>D\u016fkazem dynamick\u00e9ho v\u00fdvoje bylo nav\u00e1z\u00e1n\u00ed partnerstv\u00ed se zna\u010dkou <a href=\"https:\/\/www.bacpolska.pl\/zoomlion\/\" target=\"_blank\" rel=\"noreferrer noopener\"><em>Zoomlion<\/em><\/a>, sv\u011btov\u00fd v\u00fdrobce stavebn\u00edch stroj\u016f, v\u010detn\u011b mobiln\u00edch plo\u0161in. V roce 2020 se spole\u010dnost BAC Polska stala v\u00fdhradn\u00edm prodejcem v\u00fdtah\u016f t\u00e9to zna\u010dky v Polsku. Jsme p\u0159esv\u011bd\u010deni, \u017ee plody t\u00e9to spolupr\u00e1ce budeme skl\u00edzet je\u0161t\u011b dlouh\u00e1 l\u00e9ta, proto\u017ee Zoomlion i BAC maj\u00ed jasn\u00fd c\u00edl - v\u011bdom\u011b budovat strategii r\u016fstu na sv\u011btov\u00fdch a evropsk\u00fdch trz\u00edch.<\/p>\n\n<\/div><\/div><\/div>\n\n<div class=\"gb-grid-column gb-grid-column-997ede34\"><div class=\"gb-container gb-container-997ede34\"><div class=\"gb-inside-container\">\n\n<h2 class=\"gb-headline gb-headline-c50990e2 gb-headline-text\">L\u00eddr v prodeji a pron\u00e1jmu vysokozdvi\u017en\u00fdch voz\u00edk\u016f<\/h2>\n\n\n\n<p>Partnerstv\u00ed se spole\u010dnost\u00ed Zoomlion n\u00e1m umo\u017e\u0148uje nab\u00eddnout z\u00e1kazn\u00edk\u016fm nov\u00e9. <strong>n\u016f\u017ekov\u00e9 v\u00fdtahy<\/strong> a <strong>teleskopick\u00e9 manipul\u00e1tory<\/strong> s r\u016fzn\u00fdmi pracovn\u00edmi v\u00fd\u0161kami. V na\u0161em strojov\u00e9m parku v\u0161ak m\u00e1me mobiln\u00ed plo\u0161iny je\u0161t\u011b od dal\u0161\u00edch sv\u011btov\u00fdch v\u00fdrobc\u016f, jako jsou JLG, Genie, UpRight, Liftlux, Holland Lift, Denka Lift, Haulotte, kter\u00e9 poskytujeme k pron\u00e1jmu.<\/p>\n\n\n\n<p>Mezit\u00edm byla spole\u010dnost BAC Polska ofici\u00e1ln\u00edm z\u00e1stupcem dvou zna\u010dek - MEC (2006) a UpRight (2007).<\/p>\n\n<\/div><\/div><\/div>\n\n<div class=\"gb-grid-column gb-grid-column-ad83e15e\"><div class=\"gb-container gb-container-ad83e15e\"><div class=\"gb-inside-container\">\n\n<figure class=\"wp-block-image size-large\"><a href=\"https:\/\/www.bacpolska.pl\/wp-content\/smush-webp\/2022\/06\/historia-firmy-BAC-Polska-03.jpg.webp\" data-smush-webp-fallback=\"{&quot;href&quot;:&quot;https:\\\/\\\/www.bacpolska.pl\\\/wp-content\\\/uploads\\\/2022\\\/06\\\/historia-firmy-BAC-Polska-03.jpg&quot;}\"><img decoding=\"async\" width=\"1024\" height=\"768\" data-src=\"https:\/\/www.bacpolska.pl\/wp-content\/uploads\/2022\/06\/historia-firmy-BAC-Polska-03-1024x768.jpg\" alt=\"historie spole\u010dnosti bac polska 03\" class=\"wp-image-407810 lazyload\" title=\"\" data-srcset=\"https:\/\/www.bacpolska.pl\/wp-content\/uploads\/2022\/06\/historia-firmy-BAC-Polska-03-1024x768.jpg 1024w, https:\/\/www.bacpolska.pl\/wp-content\/smush-webp\/2022\/06\/historia-firmy-BAC-Polska-03-64x48.jpg.webp 64w, https:\/\/www.bacpolska.pl\/wp-content\/uploads\/2022\/06\/historia-firmy-BAC-Polska-03-300x225.jpg 300w, https:\/\/www.bacpolska.pl\/wp-content\/uploads\/2022\/06\/historia-firmy-BAC-Polska-03-768x576.jpg 768w, https:\/\/www.bacpolska.pl\/wp-content\/uploads\/2022\/06\/historia-firmy-BAC-Polska-03-360x270.jpg 360w, https:\/\/www.bacpolska.pl\/wp-content\/smush-webp\/2022\/06\/historia-firmy-BAC-Polska-03.jpg.webp 1440w\" data-sizes=\"(max-width: 1024px) 100vw, 1024px\" src=\"data:image\/svg+xml;base64,PHN2ZyB3aWR0aD0iMSIgaGVpZ2h0PSIxIiB4bWxucz0iaHR0cDovL3d3dy53My5vcmcvMjAwMC9zdmciPjwvc3ZnPg==\" style=\"--smush-placeholder-width: 1024px; --smush-placeholder-aspect-ratio: 1024\/768;\" data-smush-webp-fallback=\"{&quot;data-srcset&quot;:&quot;https:\\\/\\\/www.bacpolska.pl\\\/wp-content\\\/uploads\\\/2022\\\/06\\\/historia-firmy-BAC-Polska-03-1024x768.jpg 1024w, https:\\\/\\\/www.bacpolska.pl\\\/wp-content\\\/uploads\\\/2022\\\/06\\\/historia-firmy-BAC-Polska-03-64x48.jpg 64w, https:\\\/\\\/www.bacpolska.pl\\\/wp-content\\\/uploads\\\/2022\\\/06\\\/historia-firmy-BAC-Polska-03-300x225.jpg 300w, https:\\\/\\\/www.bacpolska.pl\\\/wp-content\\\/uploads\\\/2022\\\/06\\\/historia-firmy-BAC-Polska-03-768x576.jpg 768w, https:\\\/\\\/www.bacpolska.pl\\\/wp-content\\\/uploads\\\/2022\\\/06\\\/historia-firmy-BAC-Polska-03-360x270.jpg 360w, https:\\\/\\\/www.bacpolska.pl\\\/wp-content\\\/uploads\\\/2022\\\/06\\\/historia-firmy-BAC-Polska-03.jpg 1440w&quot;}\" \/><\/a><\/figure>\n\n<\/div><\/div><\/div>\n<\/div>\n\n<div class=\"gb-container gb-container-fecfbc56\"><div class=\"gb-inside-container\">\n\n<p>V\u011b\u0159\u00edme, \u017ee pokrok je st\u00e1le mo\u017en\u00fd, a \u0159\u00edd\u00edme se heslem: <strong>\"nebe nen\u00ed limit\".<\/strong> T\u011b\u0161\u00edme se na dal\u0161\u00ed roky a douf\u00e1me, \u017ee r\u016fst spole\u010dnosti bude stejn\u011b znateln\u00fd jako v uplynul\u00fdch necel\u00fdch dvou desetilet\u00edch.<\/p>\n\n<\/div><\/div>\n\n<div class=\"wp-block-image\">\n<figure class=\"aligncenter size-full is-resized\"><a href=\"https:\/\/www.bacpolska.pl\/wp-content\/uploads\/2022\/06\/bac-zoomlion-logo.jpg\"><img decoding=\"async\" width=\"617\" height=\"166\" data-src=\"https:\/\/www.bacpolska.pl\/wp-content\/uploads\/2022\/06\/bac-zoomlion-logo.jpg\" alt=\"bac zoomlion logo\" class=\"wp-image-407823 lazyload\" style=\"--smush-placeholder-width: 617px; --smush-placeholder-aspect-ratio: 617\/166;width:442px;height:119px\" title=\"\" data-srcset=\"https:\/\/www.bacpolska.pl\/wp-content\/uploads\/2022\/06\/bac-zoomlion-logo.jpg 617w, https:\/\/www.bacpolska.pl\/wp-content\/smush-webp\/2022\/06\/bac-zoomlion-logo-64x17.jpg.webp 64w, https:\/\/www.bacpolska.pl\/wp-content\/uploads\/2022\/06\/bac-zoomlion-logo-300x81.jpg 300w, https:\/\/www.bacpolska.pl\/wp-content\/uploads\/2022\/06\/bac-zoomlion-logo-18x5.jpg 18w, https:\/\/www.bacpolska.pl\/wp-content\/uploads\/2022\/06\/bac-zoomlion-logo-360x97.jpg 360w\" data-sizes=\"(max-width: 617px) 100vw, 617px\" src=\"data:image\/svg+xml;base64,PHN2ZyB3aWR0aD0iMSIgaGVpZ2h0PSIxIiB4bWxucz0iaHR0cDovL3d3dy53My5vcmcvMjAwMC9zdmciPjwvc3ZnPg==\" data-smush-webp-fallback=\"{&quot;data-srcset&quot;:&quot;https:\\\/\\\/www.bacpolska.pl\\\/wp-content\\\/uploads\\\/2022\\\/06\\\/bac-zoomlion-logo.jpg 617w, https:\\\/\\\/www.bacpolska.pl\\\/wp-content\\\/uploads\\\/2022\\\/06\\\/bac-zoomlion-logo-64x17.jpg 64w, https:\\\/\\\/www.bacpolska.pl\\\/wp-content\\\/uploads\\\/2022\\\/06\\\/bac-zoomlion-logo-300x81.jpg 300w, https:\\\/\\\/www.bacpolska.pl\\\/wp-content\\\/uploads\\\/2022\\\/06\\\/bac-zoomlion-logo-18x5.jpg 18w, https:\\\/\\\/www.bacpolska.pl\\\/wp-content\\\/uploads\\\/2022\\\/06\\\/bac-zoomlion-logo-360x97.jpg 360w&quot;}\" \/><\/a><\/figure>\n<\/div>\n<\/div><\/div>","protected":false},"excerpt":{"rendered":"","protected":false},"author":1,"featured_media":0,"parent":0,"menu_order":0,"comment_status":"closed","ping_status":"closed","template":"","meta":{"footnotes":""},"class_list":{"0":"post-407801","1":"page","2":"type-page","3":"status-publish","5":"infinite-scroll-item"},"_links":{"self":[{"href":"https:\/\/www.bacpolska.pl\/cs\/wp-json\/wp\/v2\/pages\/407801","targetHints":{"allow":["GET"]}}],"collection":[{"href":"https:\/\/www.bacpolska.pl\/cs\/wp-json\/wp\/v2\/pages"}],"about":[{"href":"https:\/\/www.bacpolska.pl\/cs\/wp-json\/wp\/v2\/types\/page"}],"author":[{"embeddable":true,"href":"https:\/\/www.bacpolska.pl\/cs\/wp-json\/wp\/v2\/users\/1"}],"replies":[{"embeddable":true,"href":"https:\/\/www.bacpolska.pl\/cs\/wp-json\/wp\/v2\/comments?post=407801"}],"version-history":[{"count":0,"href":"https:\/\/www.bacpolska.pl\/cs\/wp-json\/wp\/v2\/pages\/407801\/revisions"}],"wp:attachment":[{"href":"https:\/\/www.bacpolska.pl\/cs\/wp-json\/wp\/v2\/media?parent=407801"}],"curies":[{"name":"wp","href":"https:\/\/api.w.org\/{rel}","templated":true}]}}