{"id":432307,"date":"2024-01-23T09:05:00","date_gmt":"2024-01-23T08:05:00","guid":{"rendered":"https:\/\/www.bacpolska.pl\/?page_id=432307"},"modified":"2024-01-23T16:44:06","modified_gmt":"2024-01-23T15:44:06","slug":"proc","status":"publish","type":"page","link":"https:\/\/www.bacpolska.pl\/cs\/dlaczego-my\/","title":{"rendered":"Pro\u010d jsme"},"content":{"rendered":"<div class=\"gb-container gb-container-19da8af1\">\n<div class=\"gb-container gb-container-ba8e5b38\">\n<div class=\"gb-grid-wrapper gb-grid-wrapper-6af933c4\">\n<div class=\"gb-grid-column gb-grid-column-ea4600fd\"><div class=\"gb-container gb-container-ea4600fd\">\n<div class=\"wp-block-image\">\n<figure class=\"aligncenter size-full\"><a href=\"https:\/\/www.bacpolska.pl\/wp-content\/smush-webp\/2022\/01\/logo-bacpolska.png.webp\" data-smush-webp-fallback=\"{&quot;href&quot;:&quot;https:\\\/\\\/www.bacpolska.pl\\\/wp-content\\\/uploads\\\/2022\\\/01\\\/logo-bacpolska.png&quot;}\"><img decoding=\"async\" width=\"318\" height=\"107\" data-src=\"https:\/\/www.bacpolska.pl\/wp-content\/smush-webp\/2022\/01\/logo-bacpolska.png.webp\" alt=\"logo Bacpolska\" class=\"wp-image-389516 lazyload\" title=\"\" data-srcset=\"https:\/\/www.bacpolska.pl\/wp-content\/smush-webp\/2022\/01\/logo-bacpolska.png.webp 318w, https:\/\/www.bacpolska.pl\/wp-content\/smush-webp\/2022\/01\/logo-bacpolska-64x22.png.webp 64w, https:\/\/www.bacpolska.pl\/wp-content\/smush-webp\/2022\/01\/logo-bacpolska-300x101.png.webp 300w\" data-sizes=\"(max-width: 318px) 100vw, 318px\" src=\"data:image\/svg+xml;base64,PHN2ZyB3aWR0aD0iMSIgaGVpZ2h0PSIxIiB4bWxucz0iaHR0cDovL3d3dy53My5vcmcvMjAwMC9zdmciPjwvc3ZnPg==\" style=\"--smush-placeholder-width: 318px; --smush-placeholder-aspect-ratio: 318\/107;\" data-smush-webp-fallback=\"{&quot;data-src&quot;:&quot;https:\\\/\\\/www.bacpolska.pl\\\/wp-content\\\/uploads\\\/2022\\\/01\\\/logo-bacpolska.png&quot;,&quot;data-srcset&quot;:&quot;https:\\\/\\\/www.bacpolska.pl\\\/wp-content\\\/uploads\\\/2022\\\/01\\\/logo-bacpolska.png 318w, https:\\\/\\\/www.bacpolska.pl\\\/wp-content\\\/uploads\\\/2022\\\/01\\\/logo-bacpolska-64x22.png 64w, https:\\\/\\\/www.bacpolska.pl\\\/wp-content\\\/uploads\\\/2022\\\/01\\\/logo-bacpolska-300x101.png 300w&quot;}\" \/><\/a><\/figure>\n<\/div>\n<\/div><\/div>\n\n<div class=\"gb-grid-column gb-grid-column-2a7a2a25\"><div class=\"gb-container gb-container-2a7a2a25\">\n\n<h2 class=\"gb-headline gb-headline-03a2a03f gb-headline-text\"><strong>V\u00edce ne\u017e t\u0159i desetilet\u00ed inovac\u00ed a dokonalosti<\/strong><\/h2>\n\n\n\n<p>Od sv\u00e9ho zalo\u017een\u00ed v roce 1985 jako BAC BV a n\u00e1sledn\u00e9 transformace na BAC Polska v roce 2002 se na\u0161e spole\u010dnost neust\u00e1le sna\u017e\u00ed b\u00fdt pr\u016fkopn\u00edkem v oboru mobiln\u00edch v\u00fdtah\u016f. N\u00e1\u0161 p\u0159\u00edb\u011bh je p\u0159\u00edb\u011bhem neust\u00e1l\u00e9ho v\u00fdvoje, inovac\u00ed a snahy o dokonalost, d\u00edky \u010demu\u017e jsme se stali l\u00eddrem na polsk\u00e9m trhu.<\/p>\n\n<\/div><\/div>\n<\/div>\n\n<div class=\"gb-grid-wrapper gb-grid-wrapper-ae28bcff\">\n<div class=\"gb-grid-column gb-grid-column-18f4760a\"><div class=\"gb-container gb-container-18f4760a\">\n\n<h2 class=\"gb-headline gb-headline-57845658 gb-headline-text\"><strong><strong>Rozmanitost a kvalita nab\u00eddky<\/strong><\/strong><\/h2>\n\n\n\n<p>V na\u0161em portfoliu najdete v\u00edce ne\u017e 500 stroj\u016f od p\u0159edn\u00edch sv\u011btov\u00fdch v\u00fdrobc\u016f, jako jsou Zoomlion, JLG, Genie, kter\u00e9 nab\u00edzej\u00ed \u0161irokou \u0161k\u00e1lu zdvihov\u00fdch kapacit a pracovn\u00edch v\u00fd\u0161ek. Na\u0161e nab\u00eddka sah\u00e1 od modern\u00edch n\u016f\u017ekov\u00fdch v\u00fdtah\u016f, kloubov\u00fdch a teleskopick\u00fdch v\u00fdtah\u016f a\u017e po spolehliv\u00e9 dieselov\u00e9 modely. Ka\u017ed\u00fd v\u00fdtah je d\u016fkladn\u011b zkontrolov\u00e1n a p\u0159ipraven k pou\u017eit\u00ed, co\u017e zaji\u0161\u0165uje bezpe\u010dnost a efektivitu.<\/p>\n\n\n\n<h2 class=\"gb-headline gb-headline-2efee17e gb-headline-text\"><strong><strong><strong>Um\u00edst\u011bn\u00ed a logistika<\/strong><\/strong><\/strong><\/h2>\n\n\n\n<p>D\u00edky \u010dty\u0159em pobo\u010dk\u00e1m na strategick\u00fdch m\u00edstech v Polsku jsme schopni rychle reagovat na pot\u0159eby na\u0161ich z\u00e1kazn\u00edk\u016f. Na\u0161e vlastn\u00ed n\u00edzkon\u00e1kladov\u00e1 doprava zaji\u0161\u0165uje efektivn\u00ed dod\u00e1vku za\u0159\u00edzen\u00ed do jak\u00e9hokoli m\u00edsta v zemi i v Evrop\u011b, co\u017e dokazuje n\u00e1\u0161 z\u00e1vazek poskytovat v\u00fdjime\u010dn\u00e9 slu\u017eby z\u00e1kazn\u00edk\u016fm.<\/p>\n\n<\/div><\/div>\n\n<div class=\"gb-grid-column gb-grid-column-bca24911\"><div class=\"gb-container gb-container-bca24911\">\n\n<figure class=\"wp-block-image size-large\"><a href=\"https:\/\/www.bacpolska.pl\/wp-content\/smush-webp\/2022\/06\/atrakcyjne-ceny-wynajmu-bacpolska.jpg.webp\" data-smush-webp-fallback=\"{&quot;href&quot;:&quot;https:\\\/\\\/www.bacpolska.pl\\\/wp-content\\\/uploads\\\/2022\\\/06\\\/atrakcyjne-ceny-wynajmu-bacpolska.jpg&quot;}\"><img decoding=\"async\" width=\"1024\" height=\"576\" data-src=\"https:\/\/www.bacpolska.pl\/wp-content\/smush-webp\/2022\/06\/atrakcyjne-ceny-wynajmu-bacpolska-1024x576.jpg.webp\" alt=\"atraktivn\u00ed ceny pron\u00e1jmu bacpolska\" class=\"wp-image-407344 lazyload\" title=\"\" data-srcset=\"https:\/\/www.bacpolska.pl\/wp-content\/smush-webp\/2022\/06\/atrakcyjne-ceny-wynajmu-bacpolska-1024x576.jpg.webp 1024w, https:\/\/www.bacpolska.pl\/wp-content\/smush-webp\/2022\/06\/atrakcyjne-ceny-wynajmu-bacpolska-64x36.jpg.webp 64w, https:\/\/www.bacpolska.pl\/wp-content\/smush-webp\/2022\/06\/atrakcyjne-ceny-wynajmu-bacpolska-300x169.jpg.webp 300w, https:\/\/www.bacpolska.pl\/wp-content\/smush-webp\/2022\/06\/atrakcyjne-ceny-wynajmu-bacpolska-768x432.jpg.webp 768w, https:\/\/www.bacpolska.pl\/wp-content\/smush-webp\/2022\/06\/atrakcyjne-ceny-wynajmu-bacpolska-1536x864.jpg.webp 1536w, https:\/\/www.bacpolska.pl\/wp-content\/smush-webp\/2022\/06\/atrakcyjne-ceny-wynajmu-bacpolska-360x203.jpg.webp 360w, https:\/\/www.bacpolska.pl\/wp-content\/smush-webp\/2022\/06\/atrakcyjne-ceny-wynajmu-bacpolska.jpg.webp 2016w\" data-sizes=\"(max-width: 1024px) 100vw, 1024px\" src=\"data:image\/svg+xml;base64,PHN2ZyB3aWR0aD0iMSIgaGVpZ2h0PSIxIiB4bWxucz0iaHR0cDovL3d3dy53My5vcmcvMjAwMC9zdmciPjwvc3ZnPg==\" style=\"--smush-placeholder-width: 1024px; --smush-placeholder-aspect-ratio: 1024\/576;\" data-smush-webp-fallback=\"{&quot;data-src&quot;:&quot;https:\\\/\\\/www.bacpolska.pl\\\/wp-content\\\/uploads\\\/2022\\\/06\\\/atrakcyjne-ceny-wynajmu-bacpolska-1024x576.jpg&quot;,&quot;data-srcset&quot;:&quot;https:\\\/\\\/www.bacpolska.pl\\\/wp-content\\\/uploads\\\/2022\\\/06\\\/atrakcyjne-ceny-wynajmu-bacpolska-1024x576.jpg 1024w, https:\\\/\\\/www.bacpolska.pl\\\/wp-content\\\/uploads\\\/2022\\\/06\\\/atrakcyjne-ceny-wynajmu-bacpolska-64x36.jpg 64w, https:\\\/\\\/www.bacpolska.pl\\\/wp-content\\\/uploads\\\/2022\\\/06\\\/atrakcyjne-ceny-wynajmu-bacpolska-300x169.jpg 300w, https:\\\/\\\/www.bacpolska.pl\\\/wp-content\\\/uploads\\\/2022\\\/06\\\/atrakcyjne-ceny-wynajmu-bacpolska-768x432.jpg 768w, https:\\\/\\\/www.bacpolska.pl\\\/wp-content\\\/uploads\\\/2022\\\/06\\\/atrakcyjne-ceny-wynajmu-bacpolska-1536x864.jpg 1536w, https:\\\/\\\/www.bacpolska.pl\\\/wp-content\\\/uploads\\\/2022\\\/06\\\/atrakcyjne-ceny-wynajmu-bacpolska-360x203.jpg 360w, https:\\\/\\\/www.bacpolska.pl\\\/wp-content\\\/uploads\\\/2022\\\/06\\\/atrakcyjne-ceny-wynajmu-bacpolska.jpg 2016w&quot;}\" \/><\/a><\/figure>\n\n<\/div><\/div>\n<\/div>\n\n<div class=\"gb-container gb-container-9b7f591a\">\n\n<h2 class=\"gb-headline gb-headline-d013948d gb-headline-text\"><strong><strong><strong><strong>Odbornost a profesionalita<\/strong><\/strong><\/strong><\/strong><\/h2>\n\n\n\n<p>Z\u00e1kladem na\u0161eho \u00fasp\u011bchu je kvalifikovan\u00fd person\u00e1l. Ka\u017ed\u00fd \u010dlen t\u00fdmu BAC Polska je odborn\u00edkem ve sv\u00e9m oboru, od technick\u00e9ho poradenstv\u00ed p\u0159es servis a\u017e po \u0161kolen\u00ed. N\u00e1\u0161 t\u00fdm je v\u017edy p\u0159ipraven pomoci v\u00e1m s v\u00fdb\u011brem spr\u00e1vn\u00e9ho za\u0159\u00edzen\u00ed a poskytnout podporu v ka\u017ed\u00e9 f\u00e1zi spolupr\u00e1ce.<\/p>\n\n\n\n<h2 class=\"gb-headline gb-headline-1b37504b gb-headline-text\"><strong><strong><strong><strong><strong>Z\u00e1vazek k rozvoji a \u0161kolen\u00ed<\/strong><\/strong><\/strong><\/strong><\/strong><\/h2>\n\n\n\n<p>Pravideln\u011b po\u0159\u00e1d\u00e1me dny otev\u0159en\u00fdch dve\u0159\u00ed, \u0161kolen\u00ed a semin\u00e1\u0159e, aby se na\u0161i z\u00e1kazn\u00edci mohli sezn\u00e1mit s na\u0161imi produkty a technologiemi z prvn\u00ed ruky. V\u011b\u0159\u00edme, \u017ee vzd\u011bl\u00e1v\u00e1n\u00ed a v\u00fdm\u011bna znalost\u00ed jsou kl\u00ed\u010dem k bezpe\u010dn\u00e9mu a efektivn\u00edmu pou\u017e\u00edv\u00e1n\u00ed na\u0161ich stroj\u016f.<\/p>\n\n\n<div class=\"gb-grid-wrapper gb-grid-wrapper-35c1ae36\">\n<div class=\"gb-grid-column gb-grid-column-f470a0d4\"><div class=\"gb-container gb-container-f470a0d4\">\n\n<p class=\"gb-headline gb-headline-b098aee5 gb-headline-text\"><strong><strong><strong><strong><strong><strong>Udr\u017eitelnost a inovace<\/strong><\/strong><\/strong><\/strong><\/strong><\/strong><\/p>\n\n\n\n<p class=\"gb-headline gb-headline-16c12320 gb-headline-text\">Jsme si v\u011bdomi ekologick\u00fdch probl\u00e9m\u016f dne\u0161n\u00edho sv\u011bta, a proto investujeme do ekologick\u00fdch \u0159e\u0161en\u00ed, jako jsou n\u016f\u017ekov\u00e9 v\u00fdtahy poh\u00e1n\u011bn\u00e9 lithiov\u00fdmi bateriemi. Tyto inovativn\u00ed stroje zaru\u010duj\u00ed energetickou \u00fa\u010dinnost a minimalizuj\u00ed dopad na \u017eivotn\u00ed prost\u0159ed\u00ed a z\u00e1rove\u0148 zaji\u0161\u0165uj\u00ed efektivn\u00ed provoz.<\/p>\n\n<\/div><\/div>\n\n<div class=\"gb-grid-column gb-grid-column-dbdc7dc0\"><div class=\"gb-container gb-container-dbdc7dc0\">\n\n<p class=\"gb-headline gb-headline-0c1cc4e6 gb-headline-text\"><strong><strong><strong><strong><strong><strong>Dlouhodob\u00e9 vztahy a zapojen\u00ed komunity<\/strong><\/strong><\/strong><\/strong><\/strong><\/strong><\/p>\n\n\n\n<p class=\"gb-headline gb-headline-2d9d523e gb-headline-text\">S na\u0161imi z\u00e1kazn\u00edky budujeme pevn\u00e9 a trval\u00e9 vztahy zalo\u017een\u00e9 na d\u016fv\u011b\u0159e a vz\u00e1jemn\u00e9m respektu. Jsme aktivn\u00ed v m\u00edstn\u00ed a pr\u016fmyslov\u00e9 komunit\u011b, \u00fa\u010dastn\u00edme se veletrh\u016f, akc\u00ed a iniciativ, kter\u00e9 pom\u00e1haj\u00ed utv\u00e1\u0159et budoucnost na\u0161eho odv\u011btv\u00ed.<\/p>\n\n<\/div><\/div>\n\n<div class=\"gb-grid-column gb-grid-column-f253dcd7\"><div class=\"gb-container gb-container-f253dcd7\">\n\n<p class=\"gb-headline gb-headline-5be2b5f9 gb-headline-text\"><strong><strong><strong><strong><strong><strong>Finan\u010dn\u00ed flexibilita a dostupnost<\/strong><\/strong><\/strong><\/strong><\/strong><\/strong><\/p>\n\n\n\n<p class=\"gb-headline gb-headline-2b843b17 gb-headline-text\">Rozum\u00edme r\u016fzn\u00fdm finan\u010dn\u00edm pot\u0159eb\u00e1m na\u0161ich z\u00e1kazn\u00edk\u016f, a proto nab\u00edz\u00edme flexibiln\u00ed mo\u017enosti financov\u00e1n\u00ed, v\u010detn\u011b leasingu a dlouhodob\u00e9ho pron\u00e1jmu. Snadno se p\u0159izp\u016fsob\u00edme individu\u00e1ln\u00edm po\u017eadavk\u016fm a rozpo\u010dt\u016fm, abychom zajistili maxim\u00e1ln\u00ed spokojenost.<\/p>\n\n<\/div><\/div>\n<\/div>\n<\/div>\n\n<div class=\"gb-container gb-container-f7d75a9c\">\n<div class=\"wp-block-image is-style-default\">\n<figure class=\"aligncenter size-full is-resized\"><img decoding=\"async\" width=\"617\" height=\"166\" data-src=\"https:\/\/www.bacpolska.pl\/wp-content\/uploads\/2022\/06\/bac-zoomlion-logo.jpg\" alt=\"bac zoomlion logo\" class=\"wp-image-407823 lazyload\" style=\"--smush-placeholder-width: 617px; --smush-placeholder-aspect-ratio: 617\/166;object-fit:contain;width:442px;height:119px\" title=\"\" data-srcset=\"https:\/\/www.bacpolska.pl\/wp-content\/uploads\/2022\/06\/bac-zoomlion-logo.jpg 617w, https:\/\/www.bacpolska.pl\/wp-content\/smush-webp\/2022\/06\/bac-zoomlion-logo-64x17.jpg.webp 64w, https:\/\/www.bacpolska.pl\/wp-content\/uploads\/2022\/06\/bac-zoomlion-logo-300x81.jpg 300w, https:\/\/www.bacpolska.pl\/wp-content\/uploads\/2022\/06\/bac-zoomlion-logo-18x5.jpg 18w, https:\/\/www.bacpolska.pl\/wp-content\/uploads\/2022\/06\/bac-zoomlion-logo-360x97.jpg 360w\" data-sizes=\"(max-width: 617px) 100vw, 617px\" src=\"data:image\/svg+xml;base64,PHN2ZyB3aWR0aD0iMSIgaGVpZ2h0PSIxIiB4bWxucz0iaHR0cDovL3d3dy53My5vcmcvMjAwMC9zdmciPjwvc3ZnPg==\" data-smush-webp-fallback=\"{&quot;data-srcset&quot;:&quot;https:\\\/\\\/www.bacpolska.pl\\\/wp-content\\\/uploads\\\/2022\\\/06\\\/bac-zoomlion-logo.jpg 617w, https:\\\/\\\/www.bacpolska.pl\\\/wp-content\\\/uploads\\\/2022\\\/06\\\/bac-zoomlion-logo-64x17.jpg 64w, https:\\\/\\\/www.bacpolska.pl\\\/wp-content\\\/uploads\\\/2022\\\/06\\\/bac-zoomlion-logo-300x81.jpg 300w, https:\\\/\\\/www.bacpolska.pl\\\/wp-content\\\/uploads\\\/2022\\\/06\\\/bac-zoomlion-logo-18x5.jpg 18w, https:\\\/\\\/www.bacpolska.pl\\\/wp-content\\\/uploads\\\/2022\\\/06\\\/bac-zoomlion-logo-360x97.jpg 360w&quot;}\" \/><\/figure>\n<\/div>\n\n<div class=\"gb-container gb-container-5110726a\">\n\n<h2 class=\"gb-headline gb-headline-79d27dc8 gb-headline-text\"><strong><strong><strong><strong><strong><strong>Vize a posl\u00e1n\u00ed: \"Nebe nen\u00ed limit\".<\/strong><\/strong><\/strong><\/strong><\/strong><\/strong><\/h2>\n\n\n\n<p class=\"has-text-align-center\">Ve spole\u010dnosti BAC Polsko v\u011b\u0159\u00edme, \u017ee na\u0161e mo\u017enosti jsou neomezen\u00e9. Na\u0161\u00edm posl\u00e1n\u00edm je neust\u00e1le posouvat hranice mo\u017en\u00e9ho, abychom na\u0161im z\u00e1kazn\u00edk\u016fm poskytovali nejen vybaven\u00ed, ale i komplexn\u00ed \u0159e\u0161en\u00ed, kter\u00e1 podpo\u0159\u00ed jejich \u00fasp\u011bch.<\/p>\n\n\n\n<p class=\"has-text-align-center\">Celkov\u011b lze \u0159\u00edci, \u017ee volba spole\u010dnosti BAC Polska znamen\u00e1 rozhodnut\u00ed spolupracovat se zku\u0161en\u00fdm l\u00eddrem, kter\u00fd nejen dod\u00e1v\u00e1 vysoce kvalitn\u00ed vybaven\u00ed, ale tak\u00e9 nab\u00edz\u00ed komplexn\u00ed podporu, inovativn\u00ed \u0159e\u0161en\u00ed a dlouhodob\u00e9 partnerstv\u00ed. Zveme v\u00e1s, abyste poznali rozd\u00edl ve spolupr\u00e1ci s n\u00e1mi - spole\u010dnost\u00ed, pro kterou je \u00fasp\u011bch a spokojenost z\u00e1kazn\u00edk\u016f na prvn\u00edm m\u00edst\u011b.<\/p>\n\n<\/div>\n<\/div>\n\n<div class=\"gb-container gb-container-ad9a702c\">\n\n<h2 class=\"gb-headline gb-headline-f60c2005 gb-headline-text\">\u010cASTO KLADEN\u00c9 DOTAZY<\/h2>\n\n\n\n<div class=\"accordion-container\">\n    <div class=\"accordion-item\">\n        <div class=\"accordion-title\" tabindex=\"0\">\n            <span class=\"accordion-icon\"><\/span>\n            1. Jak se li\u0161\u00ed n\u016f\u017ekov\u00e9 v\u00fdtahy od teleskopick\u00fdch v\u00fdtah\u016f?\n        <\/div>\n        <div class=\"accordion-content\">\n            N\u016f\u017ekov\u00e9 zved\u00e1ky maj\u00ed vertik\u00e1ln\u00ed zdvihac\u00ed mechanismus, kter\u00fd je ide\u00e1ln\u00ed pro pr\u00e1ci na rovn\u00fdch ploch\u00e1ch a v \u00fazk\u00fdch prostorech. Teleskopick\u00e9 v\u00fdtahy maj\u00ed v\u00fdlo\u017en\u00edk, kter\u00fd se m\u016f\u017ee vysunout, co\u017e nab\u00edz\u00ed v\u011bt\u0161\u00ed horizont\u00e1ln\u00ed dosah a je vhodn\u011bj\u0161\u00ed pro pr\u00e1ci v t\u011b\u017eko p\u0159\u00edstupn\u00fdch m\u00edstech.\n        <\/div>\n    <\/div>\n    <div class=\"accordion-item\">\n        <div class=\"accordion-title\" tabindex=\"0\">\n            <span class=\"accordion-icon\"><\/span>\n            2. nab\u00edz\u00edte kr\u00e1tkodob\u00fd nebo dlouhodob\u00fd pron\u00e1jem?\n        <\/div>\n        <div class=\"accordion-content\">\n            Ano, ve spole\u010dnosti BAC Polska nab\u00edz\u00edme jak kr\u00e1tkodob\u00fd pron\u00e1jem, kter\u00fd je ide\u00e1ln\u00ed pro jednor\u00e1zov\u00e9 projekty, tak dlouhodob\u00fd pron\u00e1jem, kter\u00fd je vhodn\u00fdm \u0159e\u0161en\u00edm pro dlouhodob\u011bj\u0161\u00ed projekty.\n        <\/div>\n    <\/div>\n\t<div class=\"accordion-item\">\n        <div class=\"accordion-title\" tabindex=\"0\">\n            <span class=\"accordion-icon\"><\/span>\n            3. Mohu absolvovat \u0161kolen\u00ed o pou\u017e\u00edv\u00e1n\u00ed v\u00fdtah\u016f?\n        <\/div>\n        <div class=\"accordion-content\">\n            Ano, pravideln\u011b poskytujeme \u0161kolen\u00ed pro na\u0161e klienty a jejich zam\u011bstnance, abychom zajistili bezpe\u010dn\u00e9 a efektivn\u00ed pou\u017e\u00edv\u00e1n\u00ed pronajat\u00e9ho vybaven\u00ed.\n        <\/div>\n    <\/div>\n\t<div class=\"accordion-item\">\n        <div class=\"accordion-title\" tabindex=\"0\">\n            <span class=\"accordion-icon\"><\/span>\n            (4) Jsou k dispozici v\u00fdtahy BAC Polska pro specifick\u00e9 pou\u017eit\u00ed, nap\u0159. pro pr\u00e1ci v \u00fazk\u00fdch prostor\u00e1ch?\n        <\/div>\n        <div class=\"accordion-content\">\n            Ano, m\u00e1me \u0161irokou nab\u00eddku specializovan\u00fdch v\u00fdtah\u016f, v\u010detn\u011b model\u016f vhodn\u00fdch pro \u00fazk\u00e9 prostory a nerovn\u00fd ter\u00e9n.\n        <\/div>\n    <\/div>\n\t<div class=\"accordion-item\">\n        <div class=\"accordion-title\" tabindex=\"0\">\n            <span class=\"accordion-icon\"><\/span>\n            5 Jak\u00e9 jsou mo\u017enosti financov\u00e1n\u00ed n\u00e1kupu v\u00fdtah\u016f ve spole\u010dnosti BAC Polska?\n        <\/div>\n        <div class=\"accordion-content\">\n            Nab\u00edz\u00edme r\u016fzn\u00e9 mo\u017enosti financov\u00e1n\u00ed, v\u010detn\u011b leasingu a dlouhodob\u00e9ho pron\u00e1jmu, kter\u00e9 vyhovuj\u00ed individu\u00e1ln\u00edm pot\u0159eb\u00e1m a finan\u010dn\u00edm mo\u017enostem na\u0161ich z\u00e1kazn\u00edk\u016f.\n        <\/div>\n    <\/div>\n\t<div class=\"accordion-item\">\n        <div class=\"accordion-title\" tabindex=\"0\">\n            <span class=\"accordion-icon\"><\/span>\n            6 Nab\u00edz\u00ed spole\u010dnost BAC Polska servis a \u00fadr\u017ebu v\u00fdtah\u016f?\n        <\/div>\n        <div class=\"accordion-content\">\n            Ano, nab\u00edz\u00edme celou \u0159adu servisn\u00edch a \u00fadr\u017ebov\u00fdch slu\u017eeb pro pronajat\u00e9 i zakoupen\u00e9 za\u0159\u00edzen\u00ed.\n        <\/div>\n    <\/div>\n\t<div class=\"accordion-item\">\n        <div class=\"accordion-title\" tabindex=\"0\">\n            <span class=\"accordion-icon\"><\/span>\n            7 Jak\u00e9 zna\u010dky zdvihac\u00edch za\u0159\u00edzen\u00ed nab\u00edz\u00ed spole\u010dnost BAC Polska?\n        <\/div>\n        <div class=\"accordion-content\">\n            V na\u0161\u00ed nab\u00eddce najdete v\u00fdtahy od renomovan\u00fdch v\u00fdrobc\u016f, jako jsou Zoomlion, JLG, Genie a mnoho dal\u0161\u00edch.\n        <\/div>\n    <\/div>\n\t<div class=\"accordion-item\">\n        <div class=\"accordion-title\" tabindex=\"0\">\n            <span class=\"accordion-icon\"><\/span>\n            8 Nab\u00edz\u00ed spole\u010dnost BAC Polska dod\u00e1vku v\u00fdtah\u016f na pracovi\u0161t\u011b?\n        <\/div>\n        <div class=\"accordion-content\">\n            Ano, m\u00e1me vlastn\u00ed n\u00edzkon\u00e1kladovou dopravu a nab\u00edz\u00edme dod\u00e1vky v\u00fdtah\u016f p\u0159\u00edmo na pracovi\u0161t\u011b z\u00e1kazn\u00edka v Polsku a Evrop\u011b.\n        <\/div>\n    <\/div>\n\t<div class=\"accordion-item\">\n        <div class=\"accordion-title\" tabindex=\"0\">\n            <span class=\"accordion-icon\"><\/span>\n            9 Mohu si pronajmout v\u00fdtah na jeden den?\n        <\/div>\n        <div class=\"accordion-content\">\n            Ano, nab\u00edz\u00edme flexibiln\u00ed mo\u017enosti pron\u00e1jmu, v\u010detn\u011b kr\u00e1tkodob\u00fdch pron\u00e1jm\u016f, a to i na jeden den.\n        <\/div>\n    <\/div>\n\t<div class=\"accordion-item\">\n        <div class=\"accordion-title\" tabindex=\"0\">\n            <span class=\"accordion-icon\"><\/span>\n            10. Jak\u00e9 jsou po\u017eadavky na provoz v\u00fdtah\u016f?\n        <\/div>\n        <div class=\"accordion-content\">\n            Obsluha zdvihac\u00edch za\u0159\u00edzen\u00ed vy\u017eaduje \u0159\u00e1dn\u00e9 \u0161kolen\u00ed a certifikaci. Nab\u00edz\u00edme pot\u0159ebn\u00e1 \u0161kolen\u00ed a certifikace, abychom zajistili, \u017ee v\u0161ichni oper\u00e1to\u0159i budou moci bezpe\u010dn\u011b a efektivn\u011b pou\u017e\u00edvat na\u0161e za\u0159\u00edzen\u00ed.\n        <\/div>\n    <\/div>\n<\/div>\n\n<\/div>\n<\/div>\n<\/div>","protected":false},"excerpt":{"rendered":"","protected":false},"author":1,"featured_media":0,"parent":0,"menu_order":0,"comment_status":"closed","ping_status":"closed","template":"","meta":{"footnotes":""},"class_list":{"0":"post-432307","1":"page","2":"type-page","3":"status-publish","5":"infinite-scroll-item"},"_links":{"self":[{"href":"https:\/\/www.bacpolska.pl\/cs\/wp-json\/wp\/v2\/pages\/432307","targetHints":{"allow":["GET"]}}],"collection":[{"href":"https:\/\/www.bacpolska.pl\/cs\/wp-json\/wp\/v2\/pages"}],"about":[{"href":"https:\/\/www.bacpolska.pl\/cs\/wp-json\/wp\/v2\/types\/page"}],"author":[{"embeddable":true,"href":"https:\/\/www.bacpolska.pl\/cs\/wp-json\/wp\/v2\/users\/1"}],"replies":[{"embeddable":true,"href":"https:\/\/www.bacpolska.pl\/cs\/wp-json\/wp\/v2\/comments?post=432307"}],"version-history":[{"count":0,"href":"https:\/\/www.bacpolska.pl\/cs\/wp-json\/wp\/v2\/pages\/432307\/revisions"}],"wp:attachment":[{"href":"https:\/\/www.bacpolska.pl\/cs\/wp-json\/wp\/v2\/media?parent=432307"}],"curies":[{"name":"wp","href":"https:\/\/api.w.org\/{rel}","templated":true}]}}