{"id":389570,"date":"2022-01-12T13:11:00","date_gmt":"2022-01-12T12:11:00","guid":{"rendered":"https:\/\/www.bacpolska.pl\/produkt\/bez-kategorii\/liftlux-sl210-12e\/"},"modified":"2024-06-12T14:32:07","modified_gmt":"2024-06-12T12:32:07","slug":"liftlux-sl210-12e","status":"publish","type":"product","link":"https:\/\/www.bacpolska.pl\/cs\/katalog\/wynajem\/podesty-nozycowe-elektryczne\/liftlux-sl210-12e\/","title":{"rendered":"Liftlux SL210-12E"},"content":{"rendered":"<h2>Pron\u00e1jem elektrick\u00e9ho n\u016f\u017ekov\u00e9ho v\u00fdtahu Liftlux SL210-12E<\/h2>\n<p>&nbsp;<\/p>","protected":false},"excerpt":{"rendered":"<p>BAC Polska nab\u00edz\u00ed k pron\u00e1jmu <strong>elektrick\u00fd<\/strong> <strong>N\u016f\u017ekov\u00fd v\u00fdtah Liftlux SL210-12E.<\/strong> Mobiln\u00ed plo\u0161ina se vyzna\u010duje malou \u0161\u00ed\u0159kou plo\u0161iny 1,17 m, p\u0159i\u010dem\u017e se zved\u00e1 do pracovn\u00ed v\u00fd\u0161ky 23 m. Toto za\u0159\u00edzen\u00ed je ide\u00e1ln\u00ed pro instalaci reg\u00e1l\u016f ve v\u00fd\u0161kov\u00fdch skladech a pro v\u0161echny druhy instalac\u00ed. Tuto plo\u0161inu si u n\u00e1s m\u016f\u017eete pronajmout. Nosnost a\u017e 750 kg velmi usnad\u0148uje pr\u00e1ci ve zna\u010dn\u00e9 v\u00fd\u0161ce p\u0159i mont\u00e1\u017ei t\u011b\u017ek\u00fdch konstruk\u010dn\u00edch prvk\u016f.<\/p>","protected":false},"featured_media":390035,"template":"","meta":[],"product_brand":[],"product_cat":[61,62],"product_tag":[800,815,796,798,816],"class_list":{"0":"post-389570","1":"product","2":"type-product","3":"status-publish","4":"has-post-thumbnail","6":"product_cat-wynajem","7":"product_cat-podesty-nozycowe-elektryczne","8":"product_tag-bac-polska","9":"product_tag-podest-nozycowy-elektryczny","10":"product_tag-podnosniki-nozycowe-przeladunkowe","11":"product_tag-zwyzka-nozycowa","12":"product_tag-zwyzka-nozycowa-elektryczna","13":"pa_dl-platformy-m-5-10","14":"pa_dl-platformy-wys-m-3-93","15":"pa_dl-transportu-m-5-37","16":"pa_kola-biale","17":"pa_max-udzwig-kg-214","18":"pa_praca-na-zewnatrz-i-w-srodku","19":"pa_przedluzenie-platformy-m-2-20","20":"pa_przeswit-od-podloza-m-0-17","21":"pa_rodzaj-elektryczny","22":"pa_szer-maszyny-m-1-24","23":"pa_szer-platformy-m-1-17","24":"pa_waga-kg-238","25":"pa_wymiary-platformy-m-5-10x1-17","26":"pa_wys-podlogi-platformy-m-240","27":"pa_wys-robocza-m-814","28":"pa_wys-tran-zlozone-barierki-m-3-09","29":"pa_wys-transportu-m-3-82","30":"pa_zasilanie-accu-24-volt","31":"infinite-scroll-item","32":"","33":"woocommerce-text-align-center","34":"woocommerce-image-align-center","35":"do-quantity-buttons","37":"first","38":"instock","39":"product-type-simple"},"_links":{"self":[{"href":"https:\/\/www.bacpolska.pl\/cs\/wp-json\/wp\/v2\/product\/389570","targetHints":{"allow":["GET"]}}],"collection":[{"href":"https:\/\/www.bacpolska.pl\/cs\/wp-json\/wp\/v2\/product"}],"about":[{"href":"https:\/\/www.bacpolska.pl\/cs\/wp-json\/wp\/v2\/types\/product"}],"wp:featuredmedia":[{"embeddable":true,"href":"https:\/\/www.bacpolska.pl\/cs\/wp-json\/wp\/v2\/media\/390035"}],"wp:attachment":[{"href":"https:\/\/www.bacpolska.pl\/cs\/wp-json\/wp\/v2\/media?parent=389570"}],"wp:term":[{"taxonomy":"product_brand","embeddable":true,"href":"https:\/\/www.bacpolska.pl\/cs\/wp-json\/wp\/v2\/product_brand?post=389570"},{"taxonomy":"product_cat","embeddable":true,"href":"https:\/\/www.bacpolska.pl\/cs\/wp-json\/wp\/v2\/product_cat?post=389570"},{"taxonomy":"product_tag","embeddable":true,"href":"https:\/\/www.bacpolska.pl\/cs\/wp-json\/wp\/v2\/product_tag?post=389570"}],"curies":[{"name":"wp","href":"https:\/\/api.w.org\/{rel}","templated":true}]}}