{"id":389571,"date":"2022-01-12T13:11:00","date_gmt":"2022-01-12T12:11:00","guid":{"rendered":"https:\/\/www.bacpolska.pl\/produkt\/bez-kategorii\/liftlux-sl245-12e\/"},"modified":"2025-04-01T11:18:32","modified_gmt":"2025-04-01T09:18:32","slug":"liftlux-sl245-12e","status":"publish","type":"product","link":"https:\/\/www.bacpolska.pl\/cs\/katalog\/wynajem\/podesty-nozycowe-elektryczne\/liftlux-sl245-12e\/","title":{"rendered":"JLG Liftlux SL245-12E"},"content":{"rendered":"<h2>Wynajem podno\u015bnika no\u017cycowego elektrycznego JLG Liftlux SL245-12E<\/h2>\n<p>&nbsp;<\/p>","protected":false},"excerpt":{"rendered":"<p>BAC Polska nab\u00edz\u00ed k pron\u00e1jmu <strong>elektrick\u00fd<\/strong> <strong>podno\u015bnik no\u017cycowy JLG Liftlux SL245-12E. <\/strong>Jedn\u00e1 se o plo\u0161inu, kter\u00e1 dosahuje zna\u010dn\u00e9 v\u00fd\u0161ky 26,5 m, s malou \u0161\u00ed\u0159kou plo\u0161iny 1,17 m. Tento stroj, kter\u00fd si u n\u00e1s m\u016f\u017eete pronajmout, je ide\u00e1ln\u00ed pro instalaci reg\u00e1l\u016f ve v\u00fd\u0161kov\u00fdch skladech a je tak\u00e9 vynikaj\u00edc\u00ed pro instalaci zavla\u017eovac\u00edch syst\u00e9m\u016f. V\u00fdtah m\u00e1 dlouhou plo\u0161inu 5,10 m, kterou lze prodlou\u017eit a\u017e na 2,20 m. Nosnost zdvihu je 600 kg.<\/p>","protected":false},"featured_media":390038,"template":"","meta":[],"product_brand":[],"product_cat":[61,62],"product_tag":[815,796,807,798,816],"class_list":{"0":"post-389571","1":"product","2":"type-product","3":"status-publish","4":"has-post-thumbnail","6":"product_cat-wynajem","7":"product_cat-podesty-nozycowe-elektryczne","8":"product_tag-podest-nozycowy-elektryczny","9":"product_tag-podnosniki-nozycowe-przeladunkowe","10":"product_tag-wynajem-podestow","11":"product_tag-zwyzka-nozycowa","12":"product_tag-zwyzka-nozycowa-elektryczna","13":"pa_dl-platformy-m-7-54","14":"pa_dl-platformy-wys-m-5-10","15":"pa_dl-transportu-m-5-37","16":"pa_kola-biale","17":"pa_max-udzwig-kg-248","18":"pa_praca-na-zewnatrz-i-w-srodku","19":"pa_przedluzenie-platformy-m-2-20","20":"pa_przeswit-od-podloza-m-0-20","21":"pa_rodzaj-elektryczny","22":"pa_szer-maszyny-m-1-24","23":"pa_szer-platformy-m-1-17","24":"pa_waga-kg-250","25":"pa_wymiary-platformy-m-5-10x1-17","26":"pa_wys-podlogi-platformy-m-24-5","27":"pa_wys-robocza-m-26-5","28":"pa_wys-tran-zlozone-barierki-m-3-10","29":"pa_wys-transportu-m-4-20","30":"pa_zasilanie-accu-24-volt","31":"infinite-scroll-item","32":"","33":"woocommerce-text-align-center","34":"woocommerce-image-align-center","35":"do-quantity-buttons","37":"first","38":"instock","39":"product-type-simple"},"_links":{"self":[{"href":"https:\/\/www.bacpolska.pl\/cs\/wp-json\/wp\/v2\/product\/389571","targetHints":{"allow":["GET"]}}],"collection":[{"href":"https:\/\/www.bacpolska.pl\/cs\/wp-json\/wp\/v2\/product"}],"about":[{"href":"https:\/\/www.bacpolska.pl\/cs\/wp-json\/wp\/v2\/types\/product"}],"wp:featuredmedia":[{"embeddable":true,"href":"https:\/\/www.bacpolska.pl\/cs\/wp-json\/wp\/v2\/media\/390038"}],"wp:attachment":[{"href":"https:\/\/www.bacpolska.pl\/cs\/wp-json\/wp\/v2\/media?parent=389571"}],"wp:term":[{"taxonomy":"product_brand","embeddable":true,"href":"https:\/\/www.bacpolska.pl\/cs\/wp-json\/wp\/v2\/product_brand?post=389571"},{"taxonomy":"product_cat","embeddable":true,"href":"https:\/\/www.bacpolska.pl\/cs\/wp-json\/wp\/v2\/product_cat?post=389571"},{"taxonomy":"product_tag","embeddable":true,"href":"https:\/\/www.bacpolska.pl\/cs\/wp-json\/wp\/v2\/product_tag?post=389571"}],"curies":[{"name":"wp","href":"https:\/\/api.w.org\/{rel}","templated":true}]}}