{"id":391468,"date":"2021-11-10T08:22:09","date_gmt":"2021-11-10T07:22:09","guid":{"rendered":"https:\/\/www.bacpolska.pl\/katalog\/uncategorized\/podnosnik-nozycowy-zoomlion-zs0407\/"},"modified":"2025-05-07T14:45:15","modified_gmt":"2025-05-07T12:45:15","slug":"power-lift-zoomlion-zs0407","status":"publish","type":"product","link":"https:\/\/www.bacpolska.pl\/cs\/katalog\/sprzedaz\/nowe\/podnosniki-nozycowe-elektryczne\/podnosnik-nozycowy-elektryczny-zoomlion-zs0407\/","title":{"rendered":"Prodej elektrick\u00e9ho n\u016f\u017ekov\u00e9ho v\u00fdtahu Zoomlion ZS0407DC Li"},"content":{"rendered":"<p>Standardn\u00ed funkce elektrick\u00e9ho n\u016f\u017ekov\u00e9ho zved\u00e1ku Zoomlion ZS0407DC Li:<\/p>\n<ul>\n<li>Syst\u00e9m spr\u00e1vy bateri\u00ed BMS<\/li>\n<li>Lithiov\u00e1 baterie Fosf\u00e1tov\u00e1 \u017eivotnost PO4<\/li>\n<li>V\u0161echny proporcion\u00e1ln\u00ed funkce<\/li>\n<li>Skl\u00e1dac\u00ed bari\u00e9ry<\/li>\n<li>Blikaj\u00edc\u00ed oran\u017eov\u00e1 v\u00fdstra\u017en\u00e1 kontrolka<\/li>\n<li>Samozav\u00edrac\u00ed vstupn\u00ed br\u00e1na<\/li>\n<li>Nouzov\u00e9 sn\u00ed\u017een\u00ed<\/li>\n<li>Aktivn\u00ed syst\u00e9m ochrany proti v\u00fdmol\u016fm<\/li>\n<li>Po\u010d\u00edtadlo hodin<\/li>\n<li>P\u0159epravn\u00ed z\u00e1suvky pro vysokozdvi\u017en\u00e9 voz\u00edky<\/li>\n<li>Syst\u00e9m sn\u00edm\u00e1n\u00ed zat\u00ed\u017een\u00ed<\/li>\n<li>J\u00edzda v pln\u00e9 v\u00fd\u0161ce<\/li>\n<li>Podpora pro smykovou \u00fadr\u017ebu<\/li>\n<li>Mo\u017enosti pr\u00e1ce venku i uvnit\u0159<\/li>\n<li>Vlnit\u00fd plech<\/li>\n<li>\u00dapln\u00e1 diagnostika a kalibrace stroje z displeje<\/li>\n<li>P\u016fvodn\u00ed ovl\u00e1d\u00e1n\u00ed Delta Tech<\/li>\n<li>Syst\u00e9m ochrany proti naklon\u011bn\u00ed<\/li>\n<li>Nap\u00e1jen\u00ed plo\u0161iny 230 V<\/li>\n<li>Horn<\/li>\n<\/ul>\n<p>Video prezentace elektrick\u00e9ho n\u016f\u017ekov\u00e9ho v\u00fdtahu Zoomlion ZS0407:<\/p>\n<p><iframe title=\"Prezentacja mikropodno\u015bnika Zoomlion ZS0407DC o maksymalnej wysoko\u015bci roboczej 6,5 m\" width=\"1200\" height=\"675\" data-src=\"https:\/\/www.youtube.com\/embed\/wG0uao91T-c?feature=oembed\" frameborder=\"0\" allow=\"accelerometer; autoplay; clipboard-write; encrypted-media; gyroscope; picture-in-picture; web-share\" referrerpolicy=\"strict-origin-when-cross-origin\" allowfullscreen src=\"data:image\/svg+xml;base64,PHN2ZyB3aWR0aD0iMSIgaGVpZ2h0PSIxIiB4bWxucz0iaHR0cDovL3d3dy53My5vcmcvMjAwMC9zdmciPjwvc3ZnPg==\" class=\"lazyload\" data-load-mode=\"1\"><\/iframe><\/p>","protected":false},"excerpt":{"rendered":"<p><strong>Zoomlion ZS0407DC Li<\/strong> je n\u016f\u017ekov\u00fd mikrozdvi\u017en\u00fd voz\u00edk (nejmen\u0161\u00ed z \u0159ady Zoomlion), kter\u00fd je k dispozici na prodej u spole\u010dnosti BAC POLSKA. Jeho parametry jsou pouh\u00fdch 0,7 m na \u0161\u00ed\u0159ku a 1,44 m na d\u00e9lku. Plo\u0161ina je ide\u00e1ln\u00edm za\u0159\u00edzen\u00edm pro st\u00edsn\u011bn\u00e9 prostory. S hmotnost\u00ed 895 kg a p\u0159epravn\u00ed v\u00fd\u0161kou 1,7 m lze plo\u0161inu p\u0159emis\u0165ovat osobn\u00edm v\u00fdtahem mezi patry a tak\u00e9 silni\u010dn\u00ed dopravou - mal\u00fdm autobusem. D\u00edky pou\u017eit\u00ed p\u0159\u00edm\u00e9ho stejnosm\u011brn\u00e9ho elektrick\u00e9ho pohonu a lithiov\u00fdch bateri\u00ed - byla spot\u0159eba energie sn\u00ed\u017eena na dvojn\u00e1sobek, a to se projev\u00ed ve v\u011bt\u0161\u00edm po\u010dtu pracovn\u00edch cykl\u016f - proveden\u00fdch na jedno nabit\u00ed.<\/p>\n<p>Spole\u010dnost BAC POLSKA prod\u00e1v\u00e1 tento obl\u00edben\u00fd zved\u00e1k, kter\u00fd je ide\u00e1ln\u00ed pro drobn\u00e9 pr\u00e1ce v interi\u00e9ru i exteri\u00e9ru. Tento zved\u00e1k bude ide\u00e1ln\u00ed pro dokon\u010dovac\u00ed pr\u00e1ce nebo opravy ve v\u00fd\u0161k\u00e1ch. Plo\u0161ina ZS0407DC Li bude ide\u00e1ln\u00ed pro pron\u00e1jem v\u00fdtahu. V\u00fdhodou tohoto mikrozdvi\u017en\u00e9ho voz\u00edku je, \u017ee jej lze pou\u017e\u00edvat v interi\u00e9rech v\u00edcepodla\u017en\u00edch budov. Plo\u0161inu lze pou\u017e\u00edvat na r\u016fzn\u00fdch podla\u017e\u00edch a p\u0159eprava bude snadn\u00e1 a bezprobl\u00e9mov\u00e1, proto\u017ee stroj je lehk\u00fd a velmi obratn\u00fd.<\/p>\n<p>M\u00e1te-li z\u00e1jem o koupi mikrozdvi\u017en\u00e9ho voz\u00edku ZS0407DC Li, obra\u0165te se na na\u0161e prodejn\u00ed odd\u011blen\u00ed - na\u0161i poradci v\u00e1m zodpov\u00ed va\u0161e dotazy a p\u0159iprav\u00ed v\u00e1m tak\u00e9 obchodn\u00ed nab\u00eddku na vybranou plo\u0161inu. D\u00edky velmi atraktivn\u00edm podm\u00ednk\u00e1m financov\u00e1n\u00ed v\u00e1m na\u0161i poradci budou schopni p\u0159edlo\u017eit optim\u00e1ln\u00ed nab\u00eddku leasingu na vybran\u00fd model v\u00fdtahu. V rozs\u00e1hl\u00e9 nab\u00eddce spole\u010dnosti BAC POLSKA m\u016f\u017eete tak\u00e9 vyu\u017e\u00edt dlouhodob\u00fd pron\u00e1jem za velmi atraktivn\u00edch podm\u00ednek. Nezapome\u0148te, \u017ee v na\u0161em skladu m\u00e1me v\u017edy 100 v\u00fdtah\u016f Zoomlion na prodej!<\/p>","protected":false},"featured_media":456947,"template":"","meta":[],"product_brand":[],"product_cat":[861,863,872],"product_tag":[873,874,875,876,739,877,878,879],"class_list":{"0":"post-391468","1":"product","2":"type-product","3":"status-publish","4":"has-post-thumbnail","6":"product_cat-sprzedaz","7":"product_cat-nowe","8":"product_cat-podnosniki-nozycowe-elektryczne","9":"product_tag-podesty-nozycowe-elektryczne","10":"product_tag-podnosnik-nozycowy-mobilny","11":"product_tag-podnosnik-nozycowy-samojezdny-wynajem","12":"product_tag-podnosniki-nozycowe-budowlane","13":"product_tag-podnosniki-nozycowe-elektryczne","14":"product_tag-podnosniki-nozycowe-nowe","15":"product_tag-podnosniki-nozycowe-warszawa","16":"product_tag-podnosniki-nozycowe-wynajem","17":"pa_max-udzwig-kg-733","18":"pa_producent-zoomlion","19":"pa_rodzaj-elektryczny","20":"pa_waga-kg-734","21":"pa_wys-robocza-m-6-50","22":"infinite-scroll-item","23":"","24":"woocommerce-text-align-center","25":"woocommerce-image-align-center","26":"do-quantity-buttons","28":"first","29":"instock","30":"shipping-taxable","31":"product-type-simple"},"_links":{"self":[{"href":"https:\/\/www.bacpolska.pl\/cs\/wp-json\/wp\/v2\/product\/391468","targetHints":{"allow":["GET"]}}],"collection":[{"href":"https:\/\/www.bacpolska.pl\/cs\/wp-json\/wp\/v2\/product"}],"about":[{"href":"https:\/\/www.bacpolska.pl\/cs\/wp-json\/wp\/v2\/types\/product"}],"wp:featuredmedia":[{"embeddable":true,"href":"https:\/\/www.bacpolska.pl\/cs\/wp-json\/wp\/v2\/media\/456947"}],"wp:attachment":[{"href":"https:\/\/www.bacpolska.pl\/cs\/wp-json\/wp\/v2\/media?parent=391468"}],"wp:term":[{"taxonomy":"product_brand","embeddable":true,"href":"https:\/\/www.bacpolska.pl\/cs\/wp-json\/wp\/v2\/product_brand?post=391468"},{"taxonomy":"product_cat","embeddable":true,"href":"https:\/\/www.bacpolska.pl\/cs\/wp-json\/wp\/v2\/product_cat?post=391468"},{"taxonomy":"product_tag","embeddable":true,"href":"https:\/\/www.bacpolska.pl\/cs\/wp-json\/wp\/v2\/product_tag?post=391468"}],"curies":[{"name":"wp","href":"https:\/\/api.w.org\/{rel}","templated":true}]}}