{"id":391553,"date":"2021-11-12T10:47:49","date_gmt":"2021-11-12T09:47:49","guid":{"rendered":"https:\/\/www.bacpolska.pl\/katalog\/uncategorized\/podnosnik-nozycowy-zoomlion-zs1212\/"},"modified":"2025-05-07T15:14:02","modified_gmt":"2025-05-07T13:14:02","slug":"power-lift-zoomlion-zs1212","status":"publish","type":"product","link":"https:\/\/www.bacpolska.pl\/cs\/katalog\/sprzedaz\/nowe\/podnosniki-nozycowe-elektryczne\/podnosnik-nozycowy-elektryczny-zoomlion-zs1212\/","title":{"rendered":"Prodej elektrick\u00e9ho n\u016f\u017ekov\u00e9ho v\u00fdtahu Zoomlion ZS1212AC Li"},"content":{"rendered":"<p>Standardn\u00ed funkce elektrick\u00e9ho n\u016f\u017ekov\u00e9ho v\u00fdtahu Zoomlion ZS1212AC Li:<\/p>\n<ul>\n<li>Syst\u00e9m spr\u00e1vy bateri\u00ed BMS<\/li>\n<li>Lithiov\u00e1 baterie Fosf\u00e1tov\u00e1 \u017eivotnost PO4<\/li>\n<li>V\u0161echny proporcion\u00e1ln\u00ed funkce<\/li>\n<li>Skl\u00e1dac\u00ed bari\u00e9ry<\/li>\n<li>Blikaj\u00edc\u00ed oran\u017eov\u00e1 v\u00fdstra\u017en\u00e1 kontrolka<\/li>\n<li>Samozav\u00edrac\u00ed vstupn\u00ed br\u00e1na<\/li>\n<li>Nouzov\u00e9 sn\u00ed\u017een\u00ed<\/li>\n<li>Aktivn\u00ed syst\u00e9m ochrany proti v\u00fdmol\u016fm<\/li>\n<li>Po\u010d\u00edtadlo hodin<\/li>\n<li>P\u0159epravn\u00ed z\u00e1suvky pro vysokozdvi\u017en\u00e9 voz\u00edky<\/li>\n<li>Syst\u00e9m sn\u00edm\u00e1n\u00ed zat\u00ed\u017een\u00ed<\/li>\n<li>J\u00edzda v pln\u00e9 v\u00fd\u0161ce<\/li>\n<li>Podpora pro smykovou \u00fadr\u017ebu<\/li>\n<li>Mo\u017enosti pr\u00e1ce venku i uvnit\u0159<\/li>\n<li>Vysok\u00e1 sv\u011btl\u00e1 v\u00fd\u0161ka<\/li>\n<li>Vlnit\u00fd plech<\/li>\n<li>\u00dapln\u00e1 diagnostika a kalibrace stroje z displeje<\/li>\n<li>P\u016fvodn\u00ed ovl\u00e1d\u00e1n\u00ed Delta Tech<\/li>\n<li>Syst\u00e9m ochrany proti naklon\u011bn\u00ed<\/li>\n<li>Nap\u00e1jen\u00ed plo\u0161iny 230 V<\/li>\n<li>Horn<\/li>\n<\/ul>","protected":false},"excerpt":{"rendered":"<p><strong>Zoomlion ZS1212AC Li <\/strong>je n\u016f\u017ekov\u00fd v\u00fdtah z prodejn\u00ed nab\u00eddky spole\u010dnosti BAC POLSKA. Jedn\u00e1 se o nejvy\u0161\u0161\u00ed nab\u00edzen\u00fd v\u00fdtah ze v\u0161ech model\u016f s p\u0159epravn\u00ed \u0161\u00ed\u0159kou 1,15 m, kter\u00fd je d\u00edky sv\u00e9 pracovn\u00ed v\u00fd\u0161ce 14 m a nosnosti a\u017e 350 kg a mo\u017enosti pr\u00e1ce pro 3 osoby vhodn\u00fd pro pr\u00e1ci na v\u00fd\u0161kov\u00fdch budov\u00e1ch. Tento v\u00fdtah je ide\u00e1ln\u00ed pro venkovn\u00ed i vnit\u0159n\u00ed pou\u017eit\u00ed. D\u00edky pou\u017eit\u00ed st\u0159\u00eddav\u00fdch elektrick\u00fdch pohon\u016f (bez\u00fadr\u017ebov\u00fdch, vodot\u011bsn\u00fdch - stupe\u0148 kryt\u00ed IP 67) a lithiov\u00fdch bateri\u00ed m\u016f\u017eete voln\u011b pracovat cel\u00fd den, a to na jedno nabit\u00ed bateri\u00ed. V pom\u011bru ke schopnostem tohoto modelu v\u00fdtahu za n\u011bj zaplat\u00edte atraktivn\u00ed cenu.<\/p>\n<p>Vzdu\u0161n\u00e1 pracovn\u00ed plo\u0161ina je ide\u00e1ln\u00ed pro stavebn\u00ed a \u00fadr\u017eb\u00e1\u0159sk\u00e9 pr\u00e1ce ve velk\u00fdch v\u00fd\u0161k\u00e1ch, a to i ve st\u00edsn\u011bn\u00fdch prostor\u00e1ch, nap\u0159. ve skladech nebo v\u00fdrobn\u00edch hal\u00e1ch. Model Zoomlion ZS1212AC Li ide\u00e1ln\u011b dopln\u00ed vozov\u00fd park p\u016fj\u010doven.<\/p>\n<p>Pokud m\u00e1te z\u00e1jem o koupi v\u00fdlo\u017en\u00edku ZS1212AC Li a chcete z\u00edskat v\u00edce informac\u00ed, obra\u0165te se na na\u0161e prodejn\u00ed odd\u011blen\u00ed, kter\u00e9 v\u00e1m porad\u00ed a pom\u016f\u017ee s v\u00fdb\u011brem vhodn\u00e9ho n\u016f\u017ekov\u00e9ho v\u00fdtahu pro va\u0161e pot\u0159eby. D\u00edky velmi v\u00fdhodn\u00fdm podm\u00ednk\u00e1m financov\u00e1n\u00ed v\u00e1m na\u0161i poradci budou schopni p\u0159edlo\u017eit vhodnou nab\u00eddku leasingu pro vybran\u00fd model v\u00fdtahu. V rozs\u00e1hl\u00e9 nab\u00eddce spole\u010dnosti BAC POLSKA m\u016f\u017eete tak\u00e9 vyu\u017e\u00edt dlouhodob\u00fd pron\u00e1jem za velmi atraktivn\u00edch podm\u00ednek. Nezapome\u0148te, \u017ee na na\u0161em skladu m\u00e1me v\u017edy 100 v\u00fdtah\u016f Zoomlion na prodej!<\/p>","protected":false},"featured_media":456957,"template":"","meta":[],"product_brand":[],"product_cat":[861,863,872],"product_tag":[873,874,875,876,739,877,878,879],"class_list":{"0":"post-391553","1":"product","2":"type-product","3":"status-publish","4":"has-post-thumbnail","6":"product_cat-sprzedaz","7":"product_cat-nowe","8":"product_cat-podnosniki-nozycowe-elektryczne","9":"product_tag-podesty-nozycowe-elektryczne","10":"product_tag-podnosnik-nozycowy-mobilny","11":"product_tag-podnosnik-nozycowy-samojezdny-wynajem","12":"product_tag-podnosniki-nozycowe-budowlane","13":"product_tag-podnosniki-nozycowe-elektryczne","14":"product_tag-podnosniki-nozycowe-nowe","15":"product_tag-podnosniki-nozycowe-warszawa","16":"product_tag-podnosniki-nozycowe-wynajem","17":"pa_max-udzwig-kg-50","18":"pa_producent-zoomlion","19":"pa_rodzaj-elektryczny","20":"pa_waga-kg-679","21":"pa_wys-robocza-m-13-80","22":"infinite-scroll-item","23":"","24":"woocommerce-text-align-center","25":"woocommerce-image-align-center","26":"do-quantity-buttons","28":"first","29":"instock","30":"shipping-taxable","31":"product-type-simple"},"_links":{"self":[{"href":"https:\/\/www.bacpolska.pl\/cs\/wp-json\/wp\/v2\/product\/391553","targetHints":{"allow":["GET"]}}],"collection":[{"href":"https:\/\/www.bacpolska.pl\/cs\/wp-json\/wp\/v2\/product"}],"about":[{"href":"https:\/\/www.bacpolska.pl\/cs\/wp-json\/wp\/v2\/types\/product"}],"wp:featuredmedia":[{"embeddable":true,"href":"https:\/\/www.bacpolska.pl\/cs\/wp-json\/wp\/v2\/media\/456957"}],"wp:attachment":[{"href":"https:\/\/www.bacpolska.pl\/cs\/wp-json\/wp\/v2\/media?parent=391553"}],"wp:term":[{"taxonomy":"product_brand","embeddable":true,"href":"https:\/\/www.bacpolska.pl\/cs\/wp-json\/wp\/v2\/product_brand?post=391553"},{"taxonomy":"product_cat","embeddable":true,"href":"https:\/\/www.bacpolska.pl\/cs\/wp-json\/wp\/v2\/product_cat?post=391553"},{"taxonomy":"product_tag","embeddable":true,"href":"https:\/\/www.bacpolska.pl\/cs\/wp-json\/wp\/v2\/product_tag?post=391553"}],"curies":[{"name":"wp","href":"https:\/\/api.w.org\/{rel}","templated":true}]}}