{"id":391569,"date":"2021-11-12T10:55:27","date_gmt":"2021-11-12T09:55:27","guid":{"rendered":"https:\/\/www.bacpolska.pl\/katalog\/uncategorized\/podnosnik-nozycowy-zoomlion-zs1414\/"},"modified":"2025-05-07T15:16:09","modified_gmt":"2025-05-07T13:16:09","slug":"zvedaci-nuz-zoomlion-zs1414","status":"publish","type":"product","link":"https:\/\/www.bacpolska.pl\/cs\/katalog\/sprzedaz\/nowe\/podnosniki-nozycowe-elektryczne\/podnosnik-nozycowy-zoomlion-zs1414\/","title":{"rendered":"Prodej elektrick\u00e9ho n\u016f\u017ekov\u00e9ho v\u00fdtahu Zoomlion ZS1414AC Li"},"content":{"rendered":"<p>Standardn\u00ed funkce elektrick\u00e9ho n\u016f\u017ekov\u00e9ho zved\u00e1ku Zoomlion ZS1414AC Li:<\/p>\n<ul>\n<li>Syst\u00e9m spr\u00e1vy bateri\u00ed BMS<\/li>\n<li>Lithiov\u00e1 baterie Fosf\u00e1tov\u00e1 \u017eivotnost PO4<\/li>\n<li>V\u0161echny proporcion\u00e1ln\u00ed funkce<\/li>\n<li>Skl\u00e1dac\u00ed bari\u00e9ry<\/li>\n<li>Blikaj\u00edc\u00ed oran\u017eov\u00e1 v\u00fdstra\u017en\u00e1 kontrolka<\/li>\n<li>Samozav\u00edrac\u00ed vstupn\u00ed br\u00e1na<\/li>\n<li>Nouzov\u00e9 sn\u00ed\u017een\u00ed<\/li>\n<li>Aktivn\u00ed syst\u00e9m ochrany proti v\u00fdmol\u016fm<\/li>\n<li>Po\u010d\u00edtadlo hodin<\/li>\n<li>P\u0159epravn\u00ed z\u00e1suvky pro vysokozdvi\u017en\u00e9 voz\u00edky<\/li>\n<li>Syst\u00e9m sn\u00edm\u00e1n\u00ed zat\u00ed\u017een\u00ed<\/li>\n<li>J\u00edzda v pln\u00e9 v\u00fd\u0161ce<\/li>\n<li>Podpora pro smykovou \u00fadr\u017ebu<\/li>\n<li>Mo\u017enosti pr\u00e1ce venku i uvnit\u0159<\/li>\n<li>Vysok\u00e1 sv\u011btl\u00e1 v\u00fd\u0161ka<\/li>\n<li>Vlnit\u00fd plech<\/li>\n<li>\u00dapln\u00e1 diagnostika a kalibrace stroje z displeje<\/li>\n<li>P\u016fvodn\u00ed ovl\u00e1d\u00e1n\u00ed Delta Tech<\/li>\n<li>Syst\u00e9m ochrany proti naklon\u011bn\u00ed<\/li>\n<li>Nap\u00e1jen\u00ed plo\u0161iny 230 V<\/li>\n<li>Horn<\/li>\n<\/ul>","protected":false},"excerpt":{"rendered":"<p><strong>Zoomlion ZS1414AC Li<\/strong> je nejv\u011bt\u0161\u00ed n\u016f\u017ekov\u00fd v\u00fdtah v nab\u00eddce spole\u010dnosti BAC POLSKA. V\u00fdtah je schopen dos\u00e1hnout pracovn\u00ed v\u00fd\u0161ky - 15,7 m, nosnost plo\u0161iny je stanovena na 350 kg, p\u0159i\u010dem\u017e hmotnost je pouze 3310 kg - na tuto v\u00fd\u0161ku zdvihu velmi m\u00e1lo. D\u00edky pou\u017eit\u00ed st\u0159\u00eddav\u00fdch elektrick\u00fdch pohon\u016f (bez\u00fadr\u017ebov\u00fdch, vodot\u011bsn\u00fdch - stupe\u0148 kryt\u00ed IP 67) a lithiov\u00fdch bateri\u00ed m\u016f\u017eete libovoln\u011b pracovat cel\u00fd den na jedno nabit\u00ed baterie.<\/p>\n<p>D\u00edky del\u0161\u00ed konstrukci zvedac\u00edch prvk\u016f plo\u0161iny je pr\u00e1ce ve v\u00fd\u0161k\u00e1ch mimo\u0159\u00e1dn\u011b bezpe\u010dn\u00e1. Mobiln\u00ed plo\u0161ina je vybavena plo\u0161inou o d\u00e9lce a\u017e 3,58 m. V\u00fdtah je velmi stabiln\u00ed a je vhodn\u00fd pro pr\u00e1ci v interi\u00e9ru i exteri\u00e9ru. V\u00fdlo\u017en\u00edkov\u00e1 plo\u0161ina je vynikaj\u00edc\u00ed oporou pro stavebn\u00ed pr\u00e1ce ve zna\u010dn\u00fdch v\u00fd\u0161k\u00e1ch. V\u00fdtah Zoomlion ZS1414AC Li je ide\u00e1ln\u00ed pro pr\u00e1ce ve skladov\u00fdch reg\u00e1lech a bude tak\u00e9 ide\u00e1ln\u00edm dopl\u0148kem p\u016fj\u010doven.<\/p>\n<p>M\u00e1te-li z\u00e1jem o koupi t\u00e9to platformy, kontaktujte na\u0161e obchodn\u00ed odd\u011blen\u00ed, kter\u00e9 v\u00e1m r\u00e1do porad\u00ed a p\u0159iprav\u00ed atraktivn\u00ed obchodn\u00ed nab\u00eddku. D\u00edky velmi v\u00fdhodn\u00fdm podm\u00ednk\u00e1m financov\u00e1n\u00ed v\u00e1m na\u0161i poradci budou schopni p\u0159edlo\u017eit velmi v\u00fdhodnou nab\u00eddku leasingu na vybran\u00fd model v\u00fdtahu. V rozs\u00e1hl\u00e9 nab\u00eddce spole\u010dnosti BAC POLSKA m\u016f\u017eete tak\u00e9 vyu\u017e\u00edt dlouhodob\u00fd pron\u00e1jem za velmi atraktivn\u00edch podm\u00ednek. Nezapome\u0148te, \u017ee na na\u0161em skladu m\u00e1me v\u017edy 100 v\u00fdtah\u016f Zoomlion na prodej!<\/p>","protected":false},"featured_media":456958,"template":"","meta":[],"product_brand":[],"product_cat":[861,863,872],"product_tag":[873,874,875,876,739,877,878,879],"class_list":{"0":"post-391569","1":"product","2":"type-product","3":"status-publish","4":"has-post-thumbnail","6":"product_cat-sprzedaz","7":"product_cat-nowe","8":"product_cat-podnosniki-nozycowe-elektryczne","9":"product_tag-podesty-nozycowe-elektryczne","10":"product_tag-podnosnik-nozycowy-mobilny","11":"product_tag-podnosnik-nozycowy-samojezdny-wynajem","12":"product_tag-podnosniki-nozycowe-budowlane","13":"product_tag-podnosniki-nozycowe-elektryczne","14":"product_tag-podnosniki-nozycowe-nowe","15":"product_tag-podnosniki-nozycowe-warszawa","16":"product_tag-podnosniki-nozycowe-wynajem","17":"pa_max-udzwig-kg-50","18":"pa_producent-zoomlion","19":"pa_rodzaj-elektryczny","20":"pa_waga-kg-1280","21":"pa_wys-robocza-m-15-70","22":"infinite-scroll-item","23":"","24":"woocommerce-text-align-center","25":"woocommerce-image-align-center","26":"do-quantity-buttons","28":"first","29":"instock","30":"shipping-taxable","31":"product-type-simple"},"_links":{"self":[{"href":"https:\/\/www.bacpolska.pl\/cs\/wp-json\/wp\/v2\/product\/391569","targetHints":{"allow":["GET"]}}],"collection":[{"href":"https:\/\/www.bacpolska.pl\/cs\/wp-json\/wp\/v2\/product"}],"about":[{"href":"https:\/\/www.bacpolska.pl\/cs\/wp-json\/wp\/v2\/types\/product"}],"wp:featuredmedia":[{"embeddable":true,"href":"https:\/\/www.bacpolska.pl\/cs\/wp-json\/wp\/v2\/media\/456958"}],"wp:attachment":[{"href":"https:\/\/www.bacpolska.pl\/cs\/wp-json\/wp\/v2\/media?parent=391569"}],"wp:term":[{"taxonomy":"product_brand","embeddable":true,"href":"https:\/\/www.bacpolska.pl\/cs\/wp-json\/wp\/v2\/product_brand?post=391569"},{"taxonomy":"product_cat","embeddable":true,"href":"https:\/\/www.bacpolska.pl\/cs\/wp-json\/wp\/v2\/product_cat?post=391569"},{"taxonomy":"product_tag","embeddable":true,"href":"https:\/\/www.bacpolska.pl\/cs\/wp-json\/wp\/v2\/product_tag?post=391569"}],"curies":[{"name":"wp","href":"https:\/\/api.w.org\/{rel}","templated":true}]}}