{"id":391591,"date":"2021-11-12T11:25:16","date_gmt":"2021-11-12T10:25:16","guid":{"rendered":"https:\/\/www.bacpolska.pl\/katalog\/uncategorized\/podnosnik-teleskopowy-elektryczny-zoomlion-za14je\/"},"modified":"2025-05-07T15:43:56","modified_gmt":"2025-05-07T13:43:56","slug":"teleskopicky-vyloznik-elektricky-zoomlion-za14je","status":"publish","type":"product","link":"https:\/\/www.bacpolska.pl\/cs\/katalog\/sprzedaz\/nowe\/podnosniki-teleskopowe-elektryczne\/podnosnik-teleskopowy-elektryczny-zoomlion-za14je\/","title":{"rendered":"Kloubov\u00fd teleskopick\u00fd v\u00fdtah Zoomlion ZA14NJE Li"},"content":{"rendered":"<p><strong>Standardn\u00ed funkce elektrick\u00e9ho teleskopick\u00e9ho manipul\u00e1toru Zoomlion ZA14NJE Li<\/strong><\/p>\n<ul>\n<li>Proporcion\u00e1ln\u00ed \u0159\u00edzen\u00ed<\/li>\n<li>V\u0161echny pohybov\u00e9 alarmy<\/li>\n<li>Blikaj\u00edc\u00ed oran\u017eov\u00e1 v\u00fdstra\u017en\u00e1 kontrolka<\/li>\n<li>Samouzav\u00edrac\u00ed br\u00e1na ko\u0161e<\/li>\n<li>Nez\u00e1visl\u00fd syst\u00e9m nouzov\u00e9ho spou\u0161t\u011bn\u00ed<\/li>\n<li>Hlavn\u00ed vyp\u00edna\u010d<\/li>\n<li>Automatick\u00fd syst\u00e9m vyrovn\u00e1v\u00e1n\u00ed ko\u0161e<\/li>\n<li>Palubn\u00ed diagnostick\u00fd syst\u00e9m<\/li>\n<li>Syst\u00e9m ochrany proti naklon\u011bn\u00ed<\/li>\n<li>Syst\u00e9m detekce zat\u00ed\u017een\u00ed<\/li>\n<li>4,3\" displej LED<\/li>\n<li>Horn<\/li>\n<li>Nezna\u010dkov\u00e9 pneumatiky<\/li>\n<li>Kryty v\u00e1lc\u016f<\/li>\n<li>48V\/315Ah Li-ion baterie<\/li>\n<li>Bezpe\u010dnostn\u00ed ty\u010d v ko\u0161i<\/li>\n<\/ul>","protected":false},"excerpt":{"rendered":"<p><strong>BAC POLSKA<\/strong>\u00a0 nab\u00edz\u00ed k prodeji jeden z nejobl\u00edben\u011bj\u0161\u00edch elektrick\u00fdch teleskopick\u00fdch kloubov\u00fdch v\u00fdtah\u016f Zoomlion<strong> ZA14NJE Li.<\/strong> Od konkurence se odli\u0161uje zv\u00fd\u0161enou bo\u010dn\u00ed tuhost\u00ed 17% a zv\u00fd\u0161enou vertik\u00e1ln\u00ed tuhost\u00ed 40%. Kloubov\u00fd v\u00fdtah Zoomlion ZA14NJE Li zaji\u0161\u0165uje pr\u00e1ci v pracovn\u00ed v\u00fd\u0161ce <strong>16 m,<\/strong> <strong>vodorovn\u00fd dosah nad sout\u011b\u017e 7,80 m.<\/strong> <strong>a nosnost<\/strong> <strong>230 kg. <\/strong>\u00a0N\u00e1\u0161 v\u00fdtah je standardn\u011b vybaven pneumatikami, kter\u00e9 nezanech\u00e1vaj\u00ed stopy.<\/p>\n<p>V\u00fdtah je vybaven bez\u00fadr\u017ebov\u00fdm motorem na st\u0159\u00eddav\u00fd proud s <strong>vysoce v\u00fdkonn\u00fd<\/strong> <strong>AC 32V\/4hp<\/strong> poskytuje vysok\u00fd v\u00fdkon, pou\u017eit\u00ed motoru hydraulick\u00e9ho \u010derpadla s v\u00fdkonem <strong>AC 32V\/7kw<\/strong> . Krom\u011b toho je Zoomlion ZA14NJE Li vybaven. <strong>48V\/315Ah lithium-\u017eelezo-fosf\u00e1tov\u00e9 baterie s p\u011btiletou z\u00e1rukou (na kapacitu 80% poskytujeme z\u00e1ruku po 5 letech).<\/strong>. Pou\u017eit\u00ed tohoto \u0159e\u0161en\u00ed se projevilo ve velmi dlouh\u00e9 provozn\u00ed dob\u011b zved\u00e1ku na jedno nabit\u00ed. D\u00edky n\u00edzk\u00e9 hladin\u011b hluku, nulov\u00fdm emis\u00edm a snadn\u00e9 \u00fadr\u017eb\u011b je tento v\u00fdtah ide\u00e1ln\u00ed pro pou\u017eit\u00ed v interi\u00e9ru.<\/p>\n<p><strong>M\u00e1te-li z\u00e1jem o koupi, pron\u00e1jem nebo leasing v\u00fdtahu, obra\u0165te se na na\u0161e obchodn\u00ed odd\u011blen\u00ed - na\u0161i poradci v\u00e1m p\u0159iprav\u00ed atraktivn\u00ed obchodn\u00ed nab\u00eddku. D\u00edky konkuren\u010dn\u00edm podm\u00ednk\u00e1m financov\u00e1n\u00ed m\u016f\u017eeme poskytnout velmi v\u00fdhodnou nab\u00eddku leasingu. Nezapome\u0148te, \u017ee 100 v\u00fdtah\u016f Zoomlion na prodej m\u00e1me v\u017edy skladem!<\/strong><\/p>\n<p><strong>Nev\u00e1hejte vyplnit kontaktn\u00ed formul\u00e1\u0159, odpov\u011b\u010f v\u00e1m zaru\u010dujeme do 24 hodin.<\/strong><\/p>\n<p>https:\/\/www.youtube.com\/watch?v=_efe6LEXWVk<\/p>","protected":false},"featured_media":456963,"template":"","meta":[],"product_brand":[],"product_cat":[861,863,883],"product_tag":[1283,884,885,886,887,888,889,890,891],"class_list":{"0":"post-391591","1":"product","2":"type-product","3":"status-publish","4":"has-post-thumbnail","6":"product_cat-sprzedaz","7":"product_cat-nowe","8":"product_cat-podnosniki-teleskopowe-elektryczne","9":"product_tag-leasing","10":"product_tag-podesty-teleskopowe-elektryczne","11":"product_tag-podnosnik-teleskopowy-mobilny","12":"product_tag-podnosnik-teleskopowy-samojezdny-wynajem","13":"product_tag-podnosniki-przegubowe-elektryczne","14":"product_tag-podnosniki-teleskopowe-budowlane","15":"product_tag-podnosniki-teleskopowe-nowe","16":"product_tag-podnosniki-teleskopowe-warszawa","17":"product_tag-podnosniki-teleskopowe-wynajem","18":"pa_kategoria-teleskopowe","19":"pa_kola-biale","20":"pa_max-udzwig-kg-374","21":"pa_praca-na-zewnatrz-i-w-srodku","22":"pa_rodzaj-elektryczny","23":"pa_waga-kg-1288","24":"pa_wys-robocza-m-16-00","25":"pa_zasieg-boczny-m-8-14","26":"infinite-scroll-item","27":"","28":"woocommerce-text-align-center","29":"woocommerce-image-align-center","30":"do-quantity-buttons","32":"first","33":"instock","34":"shipping-taxable","35":"product-type-simple"},"_links":{"self":[{"href":"https:\/\/www.bacpolska.pl\/cs\/wp-json\/wp\/v2\/product\/391591","targetHints":{"allow":["GET"]}}],"collection":[{"href":"https:\/\/www.bacpolska.pl\/cs\/wp-json\/wp\/v2\/product"}],"about":[{"href":"https:\/\/www.bacpolska.pl\/cs\/wp-json\/wp\/v2\/types\/product"}],"wp:featuredmedia":[{"embeddable":true,"href":"https:\/\/www.bacpolska.pl\/cs\/wp-json\/wp\/v2\/media\/456963"}],"wp:attachment":[{"href":"https:\/\/www.bacpolska.pl\/cs\/wp-json\/wp\/v2\/media?parent=391591"}],"wp:term":[{"taxonomy":"product_brand","embeddable":true,"href":"https:\/\/www.bacpolska.pl\/cs\/wp-json\/wp\/v2\/product_brand?post=391591"},{"taxonomy":"product_cat","embeddable":true,"href":"https:\/\/www.bacpolska.pl\/cs\/wp-json\/wp\/v2\/product_cat?post=391591"},{"taxonomy":"product_tag","embeddable":true,"href":"https:\/\/www.bacpolska.pl\/cs\/wp-json\/wp\/v2\/product_tag?post=391591"}],"curies":[{"name":"wp","href":"https:\/\/api.w.org\/{rel}","templated":true}]}}