{"id":392175,"date":"2022-03-02T14:40:24","date_gmt":"2022-03-02T13:40:24","guid":{"rendered":"https:\/\/www.bacpolska.pl\/?post_type=product&#038;p=392175"},"modified":"2025-05-09T15:40:14","modified_gmt":"2025-05-09T13:40:14","slug":"vzprimeny-ab38-2","status":"publish","type":"product","link":"https:\/\/www.bacpolska.pl\/cs\/katalog\/sprzedaz\/uzywane\/podesty-teleskopowe-elektryczne-uzywane\/upright-ab38-2\/","title":{"rendered":"UpRight AB38"},"content":{"rendered":"","protected":false},"excerpt":{"rendered":"<p><strong>BAC Polska<\/strong> nab\u00eddky na prodej <strong>Teleskopick\u00e1 plo\u0161ina UpRight AB38.\u00a0<\/strong>Stroj m\u00e1 sklopn\u00e9 rameno, kter\u00e9 umo\u017e\u0148uje dos\u00e1hnout do t\u011b\u017eko p\u0159\u00edstupn\u00fdch m\u00edst. Nejd\u016fle\u017eit\u011bj\u0161\u00ed je, \u017ee rameno je pln\u011b ovladateln\u00e9 z horn\u00edho a spodn\u00edho panelu s maxim\u00e1ln\u00ed pracovn\u00ed v\u00fd\u0161kou. Teleskopick\u00e9 rameno se m\u016f\u017ee pohybovat vertik\u00e1ln\u011b i horizont\u00e1ln\u011b a prov\u00e1d\u011bt ot\u00e1\u010den\u00ed o 360\u00b0. Mobiln\u00ed plo\u0161ina <strong>UpRight AB38<\/strong> nab\u00edzen\u00fd spole\u010dnost\u00ed BAC Polska umo\u017e\u0148uje pracovn\u00ed v\u00fd\u0161ku a\u017e 13,5 m, p\u0159i\u010dem\u017e dal\u0161\u00ed v\u00fdhodou je mal\u00e1 \u0161\u00ed\u0159ka podvozku 1,50 m, kter\u00e1 umo\u017e\u0148uje pohyb po \u00fazk\u00fdch dopravn\u00edch cest\u00e1ch.<\/p>","protected":false},"featured_media":456995,"template":"","meta":[],"product_brand":[],"product_cat":[861,864,931],"product_tag":[],"class_list":{"0":"post-392175","1":"product","2":"type-product","3":"status-publish","4":"has-post-thumbnail","6":"product_cat-sprzedaz","7":"product_cat-uzywane","8":"product_cat-podesty-teleskopowe-elektryczne-uzywane","9":"pa_dlugosc-m-1-20","10":"pa_kategoria-teleskopowe","11":"pa_max-udzwig-kg-479","12":"pa_producent-upright","13":"pa_rodzaj-elektryczny","14":"pa_stan-uzywany","15":"pa_szerokosc-m-1-50","16":"pa_waga-kg-483","17":"pa_wys-robocza-m-13-50","18":"pa_wysokosc-m-2-00","19":"pa_wysokosc-platformy-m-11-5","20":"infinite-scroll-item","21":"","22":"woocommerce-text-align-center","23":"woocommerce-image-align-center","24":"do-quantity-buttons","26":"first","27":"instock","28":"shipping-taxable","29":"product-type-simple"},"_links":{"self":[{"href":"https:\/\/www.bacpolska.pl\/cs\/wp-json\/wp\/v2\/product\/392175","targetHints":{"allow":["GET"]}}],"collection":[{"href":"https:\/\/www.bacpolska.pl\/cs\/wp-json\/wp\/v2\/product"}],"about":[{"href":"https:\/\/www.bacpolska.pl\/cs\/wp-json\/wp\/v2\/types\/product"}],"wp:featuredmedia":[{"embeddable":true,"href":"https:\/\/www.bacpolska.pl\/cs\/wp-json\/wp\/v2\/media\/456995"}],"wp:attachment":[{"href":"https:\/\/www.bacpolska.pl\/cs\/wp-json\/wp\/v2\/media?parent=392175"}],"wp:term":[{"taxonomy":"product_brand","embeddable":true,"href":"https:\/\/www.bacpolska.pl\/cs\/wp-json\/wp\/v2\/product_brand?post=392175"},{"taxonomy":"product_cat","embeddable":true,"href":"https:\/\/www.bacpolska.pl\/cs\/wp-json\/wp\/v2\/product_cat?post=392175"},{"taxonomy":"product_tag","embeddable":true,"href":"https:\/\/www.bacpolska.pl\/cs\/wp-json\/wp\/v2\/product_tag?post=392175"}],"curies":[{"name":"wp","href":"https:\/\/api.w.org\/{rel}","templated":true}]}}