{"id":401153,"date":"2022-04-11T09:25:55","date_gmt":"2022-04-11T07:25:55","guid":{"rendered":"https:\/\/www.bacpolska.pl\/?post_type=product&#038;p=401153"},"modified":"2025-05-22T10:57:44","modified_gmt":"2025-05-22T08:57:44","slug":"zoomlion-zs0610crawler","status":"publish","type":"product","link":"https:\/\/www.bacpolska.pl\/cs\/katalog\/wynajem\/podesty-nozycowe-gasienicowe-od-6-5m-do-20m\/zoomlion-zs0610crawler\/","title":{"rendered":"Zoomlion ZS0610Crawler"},"content":{"rendered":"<h2>Pron\u00e1jem elektrick\u00e9ho n\u016f\u017ekov\u00e9ho v\u00fdtahu Zoomlion ZS0610Crawler<\/h2>\n<p>Zoomlion ZS0610Crawler dosahuje pracovn\u00ed v\u00fd\u0161ky 8,8 m. Jeho hmotnost je ud\u00e1v\u00e1na na 1 700 kg a maxim\u00e1ln\u00ed nosnost je 250 kg. Zved\u00e1k je kompaktn\u00ed. Jeho velikost by nem\u011bla b\u00fdt p\u0159ek\u00e1\u017ekou pro pr\u00e1ci v ter\u00e9nu, kde nen\u00ed p\u0159\u00edli\u0161 velk\u00fd man\u00e9vrovac\u00ed prostor.<\/p>\n<p>V\u00fdtah se - stejn\u011b jako v\u0161echny modely Zoomlion - vyzna\u010duje robustn\u00ed konstrukc\u00ed a zpracov\u00e1n\u00edm s d\u016frazem i na ten nejmen\u0161\u00ed detail.<\/p>\n<p>&nbsp;<\/p>","protected":false},"excerpt":{"rendered":"<p><strong>Zoomlion ZS0610Crawler<\/strong> je k dispozici u spole\u010dnosti BAC Polska. V\u00fdtah se pohybuje na kolej\u00edch, co\u017e je pon\u011bkud odli\u0161n\u00e9 \u0159e\u0161en\u00ed od ostatn\u00edch stroj\u016f, kter\u00e9 jsou k dispozici v na\u0161\u00ed flotile plo\u0161in.<\/p>\n<p>Pou\u017eit\u00ed p\u00e1sov\u00fdch vozidel umo\u017e\u0148uje pr\u00e1ci v ter\u00e9nu. P\u00e1sov\u00fd podvozek ZS0610Crawler si dob\u0159e porad\u00ed s nerovn\u00fdm a nezpevn\u011bn\u00fdm pracovn\u00edm ter\u00e9nem.<\/p>\n<p class=\"western\">Mobiln\u00ed plo\u0161ina bude tak\u00e9 skv\u011bl\u00fdm \u0159e\u0161en\u00edm pro pr\u00e1ci v interi\u00e9ru, a to d\u00edky sv\u00e9mu ne\u0161piniv\u00e9mu pojezdov\u00e9mu povrchu a n\u00edzk\u00e9mu tlaku na p\u016fdu, po kter\u00e9 se pohybuje.<\/p>\n<p>P\u00e1sov\u00fd traktor Zoomlion ZS0610Crawler je elektricky poh\u00e1n\u011bn.<\/p>\n<p>https:\/\/www.youtube.com\/watch?v=3Kjex9bO-qE<\/p>","protected":false},"featured_media":457015,"template":"","meta":[],"product_brand":[],"product_cat":[1105],"product_tag":[],"class_list":{"0":"post-401153","1":"product","2":"type-product","3":"status-publish","4":"has-post-thumbnail","6":"product_cat-podesty-nozycowe-gasienicowe-od-6-5m-do-20m","7":"pa_dl-platformy-m-1-94","8":"pa_max-udzwig-kg-457","9":"pa_model-zs0610crawler","10":"pa_naped-gasienica","11":"pa_producent-zoomlion","12":"pa_przedluzenie-platformy-m-0-91","13":"pa_rodzaj-elektryczny","14":"pa_szer-maszyny-m-1-05","15":"pa_szer-platformy-m-0-95","16":"pa_waga-kg-910","17":"pa_wys-robocza-m-8-80","18":"pa_wysokosc-platformy-m-6-80","19":"infinite-scroll-item","20":"","21":"woocommerce-text-align-center","22":"woocommerce-image-align-center","23":"do-quantity-buttons","25":"first","26":"instock","27":"shipping-taxable","28":"product-type-simple"},"_links":{"self":[{"href":"https:\/\/www.bacpolska.pl\/cs\/wp-json\/wp\/v2\/product\/401153","targetHints":{"allow":["GET"]}}],"collection":[{"href":"https:\/\/www.bacpolska.pl\/cs\/wp-json\/wp\/v2\/product"}],"about":[{"href":"https:\/\/www.bacpolska.pl\/cs\/wp-json\/wp\/v2\/types\/product"}],"wp:featuredmedia":[{"embeddable":true,"href":"https:\/\/www.bacpolska.pl\/cs\/wp-json\/wp\/v2\/media\/457015"}],"wp:attachment":[{"href":"https:\/\/www.bacpolska.pl\/cs\/wp-json\/wp\/v2\/media?parent=401153"}],"wp:term":[{"taxonomy":"product_brand","embeddable":true,"href":"https:\/\/www.bacpolska.pl\/cs\/wp-json\/wp\/v2\/product_brand?post=401153"},{"taxonomy":"product_cat","embeddable":true,"href":"https:\/\/www.bacpolska.pl\/cs\/wp-json\/wp\/v2\/product_cat?post=401153"},{"taxonomy":"product_tag","embeddable":true,"href":"https:\/\/www.bacpolska.pl\/cs\/wp-json\/wp\/v2\/product_tag?post=401153"}],"curies":[{"name":"wp","href":"https:\/\/api.w.org\/{rel}","templated":true}]}}