{"id":415695,"date":"2022-12-13T15:20:19","date_gmt":"2022-12-13T14:20:19","guid":{"rendered":"https:\/\/www.bacpolska.pl\/?post_type=product&#038;p=415695"},"modified":"2022-12-13T15:20:53","modified_gmt":"2022-12-13T14:20:53","slug":"ep-cpd50f8-lithium-6-m","status":"publish","type":"product","link":"https:\/\/www.bacpolska.pl\/cs\/katalog\/wynajem\/wozki-widlowe-od-1-5t-do-5t\/ep-cpd50f8-lithium-6-m\/","title":{"rendered":"EP CPD50F8 Lithium 6 M."},"content":{"rendered":"<p><strong>Pron\u00e1jem elektrick\u00e9ho vysokozdvi\u017en\u00e9ho voz\u00edku EP-CPD50F8 Lithium 6m.<\/strong><\/p>","protected":false},"excerpt":{"rendered":"<p><strong>Pron\u00e1jem elektrick\u00e9ho vysokozdvi\u017en\u00e9ho voz\u00edku EP-CPD50F8 Lithium .<\/strong>\u00a0Spole\u010dnost BAC Polska nab\u00edz\u00ed \u0161irokou \u0161k\u00e1lu elektrick\u00fdch vysokozdvi\u017en\u00fdch voz\u00edk\u016f. Tento model zved\u00e1 a\u017e do v\u00fd\u0161ky<strong> 6 m<\/strong> a m\u016f\u017ee n\u00e9st v\u00e1hu<strong> do 4800 kg<\/strong>. Za\u0159\u00edzen\u00ed je vybaveno <strong>nezna\u010d\u00edc\u00ed kole\u010dka.<\/strong> Vysokozdvi\u017en\u00fd voz\u00edk se skv\u011ble hod\u00ed pro pr\u00e1ci v r\u016fzn\u00fdch typech hal a sklad\u016f. Pou\u017eit\u00edm lithiov\u00fdch bateri\u00ed se prodlou\u017eila doba provozu na jedno nabit\u00ed o 30%.<\/p>","protected":false},"featured_media":415698,"template":"","meta":[],"product_brand":[],"product_cat":[61,1021],"product_tag":[],"class_list":{"0":"post-415695","1":"product","2":"type-product","3":"status-publish","4":"has-post-thumbnail","6":"product_cat-wynajem","7":"product_cat-wozki-widlowe-od-1-5t-do-5t","8":"pa_kola-biale","9":"pa_max-udzwig-kg-1210","10":"pa_max-wysokosc-widel-m-1035","11":"pa_naped-przednie-kola","12":"infinite-scroll-item","13":"","14":"woocommerce-text-align-center","15":"woocommerce-image-align-center","16":"do-quantity-buttons","18":"first","19":"instock","20":"shipping-taxable","21":"product-type-simple"},"_links":{"self":[{"href":"https:\/\/www.bacpolska.pl\/cs\/wp-json\/wp\/v2\/product\/415695","targetHints":{"allow":["GET"]}}],"collection":[{"href":"https:\/\/www.bacpolska.pl\/cs\/wp-json\/wp\/v2\/product"}],"about":[{"href":"https:\/\/www.bacpolska.pl\/cs\/wp-json\/wp\/v2\/types\/product"}],"wp:featuredmedia":[{"embeddable":true,"href":"https:\/\/www.bacpolska.pl\/cs\/wp-json\/wp\/v2\/media\/415698"}],"wp:attachment":[{"href":"https:\/\/www.bacpolska.pl\/cs\/wp-json\/wp\/v2\/media?parent=415695"}],"wp:term":[{"taxonomy":"product_brand","embeddable":true,"href":"https:\/\/www.bacpolska.pl\/cs\/wp-json\/wp\/v2\/product_brand?post=415695"},{"taxonomy":"product_cat","embeddable":true,"href":"https:\/\/www.bacpolska.pl\/cs\/wp-json\/wp\/v2\/product_cat?post=415695"},{"taxonomy":"product_tag","embeddable":true,"href":"https:\/\/www.bacpolska.pl\/cs\/wp-json\/wp\/v2\/product_tag?post=415695"}],"curies":[{"name":"wp","href":"https:\/\/api.w.org\/{rel}","templated":true}]}}