{"id":417391,"date":"2023-02-14T13:42:26","date_gmt":"2023-02-14T12:42:26","guid":{"rendered":"https:\/\/www.bacpolska.pl\/?post_type=product&#038;p=417391"},"modified":"2024-06-12T10:35:24","modified_gmt":"2024-06-12T08:35:24","slug":"haulotte-compact-14-4","status":"publish","type":"product","link":"https:\/\/www.bacpolska.pl\/cs\/katalog\/sprzedaz\/uzywane\/podesty-nozycowe-elektryczne-uzywane\/haulotte-compact-14-4\/","title":{"rendered":"Haulotte Compact 14"},"content":{"rendered":"<p>Nab\u00edz\u00edme k prodeji n\u016f\u017ekov\u00fd v\u00fdtah Haulotte Compact 14<\/p>","protected":false},"excerpt":{"rendered":"<p>Nab\u00edz\u00edme k prodeji n\u016f\u017ekov\u00fd zved\u00e1k Haulotte Compact 14 odkoupen\u00fd od 1 majitele. Rok v\u00fdroby\u00a0<strong>2018<\/strong>, mth counter 498. na baterie TROJAN ve v\u00fdtahu 90% ve v\u00fdborn\u00e9m stavu.<\/p>\n<p>Vlastn\u00edme 10 z 50 kus\u016f.<\/p>\n<p>Voliteln\u00e1 z\u00e1ruka na uveden\u00ed do provozu.<\/p>\n<p>P\u0159edn\u00ed pneumatiky 90% , zadn\u00ed 90% .<\/p>\n<p>Nev\u00e1hejte n\u00e1s kontaktovat<\/p>","protected":false},"featured_media":417394,"template":"","meta":[],"product_brand":[],"product_cat":[861,864,929],"product_tag":[],"class_list":{"0":"post-417391","1":"product","2":"type-product","3":"status-publish","4":"has-post-thumbnail","6":"product_cat-sprzedaz","7":"product_cat-uzywane","8":"product_cat-podesty-nozycowe-elektryczne-uzywane","9":"pa_max-udzwig-kg-50","10":"pa_rocznik-1251","11":"pa_waga-kg-281","12":"pa_wys-robocza-m-1248","13":"infinite-scroll-item","14":"","15":"woocommerce-text-align-center","16":"woocommerce-image-align-center","17":"do-quantity-buttons","19":"first","20":"instock","21":"shipping-taxable","22":"purchasable","23":"product-type-simple"},"_links":{"self":[{"href":"https:\/\/www.bacpolska.pl\/cs\/wp-json\/wp\/v2\/product\/417391","targetHints":{"allow":["GET"]}}],"collection":[{"href":"https:\/\/www.bacpolska.pl\/cs\/wp-json\/wp\/v2\/product"}],"about":[{"href":"https:\/\/www.bacpolska.pl\/cs\/wp-json\/wp\/v2\/types\/product"}],"wp:featuredmedia":[{"embeddable":true,"href":"https:\/\/www.bacpolska.pl\/cs\/wp-json\/wp\/v2\/media\/417394"}],"wp:attachment":[{"href":"https:\/\/www.bacpolska.pl\/cs\/wp-json\/wp\/v2\/media?parent=417391"}],"wp:term":[{"taxonomy":"product_brand","embeddable":true,"href":"https:\/\/www.bacpolska.pl\/cs\/wp-json\/wp\/v2\/product_brand?post=417391"},{"taxonomy":"product_cat","embeddable":true,"href":"https:\/\/www.bacpolska.pl\/cs\/wp-json\/wp\/v2\/product_cat?post=417391"},{"taxonomy":"product_tag","embeddable":true,"href":"https:\/\/www.bacpolska.pl\/cs\/wp-json\/wp\/v2\/product_tag?post=417391"}],"curies":[{"name":"wp","href":"https:\/\/api.w.org\/{rel}","templated":true}]}}