{"id":417406,"date":"2023-02-14T13:47:55","date_gmt":"2023-02-14T12:47:55","guid":{"rendered":"https:\/\/www.bacpolska.pl\/?post_type=product&#038;p=417406"},"modified":"2024-06-12T10:32:08","modified_gmt":"2024-06-12T08:32:08","slug":"haulotte-compact-14-5","status":"publish","type":"product","link":"https:\/\/www.bacpolska.pl\/cs\/katalog\/sprzedaz\/uzywane\/podesty-nozycowe-elektryczne-uzywane\/haulotte-compact-14-5\/","title":{"rendered":"Haulotte Compact 14"},"content":{"rendered":"<p>Nab\u00edz\u00edme k prodeji n\u016f\u017ekov\u00fd v\u00fdtah Haulotte Compact 14<\/p>","protected":false},"excerpt":{"rendered":"<p>Nab\u00edz\u00edme k prodeji n\u016f\u017ekov\u00fd zved\u00e1k Haulotte Compact 14 odkoupen\u00fd od 1 majitele. Rok v\u00fdroby\u00a0<strong>2019<\/strong>, po\u010d\u00edtadlo mth 392. na bateri\u00edch Trojan ve v\u00fdtahu 70% ve v\u00fdborn\u00e9m stavu.<\/p>\n<p>Vlastn\u00edme 10 z 50 kus\u016f.<\/p>\n<p>Voliteln\u00e1 z\u00e1ruka na uveden\u00ed do provozu.<\/p>\n<p>P\u0159edn\u00ed pneumatiky 90% , zadn\u00ed 90% .<\/p>\n<p>Nev\u00e1hejte n\u00e1s kontaktovat<\/p>","protected":false},"featured_media":417408,"template":"","meta":[],"product_brand":[],"product_cat":[861,864,929],"product_tag":[],"class_list":{"0":"post-417406","1":"product","2":"type-product","3":"status-publish","4":"has-post-thumbnail","6":"product_cat-sprzedaz","7":"product_cat-uzywane","8":"product_cat-podesty-nozycowe-elektryczne-uzywane","9":"pa_max-udzwig-kg-50","10":"pa_rocznik-1249","11":"pa_waga-kg-281","12":"pa_wysokosc-robocza-1250","13":"infinite-scroll-item","14":"","15":"woocommerce-text-align-center","16":"woocommerce-image-align-center","17":"do-quantity-buttons","19":"first","20":"instock","21":"shipping-taxable","22":"product-type-simple"},"_links":{"self":[{"href":"https:\/\/www.bacpolska.pl\/cs\/wp-json\/wp\/v2\/product\/417406","targetHints":{"allow":["GET"]}}],"collection":[{"href":"https:\/\/www.bacpolska.pl\/cs\/wp-json\/wp\/v2\/product"}],"about":[{"href":"https:\/\/www.bacpolska.pl\/cs\/wp-json\/wp\/v2\/types\/product"}],"wp:featuredmedia":[{"embeddable":true,"href":"https:\/\/www.bacpolska.pl\/cs\/wp-json\/wp\/v2\/media\/417408"}],"wp:attachment":[{"href":"https:\/\/www.bacpolska.pl\/cs\/wp-json\/wp\/v2\/media?parent=417406"}],"wp:term":[{"taxonomy":"product_brand","embeddable":true,"href":"https:\/\/www.bacpolska.pl\/cs\/wp-json\/wp\/v2\/product_brand?post=417406"},{"taxonomy":"product_cat","embeddable":true,"href":"https:\/\/www.bacpolska.pl\/cs\/wp-json\/wp\/v2\/product_cat?post=417406"},{"taxonomy":"product_tag","embeddable":true,"href":"https:\/\/www.bacpolska.pl\/cs\/wp-json\/wp\/v2\/product_tag?post=417406"}],"curies":[{"name":"wp","href":"https:\/\/api.w.org\/{rel}","templated":true}]}}