{"id":417449,"date":"2023-02-14T14:05:12","date_gmt":"2023-02-14T13:05:12","guid":{"rendered":"https:\/\/www.bacpolska.pl\/?post_type=product&#038;p=417449"},"modified":"2024-06-12T09:56:09","modified_gmt":"2024-06-12T07:56:09","slug":"haulotte-compact-14-8","status":"publish","type":"product","link":"https:\/\/www.bacpolska.pl\/cs\/katalog\/sprzedaz\/uzywane\/podesty-nozycowe-elektryczne-uzywane\/haulotte-compact-14-8\/","title":{"rendered":"Haulotte Compact 14"},"content":{"rendered":"<p>Nab\u00edz\u00edme k prodeji n\u016f\u017ekov\u00fd v\u00fdtah Haulotte Compact 14<\/p>","protected":false},"excerpt":{"rendered":"<p>Nab\u00edz\u00edme k prodeji <strong>pou\u017eit\u00e9<\/strong> elektrick\u00fd n\u016f\u017ekov\u00fd v\u00fdtah <strong>Haulotte Compact 14<\/strong>\u00a0 Rok v\u00fdroby <strong>2018<\/strong>, po\u010d\u00edtadlo mth 574. Na bateri\u00edch AGM v 90%<\/p>\n<p>V\u00fdtah ve v\u00fdborn\u00e9m stavu, platn\u00fd UDT<\/p>\n<p>Z\u00e1ruka p\u0159i spu\u0161t\u011bn\u00ed.<\/p>\n<p>P\u0159edn\u00ed pneumatiky 90% , zadn\u00ed 90% .<\/p>\n<p>Uveden\u00e1 cena je \u010dist\u00e1 cena.<\/p>\n<p>Nev\u00e1hejte se obr\u00e1tit na na\u0161e prodejce.<\/p>","protected":false},"featured_media":417451,"template":"","meta":[],"product_brand":[],"product_cat":[861,864,929],"product_tag":[],"class_list":{"0":"post-417449","1":"product","2":"type-product","3":"status-publish","4":"has-post-thumbnail","6":"product_cat-sprzedaz","7":"product_cat-uzywane","8":"product_cat-podesty-nozycowe-elektryczne-uzywane","9":"pa_max-udzwig-kg-50","10":"pa_rocznik-1251","11":"pa_waga-kg-281","12":"pa_wys-robocza-m-1248","13":"infinite-scroll-item","14":"","15":"woocommerce-text-align-center","16":"woocommerce-image-align-center","17":"do-quantity-buttons","19":"first","20":"instock","21":"shipping-taxable","22":"purchasable","23":"product-type-simple"},"_links":{"self":[{"href":"https:\/\/www.bacpolska.pl\/cs\/wp-json\/wp\/v2\/product\/417449","targetHints":{"allow":["GET"]}}],"collection":[{"href":"https:\/\/www.bacpolska.pl\/cs\/wp-json\/wp\/v2\/product"}],"about":[{"href":"https:\/\/www.bacpolska.pl\/cs\/wp-json\/wp\/v2\/types\/product"}],"wp:featuredmedia":[{"embeddable":true,"href":"https:\/\/www.bacpolska.pl\/cs\/wp-json\/wp\/v2\/media\/417451"}],"wp:attachment":[{"href":"https:\/\/www.bacpolska.pl\/cs\/wp-json\/wp\/v2\/media?parent=417449"}],"wp:term":[{"taxonomy":"product_brand","embeddable":true,"href":"https:\/\/www.bacpolska.pl\/cs\/wp-json\/wp\/v2\/product_brand?post=417449"},{"taxonomy":"product_cat","embeddable":true,"href":"https:\/\/www.bacpolska.pl\/cs\/wp-json\/wp\/v2\/product_cat?post=417449"},{"taxonomy":"product_tag","embeddable":true,"href":"https:\/\/www.bacpolska.pl\/cs\/wp-json\/wp\/v2\/product_tag?post=417449"}],"curies":[{"name":"wp","href":"https:\/\/api.w.org\/{rel}","templated":true}]}}