{"id":432036,"date":"2024-01-15T14:12:24","date_gmt":"2024-01-15T13:12:24","guid":{"rendered":"https:\/\/www.bacpolska.pl\/?post_type=product&#038;p=432036"},"modified":"2024-06-14T15:55:19","modified_gmt":"2024-06-14T13:55:19","slug":"zoomlion-zt38j-4x4-2","status":"publish","type":"product","link":"https:\/\/www.bacpolska.pl\/cs\/katalog\/uncategorized\/zoomlion-zt38j-4x4-2\/","title":{"rendered":"Zoomlion ZT38J 4\u00d74"},"content":{"rendered":"<h2>Pron\u00e1jem teleskopick\u00e9ho dieselov\u00e9ho v\u00fdtahu Zoomlion ZT38J 4\u00d74<\/h2>\n<p>&nbsp;<\/p>","protected":false},"excerpt":{"rendered":"<p>Pron\u00e1jem dieselov\u00e9ho teleskopick\u00e9ho manipul\u00e1toru od spole\u010dnosti BAC<strong> ZT38J 4\u00d74 <\/strong>V\u00fdlo\u017en\u00edkov\u00fd zved\u00e1k najde uplatn\u011bn\u00ed ve zna\u010dn\u00e9 v\u00fd\u0161ce, jeho konstrukce poskytuje velk\u00fd bo\u010dn\u00ed dosah s vysokokapacitn\u00edm zvedac\u00edm mechanismem.  Zoomlion ZT38J poskytuje pracovn\u00ed v\u00fd\u0161ku<strong>\u00a040,2 m,<\/strong>\u00a0horizont\u00e1ln\u00ed pokryt\u00ed\u00a0<strong>25 m<\/strong>m\u00e1 tak\u00e9 dvojitou\u00a0<strong>nosnost 300\/454 kg<\/strong>.  Byl pou\u017eit vzn\u011btov\u00fd motor <strong>\u010cty\u0159v\u00e1lec<\/strong>\u00a0<b>Kubota V2607 55,4 kW v\u00fdkonn\u00e1 a spolehliv\u00e1.\u00a0<\/b><strong>Pohon 4\u00d74<\/strong>\u00a0\u010cty\u0159i kola \/ P\u0159edn\u00ed kolo \/ Krab a sv\u011btl\u00e1 v\u00fd\u0161ka\u00a0<strong>0,41 m<\/strong> s p\u0159\u00eddavn\u00fdm syst\u00e9mem v\u00fdkyvn\u00e9 n\u00e1pravy v\u00fdrazn\u011b zlep\u0161uj\u00ed v\u00fdkon v ter\u00e9nu.<\/p>","protected":false},"featured_media":432074,"template":"","meta":[],"product_brand":[],"product_cat":[15],"product_tag":[],"class_list":{"0":"post-432036","1":"product","2":"type-product","3":"status-publish","4":"has-post-thumbnail","6":"product_cat-uncategorized","7":"pa_max-udzwig-kg-300-454","8":"pa_waga-kg-1221","9":"pa_wys-robocza-m-1278","10":"pa_zasieg-boczny-m-1216","11":"infinite-scroll-item","12":"","13":"woocommerce-text-align-center","14":"woocommerce-image-align-center","15":"do-quantity-buttons","17":"first","18":"instock","19":"shipping-taxable","20":"product-type-simple"},"_links":{"self":[{"href":"https:\/\/www.bacpolska.pl\/cs\/wp-json\/wp\/v2\/product\/432036","targetHints":{"allow":["GET"]}}],"collection":[{"href":"https:\/\/www.bacpolska.pl\/cs\/wp-json\/wp\/v2\/product"}],"about":[{"href":"https:\/\/www.bacpolska.pl\/cs\/wp-json\/wp\/v2\/types\/product"}],"wp:featuredmedia":[{"embeddable":true,"href":"https:\/\/www.bacpolska.pl\/cs\/wp-json\/wp\/v2\/media\/432074"}],"wp:attachment":[{"href":"https:\/\/www.bacpolska.pl\/cs\/wp-json\/wp\/v2\/media?parent=432036"}],"wp:term":[{"taxonomy":"product_brand","embeddable":true,"href":"https:\/\/www.bacpolska.pl\/cs\/wp-json\/wp\/v2\/product_brand?post=432036"},{"taxonomy":"product_cat","embeddable":true,"href":"https:\/\/www.bacpolska.pl\/cs\/wp-json\/wp\/v2\/product_cat?post=432036"},{"taxonomy":"product_tag","embeddable":true,"href":"https:\/\/www.bacpolska.pl\/cs\/wp-json\/wp\/v2\/product_tag?post=432036"}],"curies":[{"name":"wp","href":"https:\/\/api.w.org\/{rel}","templated":true}]}}