{"id":432718,"date":"2024-01-25T13:22:13","date_gmt":"2024-01-25T12:22:13","guid":{"rendered":"https:\/\/www.bacpolska.pl\/?post_type=product&#038;p=432718"},"modified":"2025-05-12T10:45:30","modified_gmt":"2025-05-12T08:45:30","slug":"holland-lift-n265el13","status":"publish","type":"product","link":"https:\/\/www.bacpolska.pl\/cs\/katalog\/wynajem\/podesty-nozycowe-elektryczne\/holland-lift-n265el13\/","title":{"rendered":"Holland-Lift N265EL13"},"content":{"rendered":"<h3>Pron\u00e1jem n\u016f\u017ekov\u00e9ho v\u00fdtahu Holland-Lift N265EL13 - Maxim\u00e1ln\u00ed efektivita a bezpe\u010dnost p\u0159i pr\u00e1ci ve skladu<\/h3>\n<p>Hled\u00e1te spolehliv\u00e9 \u0159e\u0161en\u00ed pro pr\u00e1ci ve v\u00fd\u0161k\u00e1ch ve skladu? <strong>BAC Polska<\/strong> nab\u00edz\u00ed pron\u00e1jem n\u016f\u017ekov\u00e9ho v\u00fdtahu Holland-Lift N265EL13, kter\u00fd spln\u00ed v\u0161echny va\u0161e po\u017eadavky na bezpe\u010dnost, v\u00fdkon a ovladatelnost.<\/p>\n<p><strong>Vlastnosti Holland-Lift N265EL13<\/strong>:<br \/>\n&#8211; <strong>P\u016fsobiv\u00e1 pracovn\u00ed v\u00fd\u0161ka 28 metr\u016f<\/strong>: Tento model umo\u017e\u0148uje bezpe\u010dnou a pohodlnou pr\u00e1ci ve v\u00fd\u0161ce, ide\u00e1ln\u00ed pro manipulaci s vysok\u00fdmi skladov\u00fdmi reg\u00e1ly.<br \/>\n&#8211; <strong>V\u00fdkonn\u00e1 nosnost 750 kg<\/strong>: S touto kapacitou je Holland-Lift N265EL13 p\u0159ipraven p\u0159epravit i ty nejt\u011b\u017e\u0161\u00ed materi\u00e1ly.<br \/>\n&#8211; <strong>Kompaktn\u00ed \u0161\u00ed\u0159ka 1,32 m<\/strong>: Tento n\u016f\u017ekov\u00fd zved\u00e1k je d\u00edky sv\u00e9 \u00fazk\u00e9 konstrukci ide\u00e1ln\u00ed pro pr\u00e1ci ve st\u00edsn\u011bn\u00fdch prostorech a umo\u017e\u0148uje snadn\u00fd p\u0159\u00edstup mezi reg\u00e1ly.<br \/>\n&#8211; <strong>V\u0161estrann\u00e9 pou\u017eit\u00ed<\/strong>: Ide\u00e1ln\u00ed pro r\u016fzn\u00e9 \u00fakoly ve skladu, od ukl\u00e1d\u00e1n\u00ed zbo\u017e\u00ed do reg\u00e1l\u016f a\u017e po \u00fadr\u017eb\u00e1\u0159sk\u00e9 pr\u00e1ce ve v\u00fd\u0161k\u00e1ch.<\/p>\n<p><strong>Pron\u00e1jem Holland-Lift N265EL13 od spole\u010dnosti BAC Polska<\/strong>Z\u00edsk\u00e1te jistotu, \u017ee va\u0161e skladov\u00e9 operace budou prob\u00edhat hladce, bezpe\u010dn\u011b a efektivn\u011b. Nejde jen o zved\u00e1n\u00ed materi\u00e1lu - jde o zv\u00fd\u0161en\u00ed standard\u016f va\u0161eho skladov\u00e9ho provozu.<\/p>\n<h4><strong>Kontaktujte n\u00e1s je\u0161t\u011b dnes a zjist\u011bte v\u00edce informac\u00ed o pron\u00e1jmu n\u016f\u017ekov\u00e9ho v\u00fdtahu Holland-Lift N265EL13 a za\u010dn\u011bte optimalizovat sv\u016fj skladov\u00fd provoz!<\/strong><\/h4>","protected":false},"excerpt":{"rendered":"","protected":false},"featured_media":457005,"template":"","meta":[],"product_brand":[],"product_cat":[61,62],"product_tag":[],"class_list":{"0":"post-432718","1":"product","2":"type-product","3":"status-publish","4":"has-post-thumbnail","6":"product_cat-wynajem","7":"product_cat-podesty-nozycowe-elektryczne","8":"pa_max-udzwig-kg-214","9":"pa_waga-kg-1334","10":"pa_wys-robocza-m-28-20","11":"infinite-scroll-item","12":"","13":"woocommerce-text-align-center","14":"woocommerce-image-align-center","15":"do-quantity-buttons","17":"first","18":"instock","19":"shipping-taxable","20":"product-type-simple"},"_links":{"self":[{"href":"https:\/\/www.bacpolska.pl\/cs\/wp-json\/wp\/v2\/product\/432718","targetHints":{"allow":["GET"]}}],"collection":[{"href":"https:\/\/www.bacpolska.pl\/cs\/wp-json\/wp\/v2\/product"}],"about":[{"href":"https:\/\/www.bacpolska.pl\/cs\/wp-json\/wp\/v2\/types\/product"}],"wp:featuredmedia":[{"embeddable":true,"href":"https:\/\/www.bacpolska.pl\/cs\/wp-json\/wp\/v2\/media\/457005"}],"wp:attachment":[{"href":"https:\/\/www.bacpolska.pl\/cs\/wp-json\/wp\/v2\/media?parent=432718"}],"wp:term":[{"taxonomy":"product_brand","embeddable":true,"href":"https:\/\/www.bacpolska.pl\/cs\/wp-json\/wp\/v2\/product_brand?post=432718"},{"taxonomy":"product_cat","embeddable":true,"href":"https:\/\/www.bacpolska.pl\/cs\/wp-json\/wp\/v2\/product_cat?post=432718"},{"taxonomy":"product_tag","embeddable":true,"href":"https:\/\/www.bacpolska.pl\/cs\/wp-json\/wp\/v2\/product_tag?post=432718"}],"curies":[{"name":"wp","href":"https:\/\/api.w.org\/{rel}","templated":true}]}}