{"id":456836,"date":"2025-05-05T10:37:01","date_gmt":"2025-05-05T08:37:01","guid":{"rendered":"https:\/\/www.bacpolska.pl\/?post_type=product&#038;p=456836"},"modified":"2025-05-08T09:37:49","modified_gmt":"2025-05-08T07:37:49","slug":"podnosnik-nozycowy-spalinowy-zoomlion-zs1023rt-4x4-12-m-na-sprzedaz-bac-polska","status":"publish","type":"product","link":"https:\/\/www.bacpolska.pl\/cs\/katalog\/sprzedaz\/nowe\/podnosniki-nozycowe-diesel\/podnosnik-nozycowy-spalinowy-zoomlion-zs1023rt-4x4-12-m-na-sprzedaz-bac-polska\/","title":{"rendered":"N\u016f\u017ekov\u00fd v\u00fdtah Zoomlion ZS1023RT 4\u00d74 - 12 m | Na prodej - BAC Polska"},"content":{"rendered":"<p>Standardowe funkcje spalinowego podno\u015bnika no\u017cycowego Zoomlion ZS1023RT:<\/p>\n<ul>\n<li>V\u0161echny proporcion\u00e1ln\u00ed funkce<\/li>\n<li>Origin\u00e1ln\u00ed ovl\u00e1d\u00e1n\u00ed Delta Tech<\/li>\n<li>Signalizace v\u0161ech pohyb\u016f<\/li>\n<li>Skl\u00e1dac\u00ed bari\u00e9ry<\/li>\n<li>Blikaj\u00edc\u00ed oran\u017eov\u00e1 v\u00fdstra\u017en\u00e1 kontrolka<\/li>\n<li>Samozav\u00edrac\u00ed vstupn\u00ed br\u00e1na<\/li>\n<li>Nap\u00e1jen\u00ed st\u0159\u00eddav\u00fdm proudem na plo\u0161in\u011b<\/li>\n<li>Nouzov\u00e9 sn\u00ed\u017een\u00ed<\/li>\n<li>\u00dapln\u00e1 diagnostika stroje z displeje<\/li>\n<li>Syst\u00e9m ochrany proti naklon\u011bn\u00ed<\/li>\n<li>Horn<\/li>\n<li>Provozn\u00ed hodinov\u00fd m\u011b\u0159i\u010d<\/li>\n<li>V\u00fdsuvn\u00e1 paluba (obousm\u011brn\u00e1)<\/li>\n<li>Podp\u011bry pro smykovou \u00fadr\u017ebu<\/li>\n<li>Syst\u00e9m detekce zat\u00ed\u017een\u00ed<\/li>\n<li>Vysok\u00e1 sv\u011btl\u00e1 v\u00fd\u0161ka<\/li>\n<li>Vlnit\u00fd plech<\/li>\n<\/ul>","protected":false},"excerpt":{"rendered":"<h3 class=\"\" data-start=\"0\" data-end=\"65\"><strong data-start=\"4\" data-end=\"63\">Zoomlion ZS10123RT \u2013 Moc, Zasi\u0119g i Stabilno\u015b\u0107 w Terenie<\/strong><\/h3>\n<p class=\"\" data-start=\"67\" data-end=\"682\">Zoomlion ZS10123RT to terenowy, samojezdny podest no\u017cycowy zaprojektowany do pracy w wymagaj\u0105cych warunkach budowlanych i przemys\u0142owych. Wyposa\u017cony w 4-cylindrowy silnik diesla KUBOTA Stage 5 oraz nap\u0119d 4&#215;4, zapewnia doskona\u0142\u0105 mobilno\u015b\u0107 i wydajno\u015b\u0107 nawet na nier\u00f3wnym gruncie. Hydrauliczne podpory poziomuj\u0105ce gwarantuj\u0105 stabilno\u015b\u0107, a rozsuwana platforma zwi\u0119ksza zasi\u0119g roboczy bez konieczno\u015bci przestawiania maszyny. Wysoko\u015b\u0107 robocza wynosz\u0105ca 12 metr\u00f3w umo\u017cliwia wygodne i bezpieczne wykonywanie prac monta\u017cowych i instalacyjnych, a \u0142adowno\u015b\u0107 do 1150 kg pozwala na transport kilku pracownik\u00f3w wraz z narz\u0119dziami.<\/p>\n<p class=\"\" data-start=\"684\" data-end=\"1250\">ZS10123RT to idealny wyb\u00f3r do prac konstrukcyjnych, monta\u017cu instalacji, konserwacji hal przemys\u0142owych oraz rob\u00f3t budowlanych w sektorze energetycznym. Dzi\u0119ki kompaktowej konstrukcji i \u0142atwej obs\u0142udze, znajduje zastosowanie zar\u00f3wno wewn\u0105trz, jak i na zewn\u0105trz obiekt\u00f3w. Kupuj\u0105c podest ZS10123RT w BAC Polska, zyskujesz nie tylko nowoczesny sprz\u0119t, ale tak\u017ce profesjonalne doradztwo techniczne, mo\u017cliwo\u015b\u0107 leasingu lub wynajmu d\u0142ugoterminowego oraz opcjonalne pakiety serwisowe. Firma zapewnia szybki czas realizacji zam\u00f3wienia oraz transport na terenie ca\u0142ego kraju.<\/p>\n<p class=\"\" data-start=\"1252\" data-end=\"1384\">Skontaktuj si\u0119 z dzia\u0142em sprzeda\u017cy BAC Polska, aby uzyska\u0107 indywidualn\u0105 ofert\u0119 i skorzysta\u0107 z profesjonalnego wsparcia technicznego.<\/p>\n<hr class=\"\" data-start=\"1991\" data-end=\"1994\" \/>\n<p class=\"\" data-start=\"1996\" data-end=\"2172\">\ud83d\udcde <strong data-start=\"1999\" data-end=\"2034\">Skontaktuj si\u0119 z naszymi handlowcami<\/strong>\u00a0i poznaj pe\u0142n\u0105 ofert\u0119 maszyn dost\u0119pnych od r\u0119ki.<br data-start=\"2083\" data-end=\"2086\" \/><strong data-start=\"2086\" data-end=\"2099\">ZS10123RT<\/strong> \u2013 solidno\u015b\u0107 i bezpiecze\u0144stwo, na kt\u00f3re mo\u017cesz liczy\u0107 ka\u017cdego dnia pracy.<\/p>","protected":false},"featured_media":456959,"template":"","meta":[],"product_brand":[],"product_cat":[880,861],"product_tag":[800,1283,801,819,789,876,877,1284,1287,798],"class_list":{"0":"post-456836","1":"product","2":"type-product","3":"status-publish","4":"has-post-thumbnail","6":"product_cat-podnosniki-nozycowe-diesel","7":"product_cat-sprzedaz","8":"product_tag-bac-polska","9":"product_tag-leasing","10":"product_tag-podest-nozycowy","11":"product_tag-podest-spalinowy","12":"product_tag-podesty-ruchome","13":"product_tag-podnosniki-nozycowe-budowlane","14":"product_tag-podnosniki-nozycowe-nowe","15":"product_tag-sprzedaz","16":"product_tag-wynajem-dlugoterminowy","17":"product_tag-zwyzka-nozycowa","18":"pa_max-udzwig-kg-1550","19":"pa_naped-4x4-2","20":"pa_przedluzenie-platformy-m-1-40","21":"pa_waga-kg-1562","22":"pa_wys-robocza-m-804","23":"infinite-scroll-item","24":"","25":"woocommerce-text-align-center","26":"woocommerce-image-align-center","27":"do-quantity-buttons","29":"first","30":"instock","31":"shipping-taxable","32":"product-type-simple"},"_links":{"self":[{"href":"https:\/\/www.bacpolska.pl\/cs\/wp-json\/wp\/v2\/product\/456836","targetHints":{"allow":["GET"]}}],"collection":[{"href":"https:\/\/www.bacpolska.pl\/cs\/wp-json\/wp\/v2\/product"}],"about":[{"href":"https:\/\/www.bacpolska.pl\/cs\/wp-json\/wp\/v2\/types\/product"}],"wp:featuredmedia":[{"embeddable":true,"href":"https:\/\/www.bacpolska.pl\/cs\/wp-json\/wp\/v2\/media\/456959"}],"wp:attachment":[{"href":"https:\/\/www.bacpolska.pl\/cs\/wp-json\/wp\/v2\/media?parent=456836"}],"wp:term":[{"taxonomy":"product_brand","embeddable":true,"href":"https:\/\/www.bacpolska.pl\/cs\/wp-json\/wp\/v2\/product_brand?post=456836"},{"taxonomy":"product_cat","embeddable":true,"href":"https:\/\/www.bacpolska.pl\/cs\/wp-json\/wp\/v2\/product_cat?post=456836"},{"taxonomy":"product_tag","embeddable":true,"href":"https:\/\/www.bacpolska.pl\/cs\/wp-json\/wp\/v2\/product_tag?post=456836"}],"curies":[{"name":"wp","href":"https:\/\/api.w.org\/{rel}","templated":true}]}}