{"id":458102,"date":"2026-02-23T13:20:45","date_gmt":"2026-02-23T12:20:45","guid":{"rendered":"https:\/\/www.bacpolska.pl\/?post_type=product&#038;p=458102"},"modified":"2026-02-24T16:17:50","modified_gmt":"2026-02-24T15:17:50","slug":"zoomlion-zt32j-v-podnosnik-teleskopowy-spalinowy","status":"publish","type":"product","link":"https:\/\/www.bacpolska.pl\/cs\/katalog\/sprzedaz\/zoomlion-zt32j-v-podnosnik-teleskopowy-spalinowy\/","title":{"rendered":"Podno\u015bnik Teleskopowy Zoomlion ZT32J-V"},"content":{"rendered":"<h3 data-start=\"979\" data-end=\"1014\">\ud83d\udee0\ufe0f <strong data-start=\"987\" data-end=\"1014\">Standardowe wyposa\u017cenie<\/strong><\/h3>\n<ul>\n<li>Sterowanie proporcjonalne.<\/li>\n<li>Klakson oraz alarm wszystkich ruch\u00f3w (All motion alarm).<\/li>\n<li>Obrotowe \u015bwiat\u0142o ostrzegawcze (Kogut).<\/li>\n<li>Samozamykaj\u0105ca si\u0119 bramka wej\u015bciowa na platform\u0119.<\/li>\n<li>System awaryjnego opuszczania oraz przycisk awaryjnego zatrzymania (Grzyb).<\/li>\n<li>System automatycznego poziomiowania.<\/li>\n<li>Wbudowany system diagnostyczny.<\/li>\n<li>System ochrony przed przechy\u0142em.<\/li>\n<li>Wysuwana taca silnika u\u0142atwiaj\u0105ca serwis.<\/li>\n<\/ul>","protected":false},"excerpt":{"rendered":"<p>Podno\u015bnik teleskopowy Zoomlion ZT32J-V to zaawansowana maszyna do prac na du\u017cych wysoko\u015bciach, \u0142\u0105cz\u0105ca w sobie imponuj\u0105cy zasi\u0119g, zwi\u0119kszon\u0105 stabilno\u015b\u0107 (teleskop w technologii V) oraz kompaktowo\u015b\u0107 (ma nierozsuwan\u0105 o\u015b i szeroko\u015b\u0107 jedynie 2.49 m przy wysoko\u015bci roboczej a\u017c 34.3m).<\/p>\n<p>Maszyna idealnie sprawdza si\u0119 w mie\u015bcie, w w\u0105skich przestrzeniach, przy renowacji budynk\u00f3w, przygotowaniu scen koncertowych, przy pracach konserwacyjnych, w przemy\u015ble i na budowach. Czyli wsz\u0119dzie, gdzie liczy si\u0119 niezawodno\u015b\u0107 w najtrudniejszych warunkach w po\u0142\u0105czeniu z manewrowo\u015bci\u0105 i stosunkow\u0105 kompaktowo\u015bci\u0105.<\/p>\n<p>Model ten wyr\u00f3\u017cnia si\u0119 doskona\u0142ymi parametrami roboczymi i spe\u0142nia rygorystyczne normy CE\/ANSI\/CSA.<\/p>\n<h2><strong>Kluczowe parametry techniczne<\/strong><\/h2>\n<p>Aby sprosta\u0107 najbardziej wymagaj\u0105cym zadaniom, model ZT32J-V oferuje imponuj\u0105ce parametry robocze:<\/p>\n<p><strong>\u2705 Wysoko\u015b\u0107 robocza:<\/strong> 34.3m<br \/>\n<strong>\u2705 Wysoko\u015b\u0107 platformy:<\/strong> 32.3m<br \/>\n<strong>\u2705 Maksymalny zasi\u0119g poziomy:<\/strong> 19.2m<br \/>\n<strong>\u2705 Ud\u017awig platformy:<\/strong> 300 kg (bez ogranicze\u0144) \/ 454 kg (z ograniczeniami)<br \/>\n<strong>\u2705 Zdolno\u015b\u0107 pokonywania wzniesie\u0144:<\/strong> 45%<br \/>\n<strong>\u2705 Nap\u0119d:<\/strong> Na cztery ko\u0142a (4WD)<br \/>\n<strong>\u2705 Waga maszyny:<\/strong> 18060kg<br \/>\n<strong>\u2705 Obr\u00f3t wie\u017cyczki:<\/strong> 360\u00b0 ci\u0105g\u0142y<\/p>\n<h2><strong>G\u0142\u00f3wne zalety modelu Zoomlion ZT32J-V<\/strong><\/h2>\n<ul>\n<li><strong>Doskona\u0142y stosunek kompaktowo\u015bci i zasi\u0119g\u00f3w:<\/strong> Jest to najwi\u0119kszy spalinowy podno\u015bnik teleskopowy wyposa\u017cony w nierozsuwan\u0105 o\u015b, co znacznie u\u0142atwia manewrowanie i transport, oferuj\u0105c przy tym wysoko\u015b\u0107 robocz\u0105 34.3m.<\/li>\n<li><strong>Zaawansowana konstrukcja teleskopu V:<\/strong> Zastosowanie sze\u015bciok\u0105tnego profilu wysi\u0119gnika gwarantuje wysok\u0105 sztywno\u015b\u0107 i stabilno\u015b\u0107 podczas pracy na maksymalnych wychyleniach.<\/li>\n<li><strong>W\u0142a\u015bciwo\u015bci terenowe:<\/strong> Podno\u015bnik wyposa\u017cono w nap\u0119d na cztery ko\u0142a (4WD) , przedni\u0105 o\u015b skr\u0119tn\u0105 oraz wahliw\u0105 o\u015b (oscillating axle) , co w po\u0142\u0105czeniu z 45% zdolno\u015bci\u0105 pokonywania wzniesie\u0144 zapewnia swobodne poruszanie si\u0119 po nier\u00f3wnym terenie budowy.<\/li>\n<li><strong>Energooszcz\u0119dno\u015b\u0107:<\/strong> Spalinowy system hydrauliczny z technologi\u0105 wykrywania obci\u0105\u017cenia (load sensing) pozwala na zmniejszenie zu\u017cycia energii o 13%.<\/li>\n<li><strong>Odporno\u015b\u0107 na trudne warunki:<\/strong> Maszyna zosta\u0142a zaprojektowana do pracy w ekstremalnym \u015brodowisku \u2013 bez problemu radzi sobie z mrozami do -23\u00b0C oraz prac\u0105 na du\u017cych wysoko\u015bciach, si\u0119gaj\u0105cych 4100 m n.p.m..<\/li>\n<li><strong>Wyposa\u017cenie w topowe systemy technologiczne<\/strong>, kt\u00f3re zwi\u0119kszaj\u0105 bezpiecze\u0144stwo, efektywno\u015b\u0107 i komfort pracy:\n<ul>\n<li>System automatycznego poziomowania i wbudowany system diagnostyczny<\/li>\n<li>System ochrony przed przechy\u0142em oraz system awaryjnego opuszczania<\/li>\n<li>Sterowanie proporcjonalne dla precyzyjnych ruch\u00f3w<\/li>\n<li>Oczywi\u015bcie zadbano r\u00f3wnie\u017c o podstawy, takie jak: alarm wszystkich ruch\u00f3w, pulsuj\u0105ce \u015bwiat\u0142o ostrzegawcze (kogut), samozamykaj\u0105ca si\u0119 bramka wej\u015bciowa oraz przyciski awaryjnego zatrzymania.<\/li>\n<\/ul>\n<\/li>\n<\/ul>\n<h2><strong>Zastosowanie podno\u015bnika Zoomlion ZT32J-V<\/strong><\/h2>\n<p>Dzi\u0119ki unikalnemu po\u0142\u0105czeniu ogromnego zasi\u0119gu (ponad 34 metry wysoko\u015bci roboczej ) z doskona\u0142ymi w\u0142a\u015bciwo\u015bciami terenowymi, teleskopowy podno\u015bnik Zoomlion ZT32J-V sprawdzi si\u0119 idealnie w:<\/p>\n<ul>\n<li><strong>Ci\u0119\u017ckim budownictwie:<\/strong> przy wznoszeniu konstrukcji stalowych, hal magazynowych czy obiekt\u00f3w przemys\u0142owych.<\/li>\n<li><strong>Pracach infrastrukturalnych:<\/strong> przy budowie i konserwacji most\u00f3w, wiadukt\u00f3w oraz sieci energetycznych.<\/li>\n<li><strong>Sektorze stoczniowym i rafineryjnym:<\/strong> gdzie wymagany jest du\u017cy zasi\u0119g boczny (19.2m ) w celu omini\u0119cia przeszk\u00f3d.<\/li>\n<li><strong>Ekstremalnych warunkach:<\/strong> dzi\u0119ki przystosowaniu do pracy w mrozach i na du\u017cych wysoko\u015bciach.<\/li>\n<\/ul>\n<h2><strong>Oficjalna dystrybucja BAC Polska: gwarancja i wsparcie serwisowe<\/strong><\/h2>\n<p>Wybieraj\u0105c maszyny z oferty BAC Polska, zyskujesz pewno\u015b\u0107 zakupu ze sprawdzonego i autoryzowanego \u017ar\u00f3d\u0142a. Jeste\u015bmy oficjalnym dystrybutorem marki Zoomlion, co oznacza, \u017ce oferujemy pe\u0142n\u0105 gwarancj\u0119 producenta na podno\u015bnik ZT32J-V. Zapewniamy profesjonalne wsparcie serwisowe \u2013 zar\u00f3wno gwarancyjne, jak i pogwarancyjne. Nasi mobilni mechanicy oraz rozbudowany magazyn cz\u0119\u015bci zamiennych gwarantuj\u0105 ci\u0105g\u0142o\u015b\u0107 pracy Twojej maszyny na ka\u017cdym placu budowy.<\/p>\n<p>Zoomlion ZT32J-V posiada:<br \/>\n\ud83d\udee1\ufe0f 5 lat gwarancji na konstrukcj\u0119<br \/>\n\ud83d\udee1\ufe0f 2 lata gwarancji na cz\u0119\u015bci<br \/>\n\ud83d\udee1\ufe0f 1 rok serwisu<\/p>\n<h2><strong>Zoomlion ZT32J-V w ofercie BAC Polska: najlepsza cena i atrakcyjne finansowanie<\/strong><\/h2>\n<p>Inwestycja w nowoczesny park maszynowy nie musi obci\u0105\u017ca\u0107 bud\u017cetu Twojej firmy. W BAC Polska gwarantujemy jedne z najbardziej konkurencyjnych cen na rynku podno\u015bnik\u00f3w teleskopowych. Dodatkowo oferujemy elastyczne i atrakcyjne formy finansowania, w tym dogodny leasing dopasowany do indywidualnych potrzeb Twojego biznesu. Skontaktuj si\u0119 z naszym dzia\u0142em handlowym, aby otrzyma\u0107 spersonalizowan\u0105 kalkulacj\u0119.<\/p>\n<p><!-- notionvc: 7598d33b-a31e-48b7-91f5-634c1fcdb95f --><\/p>","protected":false},"featured_media":458113,"template":"","meta":[],"product_brand":[],"product_cat":[861,863,892],"product_tag":[],"class_list":{"0":"post-458102","1":"product","2":"type-product","3":"status-publish","4":"has-post-thumbnail","6":"product_cat-sprzedaz","7":"product_cat-nowe","8":"product_cat-podnosniki-teleskopowe-spalinowe","9":"pa_kategoria-teleskopowe","10":"pa_max-udzwig-kg-300-454","11":"pa_naped-4x4","12":"pa_praca-na-zewnatrz-i-w-srodku","13":"pa_rodzaj-spalinowy","14":"pa_waga-kg-1724","15":"pa_wys-robocza-m-34-3","16":"pa_zasieg-boczny-m-19-2","17":"infinite-scroll-item","18":"","19":"woocommerce-text-align-center","20":"woocommerce-image-align-center","21":"do-quantity-buttons","23":"first","24":"instock","25":"shipping-taxable","26":"product-type-simple"},"_links":{"self":[{"href":"https:\/\/www.bacpolska.pl\/cs\/wp-json\/wp\/v2\/product\/458102","targetHints":{"allow":["GET"]}}],"collection":[{"href":"https:\/\/www.bacpolska.pl\/cs\/wp-json\/wp\/v2\/product"}],"about":[{"href":"https:\/\/www.bacpolska.pl\/cs\/wp-json\/wp\/v2\/types\/product"}],"wp:featuredmedia":[{"embeddable":true,"href":"https:\/\/www.bacpolska.pl\/cs\/wp-json\/wp\/v2\/media\/458113"}],"wp:attachment":[{"href":"https:\/\/www.bacpolska.pl\/cs\/wp-json\/wp\/v2\/media?parent=458102"}],"wp:term":[{"taxonomy":"product_brand","embeddable":true,"href":"https:\/\/www.bacpolska.pl\/cs\/wp-json\/wp\/v2\/product_brand?post=458102"},{"taxonomy":"product_cat","embeddable":true,"href":"https:\/\/www.bacpolska.pl\/cs\/wp-json\/wp\/v2\/product_cat?post=458102"},{"taxonomy":"product_tag","embeddable":true,"href":"https:\/\/www.bacpolska.pl\/cs\/wp-json\/wp\/v2\/product_tag?post=458102"}],"curies":[{"name":"wp","href":"https:\/\/api.w.org\/{rel}","templated":true}]}}