{"id":389720,"date":"2022-01-10T12:55:09","date_gmt":"2022-01-10T11:55:09","guid":{"rendered":"https:\/\/www.bacpolska.pl\/kontakt\/"},"modified":"2025-09-24T12:03:10","modified_gmt":"2025-09-24T10:03:10","slug":"kontakt","status":"publish","type":"page","link":"https:\/\/www.bacpolska.pl\/de\/kontakt\/","title":{"rendered":"Kontakt"},"content":{"rendered":"<!DOCTYPE html>\n<html lang=\"pl\">\n<head>\n    <meta charset=\"UTF-8\">\n    <meta name=\"viewport\" content=\"width=device-width, initial-scale=1.0\">\n    <title>Ansprechpartner - BAC Polska<\/title>\n    <style>\n        body {\n            font-family: Arial, sans-serif;\n            margin: 0;\n            padding: 0;\n            background-color: #f4f4f4;\n            color: #333;\n        }\n        header {\n            background-color: #FEF300;\n            color: #000;\n            padding: 20px;\n            text-align: center;\n        }\n        .container {\n            max-width: 1000px;\n            margin: 0 auto;\n            padding: 20px;\n        }\n        .intro {\n            margin-bottom: 40px;\n            background: #fff;\n            border: 1px solid #ddd;\n            border-radius: 5px;\n            padding: 20px;\n            box-shadow: 0 2px 5px rgba(0, 0, 0, 0.1);\n        }\n        .map {\n            margin-bottom: 40px;\n            position: relative;\n            text-align: center;\n        }\n        .map img {\n            width: 100%;\n            height: auto;\n            border: 1px solid #ddd;\n            border-radius: 5px;\n            box-shadow: 0 2px 5px rgba(0, 0, 0, 0.1);\n        }\n        .map area {\n            cursor: pointer;\n        }\n        .contact-info {\n            display: grid;\n            grid-template-columns: 1fr 1fr;\n            gap: 20px;\n        }\n        .contact-column {\n            background: #fff;\n            border: 1px solid #ddd;\n            border-radius: 5px;\n            padding: 20px;\n            box-shadow: 0 2px 5px rgba(0, 0, 0, 0.1);\n            transition: box-shadow 0.3s ease, background-color 0.3s ease;\n            cursor: pointer;\n        }\n        .contact-column:hover {\n            box-shadow: 0 4px 10px rgba(0, 0, 0, 0.2);\n            background-color: #f0f8e2;\n        }\n        .contact-column h3 {\n            margin-top: 0;\n            color: #A4CE4E;\n            transition: color 0.3s ease;\n        }\n        .contact-column:hover h3 {\n            color: #000;\n        }\n        .contact-column p {\n            margin: 5px 0;\n        }\n        .contact-column a {\n            color: #A4CE4E;\n            text-decoration: none;\n            transition: color 0.3s ease, font-weight 0.3s ease;\n        }\n        .contact-column a:hover {\n            color: #000;\n            font-weight: bold;\n            text-decoration: underline;\n        }\n        @media (max-width: 768px) {\n            .contact-info {\n                grid-template-columns: 1fr;\n            }\n            \n            .map img {\n                max-width: 100vw;\n                margin-left: -20px;\n                margin-right: -20px;\n            }\n        }\n    <\/style>\n<\/head>\n<body>\n\n    <div class=\"container\">\n        <!-- Wprowadzenie -->\n        <div class=\"intro\">\n            <p><strong>BAC Polska<\/strong> Es ist <strong>f\u00fchrender Anbieter von mobilen Plattformen<\/strong> in Polen und bietet <strong>Vermietung<\/strong> und <strong>Verkauf<\/strong> neue und gebrauchte Aufz\u00fcge. Als <strong>autorisierter Zoomlion-H\u00e4ndler<\/strong>, wir bieten <strong>moderne und zuverl\u00e4ssige L\u00f6sungen<\/strong> f\u00fcr Ihr Unternehmen. Unser Angebot umfasst <strong>Scherenhebeb\u00fchnen<\/strong> und <strong>ausziehbar<\/strong> mit einer Arbeitsh\u00f6he von bis zu <strong>58 Meter<\/strong>. Dank an <strong>vier Bereiche<\/strong> im ganzen Land sind wir immer in der N\u00e4he unserer Kunden. Kontaktieren Sie uns telefonisch oder besuchen Sie eine unserer Filialen f\u00fcr weitere Informationen.<\/p>\n        <\/div>\n\n        <!-- Mapa -->\n        <div class=\"map\">\n            <img decoding=\"async\" data-src=\"https:\/\/www.bacpolska.pl\/wp-content\/uploads\/2022\/07\/BAC-Polska-oddzialy-mapa-768x644.jpg\" alt=\"Karte der Filialen von BAC Poland\" usemap=\"#locationsMap\" title=\"\" src=\"data:image\/svg+xml;base64,PHN2ZyB3aWR0aD0iMSIgaGVpZ2h0PSIxIiB4bWxucz0iaHR0cDovL3d3dy53My5vcmcvMjAwMC9zdmciPjwvc3ZnPg==\" class=\"lazyload\" style=\"--smush-placeholder-width: 768px; --smush-placeholder-aspect-ratio: 768\/644;\">\n           <map name=\"locationsMap\">\n    <!-- Kostrzyn nad Odr\u0105 (potwierdzone) -->\n    <area shape=\"rect\" coords=\"83,341,239,245\" href=\"https:\/\/www.bacpolska.pl\/kontakt\/kostrzyn-nad-odra\/\" alt=\"Kostrzyn nad Odr\u0105\" title=\"Kostrzyn nad Odr\u0105\">\n\n    <!-- Piotrk\u00f3w Trybunalski (poprawione y1\/y2) -->\n    <area shape=\"rect\" coords=\"407,384,564,430\" href=\"https:\/\/www.bacpolska.pl\/kontakt\/piotrkow-trybunalski\/\" alt=\"Piotrk\u00f3w Trybunalski\" title=\"Piotrk\u00f3w Trybunalski\">\n\n    <!-- Wroc\u0142aw (poprawione y1\/y2) -->\n    <area shape=\"rect\" coords=\"190,500,320,450\" href=\"https:\/\/www.bacpolska.pl\/kontakt\/wroclaw\/\" alt=\"Wroc\u0142aw\" title=\"Wroc\u0142aw\">\n\n    <!-- D\u0105browa G\u00f3rnicza (poprawione y1\/y2) -->\n    <area shape=\"rect\" coords=\"600,500,390,600\" href=\"https:\/\/www.bacpolska.pl\/kontakt\/dabrowa-gornicza\/\" alt=\"D\u0105browa G\u00f3rnicza\" title=\"D\u0105browa G\u00f3rnicza\">\n\n    <area shape=\"rect\" coords=\"300,600,30,1200\" href=\"https:\/\/www.bacpolska.pl\/kategoria-produktu\/sprzedaz\/nowe\/\" alt=\"Zoomlion BAC Oficjalny Dealer\" title=\"Zoomlion BAC Offizieller H\u00e4ndler\">\n<\/map>\n<\/div>\n\n        <!-- Informacje kontaktowe -->\n        <div class=\"contact-info\">\n            <div class=\"contact-column\" onclick=\"window.location.href='https:\/\/www.bacpolska.pl\/kontakt\/kostrzyn-nad-odra\/';\">\n                <h3>Kostrzyn nad Odr\u0105 - Hauptamt<\/h3>\n                <p>66-470 Kostrzyn n\/O<br>Gorzowska-Stra\u00dfe 112<\/p>\n                <p>Woiwodschaft: Lubuskie<\/p>\n                <p>Telefon: <a href=\"tel:+48957529277\">+48 957 529 277<\/a><\/p>\n                <p>Telefon: <a href=\"tel:+48502733844\">+48 502 733 844<\/a><\/p>\n            <\/div>\n            <div class=\"contact-column\" onclick=\"window.location.href='https:\/\/www.bacpolska.pl\/kontakt\/dabrowa-gornicza\/';\">\n                <h3>D\u0105browa G\u00f3rnicza<\/h3>\n                <p>41-303 D\u0105browa G\u00f3rnicza<br>256 Kasprzaka-Stra\u00dfe<\/p>\n                <p>Woiwodschaft: Schlesien<\/p>\n                <p>Telefon: <a href=\"tel:+48957529277\">+48 957 529 277<\/a><\/p>\n                <p>Telefon: <a href=\"tel:+48502733844\">+48 502 733 844<\/a><\/p>\n            <\/div>\n            <div class=\"contact-column\" onclick=\"window.location.href='https:\/\/www.bacpolska.pl\/kontakt\/piotrkow-trybunalski\/';\">\n                <h3>Piotrk\u00f3w Trybunalski<\/h3>\n                <p>97-320 Piotrk\u00f3w Trybunalski<br>Stra\u00dfe Turistyczna 8<\/p>\n                <p>Woiwodschaft: Lodz<\/p>\n                <p>Telefon: <a href=\"tel:+48957529277\">+48 957 529 277<\/a><\/p>\n                <p>Telefon: <a href=\"tel:+48502733844\">+48 502 733 844<\/a><\/p>\n            <\/div>\n            <div class=\"contact-column\" onclick=\"window.location.href='https:\/\/www.bacpolska.pl\/kontakt\/wroclaw\/';\">\n                <h3>Wroc\u0142aw<\/h3>\n                <p>55-080 Nowa Wie\u015b Wroc\u0142awska<br>Stra\u00dfe Pogodna 1<\/p>\n                <p>Woiwodschaft: Niederschlesien<\/p>\n                <p>Telefon: <a href=\"tel:+48957529277\">+48 957 529 277<\/a><\/p>\n                <p>Telefon: <a href=\"tel:+48502733844\">+48 502 733 844<\/a><\/p>\n            <\/div>\n        <\/div>\n    <\/div>\n<\/body>\n<\/html>\n\n\n\n<p><\/p>","protected":false},"excerpt":{"rendered":"","protected":false},"author":1,"featured_media":0,"parent":0,"menu_order":0,"comment_status":"open","ping_status":"open","template":"","meta":{"footnotes":""},"class_list":{"0":"post-389720","1":"page","2":"type-page","3":"status-publish","5":"infinite-scroll-item"},"_links":{"self":[{"href":"https:\/\/www.bacpolska.pl\/de\/wp-json\/wp\/v2\/pages\/389720","targetHints":{"allow":["GET"]}}],"collection":[{"href":"https:\/\/www.bacpolska.pl\/de\/wp-json\/wp\/v2\/pages"}],"about":[{"href":"https:\/\/www.bacpolska.pl\/de\/wp-json\/wp\/v2\/types\/page"}],"author":[{"embeddable":true,"href":"https:\/\/www.bacpolska.pl\/de\/wp-json\/wp\/v2\/users\/1"}],"replies":[{"embeddable":true,"href":"https:\/\/www.bacpolska.pl\/de\/wp-json\/wp\/v2\/comments?post=389720"}],"version-history":[{"count":5,"href":"https:\/\/www.bacpolska.pl\/de\/wp-json\/wp\/v2\/pages\/389720\/revisions"}],"predecessor-version":[{"id":456642,"href":"https:\/\/www.bacpolska.pl\/de\/wp-json\/wp\/v2\/pages\/389720\/revisions\/456642"}],"wp:attachment":[{"href":"https:\/\/www.bacpolska.pl\/de\/wp-json\/wp\/v2\/media?parent=389720"}],"curies":[{"name":"wp","href":"https:\/\/api.w.org\/{rel}","templated":true}]}}