{"id":403357,"date":"2022-05-19T14:01:28","date_gmt":"2022-05-19T12:01:28","guid":{"rendered":"https:\/\/www.bacpolska.pl\/?page_id=403357"},"modified":"2024-01-25T15:01:33","modified_gmt":"2024-01-25T14:01:33","slug":"fachmesse","status":"publish","type":"page","link":"https:\/\/www.bacpolska.pl\/de\/targi\/","title":{"rendered":"Die Messe"},"content":{"rendered":"<div class=\"gb-container gb-container-f8700c34\"><div class=\"gb-inside-container\">\n<div class=\"gb-grid-wrapper gb-grid-wrapper-60033c52\">\n<div class=\"gb-grid-column gb-grid-column-378cd460\"><div class=\"gb-container gb-container-378cd460\"><div class=\"gb-inside-container\">\n<div class=\"gb-container gb-container-daa73cc1\"><div class=\"gb-inside-container\"><\/div><\/div>\n<\/div><\/div><\/div>\n\n<div class=\"gb-grid-column gb-grid-column-511c2328\"><div class=\"gb-container gb-container-511c2328 ramka\"><div class=\"gb-inside-container\">\n\n<h6 class=\"gb-headline gb-headline-620e4e0b\"><span class=\"gb-icon\"><svg xmlns=\"http:\/\/www.w3.org\/2000\/svg\" viewbox=\"0 0 384 512\" width=\"1em\" height=\"1em\" aria-hidden=\"true\"><path d=\"M172.268 501.67C26.97 291.031 0 269.413 0 192 0 85.961 85.961 0 192 0s192 85.961 192 192c0 77.413-26.97 99.031-172.268 309.67-9.535 13.774-29.93 13.773-39.464 0zM192 272c44.183 0 80-35.817 80-80s-35.817-80-80-80-80 35.817-80 80 35.817 80 80 80z\" fill=\"currentColor\"><\/path><\/svg><\/span><span class=\"gb-headline-text\"><span class=\"gb-icon\"><\/span><span class=\"gb-headline-text\">LUBIE\u0143 KUJAWSKI<\/span><\/span><\/h6>\n\n\n\n<h2 class=\"gb-headline gb-headline-e95b3044 gb-headline-text\"><strong><strong>eWerkstatt 2022<\/strong><\/strong><\/h2>\n\n\n\n<h5 class=\"gb-headline gb-headline-0bbd2680 gb-headline-text\">{<strong><strong>03.06.2022 - 04.06.2022<\/strong><\/strong>}<\/h5>\n\n\n\n<p class=\"gb-headline gb-headline-7f734340 gb-headline-text\">Wir freuen uns, dass wir auch in diesem Jahr wieder unsere mobilen Plattformen auf der Messe pr\u00e4sentieren konnten. Der Stand trug - wie schon beim letzten Mal - den Namen BAC Polska Zoomlion. Wie Sie sich denken k\u00f6nnen, haben wir wieder f\u00fcr die gr\u00fcnen Maschinen eines globalen Herstellers geworben.<\/p>\n\n\n<div class=\"gb-button-wrapper gb-button-wrapper-1f6ff26d\">\n\n<a class=\"gb-button gb-button-00c4eac4 gb-button-text\" href=\"https:\/\/www.bacpolska.pl\/targi\/targi-erobocze-2022\/\">Mehr lesen<\/a>\n\n<\/div>\n<\/div><\/div><\/div>\n<\/div>\n<\/div><\/div>\n\n<div class=\"gb-container gb-container-9c0ade81\"><div class=\"gb-inside-container\">\n<div class=\"gb-grid-wrapper gb-grid-wrapper-33864732\">\n<div class=\"gb-grid-column gb-grid-column-1b10f890\"><div class=\"gb-container gb-container-1b10f890\"><div class=\"gb-inside-container\">\n\n<h6 class=\"gb-headline gb-headline-ed900dbb\"><span class=\"gb-icon\"><svg aria-hidden=\"true\" height=\"1em\" width=\"1em\" viewbox=\"0 0 384 512\" xmlns=\"http:\/\/www.w3.org\/2000\/svg\"><path fill=\"currentColor\" d=\"M172.268 501.67C26.97 291.031 0 269.413 0 192 0 85.961 85.961 0 192 0s192 85.961 192 192c0 77.413-26.97 99.031-172.268 309.67-9.535 13.774-29.93 13.773-39.464 0zM192 272c44.183 0 80-35.817 80-80s-35.817-80-80-80-80 35.817-80 80 35.817 80 80 80z\"><\/path><\/svg><\/span><span class=\"gb-headline-text\"><span class=\"gb-icon\"><\/span><span class=\"gb-headline-text\">POZNA\u0143<\/span><\/span><\/h6>\n\n\n\n<h2 class=\"gb-headline gb-headline-0f56f5da gb-headline-text\"><strong>Installationen Fachmesse 2022<\/strong><\/h2>\n\n\n\n<h5 class=\"gb-headline gb-headline-c9662172 gb-headline-text\"><strong>(25.04.2022 - 27.04.2022)<\/strong><\/h5>\n\n\n\n<h4 class=\"gb-headline gb-headline-0872b1ae gb-headline-text\">BAC Polska Zoomlion-Stand<\/h4>\n\n\n\n<p class=\"gb-headline gb-headline-8bb5cbef gb-headline-text\">Zu den mobilen Plattformen, die unter <strong>Installationen Fachmesse 2022<\/strong>An elektrisch betriebenen St\u00e4ndern herrschte kein Mangel. Einige der angebotenen Modelle wurden mit einer innovativen Lithium-Batterie betrieben. Diese L\u00f6sung erfreut sich in Polen immer gr\u00f6\u00dferer Beliebtheit.<\/p>\n\n\n<div class=\"gb-button-wrapper gb-button-wrapper-57e3a9e8\">\n\n<a class=\"gb-button gb-button-287cdeb3 gb-button-text\" href=\"https:\/\/www.bacpolska.pl\/targi\/targi-instalacje-2022\/\">Mehr lesen<\/a>\n\n<\/div>\n<\/div><\/div><\/div>\n\n<div class=\"gb-grid-column gb-grid-column-bd226bff\"><div class=\"gb-container gb-container-bd226bff ramka\"><div class=\"gb-inside-container\">\n<div class=\"gb-container gb-container-1b67d088\"><div class=\"gb-inside-container\"><\/div><\/div>\n<\/div><\/div><\/div>\n<\/div>\n<\/div><\/div>\n\n<div class=\"gb-container gb-container-04e2c389\"><div class=\"gb-inside-container\">\n<div class=\"gb-grid-wrapper gb-grid-wrapper-f723f14d\">\n<div class=\"gb-grid-column gb-grid-column-7d3a78a4\"><div class=\"gb-container gb-container-7d3a78a4\"><div class=\"gb-inside-container\">\n<div class=\"gb-container gb-container-a72fcd6e\"><div class=\"gb-inside-container\"><\/div><\/div>\n<\/div><\/div><\/div>\n\n<div class=\"gb-grid-column gb-grid-column-a47aec2f\"><div class=\"gb-container gb-container-a47aec2f ramka\"><div class=\"gb-inside-container\">\n\n<h6 class=\"gb-headline gb-headline-8bc12b53\"><span class=\"gb-icon\"><svg aria-hidden=\"true\" height=\"1em\" width=\"1em\" viewbox=\"0 0 384 512\" xmlns=\"http:\/\/www.w3.org\/2000\/svg\"><path fill=\"currentColor\" d=\"M172.268 501.67C26.97 291.031 0 269.413 0 192 0 85.961 85.961 0 192 0s192 85.961 192 192c0 77.413-26.97 99.031-172.268 309.67-9.535 13.774-29.93 13.773-39.464 0zM192 272c44.183 0 80-35.817 80-80s-35.817-80-80-80-80 35.817-80 80 35.817 80 80 80z\"><\/path><\/svg><\/span><span class=\"gb-headline-text\"><span class=\"gb-icon\"><\/span><span class=\"gb-headline-text\">Warschau<\/span><\/span><\/h6>\n\n\n\n<h2 class=\"gb-headline gb-headline-6b52a311 gb-headline-text\"><strong><strong>Industriewoche 2021&nbsp;<\/strong><\/strong><\/h2>\n\n\n\n<h5 class=\"gb-headline gb-headline-8026c07b gb-headline-text\"><strong><strong>(08.11.2021 - 10.11.2021)<\/strong><\/strong><\/h5>\n\n\n\n<h4 class=\"gb-headline gb-headline-de0a76b1 gb-headline-text\">BAC Polska Zoomlion-Stand<\/h4>\n\n\n\n<p class=\"gb-headline gb-headline-2e30a0da gb-headline-text\">Auf der Messe <strong>Industriewoche<\/strong> <strong>2021<\/strong> haben wir erneut die mobilen Plattformen von Zoomlion vorgestellt. In der Halle&nbsp;<strong>Warschau Ptak Expo<\/strong>&nbsp;An Teleskopstaplern und Scherenb\u00fchnen mangelte es nicht. Wir freuen uns, dass die Veranstaltung auf so gro\u00dfes Interesse gesto\u00dfen ist.&nbsp;<\/p>\n\n\n<div class=\"gb-button-wrapper gb-button-wrapper-55d397f1\">\n\n<a class=\"gb-button gb-button-4f40650a gb-button-text\" href=\"https:\/\/www.bacpolska.pl\/targi\/targi-industry-week-2021\/\">Mehr lesen<\/a>\n\n<\/div>\n<\/div><\/div><\/div>\n<\/div>\n<\/div><\/div>\n\n<div class=\"gb-container gb-container-60dd2031\"><div class=\"gb-inside-container\">\n<div class=\"gb-grid-wrapper gb-grid-wrapper-e37351f6\">\n<div class=\"gb-grid-column gb-grid-column-391b8ade\"><div class=\"gb-container gb-container-391b8ade\"><div class=\"gb-inside-container\">\n\n<h6 class=\"gb-headline gb-headline-b0e791da\"><span class=\"gb-icon\"><svg aria-hidden=\"true\" height=\"1em\" width=\"1em\" viewbox=\"0 0 384 512\" xmlns=\"http:\/\/www.w3.org\/2000\/svg\"><path fill=\"currentColor\" d=\"M172.268 501.67C26.97 291.031 0 269.413 0 192 0 85.961 85.961 0 192 0s192 85.961 192 192c0 77.413-26.97 99.031-172.268 309.67-9.535 13.774-29.93 13.773-39.464 0zM192 272c44.183 0 80-35.817 80-80s-35.817-80-80-80-80 35.817-80 80 35.817 80 80 80z\"><\/path><\/svg><\/span><span class=\"gb-headline-text\"><span class=\"gb-icon\"><\/span><span class=\"gb-headline-text\">Warschau<\/span><\/span><\/h6>\n\n\n\n<h2 class=\"gb-headline gb-headline-df101e3c gb-headline-text\"><strong><strong>Ausstellung f\u00fcr Baumaschinen 2021<\/strong><\/strong><\/h2>\n\n\n\n<h5 class=\"gb-headline gb-headline-5d46d121 gb-headline-text\"><strong><strong>(30.09.2021 - 02.10.2021)<\/strong><\/strong><\/h5>\n\n\n\n<h4 class=\"gb-headline gb-headline-163dc01f gb-headline-text\">BAC Polska Zoomlion-Stand<\/h4>\n\n\n\n<p class=\"gb-headline gb-headline-23fb408a gb-headline-text\">Auf unserer ersten Messe pr\u00e4sentierten wir mobile Arbeitsb\u00fchnen des globalen Baumaschinenherstellers Zoomlion. Unter&nbsp;<strong>Ausstellung f\u00fcr Baumaschinen<\/strong> <strong>2021<\/strong>&nbsp;konnten die Besucher die neuesten Modelle von Scheren-, Teleskop- und Gelenkb\u00fchnen bewundern. Unsere Teilnahme an der Messe war ein gro\u00dfer Erfolg.<\/p>\n\n\n<div class=\"gb-button-wrapper gb-button-wrapper-1da586f1\">\n\n<a class=\"gb-button gb-button-82b20736 gb-button-text\" href=\"https:\/\/www.bacpolska.pl\/targi\/targi-construction-machinery-exhibition-2021\/\">Mehr lesen<\/a>\n\n<\/div>\n<\/div><\/div><\/div>\n\n<div class=\"gb-grid-column gb-grid-column-d29f4461\"><div class=\"gb-container gb-container-d29f4461 ramka\"><div class=\"gb-inside-container\">\n<div class=\"gb-container gb-container-a64033e4\"><div class=\"gb-inside-container\"><\/div><\/div>\n<\/div><\/div><\/div>\n<\/div>\n<\/div><\/div>","protected":false},"excerpt":{"rendered":"","protected":false},"author":1,"featured_media":0,"parent":0,"menu_order":0,"comment_status":"closed","ping_status":"closed","template":"","meta":{"footnotes":""},"class_list":{"0":"post-403357","1":"page","2":"type-page","3":"status-publish","5":"infinite-scroll-item"},"_links":{"self":[{"href":"https:\/\/www.bacpolska.pl\/de\/wp-json\/wp\/v2\/pages\/403357","targetHints":{"allow":["GET"]}}],"collection":[{"href":"https:\/\/www.bacpolska.pl\/de\/wp-json\/wp\/v2\/pages"}],"about":[{"href":"https:\/\/www.bacpolska.pl\/de\/wp-json\/wp\/v2\/types\/page"}],"author":[{"embeddable":true,"href":"https:\/\/www.bacpolska.pl\/de\/wp-json\/wp\/v2\/users\/1"}],"replies":[{"embeddable":true,"href":"https:\/\/www.bacpolska.pl\/de\/wp-json\/wp\/v2\/comments?post=403357"}],"version-history":[{"count":0,"href":"https:\/\/www.bacpolska.pl\/de\/wp-json\/wp\/v2\/pages\/403357\/revisions"}],"wp:attachment":[{"href":"https:\/\/www.bacpolska.pl\/de\/wp-json\/wp\/v2\/media?parent=403357"}],"curies":[{"name":"wp","href":"https:\/\/api.w.org\/{rel}","templated":true}]}}