{"id":403474,"date":"2022-05-20T14:30:21","date_gmt":"2022-05-20T12:30:21","guid":{"rendered":"https:\/\/www.bacpolska.pl\/?page_id=403474"},"modified":"2024-01-25T15:08:15","modified_gmt":"2024-01-25T14:08:15","slug":"messe-installation-2022","status":"publish","type":"page","link":"https:\/\/www.bacpolska.pl\/de\/targi\/targi-instalacje-2022\/","title":{"rendered":"Installationen Fachmesse 2022"},"content":{"rendered":"<div class=\"gb-container gb-container-69c0a977\"><div class=\"gb-inside-container\">\n<div class=\"gb-grid-wrapper gb-grid-wrapper-1231d8a3\">\n<div class=\"gb-grid-column gb-grid-column-9f80a59d\"><div class=\"gb-container gb-container-9f80a59d\"><div class=\"gb-inside-container\">\n\n<h2 class=\"gb-headline gb-headline-b71e3958 gb-headline-text\">25.04.2022 - 27.04.2022<\/h2>\n\n\n<div class=\"gb-grid-wrapper gb-grid-wrapper-23fb9c89\">\n<div class=\"gb-grid-column gb-grid-column-b413573a\"><div class=\"gb-container gb-container-b413573a\"><div class=\"gb-inside-container\"><\/div><\/div><\/div>\n<\/div>\n\n\n<p class=\"gb-headline gb-headline-58184751 gb-headline-text\">BAC Polska war vom 25.04.2022 - 27.04.2022 ein Aussteller auf der <strong>Installationen Messe 2022.<\/strong> Organisiert wurde die Veranstaltung von der Internationalen Messe Pozna\u0144, die auch in diesem Jahr wieder eine Veranstaltung organisierte, an der Unternehmen aus dem Installations- und Industriesektor teilnahmen.<\/p>\n\n<\/div><\/div><\/div>\n<\/div>\n<\/div><\/div>\n\n<div class=\"gb-container gb-container-5c27e0e7\"><div class=\"gb-inside-container\">\n<div class=\"gb-grid-wrapper gb-grid-wrapper-7d07b03b\">\n<div class=\"gb-grid-column gb-grid-column-40797388\"><div class=\"gb-container gb-container-40797388\"><div class=\"gb-inside-container\">\n<div class=\"gb-container gb-container-1d412c02\"><div class=\"gb-inside-container\">\n\n<iframe width=\"853\" height=\"480\" data-src=\"https:\/\/my.matterport.com\/show\/?m=gRE4d7hRPcD\" frameborder=\"0\" allowfullscreen=\"\" allow=\"xr-spatial-tracking\" src=\"data:image\/svg+xml;base64,PHN2ZyB3aWR0aD0iMSIgaGVpZ2h0PSIxIiB4bWxucz0iaHR0cDovL3d3dy53My5vcmcvMjAwMC9zdmciPjwvc3ZnPg==\" class=\"lazyload\" data-load-mode=\"1\"><\/iframe>\n\n<\/div><\/div>\n<\/div><\/div><\/div>\n\n<div class=\"gb-grid-column gb-grid-column-cd951116\"><div class=\"gb-container gb-container-cd951116\"><div class=\"gb-inside-container\">\n\n<h6 class=\"gb-headline gb-headline-ed900dbb\"><span class=\"gb-icon\"><svg aria-hidden=\"true\" role=\"img\" height=\"1em\" width=\"1em\" viewbox=\"0 0 384 512\" xmlns=\"http:\/\/www.w3.org\/2000\/svg\"><path fill=\"currentColor\" d=\"M172.268 501.67C26.97 291.031 0 269.413 0 192 0 85.961 85.961 0 192 0s192 85.961 192 192c0 77.413-26.97 99.031-172.268 309.67-9.535 13.774-29.93 13.773-39.464 0zM192 272c44.183 0 80-35.817 80-80s-35.817-80-80-80-80 35.817-80 80 35.817 80 80 80z\"><\/path><\/svg><\/span><span class=\"gb-headline-text\">POZNA\u0143<\/span><\/h6>\n\n\n\n<h2 class=\"gb-headline gb-headline-6ccdb742 gb-headline-text\">Hebevorrichtungen f\u00fcr Anlagen 2022<\/h2>\n\n\n\n<p class=\"gb-headline gb-headline-246cd71c gb-headline-text\">Wir freuen uns sehr, dass wir als BAC Polska die mobilen Arbeitsb\u00fchnen von Zoomlion, einem weltweit t\u00e4tigen Hersteller von Baumaschinen, pr\u00e4sentieren durften. Die Ausstellung umfasste Teleskop- und Scherenb\u00fchnen. Die Besucher hatten die M\u00f6glichkeit, die mobilen Arbeitsb\u00fchnen mit eigenen Augen zu sehen. Erfahren Sie, wie sie funktionieren. Finden Sie heraus, wo sie am besten eingesetzt werden k\u00f6nnen. Die meisten der auf der Messe ausgestellten Arbeitsb\u00fchnen wurden mit einer innovativen Lithium-Ionen-Batterie betrieben. Es gab auch eine Raupenarbeitsb\u00fchne. Insgesamt waren acht Hebeb\u00fchnen auf unserer Ausstellung zu sehen.<\/p>\n\n\n\n<p>Fahrtreppen pr\u00e4sentiert auf der Installations 2022:<\/p>\n\n\n<div class=\"gb-grid-wrapper gb-grid-wrapper-e848adc2\">\n<div class=\"gb-grid-column gb-grid-column-1affe92f\"><div class=\"gb-container gb-container-1affe92f\"><div class=\"gb-inside-container\">\n\n<p class=\"gb-headline gb-headline-206e7ed7\"><span class=\"gb-icon\"><svg aria-hidden=\"true\" role=\"img\" height=\"1em\" width=\"1em\" viewbox=\"0 0 512 512\" xmlns=\"http:\/\/www.w3.org\/2000\/svg\"><path fill=\"currentColor\" d=\"M256 8C119.033 8 8 119.033 8 256s111.033 248 248 248 248-111.033 248-248S392.967 8 256 8zm80 248c0 44.112-35.888 80-80 80s-80-35.888-80-80 35.888-80 80-80 80 35.888 80 80z\"><\/path><\/svg><\/span><span class=\"gb-headline-text\">Zoomlion ZS0610Raupenfahrzeug<\/span><\/p>\n\n\n\n<p class=\"gb-headline gb-headline-947bee19\"><span class=\"gb-icon\"><svg aria-hidden=\"true\" role=\"img\" height=\"1em\" width=\"1em\" viewbox=\"0 0 512 512\" xmlns=\"http:\/\/www.w3.org\/2000\/svg\"><path fill=\"currentColor\" d=\"M256 8C119.033 8 8 119.033 8 256s111.033 248 248 248 248-111.033 248-248S392.967 8 256 8zm80 248c0 44.112-35.888 80-80 80s-80-35.888-80-80 35.888-80 80-80 80 35.888 80 80z\"><\/path><\/svg><\/span><span class=\"gb-headline-text\">Zoomlion ZS0407DC<\/span><\/p>\n\n\n\n<p class=\"gb-headline gb-headline-bf67a6d3\"><span class=\"gb-icon\"><svg aria-hidden=\"true\" role=\"img\" height=\"1em\" width=\"1em\" viewbox=\"0 0 512 512\" xmlns=\"http:\/\/www.w3.org\/2000\/svg\"><path fill=\"currentColor\" d=\"M256 8C119.033 8 8 119.033 8 256s111.033 248 248 248 248-111.033 248-248S392.967 8 256 8zm80 248c0 44.112-35.888 80-80 80s-80-35.888-80-80 35.888-80 80-80 80 35.888 80 80z\"><\/path><\/svg><\/span><span class=\"gb-headline-text\">Zoomlion ZS0407DC-Li<\/span><\/p>\n\n\n\n<p class=\"gb-headline gb-headline-451e8359\"><span class=\"gb-icon\"><svg aria-hidden=\"true\" role=\"img\" height=\"1em\" width=\"1em\" viewbox=\"0 0 512 512\" xmlns=\"http:\/\/www.w3.org\/2000\/svg\"><path fill=\"currentColor\" d=\"M256 8C119.033 8 8 119.033 8 256s111.033 248 248 248 248-111.033 248-248S392.967 8 256 8zm80 248c0 44.112-35.888 80-80 80s-80-35.888-80-80 35.888-80 80-80 80 35.888 80 80z\"><\/path><\/svg><\/span><span class=\"gb-headline-text\">Zoomlion ZS1012DC-Li<\/span><\/p>\n\n<\/div><\/div><\/div>\n\n<div class=\"gb-grid-column gb-grid-column-8487ff28\"><div class=\"gb-container gb-container-8487ff28\"><div class=\"gb-inside-container\">\n\n<p class=\"gb-headline gb-headline-293a4d1b\"><span class=\"gb-icon\"><svg aria-hidden=\"true\" role=\"img\" height=\"1em\" width=\"1em\" viewbox=\"0 0 512 512\" xmlns=\"http:\/\/www.w3.org\/2000\/svg\"><path fill=\"currentColor\" d=\"M256 8C119.033 8 8 119.033 8 256s111.033 248 248 248 248-111.033 248-248S392.967 8 256 8zm80 248c0 44.112-35.888 80-80 80s-80-35.888-80-80 35.888-80 80-80 80 35.888 80 80z\"><\/path><\/svg><\/span><span class=\"gb-headline-text\">Zoomlion ZS0608DC<\/span><\/p>\n\n\n\n<p class=\"gb-headline gb-headline-4fbbd25f\"><span class=\"gb-icon\"><svg aria-hidden=\"true\" role=\"img\" height=\"1em\" width=\"1em\" viewbox=\"0 0 512 512\" xmlns=\"http:\/\/www.w3.org\/2000\/svg\"><path fill=\"currentColor\" d=\"M256 8C119.033 8 8 119.033 8 256s111.033 248 248 248 248-111.033 248-248S392.967 8 256 8zm80 248c0 44.112-35.888 80-80 80s-80-35.888-80-80 35.888-80 80-80 80 35.888 80 80z\"><\/path><\/svg><\/span><span class=\"gb-headline-text\">Zoomlion ZS1414DC-Li<\/span><\/p>\n\n\n\n<p class=\"gb-headline gb-headline-7903e36c\"><span class=\"gb-icon\"><svg aria-hidden=\"true\" role=\"img\" height=\"1em\" width=\"1em\" viewbox=\"0 0 512 512\" xmlns=\"http:\/\/www.w3.org\/2000\/svg\"><path fill=\"currentColor\" d=\"M256 8C119.033 8 8 119.033 8 256s111.033 248 248 248 248-111.033 248-248S392.967 8 256 8zm80 248c0 44.112-35.888 80-80 80s-80-35.888-80-80 35.888-80 80-80 80 35.888 80 80z\"><\/path><\/svg><\/span><span class=\"gb-headline-text\">Zoomlion ZS0607ACW-Li<\/span><\/p>\n\n\n\n<p class=\"gb-headline gb-headline-d1932632\"><span class=\"gb-icon\"><svg aria-hidden=\"true\" role=\"img\" height=\"1em\" width=\"1em\" viewbox=\"0 0 512 512\" xmlns=\"http:\/\/www.w3.org\/2000\/svg\"><path fill=\"currentColor\" d=\"M256 8C119.033 8 8 119.033 8 256s111.033 248 248 248 248-111.033 248-248S392.967 8 256 8zm80 248c0 44.112-35.888 80-80 80s-80-35.888-80-80 35.888-80 80-80 80 35.888 80 80z\"><\/path><\/svg><\/span><span class=\"gb-headline-text\">Zoomlion ZA14JE-Li<\/span><\/p>\n\n<\/div><\/div><\/div>\n<\/div>\n<\/div><\/div><\/div>\n<\/div>\n<\/div><\/div>\n\n<div class=\"gb-container gb-container-62e7f23f\"><div class=\"gb-inside-container\">\n\n<h2 class=\"gb-headline gb-headline-d473eb8f\"><span class=\"gb-icon\"><svg height=\"30\" width=\"30\" xmlns=\"http:\/\/www.w3.org\/2000\/svg\" fill=\"none\" viewbox=\"0 0 15 15\"><path fill=\"currentColor\" d=\"M8 1v11.293l3.146-3.147.708.708L7.5 14.207 3.146 9.854l.708-.708L7 12.293V1h1z\" clip-rule=\"evenodd\" fill-rule=\"evenodd\"><\/path><\/svg><\/span><span class=\"gb-headline-text\">Galerie<\/span><\/h2>\n\n\n<div class=\"gb-grid-wrapper gb-grid-wrapper-29888b2b\">\n<div class=\"gb-grid-column gb-grid-column-bd8f9e6d\"><div class=\"gb-container gb-container-bd8f9e6d\"><a class=\"gb-container-link\" href=\"#\"><\/a><div class=\"gb-inside-container\"><\/div><\/div><\/div>\n\n<div class=\"gb-grid-column gb-grid-column-db59ba45\"><div class=\"gb-container gb-container-db59ba45\"><a class=\"gb-container-link\" href=\"#\"><\/a><div class=\"gb-inside-container\"><\/div><\/div><\/div>\n\n<div class=\"gb-grid-column gb-grid-column-1540fe9b\"><div class=\"gb-container gb-container-1540fe9b\"><a class=\"gb-container-link\" href=\"#\"><\/a><div class=\"gb-inside-container\"><\/div><\/div><\/div>\n\n<div class=\"gb-grid-column gb-grid-column-696dbd7a\"><div class=\"gb-container gb-container-696dbd7a\"><a class=\"gb-container-link\" href=\"#\"><\/a><div class=\"gb-inside-container\"><\/div><\/div><\/div>\n<\/div>\n<\/div><div class=\"gb-shapes\"><div class=\"gb-shape gb-shape-1\"><svg xmlns=\"http:\/\/www.w3.org\/2000\/svg\" viewbox=\"0 0 1200 131\" preserveaspectratio=\"none\"><path d=\"M1200 0L899 110 687 6 410 75 154.8 20 0 70v61h1200z\"\/><\/svg><\/div><div class=\"gb-shape gb-shape-2\"><svg xmlns=\"http:\/\/www.w3.org\/2000\/svg\" viewbox=\"0 0 1200 176\" preserveaspectratio=\"none\"><path d=\"M0 0l400 156 400-88 400 74v34H0z\"\/><\/svg><\/div><\/div><\/div>\n\n<div class=\"gb-container gb-container-d030f99d\"><div class=\"gb-inside-container\">\n<div class=\"gb-grid-wrapper gb-grid-wrapper-07bb9a40\">\n<div class=\"gb-grid-column gb-grid-column-bcc50492\"><div class=\"gb-container gb-container-bcc50492\"><div class=\"gb-inside-container\">\n<div class=\"gb-container gb-container-775efffd\"><div class=\"gb-inside-container\">\n\n<h6 class=\"gb-headline gb-headline-b0e791da\"><span class=\"gb-icon\"><svg aria-hidden=\"true\" role=\"img\" height=\"1em\" width=\"1em\" viewbox=\"0 0 448 512\" xmlns=\"http:\/\/www.w3.org\/2000\/svg\"><path fill=\"currentColor\" d=\"M148 288h-40c-6.6 0-12-5.4-12-12v-40c0-6.6 5.4-12 12-12h40c6.6 0 12 5.4 12 12v40c0 6.6-5.4 12-12 12zm108-12v-40c0-6.6-5.4-12-12-12h-40c-6.6 0-12 5.4-12 12v40c0 6.6 5.4 12 12 12h40c6.6 0 12-5.4 12-12zm96 0v-40c0-6.6-5.4-12-12-12h-40c-6.6 0-12 5.4-12 12v40c0 6.6 5.4 12 12 12h40c6.6 0 12-5.4 12-12zm-96 96v-40c0-6.6-5.4-12-12-12h-40c-6.6 0-12 5.4-12 12v40c0 6.6 5.4 12 12 12h40c6.6 0 12-5.4 12-12zm-96 0v-40c0-6.6-5.4-12-12-12h-40c-6.6 0-12 5.4-12 12v40c0 6.6 5.4 12 12 12h40c6.6 0 12-5.4 12-12zm192 0v-40c0-6.6-5.4-12-12-12h-40c-6.6 0-12 5.4-12 12v40c0 6.6 5.4 12 12 12h40c6.6 0 12-5.4 12-12zm96-260v352c0 26.5-21.5 48-48 48H48c-26.5 0-48-21.5-48-48V112c0-26.5 21.5-48 48-48h48V12c0-6.6 5.4-12 12-12h40c6.6 0 12 5.4 12 12v52h128V12c0-6.6 5.4-12 12-12h40c6.6 0 12 5.4 12 12v52h48c26.5 0 48 21.5 48 48zm-48 346V160H48v298c0 3.3 2.7 6 6 6h340c3.3 0 6-2.7 6-6z\"><\/path><\/svg><\/span><span class=\"gb-headline-text\">Messen und Ausstellungen in Polen!<\/span><\/h6>\n\n\n\n<h2 class=\"gb-headline gb-headline-df101e3c gb-headline-text\"><strong><strong>Mobile Plattformen von Zoomlion erfreuen sich immer gr\u00f6\u00dferer Beliebtheit<\/strong><\/strong><\/h2>\n\n\n\n<p class=\"gb-headline gb-headline-314983ab gb-headline-text\">W\u00e4hrend der drei Messetage brauchten wir uns keine Sorgen um einen Mangel an Arbeit zu machen. Wie \u00fcblich war die Beteiligung an solchen Veranstaltungen hervorragend. Viele der MTP-Besucher entschieden sich f\u00fcr einen Besuch an unserem Stand, der schon von weitem durch die hoch aufragenden mobilen Plattformen auffiel.<\/p>\n\n\n\n<p class=\"gb-headline gb-headline-7fd39922\"><span class=\"gb-icon\"><svg xml:space=\"preserve\" style=\"enable-background:new 0 0 14.707 14.707\" viewbox=\"0 0 14.707 14.707\" xmlns=\"http:\/\/www.w3.org\/2000\/svg\"><path d=\"M6.275 0h2.158v14.707H6.275z\"><\/path><\/svg><\/span><span class=\"gb-headline-text\">Unsere Vertriebsmitarbeiter hatten alle H\u00e4nde voll zu tun. Man konnte die Freude in ihren Gesichtern sehen, dass sie leidenschaftlich \u00fcber die Aufz\u00fcge sprechen konnten, die bei den Besuchern sehr beliebt sind - Hubert, Marcin, danke!<\/span><\/p>\n\n\n\n<p class=\"gb-headline gb-headline-247de141 gb-headline-text\">Wir freuen uns, dass w\u00e4hrend der <strong>Installationen Fachmesse 2022 <\/strong>konnten wir neue Partnerschaften kn\u00fcpfen, unser umfangreiches Netzwerk ausbauen und uns mit Ihnen zusammenschlie\u00dfen.<\/p>\n\n<\/div><\/div>\n<\/div><\/div><\/div>\n\n<div class=\"gb-grid-column gb-grid-column-da455edf\"><div class=\"gb-container gb-container-da455edf\"><div class=\"gb-inside-container\">\n<div class=\"gb-container gb-container-8b962dfd\"><div class=\"gb-inside-container\">\n\n<iframe width=\"560\" height=\"315\" data-src=\"https:\/\/www.youtube.com\/embed\/TtACYLLNcvw\" title=\"YouTube-Video-Player\" frameborder=\"0\" allow=\"accelerometer; autoplay; clipboard-write; encrypted-media; gyroscope; picture-in-picture\" allowfullscreen=\"\" src=\"data:image\/svg+xml;base64,PHN2ZyB3aWR0aD0iMSIgaGVpZ2h0PSIxIiB4bWxucz0iaHR0cDovL3d3dy53My5vcmcvMjAwMC9zdmciPjwvc3ZnPg==\" class=\"lazyload\" data-load-mode=\"1\"><\/iframe>\n\n<\/div><\/div>\n<\/div><\/div><\/div>\n<\/div>\n<\/div><\/div>\n\n<div class=\"gb-button-wrapper gb-button-wrapper-84b400f9\">\n\n<a class=\"gb-button gb-button-f1bd2dfb gb-button-text\" href=\"https:\/\/www.bacpolska.pl\/leasing\/\">Leasing<\/a>\n\n\n\n<a class=\"gb-button gb-button-36b86f01 gb-button-text\" href=\"https:\/\/www.bacpolska.pl\/czesci\/\">Teile<\/a>\n\n\n\n<a class=\"gb-button gb-button-cc956be2 gb-button-text\" href=\"https:\/\/www.bacpolska.pl\/serwis\/\">Service<\/a>\n\n\n\n<a class=\"gb-button gb-button-4268ade0 gb-button-text\" href=\"https:\/\/www.bacpolska.pl\/wynajem-dlugoterminowy\/\">Vermietung<\/a>\n\n\n\n<a class=\"gb-button gb-button-410888ab gb-button-text\" href=\"https:\/\/www.bacpolska.pl\/zoomlion\/\">Lesen Sie mehr \u00fcber Zoomlion<\/a>\n\n<\/div>","protected":false},"excerpt":{"rendered":"","protected":false},"author":1,"featured_media":0,"parent":403357,"menu_order":0,"comment_status":"closed","ping_status":"closed","template":"","meta":{"footnotes":""},"class_list":{"0":"post-403474","1":"page","2":"type-page","3":"status-publish","5":"infinite-scroll-item"},"_links":{"self":[{"href":"https:\/\/www.bacpolska.pl\/de\/wp-json\/wp\/v2\/pages\/403474","targetHints":{"allow":["GET"]}}],"collection":[{"href":"https:\/\/www.bacpolska.pl\/de\/wp-json\/wp\/v2\/pages"}],"about":[{"href":"https:\/\/www.bacpolska.pl\/de\/wp-json\/wp\/v2\/types\/page"}],"author":[{"embeddable":true,"href":"https:\/\/www.bacpolska.pl\/de\/wp-json\/wp\/v2\/users\/1"}],"replies":[{"embeddable":true,"href":"https:\/\/www.bacpolska.pl\/de\/wp-json\/wp\/v2\/comments?post=403474"}],"version-history":[{"count":0,"href":"https:\/\/www.bacpolska.pl\/de\/wp-json\/wp\/v2\/pages\/403474\/revisions"}],"up":[{"embeddable":true,"href":"https:\/\/www.bacpolska.pl\/de\/wp-json\/wp\/v2\/pages\/403357"}],"wp:attachment":[{"href":"https:\/\/www.bacpolska.pl\/de\/wp-json\/wp\/v2\/media?parent=403474"}],"curies":[{"name":"wp","href":"https:\/\/api.w.org\/{rel}","templated":true}]}}