{"id":391667,"date":"2021-12-28T12:46:48","date_gmt":"2021-12-28T11:46:48","guid":{"rendered":"https:\/\/www.bacpolska.pl\/katalog\/uncategorized\/podnosnik-zwyzka-podest-nozycowy-elektryczny-genie-gs-2023\/"},"modified":"2024-06-12T14:23:16","modified_gmt":"2024-06-12T12:23:16","slug":"hebebuhne-elektro-aufzug-genie-gs-2023","status":"publish","type":"product","link":"https:\/\/www.bacpolska.pl\/de\/katalog\/sprzedaz\/nowe\/podnosniki-nozycowe-elektryczne\/podnosnik-zwyzka-podest-nozycowy-elektryczny-genie-gs-2023\/","title":{"rendered":"Sprzeda\u017c podno\u015bnika no\u017cycowego elektrycznego Genie GS 2023\/Sprzedany"},"content":{"rendered":"","protected":false},"excerpt":{"rendered":"<p>BAC Polska bietet die elektrische Scherenarbeitsb\u00fchne Genie GS 2032 an, die eine Arbeitsh\u00f6he von 7,90 m und eine maximale Tragf\u00e4higkeit von 363 kg hat.<\/p>","protected":false},"featured_media":391668,"template":"","meta":[],"product_brand":[],"product_cat":[861,863,872],"product_tag":[905,906,794],"class_list":{"0":"post-391667","1":"product","2":"type-product","3":"status-publish","4":"has-post-thumbnail","6":"product_cat-sprzedaz","7":"product_cat-nowe","8":"product_cat-podnosniki-nozycowe-elektryczne","9":"product_tag-genie","10":"product_tag-nozycowy-elektryczny","11":"product_tag-podnosnik","12":"pa_dlugosc-transportowa-244-m","13":"pa_ilosc-osob-na-platformie-898","14":"pa_max-udzwig-kg-1071","15":"pa_producent-genie","16":"pa_rodzaj-elektryczny","17":"pa_szerokosc-transportowa-m-081-m","18":"pa_udzwig-maksymalny-363-kg-pomost-113-kg","19":"pa_waga-kg-1072","20":"pa_wymiary-platformy-227-x-081-m","21":"pa_wys-robocza-m-7-90","22":"pa_wysokosc-jazdy-w-pelnym-zakresie","23":"pa_wysokosc-transportowa-m-217-m","24":"infinite-scroll-item","25":"","26":"woocommerce-text-align-center","27":"woocommerce-image-align-center","28":"do-quantity-buttons","30":"first","31":"outofstock","32":"shipping-taxable","33":"product-type-simple"},"_links":{"self":[{"href":"https:\/\/www.bacpolska.pl\/de\/wp-json\/wp\/v2\/product\/391667","targetHints":{"allow":["GET"]}}],"collection":[{"href":"https:\/\/www.bacpolska.pl\/de\/wp-json\/wp\/v2\/product"}],"about":[{"href":"https:\/\/www.bacpolska.pl\/de\/wp-json\/wp\/v2\/types\/product"}],"wp:featuredmedia":[{"embeddable":true,"href":"https:\/\/www.bacpolska.pl\/de\/wp-json\/wp\/v2\/media\/391668"}],"wp:attachment":[{"href":"https:\/\/www.bacpolska.pl\/de\/wp-json\/wp\/v2\/media?parent=391667"}],"wp:term":[{"taxonomy":"product_brand","embeddable":true,"href":"https:\/\/www.bacpolska.pl\/de\/wp-json\/wp\/v2\/product_brand?post=391667"},{"taxonomy":"product_cat","embeddable":true,"href":"https:\/\/www.bacpolska.pl\/de\/wp-json\/wp\/v2\/product_cat?post=391667"},{"taxonomy":"product_tag","embeddable":true,"href":"https:\/\/www.bacpolska.pl\/de\/wp-json\/wp\/v2\/product_tag?post=391667"}],"curies":[{"name":"wp","href":"https:\/\/api.w.org\/{rel}","templated":true}]}}