{"id":432718,"date":"2024-01-25T13:22:13","date_gmt":"2024-01-25T12:22:13","guid":{"rendered":"https:\/\/www.bacpolska.pl\/?post_type=product&#038;p=432718"},"modified":"2025-05-12T10:45:30","modified_gmt":"2025-05-12T08:45:30","slug":"holland-lift-n265el13","status":"publish","type":"product","link":"https:\/\/www.bacpolska.pl\/de\/katalog\/wynajem\/podesty-nozycowe-elektryczne\/holland-lift-n265el13\/","title":{"rendered":"Holland-Lift N265EL13"},"content":{"rendered":"<h3>Holland-Lift Scherenb\u00fchnenvermietung N265EL13 - Maximale Effizienz und Sicherheit bei der Lagerarbeit<\/h3>\n<p>Suchen Sie eine zuverl\u00e4ssige L\u00f6sung f\u00fcr das Arbeiten in der H\u00f6he in Ihrem Lager? <strong>BAC Polska<\/strong> bietet Ihnen eine Holland-Lift N265EL13 Scherenhebeb\u00fchne, die alle Ihre Anforderungen an Sicherheit, Leistung und Man\u00f6vrierf\u00e4higkeit erf\u00fcllt.<\/p>\n<p><strong>Merkmale Holland-Lift N265EL13<\/strong>:<br \/>\n- <strong>Beeindruckende Arbeitsh\u00f6he von 28 Metern<\/strong>Dieses Modell erm\u00f6glicht sicheres und bequemes Arbeiten in der H\u00f6he, ideal f\u00fcr die Handhabung von Hochregalen.<br \/>\n- <strong>Leistungsstarke Tragf\u00e4higkeit 750 kg<\/strong>Mit dieser Kapazit\u00e4t ist der Holland-Lift N265EL13 in der Lage, selbst schwerste Materialien zu transportieren.<br \/>\n- <strong>Kompakt Breite 1,32 m<\/strong>Scherenhebeb\u00fchne: Dank ihrer schmalen Bauweise ist diese Scherenhebeb\u00fchne ideal f\u00fcr die Arbeit in engen R\u00e4umen und erm\u00f6glicht einen einfachen Zugang zwischen den Lagerregalen.<br \/>\n- <strong>Vielseitiger Einsatz<\/strong>Ideal f\u00fcr eine Vielzahl von Aufgaben im Lager, vom Stapeln von Waren in Regalen bis hin zu Wartungsarbeiten in der H\u00f6he.<\/p>\n<p><strong>Vermietung von Holland-Lift N265EL13 von BAC Polska<\/strong>Sie erhalten die Gewissheit, dass Ihr Lagerbetrieb reibungslos, sicher und effizient abl\u00e4uft. Es geht nicht nur um das Heben von Materialien - es geht darum, die Standards Ihres Lagerbetriebs zu erh\u00f6hen.<\/p>\n<h4><strong>Kontaktieren Sie uns noch heute, um mehr \u00fcber die Anmietung einer Holland-Lift N265EL13 Scherenhebeb\u00fchne zu erfahren und Ihre Lagerabl\u00e4ufe zu optimieren!<\/strong><\/h4>","protected":false},"excerpt":{"rendered":"","protected":false},"featured_media":457005,"template":"","meta":[],"product_brand":[],"product_cat":[61,62],"product_tag":[],"class_list":{"0":"post-432718","1":"product","2":"type-product","3":"status-publish","4":"has-post-thumbnail","6":"product_cat-wynajem","7":"product_cat-podesty-nozycowe-elektryczne","8":"pa_max-udzwig-kg-214","9":"pa_waga-kg-1334","10":"pa_wys-robocza-m-28-20","11":"infinite-scroll-item","12":"","13":"woocommerce-text-align-center","14":"woocommerce-image-align-center","15":"do-quantity-buttons","17":"first","18":"instock","19":"shipping-taxable","20":"product-type-simple"},"_links":{"self":[{"href":"https:\/\/www.bacpolska.pl\/de\/wp-json\/wp\/v2\/product\/432718","targetHints":{"allow":["GET"]}}],"collection":[{"href":"https:\/\/www.bacpolska.pl\/de\/wp-json\/wp\/v2\/product"}],"about":[{"href":"https:\/\/www.bacpolska.pl\/de\/wp-json\/wp\/v2\/types\/product"}],"wp:featuredmedia":[{"embeddable":true,"href":"https:\/\/www.bacpolska.pl\/de\/wp-json\/wp\/v2\/media\/457005"}],"wp:attachment":[{"href":"https:\/\/www.bacpolska.pl\/de\/wp-json\/wp\/v2\/media?parent=432718"}],"wp:term":[{"taxonomy":"product_brand","embeddable":true,"href":"https:\/\/www.bacpolska.pl\/de\/wp-json\/wp\/v2\/product_brand?post=432718"},{"taxonomy":"product_cat","embeddable":true,"href":"https:\/\/www.bacpolska.pl\/de\/wp-json\/wp\/v2\/product_cat?post=432718"},{"taxonomy":"product_tag","embeddable":true,"href":"https:\/\/www.bacpolska.pl\/de\/wp-json\/wp\/v2\/product_tag?post=432718"}],"curies":[{"name":"wp","href":"https:\/\/api.w.org\/{rel}","templated":true}]}}