{"id":391308,"date":"2022-01-26T11:33:53","date_gmt":"2022-01-26T10:33:53","guid":{"rendered":"https:\/\/www.bacpolska.pl\/?page_id=391308"},"modified":"2026-03-20T13:28:30","modified_gmt":"2026-03-20T12:28:30","slug":"area-activity","status":"publish","type":"page","link":"https:\/\/www.bacpolska.pl\/en\/obszar-dzialania\/","title":{"rendered":"Area of Operation"},"content":{"rendered":"<ul>\n  <li><a data-lang-link=\"link8\" href=\"https:\/\/www.bacpolska.pl\/podnosnik-katowice-wynajem-podnosnikow-podestow-ruchomych-zwyzek\/\">Lift Katowice | Rental of mobile platforms Lifts.<\/a><\/li>\n  <li><a data-lang-link=\"link9\" href=\"https:\/\/www.bacpolska.pl\/podnosnik-sosnowiec-wynajem-podnosnikow-podestow-ruchomych-zwyzek\/\">Lift Sosnowiec | Rental of mobile platforms Lifts.<\/a><\/li>\n  <li><a data-lang-link=\"link10\" href=\"https:\/\/www.bacpolska.pl\/wynajem-zwyzka-dabrowa-gornicza-podnosnik-koszowy-bac\/\">Rental of Aerial Work Platform Dabrowa Gornicza Bac Aerial Work Platform.<\/a><\/li>\n  <li><a data-lang-link=\"link11\" href=\"https:\/\/www.bacpolska.pl\/wynajem-zwyzki-gliwice-wynajem-podnosnikow-podestow-ruchomych-zwyzek\/\">Rental of Aerial Work Platforms Gliwice | Rental of Lift Platforms.<\/a><\/li>\n  <li><a data-lang-link=\"link12\" href=\"https:\/\/www.bacpolska.pl\/wynajem-zwyzki-tychy-podnosniki-podesty-ruchome-zwyzki\/\">Rental of Aerial Work Platforms Tychy | Aerial Work Platforms Rental of Mobile Work Platforms<\/a><\/li>\n  <li><a data-lang-link=\"link13\" href=\"https:\/\/www.bacpolska.pl\/wynajem-zwyzki-czestochowa-podnosniki-koszowe-podesty-ruchome\/\">Rental of Aerial Work Platforms Czestochowa | Aerial Work Platforms Rental of Mobile Work Platforms<\/a><\/li>\n  <li><a data-lang-link=\"link14\" href=\"https:\/\/www.bacpolska.pl\/zwyzka-krakow-wynajem-podnosnika-koszowego\/\">Boom lift Krakow Boom lift rental<\/a><\/li>\n  <li><a data-lang-link=\"link15\" href=\"https:\/\/www.bacpolska.pl\/wynajem-podnosnika-koszowego-piotrkow-trybunalski-zwyzki-podesty-ruchome\/\">Rental of Aerial Work Platforms Piotrkow Trybunalski | Rental of Aerial Work Platforms<\/a><\/li>\n  <li><a data-lang-link=\"link16\" href=\"https:\/\/www.bacpolska.pl\/wynajem-podnosnika-wroclaw-podesty-ruchome-podnosniki-zwyzki\/\">Lift Rental Wroc\u0142aw | Elevator Rides Elevators Risers<\/a><\/li>\n  <li><a data-lang-link=\"link17\" href=\"https:\/\/www.bacpolska.pl\/wynajem-podnosnikow-gorzow-wielkopolski-podest-ruchomy-zwyzka\/\">Lift Rental Gorzow Wielkopolski | Mobile Elevator Rift<\/a><\/li>\n  <li><a data-lang-link=\"link18\" href=\"https:\/\/www.bacpolska.pl\/wynajem-podnosnikow-koszowych-lodz-podesty-ruchome-zwyzki\/\">Aerial Work Platform Rental \u0141\u00f3d\u017a | Elevator Rides<\/a><\/li>\n  <li><a data-lang-link=\"link19\" href=\"https:\/\/www.bacpolska.pl\/zwyzka-strykow-wynajem-podestu-ruchomego-podnosnika-koszowego\/\">Boom lift Strykow | Rental of aerial work platform.<\/a><\/li>\n  <li><a data-lang-link=\"link20\" href=\"https:\/\/www.bacpolska.pl\/wynajem-podnosnikow-koszowych-legnica-podesty-ruchome-zwyzki\/\">Aerial Work Platform Rental Legnica | Elevator Rides<\/a><\/li>\n  <li><a data-lang-link=\"link21\" href=\"https:\/\/www.bacpolska.pl\/wynajem-podnosnikow-koszowych-zielona-gora-zwyzki-podesty-ruchome\/\">Aerial Work Platforms Rental Zielona G\u00f3ra | Aerial Work Platforms Rental<\/a><\/li>\n  <li><a data-lang-link=\"link22\" href=\"https:\/\/www.bacpolska.pl\/gdansk-wynajem\">Aerial Work Platforms Rental Gda\u0144sk | Elevators Elevating platforms<\/a><\/li>\n  <li><a data-lang-link=\"link23\" href=\"https:\/\/www.bacpolska.pl\/gdansk-sprzedaz\/\">Sale of Lifting platforms Gda\u0144sk | Lifting platforms Elevators<\/a><\/li>\n  <li><a data-lang-link=\"link24\" href=\"https:\/\/www.bacpolska.pl\/wynajem-podnosnikow-opole-zwyzki-i-podesty-ruchome\/\">Lift rental Opole - Boom lifts and mobile platforms<\/a><\/li>\n  <li><a data-lang-link=\"link25\" href=\"https:\/\/www.bacpolska.pl\/wynajem-podnosnikow-koszowych-jelenia-gora\/\">Aerial Work Platform Rental Jelenia G\u00f3ra<\/a><\/li>\n  <li><a data-lang-link=\"link26\" href=\"https:\/\/www.bacpolska.pl\/wynajem-podnosnikow-koszowych-walbrzych\/\">Rental of aerial work platforms Walbrzych - Boom lifts and mobile platforms<\/a><\/li>\n  <li><a data-lang-link=\"link27\" href=\"https:\/\/www.bacpolska.pl\/wynajem-podnosnikow-koszowych-ostrow-wielkopolski\/\">Rental of aerial work platforms Ostr\u00f3w Wielkopolski | Mobile platforms, high-lifts<\/a>\n  <li><a data-lang-link=\"link28\" href=\"https:\/\/www.bacpolska.pl\/wynajem-podnosnikow-gdynia\/\">Lift rentals - Gdynia | Aerial work platforms, scissor lifts | Boom lifts<\/a>\n  <li><a data-lang-link=\"link29\" href=\"https:\/\/www.bacpolska.pl\/wynajem-podnosnikow-pruszcz-gdanski\/\">Rental of hoists Pruszcz Gda\u0144ski and surroundings | Boom lifts, mobile platforms<\/a>\n  <li><a data-lang-link=\"link30\" href=\"https:\/\/www.bacpolska.pl\/wynajem-podnosnikow-nowy-dwor-gdanski\/\">Elevator rental Nowy Dw\u00f3r Gda\u0144ski - safe work at height<\/a>\n  <li><a data-lang-link=\"link31\" href=\"https:\/\/www.bacpolska.pl\/wynajem-podnosnikow-starogard-gdanski\/\">Professional lift rental Starogard Gdanski - support for your company<\/a>\n<\/li>\n<\/ul>","protected":false},"excerpt":{"rendered":"","protected":false},"author":1,"featured_media":0,"parent":0,"menu_order":0,"comment_status":"closed","ping_status":"closed","template":"","meta":{"footnotes":""},"class_list":{"0":"post-391308","1":"page","2":"type-page","3":"status-publish","5":"infinite-scroll-item"},"_links":{"self":[{"href":"https:\/\/www.bacpolska.pl\/en\/wp-json\/wp\/v2\/pages\/391308","targetHints":{"allow":["GET"]}}],"collection":[{"href":"https:\/\/www.bacpolska.pl\/en\/wp-json\/wp\/v2\/pages"}],"about":[{"href":"https:\/\/www.bacpolska.pl\/en\/wp-json\/wp\/v2\/types\/page"}],"author":[{"embeddable":true,"href":"https:\/\/www.bacpolska.pl\/en\/wp-json\/wp\/v2\/users\/1"}],"replies":[{"embeddable":true,"href":"https:\/\/www.bacpolska.pl\/en\/wp-json\/wp\/v2\/comments?post=391308"}],"version-history":[{"count":5,"href":"https:\/\/www.bacpolska.pl\/en\/wp-json\/wp\/v2\/pages\/391308\/revisions"}],"predecessor-version":[{"id":458159,"href":"https:\/\/www.bacpolska.pl\/en\/wp-json\/wp\/v2\/pages\/391308\/revisions\/458159"}],"wp:attachment":[{"href":"https:\/\/www.bacpolska.pl\/en\/wp-json\/wp\/v2\/media?parent=391308"}],"curies":[{"name":"wp","href":"https:\/\/api.w.org\/{rel}","templated":true}]}}