{"id":407020,"date":"2022-06-07T11:46:45","date_gmt":"2022-06-07T09:46:45","guid":{"rendered":"https:\/\/www.bacpolska.pl\/?page_id=407020"},"modified":"2024-01-25T15:05:15","modified_gmt":"2024-01-25T14:05:15","slug":"fair-erobo-2022","status":"publish","type":"page","link":"https:\/\/www.bacpolska.pl\/en\/targi\/targi-erobocze-2022\/","title":{"rendered":"The eRobot Fair 2022"},"content":{"rendered":"<div class=\"gb-container gb-container-69c0a977\"><div class=\"gb-inside-container\">\n<div class=\"gb-grid-wrapper gb-grid-wrapper-1231d8a3\">\n<div class=\"gb-grid-column gb-grid-column-9f80a59d\"><div class=\"gb-container gb-container-9f80a59d\"><div class=\"gb-inside-container\">\n\n<h2 class=\"gb-headline gb-headline-b71e3958 gb-headline-text\">03.06.2022 \u2013 04.06.2022<\/h2>\n\n\n<div class=\"gb-grid-wrapper gb-grid-wrapper-23fb9c89\">\n<div class=\"gb-grid-column gb-grid-column-b413573a\"><div class=\"gb-container gb-container-b413573a\"><div class=\"gb-inside-container\"><\/div><\/div><\/div>\n<\/div>\n\n\n<p class=\"gb-headline gb-headline-58184751 gb-headline-text\">W dniach 03.06.2022 \u2013 04.06.2022 roku byli\u015bmy wystawc\u0105 na targach maszyn budowlanych eRobocze SHOW. W miejscowo\u015bci Lubie\u0144 Kujawski po raz kolejny zorganizowano wydarzenie, w kt\u00f3rym r\u00f3\u017cne przedsi\u0119biorstwa mog\u0142y zaprezentowa\u0107 swoje maszyny.<\/p>\n\n<\/div><\/div><\/div>\n<\/div>\n<\/div><\/div>\n\n<div class=\"gb-container gb-container-5c27e0e7\"><div class=\"gb-inside-container\">\n<div class=\"gb-grid-wrapper gb-grid-wrapper-7d07b03b\">\n<div class=\"gb-grid-column gb-grid-column-40797388\"><div class=\"gb-container gb-container-40797388\"><div class=\"gb-inside-container\">\n<div class=\"gb-container gb-container-1d412c02\"><div class=\"gb-inside-container\">\n\n<figure class=\"wp-block-video\"><video height=\"352\" style=\"aspect-ratio: 640 \/ 352;\" width=\"640\" controls src=\"https:\/\/www.bacpolska.pl\/wp-content\/uploads\/2022\/06\/machinery1.mp4\"><\/video><\/figure>\n\n\n\n<p>Widok na wydarzenie eRobocze SHOW z naszego podno\u015bnika.<\/p>\n\n<\/div><\/div>\n<\/div><\/div><\/div>\n\n<div class=\"gb-grid-column gb-grid-column-cd951116\"><div class=\"gb-container gb-container-cd951116\"><div class=\"gb-inside-container\">\n\n<h6 class=\"gb-headline gb-headline-ed900dbb\"><span class=\"gb-icon\"><svg aria-hidden=\"true\" role=\"img\" height=\"1em\" width=\"1em\" viewBox=\"0 0 384 512\" xmlns=\"http:\/\/www.w3.org\/2000\/svg\"><path fill=\"currentColor\" d=\"M172.268 501.67C26.97 291.031 0 269.413 0 192 0 85.961 85.961 0 192 0s192 85.961 192 192c0 77.413-26.97 99.031-172.268 309.67-9.535 13.774-29.93 13.773-39.464 0zM192 272c44.183 0 80-35.817 80-80s-35.817-80-80-80-80 35.817-80 80 35.817 80 80 80z\"><\/path><\/svg><\/span><span class=\"gb-headline-text\">Lubie\u0144 Kujawski<\/span><\/h6>\n\n\n\n<h2 class=\"gb-headline gb-headline-6ccdb742 gb-headline-text\">\u200bZwy\u017cki Zoomlion na eRobocze SHOW<\/h2>\n\n\n\n<p>Cieszymy si\u0119, \u017ce po raz kolejny w tym roku mogli\u015bmy zaprezentowa\u0107 na targach nasze podesty ruchome. Stoisko \u2013 podobnie jak poprzednim razem \u2013 nosi\u0142o nazw\u0119 BAC Polska Zoomlion. Jak nie trudno si\u0119 domy\u015bli\u0107 ponownie promowali\u015bmy zielone maszyny \u015bwiatowego producenta.<\/p>\n\n\n\n<p>Co niezwykle istotne, podczas targ\u00f3w eRobocze SHOW zwiedzaj\u0105cy mieli okazj\u0119 przetestowa\u0107 podno\u015bniki udost\u0119pnione przez nasz\u0105 firm\u0119. Testy odbywa\u0142y si\u0119 pod czujnym okiem naszych pracownik\u00f3w.<\/p>\n\n\n\n<p>Oto podesty ruchome dost\u0119pne podczas wydarzenia:<\/p>\n\n\n<div class=\"gb-grid-wrapper gb-grid-wrapper-e848adc2\">\n<div class=\"gb-grid-column gb-grid-column-1affe92f\"><div class=\"gb-container gb-container-1affe92f\"><div class=\"gb-inside-container\">\n\n<p class=\"gb-headline gb-headline-206e7ed7\"><span class=\"gb-icon\"><svg aria-hidden=\"true\" role=\"img\" height=\"1em\" width=\"1em\" viewBox=\"0 0 512 512\" xmlns=\"http:\/\/www.w3.org\/2000\/svg\"><path fill=\"currentColor\" d=\"M256 8C119.033 8 8 119.033 8 256s111.033 248 248 248 248-111.033 248-248S392.967 8 256 8zm80 248c0 44.112-35.888 80-80 80s-80-35.888-80-80 35.888-80 80-80 80 35.888 80 80z\"><\/path><\/svg><\/span><span class=\"gb-headline-text\">ZS0610Crawler (elektryczny podno\u015bnik no\u017cycowy poruszaj\u0105cy si\u0119 na g\u0105sienicach)<\/span><\/p>\n\n\n\n<p class=\"gb-headline gb-headline-947bee19\"><span class=\"gb-icon\"><svg aria-hidden=\"true\" role=\"img\" height=\"1em\" width=\"1em\" viewBox=\"0 0 512 512\" xmlns=\"http:\/\/www.w3.org\/2000\/svg\"><path fill=\"currentColor\" d=\"M256 8C119.033 8 8 119.033 8 256s111.033 248 248 248 248-111.033 248-248S392.967 8 256 8zm80 248c0 44.112-35.888 80-80 80s-80-35.888-80-80 35.888-80 80-80 80 35.888 80 80z\"><\/path><\/svg><\/span><span class=\"gb-headline-text\">ZA14J (spalinowy podno\u015bnik teleskopowy)<\/span><\/p>\n\n\n\n<p class=\"gb-headline gb-headline-bf67a6d3\"><span class=\"gb-icon\"><svg aria-hidden=\"true\" role=\"img\" height=\"1em\" width=\"1em\" viewBox=\"0 0 512 512\" xmlns=\"http:\/\/www.w3.org\/2000\/svg\"><path fill=\"currentColor\" d=\"M256 8C119.033 8 8 119.033 8 256s111.033 248 248 248 248-111.033 248-248S392.967 8 256 8zm80 248c0 44.112-35.888 80-80 80s-80-35.888-80-80 35.888-80 80-80 80 35.888 80 80z\"><\/path><\/svg><\/span><span class=\"gb-headline-text\">ZA20JE (elektryczny podno\u015bnik teleskopowy)<\/span><\/p>\n\n<\/div><\/div><\/div>\n<\/div>\n<\/div><\/div><\/div>\n<\/div>\n<\/div><\/div>\n\n<div class=\"gb-container gb-container-62e7f23f\"><div class=\"gb-inside-container\">\n\n<h2 class=\"gb-headline gb-headline-d473eb8f\"><span class=\"gb-icon\"><svg height=\"30\" width=\"30\" xmlns=\"http:\/\/www.w3.org\/2000\/svg\" fill=\"none\" viewBox=\"0 0 15 15\"><path fill=\"currentColor\" d=\"M8 1v11.293l3.146-3.147.708.708L7.5 14.207 3.146 9.854l.708-.708L7 12.293V1h1z\" clip-rule=\"evenodd\" fill-rule=\"evenodd\"><\/path><\/svg><\/span><span class=\"gb-headline-text\">Galeria<\/span><\/h2>\n\n\n<div class=\"gb-grid-wrapper gb-grid-wrapper-29888b2b\">\n<div class=\"gb-grid-column gb-grid-column-bd8f9e6d\"><div class=\"gb-container gb-container-bd8f9e6d\"><a class=\"gb-container-link\" href=\"#\"><\/a><div class=\"gb-inside-container\"><\/div><\/div><\/div>\n\n<div class=\"gb-grid-column gb-grid-column-db59ba45\"><div class=\"gb-container gb-container-db59ba45\"><a class=\"gb-container-link\" href=\"#\"><\/a><div class=\"gb-inside-container\"><\/div><\/div><\/div>\n<\/div>\n<\/div><div class=\"gb-shapes\"><div class=\"gb-shape gb-shape-1\"><svg xmlns=\"http:\/\/www.w3.org\/2000\/svg\" viewBox=\"0 0 1200 131\" preserveAspectRatio=\"none\"><path d=\"M1200 0L899 110 687 6 410 75 154.8 20 0 70v61h1200z\"\/><\/svg><\/div><div class=\"gb-shape gb-shape-2\"><svg xmlns=\"http:\/\/www.w3.org\/2000\/svg\" viewBox=\"0 0 1200 176\" preserveAspectRatio=\"none\"><path d=\"M0 0l400 156 400-88 400 74v34H0z\"\/><\/svg><\/div><\/div><\/div>\n\n<div class=\"gb-container gb-container-d030f99d\"><div class=\"gb-inside-container\">\n<div class=\"gb-grid-wrapper gb-grid-wrapper-07bb9a40\">\n<div class=\"gb-grid-column gb-grid-column-bcc50492\"><div class=\"gb-container gb-container-bcc50492\"><div class=\"gb-inside-container\">\n<div class=\"gb-container gb-container-775efffd\"><div class=\"gb-inside-container\">\n\n<h6 class=\"gb-headline gb-headline-b0e791da\"><span class=\"gb-icon\"><svg aria-hidden=\"true\" role=\"img\" height=\"1em\" width=\"1em\" viewBox=\"0 0 448 512\" xmlns=\"http:\/\/www.w3.org\/2000\/svg\"><path fill=\"currentColor\" d=\"M148 288h-40c-6.6 0-12-5.4-12-12v-40c0-6.6 5.4-12 12-12h40c6.6 0 12 5.4 12 12v40c0 6.6-5.4 12-12 12zm108-12v-40c0-6.6-5.4-12-12-12h-40c-6.6 0-12 5.4-12 12v40c0 6.6 5.4 12 12 12h40c6.6 0 12-5.4 12-12zm96 0v-40c0-6.6-5.4-12-12-12h-40c-6.6 0-12 5.4-12 12v40c0 6.6 5.4 12 12 12h40c6.6 0 12-5.4 12-12zm-96 96v-40c0-6.6-5.4-12-12-12h-40c-6.6 0-12 5.4-12 12v40c0 6.6 5.4 12 12 12h40c6.6 0 12-5.4 12-12zm-96 0v-40c0-6.6-5.4-12-12-12h-40c-6.6 0-12 5.4-12 12v40c0 6.6 5.4 12 12 12h40c6.6 0 12-5.4 12-12zm192 0v-40c0-6.6-5.4-12-12-12h-40c-6.6 0-12 5.4-12 12v40c0 6.6 5.4 12 12 12h40c6.6 0 12-5.4 12-12zm96-260v352c0 26.5-21.5 48-48 48H48c-26.5 0-48-21.5-48-48V112c0-26.5 21.5-48 48-48h48V12c0-6.6 5.4-12 12-12h40c6.6 0 12 5.4 12 12v52h128V12c0-6.6 5.4-12 12-12h40c6.6 0 12 5.4 12 12v52h48c26.5 0 48 21.5 48 48zm-48 346V160H48v298c0 3.3 2.7 6 6 6h340c3.3 0 6-2.7 6-6z\"><\/path><\/svg><\/span><span class=\"gb-headline-text\">Targi i Wystawy w Polsce!<\/span><\/h6>\n\n\n\n<h2 class=\"gb-headline gb-headline-df101e3c gb-headline-text\"><strong><strong>\u200bJako dystrybutor podno\u015bnik\u00f3w stale zyskujemy na popularno\u015bci<\/strong><\/strong><\/h2>\n\n\n\n<p>Cykliczna obecno\u015b\u0107 na targach maszyn budowlanych buduje nasz\u0105 mark\u0119 i rozpoznawalno\u015b\u0107. Tym razem charakter wydarzenia nieco r\u00f3\u017cni\u0142 si\u0119 od tych poprzednich. eRobocze SHOW s\u0142ynie z tego, \u017ce jest organizowane w plenerze. Podczas eventu na zwiedzaj\u0105cych czeka\u0142o mn\u00f3stwo atrakcji, m.in. pokazy, testy oraz konkurencje maszyn budowlanych.<\/p>\n\n\n\n<p>Nas z kolei niezmiernie cieszy\u0142a Wasza obecno\u015b\u0107. Zn\u00f3w nasi przedstawiciele handlowi \u2013 Marcin i Hubert \u2013 mieli r\u0119ce pe\u0142ne pracy, opowiadaj\u0105c o podestach ruchomych Zoomlion i nawi\u0105zuj\u0105c przy tym nowe relacje biznesowe.<\/p>\n\n\n\n<p><strong>Kilka s\u0142\u00f3w od naszych pracownik\u00f3w podczas trwania eRobocze SHOW:<\/strong><\/p>\n\n\n\n<p>Hubert: <em>Na targach jest naprawd\u0119 interesuj\u0105co. Impreza si\u0119 rozkr\u0119ca. Klienci, kt\u00f3rzy odwiedzaj\u0105 nasze stoisko s\u0105 zainteresowani naszymi podestami ruchomymi [&#8230;] Pogoda dopisuje. Jest przyjemnie, ciep\u0142o, oby tak dalej!<\/em><\/p>\n\n\n\n<p>Marcin:<em> Ludzi jest sporo. Atmosfera na targach jest fajna, humory dopisuj\u0105. Co wa\u017cne pogoda nie utrudnia, chocia\u017c jest troch\u0119 wietrznie.<\/em><\/p>\n\n\n\n<p>Aby dowiedzie\u0107 si\u0119 wi\u0119cej o firmie BAC Polska i by\u0107 na bie\u017c\u0105co ze wszystkimi wydarzeniami, zach\u0119camy do odwiedzin naszych stron na portalach:<\/p>\n\n\n\n<ul class=\"wp-block-social-links alignleft has-icon-color has-icon-background-color items-justified-center is-style-default is-content-justification-left is-layout-flex wp-container-core-social-links-is-layout-23b93fc6 wp-block-social-links-is-layout-flex\"><li style=\"color:var(--contrast);background-color:var(--global-color-8);\" class=\"wp-social-link wp-social-link-facebook has-contrast-color has-global-color-8-background-color wp-block-social-link\"><a href=\"https:\/\/www.facebook.com\/BacPolska\" class=\"wp-block-social-link-anchor\" rel=\"nofollow noopener\" target=\"_blank\"><svg width=\"24\" height=\"24\" viewBox=\"0 0 24 24\" version=\"1.1\" xmlns=\"http:\/\/www.w3.org\/2000\/svg\" aria-hidden=\"true\" focusable=\"false\"><path d=\"M12 2C6.5 2 2 6.5 2 12c0 5 3.7 9.1 8.4 9.9v-7H7.9V12h2.5V9.8c0-2.5 1.5-3.9 3.8-3.9 1.1 0 2.2.2 2.2.2v2.5h-1.3c-1.2 0-1.6.8-1.6 1.6V12h2.8l-.4 2.9h-2.3v7C18.3 21.1 22 17 22 12c0-5.5-4.5-10-10-10z\"><\/path><\/svg><span class=\"wp-block-social-link-label screen-reader-text\">Facebook<\/span><\/a><\/li>\n\n<li style=\"color:var(--contrast);background-color:var(--global-color-8);\" class=\"wp-social-link wp-social-link-linkedin has-contrast-color has-global-color-8-background-color wp-block-social-link\"><a href=\"https:\/\/pl.linkedin.com\/company\/bacpolska\/\" class=\"wp-block-social-link-anchor\" rel=\"nofollow noopener\" target=\"_blank\"><svg width=\"24\" height=\"24\" viewBox=\"0 0 24 24\" version=\"1.1\" xmlns=\"http:\/\/www.w3.org\/2000\/svg\" aria-hidden=\"true\" focusable=\"false\"><path d=\"M19.7,3H4.3C3.582,3,3,3.582,3,4.3v15.4C3,20.418,3.582,21,4.3,21h15.4c0.718,0,1.3-0.582,1.3-1.3V4.3 C21,3.582,20.418,3,19.7,3z M8.339,18.338H5.667v-8.59h2.672V18.338z M7.004,8.574c-0.857,0-1.549-0.694-1.549-1.548 c0-0.855,0.691-1.548,1.549-1.548c0.854,0,1.547,0.694,1.547,1.548C8.551,7.881,7.858,8.574,7.004,8.574z M18.339,18.338h-2.669 v-4.177c0-0.996-0.017-2.278-1.387-2.278c-1.389,0-1.601,1.086-1.601,2.206v4.249h-2.667v-8.59h2.559v1.174h0.037 c0.356-0.675,1.227-1.387,2.526-1.387c2.703,0,3.203,1.779,3.203,4.092V18.338z\"><\/path><\/svg><span class=\"wp-block-social-link-label screen-reader-text\">LinkedIn<\/span><\/a><\/li>\n\n<li style=\"color:var(--contrast);background-color:var(--global-color-8);\" class=\"wp-social-link wp-social-link-instagram has-contrast-color has-global-color-8-background-color wp-block-social-link\"><a href=\"https:\/\/www.instagram.com\/bacpolska\/\" class=\"wp-block-social-link-anchor\" rel=\"nofollow noopener\" target=\"_blank\"><svg width=\"24\" height=\"24\" viewBox=\"0 0 24 24\" version=\"1.1\" xmlns=\"http:\/\/www.w3.org\/2000\/svg\" aria-hidden=\"true\" focusable=\"false\"><path d=\"M12,4.622c2.403,0,2.688,0.009,3.637,0.052c0.877,0.04,1.354,0.187,1.671,0.31c0.42,0.163,0.72,0.358,1.035,0.673 c0.315,0.315,0.51,0.615,0.673,1.035c0.123,0.317,0.27,0.794,0.31,1.671c0.043,0.949,0.052,1.234,0.052,3.637 s-0.009,2.688-0.052,3.637c-0.04,0.877-0.187,1.354-0.31,1.671c-0.163,0.42-0.358,0.72-0.673,1.035 c-0.315,0.315-0.615,0.51-1.035,0.673c-0.317,0.123-0.794,0.27-1.671,0.31c-0.949,0.043-1.233,0.052-3.637,0.052 s-2.688-0.009-3.637-0.052c-0.877-0.04-1.354-0.187-1.671-0.31c-0.42-0.163-0.72-0.358-1.035-0.673 c-0.315-0.315-0.51-0.615-0.673-1.035c-0.123-0.317-0.27-0.794-0.31-1.671C4.631,14.688,4.622,14.403,4.622,12 s0.009-2.688,0.052-3.637c0.04-0.877,0.187-1.354,0.31-1.671c0.163-0.42,0.358-0.72,0.673-1.035 c0.315-0.315,0.615-0.51,1.035-0.673c0.317-0.123,0.794-0.27,1.671-0.31C9.312,4.631,9.597,4.622,12,4.622 M12,3 C9.556,3,9.249,3.01,8.289,3.054C7.331,3.098,6.677,3.25,6.105,3.472C5.513,3.702,5.011,4.01,4.511,4.511 c-0.5,0.5-0.808,1.002-1.038,1.594C3.25,6.677,3.098,7.331,3.054,8.289C3.01,9.249,3,9.556,3,12c0,2.444,0.01,2.751,0.054,3.711 c0.044,0.958,0.196,1.612,0.418,2.185c0.23,0.592,0.538,1.094,1.038,1.594c0.5,0.5,1.002,0.808,1.594,1.038 c0.572,0.222,1.227,0.375,2.185,0.418C9.249,20.99,9.556,21,12,21s2.751-0.01,3.711-0.054c0.958-0.044,1.612-0.196,2.185-0.418 c0.592-0.23,1.094-0.538,1.594-1.038c0.5-0.5,0.808-1.002,1.038-1.594c0.222-0.572,0.375-1.227,0.418-2.185 C20.99,14.751,21,14.444,21,12s-0.01-2.751-0.054-3.711c-0.044-0.958-0.196-1.612-0.418-2.185c-0.23-0.592-0.538-1.094-1.038-1.594 c-0.5-0.5-1.002-0.808-1.594-1.038c-0.572-0.222-1.227-0.375-2.185-0.418C14.751,3.01,14.444,3,12,3L12,3z M12,7.378 c-2.552,0-4.622,2.069-4.622,4.622S9.448,16.622,12,16.622s4.622-2.069,4.622-4.622S14.552,7.378,12,7.378z M12,15 c-1.657,0-3-1.343-3-3s1.343-3,3-3s3,1.343,3,3S13.657,15,12,15z M16.804,6.116c-0.596,0-1.08,0.484-1.08,1.08 s0.484,1.08,1.08,1.08c0.596,0,1.08-0.484,1.08-1.08S17.401,6.116,16.804,6.116z\"><\/path><\/svg><span class=\"wp-block-social-link-label screen-reader-text\">Instagram<\/span><\/a><\/li><\/ul>\n\n<\/div><\/div>\n<\/div><\/div><\/div>\n\n<div class=\"gb-grid-column gb-grid-column-da455edf\"><div class=\"gb-container gb-container-da455edf\"><div class=\"gb-inside-container\">\n<div class=\"gb-container gb-container-8b962dfd\"><div class=\"gb-inside-container\">\n\n<figure class=\"wp-block-image size-large\"><a href=\"https:\/\/www.bacpolska.pl\/wp-content\/uploads\/2022\/06\/machinery0.jpg\"><img decoding=\"async\" width=\"1024\" height=\"768\" data-src=\"https:\/\/www.bacpolska.pl\/wp-content\/uploads\/2022\/06\/machinery0-1024x768.jpg\" alt=\"machinery0\" class=\"wp-image-407037 lazyload\" title=\"\" data-srcset=\"https:\/\/www.bacpolska.pl\/wp-content\/uploads\/2022\/06\/machinery0-1024x768.jpg 1024w, https:\/\/www.bacpolska.pl\/wp-content\/smush-webp\/2022\/06\/machinery0-64x48.jpg.webp 64w, https:\/\/www.bacpolska.pl\/wp-content\/uploads\/2022\/06\/machinery0-300x225.jpg 300w, https:\/\/www.bacpolska.pl\/wp-content\/uploads\/2022\/06\/machinery0-768x576.jpg 768w, https:\/\/www.bacpolska.pl\/wp-content\/uploads\/2022\/06\/machinery0-1536x1152.jpg 1536w, https:\/\/www.bacpolska.pl\/wp-content\/uploads\/2022\/06\/machinery0-360x270.jpg 360w, https:\/\/www.bacpolska.pl\/wp-content\/uploads\/2022\/06\/machinery0.jpg 2048w\" data-sizes=\"(max-width: 1024px) 100vw, 1024px\" src=\"data:image\/svg+xml;base64,PHN2ZyB3aWR0aD0iMSIgaGVpZ2h0PSIxIiB4bWxucz0iaHR0cDovL3d3dy53My5vcmcvMjAwMC9zdmciPjwvc3ZnPg==\" style=\"--smush-placeholder-width: 1024px; --smush-placeholder-aspect-ratio: 1024\/768;\" data-smush-webp-fallback=\"{&quot;data-srcset&quot;:&quot;https:\\\/\\\/www.bacpolska.pl\\\/wp-content\\\/uploads\\\/2022\\\/06\\\/machinery0-1024x768.jpg 1024w, https:\\\/\\\/www.bacpolska.pl\\\/wp-content\\\/uploads\\\/2022\\\/06\\\/machinery0-64x48.jpg 64w, https:\\\/\\\/www.bacpolska.pl\\\/wp-content\\\/uploads\\\/2022\\\/06\\\/machinery0-300x225.jpg 300w, https:\\\/\\\/www.bacpolska.pl\\\/wp-content\\\/uploads\\\/2022\\\/06\\\/machinery0-768x576.jpg 768w, https:\\\/\\\/www.bacpolska.pl\\\/wp-content\\\/uploads\\\/2022\\\/06\\\/machinery0-1536x1152.jpg 1536w, https:\\\/\\\/www.bacpolska.pl\\\/wp-content\\\/uploads\\\/2022\\\/06\\\/machinery0-360x270.jpg 360w, https:\\\/\\\/www.bacpolska.pl\\\/wp-content\\\/uploads\\\/2022\\\/06\\\/machinery0.jpg 2048w&quot;}\" \/><\/a><\/figure>\n\n<\/div><\/div>\n<\/div><\/div><\/div>\n<\/div>\n<\/div><\/div>\n\n<div class=\"gb-button-wrapper gb-button-wrapper-84b400f9\">\n\n<a class=\"gb-button gb-button-f1bd2dfb gb-button-text\" href=\"https:\/\/www.bacpolska.pl\/leasing\/\">Leasing<\/a>\n\n\n\n<a class=\"gb-button gb-button-36b86f01 gb-button-text\" href=\"https:\/\/www.bacpolska.pl\/czesci\/\">Cz\u0119\u015bci<\/a>\n\n\n\n<a class=\"gb-button gb-button-cc956be2 gb-button-text\" href=\"https:\/\/www.bacpolska.pl\/serwis\/\">Serwis<\/a>\n\n\n\n<a class=\"gb-button gb-button-4268ade0 gb-button-text\" href=\"https:\/\/www.bacpolska.pl\/wynajem-dlugoterminowy\/\">Wynajem<\/a>\n\n\n\n<a class=\"gb-button gb-button-410888ab gb-button-text\" href=\"https:\/\/www.bacpolska.pl\/zoomlion\/\">Wi\u0119cej o Zoomlion<\/a>\n\n<\/div>","protected":false},"excerpt":{"rendered":"","protected":false},"author":1,"featured_media":0,"parent":403357,"menu_order":0,"comment_status":"closed","ping_status":"closed","template":"","meta":{"footnotes":""},"class_list":{"0":"post-407020","1":"page","2":"type-page","3":"status-publish","5":"infinite-scroll-item"},"_links":{"self":[{"href":"https:\/\/www.bacpolska.pl\/en\/wp-json\/wp\/v2\/pages\/407020","targetHints":{"allow":["GET"]}}],"collection":[{"href":"https:\/\/www.bacpolska.pl\/en\/wp-json\/wp\/v2\/pages"}],"about":[{"href":"https:\/\/www.bacpolska.pl\/en\/wp-json\/wp\/v2\/types\/page"}],"author":[{"embeddable":true,"href":"https:\/\/www.bacpolska.pl\/en\/wp-json\/wp\/v2\/users\/1"}],"replies":[{"embeddable":true,"href":"https:\/\/www.bacpolska.pl\/en\/wp-json\/wp\/v2\/comments?post=407020"}],"version-history":[{"count":0,"href":"https:\/\/www.bacpolska.pl\/en\/wp-json\/wp\/v2\/pages\/407020\/revisions"}],"up":[{"embeddable":true,"href":"https:\/\/www.bacpolska.pl\/en\/wp-json\/wp\/v2\/pages\/403357"}],"wp:attachment":[{"href":"https:\/\/www.bacpolska.pl\/en\/wp-json\/wp\/v2\/media?parent=407020"}],"curies":[{"name":"wp","href":"https:\/\/api.w.org\/{rel}","templated":true}]}}