{"id":440781,"date":"2024-06-14T15:14:34","date_gmt":"2024-06-14T13:14:34","guid":{"rendered":"https:\/\/www.bacpolska.pl\/?post_type=product&#038;p=440781"},"modified":"2025-12-31T11:44:45","modified_gmt":"2025-12-31T10:44:45","slug":"zoomlion-zth-2506","status":"publish","type":"product","link":"https:\/\/www.bacpolska.pl\/ru\/katalog\/sprzedaz-ladowarki-teleskopowe-zoomlion\/zoomlion-zth-2506\/","title":{"rendered":"Zoomlion ZTH2506"},"content":{"rendered":"<h2>Najwa\u017cniejsze cechy \u0142adowarki Zoomlion ZTH2506<\/h2>\n<ul>\n<li data-start=\"494\" data-end=\"527\">Maksymalny ud\u017awig:\u00a02 500 kg<\/li>\n<li data-start=\"530\" data-end=\"566\">Wysoko\u015b\u0107 podnoszenia:\u00a06 metr\u00f3w<\/li>\n<li data-start=\"569\" data-end=\"640\">Zwarta konstrukcja\u00a0umo\u017cliwiaj\u0105ca prac\u0119 w ograniczonej przestrzeni<\/li>\n<li data-start=\"643\" data-end=\"730\">Nap\u0119d na cztery ko\u0142a i skr\u0119tne osie\u00a0gwarantuj\u0105ce znakomit\u0105 zwrotno\u015b\u0107 i stabilno\u015b\u0107<\/li>\n<li data-start=\"733\" data-end=\"824\">Komfortowa kabina operatorska\u00a0z ergonomicznym uk\u0142adem sterowania i dobr\u0105 widoczno\u015bci\u0105<\/li>\n<li>\u041a\u0430\u0431\u0438\u043d\u0430 \u0441 \u043a\u043e\u043d\u0434\u0438\u0446\u0438\u043e\u043d\u0435\u0440\u043e\u043c<\/li>\n<li>\u041c\u0435\u0445\u0430\u043d\u0438\u0447\u0435\u0441\u043a\u043e\u0435 \u0441\u0438\u0434\u0435\u043d\u044c\u0435 Grammer<\/li>\n<li>\u0417\u0430\u0434\u043d\u0438\u0439 \u0433\u0440\u0443\u0437 \u0434\u043b\u044f \u043f\u043e\u0432\u044b\u0448\u0435\u043d\u0438\u044f \u0443\u0441\u0442\u043e\u0439\u0447\u0438\u0432\u043e\u0441\u0442\u0438<\/li>\n<li>\u0421\u0432\u0435\u0442\u043e\u0434\u0438\u043e\u0434\u043d\u043e\u0435 \u043e\u0441\u0432\u0435\u0449\u0435\u043d\u0438\u0435 (\u0441\u043f\u0435\u0440\u0435\u0434\u0438 \u0438 \u0441\u0437\u0430\u0434\u0438)<\/li>\n<li>\u041a\u0430\u043c\u0435\u0440\u0430 \u0437\u0430\u0434\u043d\u0435\u0433\u043e \u0445\u043e\u0434\u0430<\/li>\n<li>\u0422\u0435\u043b\u0435\u043c\u0430\u0442\u0438\u0447\u0435\u0441\u043a\u0430\u044f \u0441\u0438\u0441\u0442\u0435\u043c\u0430 \u0441 \u0434\u0438\u0430\u0433\u043d\u043e\u0441\u0442\u0438\u043a\u043e\u0439 \u0432 \u0441\u0442\u0430\u043d\u0434\u0430\u0440\u0442\u043d\u043e\u0439 \u043a\u043e\u043c\u043f\u043b\u0435\u043a\u0442\u0430\u0446\u0438\u0438<\/li>\n<li>Konsola steruj\u0105ca z wy\u015bwietlaczem 10,1&#8243;<\/li>\n<li>Bluetooth<\/li>\n<li>z\u0142\u0105cze hydrauliczne<\/li>\n<\/ul>\n<div id=\"gtx-trans\" style=\"position: absolute; left: 434px; top: 470px;\">\n<div class=\"gtx-trans-icon\"><\/div>\n<\/div>","protected":false},"excerpt":{"rendered":"<h2 data-start=\"159\" data-end=\"241\">Zoomlion ZTH 2506 \u2013 \u0141adowarka teleskopowa dla wymagaj\u0105cych w ofercie BAC Polska<\/h2>\n<p data-start=\"1031\" data-end=\"1383\"><strong data-start=\"1031\" data-end=\"1051\">Zoomlion ZTH2506<\/strong> to nowoczesna \u0142adowarka teleskopowa \u0142\u0105cz\u0105ca wydajno\u015b\u0107 z kompaktow\u0105 konstrukcj\u0105. Jej <strong data-start=\"1136\" data-end=\"1158\">kompaktowe wymiary<\/strong> sprawiaj\u0105, \u017ce doskonale sprawdza si\u0119 w ciasnych przestrzeniach roboczych, gdzie liczy si\u0119 precyzja i manewrowo\u015b\u0107. <strong data-start=\"1273\" data-end=\"1286\">Du\u017ce ko\u0142a<\/strong> i <strong data-start=\"1289\" data-end=\"1306\">du\u017cy prze\u015bwit<\/strong> gwarantuj\u0105 \u015bwietne w\u0142a\u015bciwo\u015bci terenowe, nawet na nier\u00f3wnych nawierzchniach.<\/p>\n<p data-start=\"1385\" data-end=\"1790\">Maszyna zosta\u0142a zaprojektowana z my\u015bl\u0105 o wygodzie operatora \u2013 w standardzie oferuje <strong data-start=\"1469\" data-end=\"1493\">klimatyzowan\u0105 kabin\u0119<\/strong>, <strong data-start=\"1495\" data-end=\"1523\">cyfrowy panel sterowania<\/strong> \u0438 <strong data-start=\"1529\" data-end=\"1547\">kamer\u0119 cofania<\/strong>, co znacznie poprawia komfort i bezpiecze\u0144stwo pracy. Nowoczesny design, intuicyjna obs\u0142uga i niezawodno\u015b\u0107 czyni\u0105 model ZTH2506 doskona\u0142\u0105 inwestycj\u0105 dla firm budowlanych, przemys\u0142owych oraz rolniczych, kt\u00f3re stawiaj\u0105 na funkcjonalno\u015b\u0107 i styl.<\/p>\n<h3 data-start=\"826\" data-end=\"866\">Dlaczego warto postawi\u0107 na Zoomlion?<\/h3>\n<p data-start=\"868\" data-end=\"1070\">Zoomlion to uznany producent maszyn budowlanych, kt\u00f3ry \u0142\u0105czy nowoczesn\u0105 technologi\u0119 z solidnym wykonaniem. Model ZTH 2506 to doskona\u0142y wyb\u00f3r dla firm oczekuj\u0105cych wydajno\u015bci, trwa\u0142o\u015bci i bezpiecze\u0144stwa.<\/p>\n<h3 data-start=\"1072\" data-end=\"1083\">\u0421\u0432\u044f\u0437\u0430\u0442\u044c\u0441\u044f \u0441<\/h3>\n<p data-start=\"1085\" data-end=\"1195\">Chcesz pozna\u0107 szczeg\u00f3\u0142y oferty, zapyta\u0107 o cen\u0119 lub um\u00f3wi\u0107 si\u0119 na prezentacj\u0119 maszyny?<br data-start=\"1170\" data-end=\"1173\" \/>Skontaktuj si\u0119 z nami:<\/p>","protected":false},"featured_media":457449,"template":"","meta":[],"product_brand":[1570],"product_cat":[1615,861],"product_tag":[],"class_list":{"0":"post-440781","1":"product","2":"type-product","3":"status-publish","4":"has-post-thumbnail","6":"product_brand-zoomlion","7":"product_cat-sprzedaz-ladowarki-teleskopowe-zoomlion","8":"product_cat-sprzedaz","9":"pa_kategoria-teleskopowe","10":"pa_max-udzwig-kg-1617","11":"pa_naped-4x4-2","12":"pa_naped-4x4-crab-4x2","13":"pa_praca-na-zewnatrz-i-w-srodku","14":"pa_rodzaj-spalinowy","15":"pa_waga-kg-1619","16":"pa_wys-robocza-m-6-1","17":"pa_zasieg-boczny-m-3-5","18":"infinite-scroll-item","19":"","20":"woocommerce-text-align-center","21":"woocommerce-image-align-center","22":"do-quantity-buttons","24":"first","25":"instock","26":"shipping-taxable","27":"product-type-simple"},"_links":{"self":[{"href":"https:\/\/www.bacpolska.pl\/ru\/wp-json\/wp\/v2\/product\/440781","targetHints":{"allow":["GET"]}}],"collection":[{"href":"https:\/\/www.bacpolska.pl\/ru\/wp-json\/wp\/v2\/product"}],"about":[{"href":"https:\/\/www.bacpolska.pl\/ru\/wp-json\/wp\/v2\/types\/product"}],"wp:featuredmedia":[{"embeddable":true,"href":"https:\/\/www.bacpolska.pl\/ru\/wp-json\/wp\/v2\/media\/457449"}],"wp:attachment":[{"href":"https:\/\/www.bacpolska.pl\/ru\/wp-json\/wp\/v2\/media?parent=440781"}],"wp:term":[{"taxonomy":"product_brand","embeddable":true,"href":"https:\/\/www.bacpolska.pl\/ru\/wp-json\/wp\/v2\/product_brand?post=440781"},{"taxonomy":"product_cat","embeddable":true,"href":"https:\/\/www.bacpolska.pl\/ru\/wp-json\/wp\/v2\/product_cat?post=440781"},{"taxonomy":"product_tag","embeddable":true,"href":"https:\/\/www.bacpolska.pl\/ru\/wp-json\/wp\/v2\/product_tag?post=440781"}],"curies":[{"name":"wp","href":"https:\/\/api.w.org\/{rel}","templated":true}]}}