{"id":389722,"date":"2022-01-10T12:55:09","date_gmt":"2022-01-10T11:55:09","guid":{"rendered":"https:\/\/www.bacpolska.pl\/transport\/"},"modified":"2024-01-25T15:10:05","modified_gmt":"2024-01-25T14:10:05","slug":"doprava","status":"publish","type":"page","link":"https:\/\/www.bacpolska.pl\/sk\/transport\/","title":{"rendered":"Preprava v\u00fd\u0165ahom"},"content":{"rendered":"<div class=\"gb-container gb-container-b5b90694\"><div class=\"gb-inside-container\">\n<div class=\"gb-grid-wrapper gb-grid-wrapper-30351cd7\">\n<div class=\"gb-grid-column gb-grid-column-27b76bc9\"><div class=\"gb-container gb-container-27b76bc9\"><div class=\"gb-inside-container\">\n\n<h2 class=\"gb-headline gb-headline-3ae41554 gb-headline-text\">Preprava v\u00fd\u0165ahov, schodiskov\u00fdch plo\u0161\u00edn, mobiln\u00fdch plo\u0161\u00edn v Po\u013esku a Eur\u00f3pe<\/h2>\n\n\n\n<p>Prenajat\u00e9 vybavenie dod\u00e1vame <strong>vlastn\u00e1 doprava<\/strong> v celom Po\u013esku. Na\u0161e aktivity sa v\u0161ak neobmedzuj\u00fa len na pr\u00e1cu v na\u0161ej krajine. Sme schopn\u00ed poskytova\u0165 <strong>v\u00fd\u0165ahy, schodiskov\u00e9 v\u00fd\u0165ahy a mobiln\u00e9 plo\u0161iny<\/strong> kdeko\u013evek v Eur\u00f3pe, \u010d\u00edm sme sa stali l\u00eddrom v tomto odvetv\u00ed. <strong>predaj a pren\u00e1jom <\/strong>mobiln\u00e9 platformy.<\/p>\n\n<\/div><\/div><\/div>\n\n<div class=\"gb-grid-column gb-grid-column-9c0e79d9\"><div class=\"gb-container gb-container-9c0e79d9\"><div class=\"gb-inside-container\">\n\n<figure class=\"wp-block-image size-full\"><img decoding=\"async\" width=\"1024\" height=\"768\" data-src=\"https:\/\/www.bacpolska.pl\/wp-content\/smush-webp\/2022\/04\/transport-podnosnikow-zwyzek-podestow-ruchomych-w-polsce-europie.jpg.webp\" alt=\"preprava vysokozdvi\u017en\u00fdmi voz\u00edkmi v po\u013esku eur\u00f3pa\" class=\"wp-image-400003 lazyload\" title=\"\" data-srcset=\"https:\/\/www.bacpolska.pl\/wp-content\/smush-webp\/2022\/04\/transport-podnosnikow-zwyzek-podestow-ruchomych-w-polsce-europie.jpg.webp 1024w, https:\/\/www.bacpolska.pl\/wp-content\/smush-webp\/2022\/04\/transport-podnosnikow-zwyzek-podestow-ruchomych-w-polsce-europie-64x48.jpg.webp 64w, https:\/\/www.bacpolska.pl\/wp-content\/uploads\/2022\/04\/transport-podnosnikow-zwyzek-podestow-ruchomych-w-polsce-europie-300x225.jpg 300w, https:\/\/www.bacpolska.pl\/wp-content\/uploads\/2022\/04\/transport-podnosnikow-zwyzek-podestow-ruchomych-w-polsce-europie-768x576.jpg 768w, https:\/\/www.bacpolska.pl\/wp-content\/uploads\/2022\/04\/transport-podnosnikow-zwyzek-podestow-ruchomych-w-polsce-europie-360x270.jpg 360w\" data-sizes=\"(max-width: 1024px) 100vw, 1024px\" src=\"data:image\/svg+xml;base64,PHN2ZyB3aWR0aD0iMSIgaGVpZ2h0PSIxIiB4bWxucz0iaHR0cDovL3d3dy53My5vcmcvMjAwMC9zdmciPjwvc3ZnPg==\" style=\"--smush-placeholder-width: 1024px; --smush-placeholder-aspect-ratio: 1024\/768;\" data-smush-webp-fallback=\"{&quot;data-src&quot;:&quot;https:\\\/\\\/www.bacpolska.pl\\\/wp-content\\\/uploads\\\/2022\\\/04\\\/transport-podnosnikow-zwyzek-podestow-ruchomych-w-polsce-europie.jpg&quot;,&quot;data-srcset&quot;:&quot;https:\\\/\\\/www.bacpolska.pl\\\/wp-content\\\/uploads\\\/2022\\\/04\\\/transport-podnosnikow-zwyzek-podestow-ruchomych-w-polsce-europie.jpg 1024w, https:\\\/\\\/www.bacpolska.pl\\\/wp-content\\\/uploads\\\/2022\\\/04\\\/transport-podnosnikow-zwyzek-podestow-ruchomych-w-polsce-europie-64x48.jpg 64w, https:\\\/\\\/www.bacpolska.pl\\\/wp-content\\\/uploads\\\/2022\\\/04\\\/transport-podnosnikow-zwyzek-podestow-ruchomych-w-polsce-europie-300x225.jpg 300w, https:\\\/\\\/www.bacpolska.pl\\\/wp-content\\\/uploads\\\/2022\\\/04\\\/transport-podnosnikow-zwyzek-podestow-ruchomych-w-polsce-europie-768x576.jpg 768w, https:\\\/\\\/www.bacpolska.pl\\\/wp-content\\\/uploads\\\/2022\\\/04\\\/transport-podnosnikow-zwyzek-podestow-ruchomych-w-polsce-europie-360x270.jpg 360w&quot;}\" \/><\/figure>\n\n<\/div><\/div><\/div>\n\n<div class=\"gb-grid-column gb-grid-column-304b9b80\"><div class=\"gb-container gb-container-304b9b80\"><div class=\"gb-inside-container\">\n\n<figure class=\"wp-block-image size-full\"><img decoding=\"async\" width=\"1024\" height=\"766\" data-src=\"https:\/\/www.bacpolska.pl\/wp-content\/uploads\/2022\/04\/wlasna-flota-transportowa.jpg\" alt=\"vlastn\u00fd dopravn\u00fd park\" class=\"wp-image-400006 lazyload\" title=\"\" data-srcset=\"https:\/\/www.bacpolska.pl\/wp-content\/uploads\/2022\/04\/wlasna-flota-transportowa.jpg 1024w, https:\/\/www.bacpolska.pl\/wp-content\/smush-webp\/2022\/04\/wlasna-flota-transportowa-64x48.jpg.webp 64w, https:\/\/www.bacpolska.pl\/wp-content\/uploads\/2022\/04\/wlasna-flota-transportowa-300x224.jpg 300w, https:\/\/www.bacpolska.pl\/wp-content\/uploads\/2022\/04\/wlasna-flota-transportowa-768x575.jpg 768w, https:\/\/www.bacpolska.pl\/wp-content\/smush-webp\/2022\/04\/wlasna-flota-transportowa-16x12.jpg.webp 16w, https:\/\/www.bacpolska.pl\/wp-content\/uploads\/2022\/04\/wlasna-flota-transportowa-360x269.jpg 360w\" data-sizes=\"(max-width: 1024px) 100vw, 1024px\" src=\"data:image\/svg+xml;base64,PHN2ZyB3aWR0aD0iMSIgaGVpZ2h0PSIxIiB4bWxucz0iaHR0cDovL3d3dy53My5vcmcvMjAwMC9zdmciPjwvc3ZnPg==\" style=\"--smush-placeholder-width: 1024px; --smush-placeholder-aspect-ratio: 1024\/766;\" data-smush-webp-fallback=\"{&quot;data-srcset&quot;:&quot;https:\\\/\\\/www.bacpolska.pl\\\/wp-content\\\/uploads\\\/2022\\\/04\\\/wlasna-flota-transportowa.jpg 1024w, https:\\\/\\\/www.bacpolska.pl\\\/wp-content\\\/uploads\\\/2022\\\/04\\\/wlasna-flota-transportowa-64x48.jpg 64w, https:\\\/\\\/www.bacpolska.pl\\\/wp-content\\\/uploads\\\/2022\\\/04\\\/wlasna-flota-transportowa-300x224.jpg 300w, https:\\\/\\\/www.bacpolska.pl\\\/wp-content\\\/uploads\\\/2022\\\/04\\\/wlasna-flota-transportowa-768x575.jpg 768w, https:\\\/\\\/www.bacpolska.pl\\\/wp-content\\\/uploads\\\/2022\\\/04\\\/wlasna-flota-transportowa-16x12.jpg 16w, https:\\\/\\\/www.bacpolska.pl\\\/wp-content\\\/uploads\\\/2022\\\/04\\\/wlasna-flota-transportowa-360x269.jpg 360w&quot;}\" \/><\/figure>\n\n<\/div><\/div><\/div>\n\n<div class=\"gb-grid-column gb-grid-column-fc815922\"><div class=\"gb-container gb-container-fc815922\"><div class=\"gb-inside-container\">\n\n<h3 class=\"gb-headline gb-headline-d6fae0aa gb-headline-text\"><strong>Vlastn\u00fd dopravn\u00fd park<\/strong><\/h3>\n\n\n\n<p>Spolo\u010dnos\u0165 BAC Polska disponuje mno\u017estvom n\u00e1kladn\u00fdch vozidiel, n\u00edzkon\u00e1kladov\u00fdch n\u00e1vesov a k\u013abov\u00fdch n\u00e1kladn\u00fdch vozidiel pripraven\u00fdch na prepravu prenajat\u00e9ho tovaru. <strong>v\u00fd\u0165ahy, v\u00fdlo\u017en\u00edky, mobiln\u00e9 plo\u0161iny.<\/strong><\/p>\n\n\n\n<p>Ka\u017ed\u00e9 z na\u0161ich vozidiel je \u0161peci\u00e1lne prisp\u00f4soben\u00e9 na prepravu strojov, ktor\u00e9 prenaj\u00edmame, tak\u017ee vykladanie m\u00f4\u017ee prebieha\u0165 na \u00farovni rampy alebo zeme.<\/p>\n\n\n\n<p>V na\u0161om vozovom parku nech\u00fdbaj\u00fa servisn\u00e9 vozidl\u00e1, ktor\u00e9 s\u00fa schopn\u00e9 dosta\u0165 sa k z\u00e1kazn\u00edkovi v <strong>kdeko\u013evek v Po\u013esku a Eur\u00f3pe!<\/strong><\/p>\n\n\n\n<p>V\u0161etky vozidl\u00e1 s\u00fa vybaven\u00e9 satelitnou navig\u00e1ciou GPS, ako aj vysiela\u010dkou CB, tak\u017ee \u010das prepravy sa skr\u00e1ti na minimum.<\/p>\n\n<\/div><\/div><\/div>\n\n<div class=\"gb-grid-column gb-grid-column-1bcb0ad0\"><div class=\"gb-container gb-container-1bcb0ad0\"><div class=\"gb-inside-container\">\n\n<p><\/p>\n\n\n\n<h3 class=\"gb-headline gb-headline-ad54c056 gb-headline-text\"><strong>Pohodlie a bezpe\u010dnos\u0165 v doprave<\/strong><\/h3>\n\n\n\n<p>V\u00e1\u017een\u00fd z\u00e1kazn\u00edk, nemus\u00edte sa stara\u0165 o zabezpe\u010denie dopravy, pr\u00eddeme s va\u0161im zak\u00fapen\u00fdm alebo prenajat\u00fdm vybaven\u00edm na ur\u010den\u00e9 miesto!<\/p>\n\n\n\n<p>Pri objednan\u00ed na\u0161ej slu\u017eby m\u00e1te zaru\u010den\u00e9. <strong>r\u00fdchla a bezpe\u010dn\u00e1 preprava<\/strong> prenajat\u00e9 <strong>v\u00fd\u0165ahy, v\u00fdlo\u017en\u00edky, mobiln\u00e9 plo\u0161iny<\/strong>.<\/p>\n\n\n\n<p>O v\u0161etky ot\u00e1zky t\u00fdkaj\u00face sa pl\u00e1novania prepravy, logistiky a in\u00fdch problematick\u00fdch z\u00e1le\u017eitost\u00ed s\u00favisiacich s dokument\u00e1ciou, poisten\u00edm a bezpe\u010dnos\u0165ou prepravy sa postaraj\u00fa na\u0161i kvalifikovan\u00ed pracovn\u00edci.<\/p>\n\n\n\n<p>Na\u0161a doprava je ide\u00e1lnym rie\u0161en\u00edm pre ka\u017ed\u00e9ho, kto h\u013ead\u00e1 <strong>v\u00fd\u0165ahy<\/strong> s mo\u017en\u00fdm pr\u00edstupom k cie\u013eu.<\/p>\n\n\n\n<p>Poskytujeme profesion\u00e1lne slu\u017eby!<\/p>\n\n<\/div><\/div><\/div>\n\n<div class=\"gb-grid-column gb-grid-column-f21848c4\"><div class=\"gb-container gb-container-f21848c4\"><div class=\"gb-inside-container\">\n\n<figure class=\"wp-block-image size-large\"><img decoding=\"async\" width=\"1024\" height=\"768\" data-src=\"https:\/\/www.bacpolska.pl\/wp-content\/uploads\/2022\/01\/transport-bac-polska3.jpg\" alt=\"doprava bac po\u013esko3\" class=\"wp-image-390929 lazyload\" title=\"\" data-srcset=\"https:\/\/www.bacpolska.pl\/wp-content\/uploads\/2022\/01\/transport-bac-polska3.jpg 1024w, https:\/\/www.bacpolska.pl\/wp-content\/smush-webp\/2022\/01\/transport-bac-polska3-64x48.jpg.webp 64w, https:\/\/www.bacpolska.pl\/wp-content\/uploads\/2022\/01\/transport-bac-polska3-360x270.jpg 360w, https:\/\/www.bacpolska.pl\/wp-content\/uploads\/2022\/01\/transport-bac-polska3-300x225.jpg 300w, https:\/\/www.bacpolska.pl\/wp-content\/uploads\/2022\/01\/transport-bac-polska3-768x576.jpg 768w\" data-sizes=\"(max-width: 1024px) 100vw, 1024px\" src=\"data:image\/svg+xml;base64,PHN2ZyB3aWR0aD0iMSIgaGVpZ2h0PSIxIiB4bWxucz0iaHR0cDovL3d3dy53My5vcmcvMjAwMC9zdmciPjwvc3ZnPg==\" style=\"--smush-placeholder-width: 1024px; --smush-placeholder-aspect-ratio: 1024\/768;\" data-smush-webp-fallback=\"{&quot;data-srcset&quot;:&quot;https:\\\/\\\/www.bacpolska.pl\\\/wp-content\\\/uploads\\\/2022\\\/01\\\/transport-bac-polska3.jpg 1024w, https:\\\/\\\/www.bacpolska.pl\\\/wp-content\\\/uploads\\\/2022\\\/01\\\/transport-bac-polska3-64x48.jpg 64w, https:\\\/\\\/www.bacpolska.pl\\\/wp-content\\\/uploads\\\/2022\\\/01\\\/transport-bac-polska3-360x270.jpg 360w, https:\\\/\\\/www.bacpolska.pl\\\/wp-content\\\/uploads\\\/2022\\\/01\\\/transport-bac-polska3-300x225.jpg 300w, https:\\\/\\\/www.bacpolska.pl\\\/wp-content\\\/uploads\\\/2022\\\/01\\\/transport-bac-polska3-768x576.jpg 768w&quot;}\" \/><\/figure>\n\n<\/div><\/div><\/div>\n<\/div>\n\n<div class=\"gb-container gb-container-3f5ce321\"><div class=\"gb-inside-container\">\n\n<h3 class=\"gb-headline gb-headline-824fa355 gb-headline-text\"><strong>Na\u0161a z\u00e1ruka<\/strong><\/h3>\n\n\n\n<blockquote class=\"wp-block-quote is-style-plain is-layout-flow wp-block-quote-is-layout-flow\" style=\"font-style:normal;font-weight:500\">\n<p><em>Dod\u00e1van\u00e9 stroje v\u017edy riadne zabezpe\u010d\u00edme.<\/em><\/p>\n<cite><br><\/cite><\/blockquote>\n\n\n\n<p>N\u00e1\u0161 profesion\u00e1lny pr\u00edstup k pr\u00e1ci a neobmedzen\u00e9 mo\u017enosti, ktor\u00e9 pon\u00faka na\u0161e vybavenie, n\u00e1m umo\u017e\u0148uj\u00fa postara\u0165 sa o blaho prenajat\u00e9ho zariadenia a spokojnos\u0165 klienta.<\/p>\n\n\n\n<p>Vyv\u00edjame maxim\u00e1lne \u00fasilie, aby sme zabezpe\u010dili, \u017ee prenajat\u00e9 alebo zak\u00fapen\u00e9 <strong>v\u00fd\u0165ahy, mobiln\u00e9 plo\u0161iny, vysokozdvi\u017en\u00e9 plo\u0161iny<\/strong> pr\u00edde na\u010das a v perfektnom stave. Dostaneme v\u00e1s kamko\u013evek! N\u00e1kup v\u00fd\u0165ahov vo Var\u0161ave, Vroclave, Krakove, Katoviciach, Poznani, Lod\u017ei, \u0160tet\u00edne alebo Gdansku bude mimoriadne jednoduch\u00fd. <\/p>\n\n\n\n<p>Na\u0161i vodi\u010di sa k z\u00e1kazn\u00edkovi dostan\u00fa \u010do najr\u00fdchlej\u0161ie! <strong>Ur\u010denie miesta a \u010dasu<\/strong> a u\u017eite si profesion\u00e1lne vybavenie, dod\u00e1vku a servis najvy\u0161\u0161ej kvality!&nbsp;<\/p>\n\n<\/div><\/div>\n\n\n<div class=\"wp-block-group\"><div class=\"wp-block-group__inner-container is-layout-flow wp-block-group-is-layout-flow\">\n<div class=\"wp-block-columns is-layout-flex wp-container-core-columns-is-layout-9d6595d7 wp-block-columns-is-layout-flex\">\n<div class=\"wp-block-column is-layout-flow wp-block-column-is-layout-flow\" style=\"flex-basis:50%\">\n<h3 class=\"gb-headline gb-headline-4557300c gb-headline-text\">N\u00e1klady na dopravu z\u00e1visia od:<\/h3>\n\n\n\n<ul class=\"lista_ikonki has-global-color-8-background-color has-background wp-block-list\">\n<li>ve\u013ekos\u0165 zariadenia (hmotnos\u0165)<\/li>\n\n\n\n<li>vzdialenosti do miesta dodania<\/li>\n\n\n\n<li>mno\u017estvo prenajat\u00e9ho vybavenia<\/li>\n<\/ul>\n<\/div>\n\n\n\n<div class=\"wp-block-column is-layout-flow wp-block-column-is-layout-flow\" style=\"flex-basis:50%\">\n<h3 class=\"gb-headline gb-headline-aa5b02e4 gb-headline-text\">Pri preprave v\u00fd\u0165ahov poskytujeme:<\/h3>\n\n\n\n<ul class=\"lista_ikonki has-global-color-8-background-color has-background wp-block-list\">\n<li>bezpe\u010dn\u00e1 preprava na\u0161ich zdv\u00edhac\u00edch plo\u0161\u00edn, v\u00fdlo\u017en\u00edkov, mobiln\u00fdch plo\u0161\u00edn, strojov<\/li>\n\n\n\n<li>doru\u010denie a zber<\/li>\n\n\n\n<li>v\u00fdhodn\u00e9 ceny dod\u00e1vok<\/li>\n\n\n\n<li>flexibiln\u00e9 dodacie lehoty<\/li>\n\n\n\n<li>plne profesion\u00e1lna podpora<\/li>\n<\/ul>\n<\/div>\n<\/div>\n<\/div><\/div>\n\n<\/div><\/div>\n\n<div class=\"gb-container gb-container-301fdaa8\"><div class=\"gb-inside-container\">\n<div class=\"gb-grid-wrapper gb-grid-wrapper-48e94e48\">\n<div class=\"gb-grid-column gb-grid-column-348215a3\"><div class=\"gb-container gb-container-348215a3\"><div class=\"gb-inside-container\">\n\n<h3 class=\"gb-headline gb-headline-83877a47 gb-headline-text\">Ako vyrie\u0161ite podrobnosti o preprave?<\/h3>\n\n\n\n<p class=\"gb-headline gb-headline-cdafa845 gb-headline-text\">Ak si chcete dohodn\u00fa\u0165 prepravu, jednoducho n\u00e1s kontaktujte a <strong>ur\u010di\u0165 miesto a \u010das<\/strong>ke\u010f potrebujete stroj! O zvy\u0161ok sa postar\u00e1me my!<\/p>\n\n\n\n<p class=\"gb-headline gb-headline-abd85e4d gb-headline-text\">Rozhodnite sa o <strong>k\u00fapa alebo pren\u00e1jom<\/strong> dnes!<\/p>\n\n\n\n<p>Te\u0161\u00edme sa na spolupr\u00e1cu s vami a <strong>Te\u0161\u00edme sa na va\u0161e spr\u00e1vy!<\/strong><\/p>\n\n<\/div><\/div><\/div>\n\n<div class=\"gb-grid-column gb-grid-column-5f532c9c\"><div class=\"gb-container gb-container-5f532c9c\"><div class=\"gb-inside-container\">\n<div class=\"gb-button-wrapper gb-button-wrapper-40f6ebbc\">\n\n<a class=\"gb-button gb-button-8aa839a0 gb-button-text\" href=\"https:\/\/www.bacpolska.pl\/kontakt\/kostrzyn-nad-odra\/\">Kontaktujte n\u00e1s<\/a>\n\n<\/div>\n<\/div><\/div><\/div>\n<\/div>\n<\/div><\/div>\n\n\n<p><\/p>","protected":false},"excerpt":{"rendered":"","protected":false},"author":1,"featured_media":0,"parent":0,"menu_order":0,"comment_status":"open","ping_status":"open","template":"","meta":{"footnotes":""},"class_list":{"0":"post-389722","1":"page","2":"type-page","3":"status-publish","5":"infinite-scroll-item"},"_links":{"self":[{"href":"https:\/\/www.bacpolska.pl\/sk\/wp-json\/wp\/v2\/pages\/389722","targetHints":{"allow":["GET"]}}],"collection":[{"href":"https:\/\/www.bacpolska.pl\/sk\/wp-json\/wp\/v2\/pages"}],"about":[{"href":"https:\/\/www.bacpolska.pl\/sk\/wp-json\/wp\/v2\/types\/page"}],"author":[{"embeddable":true,"href":"https:\/\/www.bacpolska.pl\/sk\/wp-json\/wp\/v2\/users\/1"}],"replies":[{"embeddable":true,"href":"https:\/\/www.bacpolska.pl\/sk\/wp-json\/wp\/v2\/comments?post=389722"}],"version-history":[{"count":0,"href":"https:\/\/www.bacpolska.pl\/sk\/wp-json\/wp\/v2\/pages\/389722\/revisions"}],"wp:attachment":[{"href":"https:\/\/www.bacpolska.pl\/sk\/wp-json\/wp\/v2\/media?parent=389722"}],"curies":[{"name":"wp","href":"https:\/\/api.w.org\/{rel}","templated":true}]}}