{"id":391422,"date":"2022-02-08T09:01:19","date_gmt":"2022-02-08T08:01:19","guid":{"rendered":"https:\/\/www.bacpolska.pl\/?page_id=391422"},"modified":"2023-06-20T14:37:49","modified_gmt":"2023-06-20T12:37:49","slug":"lizing","status":"publish","type":"page","link":"https:\/\/www.bacpolska.pl\/sk\/leasing\/","title":{"rendered":"L\u00edzing"},"content":{"rendered":"<p><strong>Spolo\u010dnos\u0165 BAC Polska<\/strong> s cie\u013eom kona\u0165 r\u00fdchlo a \u00fa\u010dinne spolupracoval s <strong>prenaj\u00edmate\u013e Santander Leasing.<\/strong><br><strong>M\u00e1me v\u0161etky mo\u017enosti, aby sme z\u00e1kazn\u00edkovi bezodkladne poskytli v\u00fdhodn\u00fa l\u00edzingov\u00fa ponuku.<\/strong><br>V pr\u00edpade \u00faverov do 200 000 PLN, s kompletn\u00fdm s\u00faborom potrebn\u00fdch dokumentov (vyplnenou \u017eiados\u0165ou), z\u00edskame rozhodnutie o l\u00edzingu&nbsp;<strong>do 2 hod\u00edn bez zbyto\u010dnej byrokracie. Na druhej strane, financovanie prebieha do 24 hod\u00edn.<\/strong><\/p>\n\n\n\n<p>Santander Leasing (predt\u00fdm BZ WBK Leasing), dlhoro\u010dn\u00fd l\u00edder v oblasti financovania<strong> stroje a zariadenia<\/strong>, <strong>patr\u00ed medzi najlep\u0161ie l\u00edzingov\u00e9 spolo\u010dnosti<\/strong>. Ako univerz\u00e1lny prenaj\u00edmate\u013e pon\u00faka financovanie \u0161irokej \u0161k\u00e1ly dlhodob\u00e9ho majetku mal\u00fdm a stredn\u00fdm podnikom a firemn\u00fdm z\u00e1kazn\u00edkom.  Spolo\u010dnos\u0165 sa \u0161pecializuje na financovanie v\u0161etk\u00fdch dopravn\u00fdch prostriedkov. Okrem toho je ponuka prisp\u00f4soben\u00e1 \u0161pecifick\u00fdm profesijn\u00fdm skupin\u00e1m .<\/p>\n\n\n\n<p>Spolo\u010dnos\u0165 zaklad\u00e1 svoju obchodn\u00fa \u010dinnos\u0165 predov\u0161etk\u00fdm na partnersk\u00fdch programoch, \u010d\u00edm pon\u00faka slu\u017eby a finan\u010dn\u00e9 rie\u0161enia, ktor\u00e9 zodpovedaj\u00fa meniacim sa potreb\u00e1m trhu.<\/p>","protected":false},"excerpt":{"rendered":"","protected":false},"author":1,"featured_media":0,"parent":0,"menu_order":0,"comment_status":"closed","ping_status":"closed","template":"","meta":{"footnotes":""},"class_list":{"0":"post-391422","1":"page","2":"type-page","3":"status-publish","5":"infinite-scroll-item"},"_links":{"self":[{"href":"https:\/\/www.bacpolska.pl\/sk\/wp-json\/wp\/v2\/pages\/391422","targetHints":{"allow":["GET"]}}],"collection":[{"href":"https:\/\/www.bacpolska.pl\/sk\/wp-json\/wp\/v2\/pages"}],"about":[{"href":"https:\/\/www.bacpolska.pl\/sk\/wp-json\/wp\/v2\/types\/page"}],"author":[{"embeddable":true,"href":"https:\/\/www.bacpolska.pl\/sk\/wp-json\/wp\/v2\/users\/1"}],"replies":[{"embeddable":true,"href":"https:\/\/www.bacpolska.pl\/sk\/wp-json\/wp\/v2\/comments?post=391422"}],"version-history":[{"count":0,"href":"https:\/\/www.bacpolska.pl\/sk\/wp-json\/wp\/v2\/pages\/391422\/revisions"}],"wp:attachment":[{"href":"https:\/\/www.bacpolska.pl\/sk\/wp-json\/wp\/v2\/media?parent=391422"}],"curies":[{"name":"wp","href":"https:\/\/api.w.org\/{rel}","templated":true}]}}