{"id":391423,"date":"2022-02-08T09:02:09","date_gmt":"2022-02-08T08:02:09","guid":{"rendered":"https:\/\/www.bacpolska.pl\/?page_id=391423"},"modified":"2024-01-25T15:11:50","modified_gmt":"2024-01-25T14:11:50","slug":"dlhodoby-prenajom","status":"publish","type":"page","link":"https:\/\/www.bacpolska.pl\/sk\/wynajem-dlugoterminowy\/","title":{"rendered":"Dlhodob\u00fd pren\u00e1jom"},"content":{"rendered":"<p><strong>Spolo\u010dnos\u0165 BAC Polska pon\u00faka slu\u017ebu pren\u00e1jmu pre<\/strong>\u00a0<strong>dlhodob\u00e9, poskytuj\u00face<\/strong>\u00a0<strong>Z\u00e1kazn\u00edkovi cel\u00fd rad v\u00fdhod.<\/strong><\/p>\n\n\n\n<p><strong>Prostredn\u00edctvom dlhodob\u00e9ho pren\u00e1jmu <\/strong>ch\u00e1peme pren\u00e1jom zdv\u00edhacej plo\u0161iny alebo no\u017enicov\u00e9ho v\u00fd\u0165ahu na obdobie\u00a0<strong>dlh\u0161ie ako 12 mesiacov.<\/strong> Z\u00e1kazn\u00edk od n\u00e1s dostane zariadenie, ktor\u00e9 je k dispoz\u00edcii 24 hod\u00edn denne, 7 dn\u00ed v t\u00fd\u017edni a m\u00f4\u017ee ho kedyko\u013evek pou\u017e\u00edva\u0165, akoby bolo jeho vlastn\u00e9.<\/p>\n\n\n\n<p>V pr\u00edpade dlhodob\u00e9ho pren\u00e1jmu sa v\u0161etky prev\u00e1dzkov\u00e9 n\u00e1klady, ako napr. <strong>servis, in\u0161pekcie UDT, preprava<\/strong> s\u00fa na strane spolo\u010dnosti BAC Polska. T\u00fdmto sp\u00f4sobom z\u00e1kazn\u00edk v\u00fdrazne zni\u017euje n\u00e1klady na servis. Stroje, ktor\u00e9 pon\u00fakame na dlhodob\u00fd pren\u00e1jom, s\u00fa najmodernej\u0161ie, plne funk\u010dn\u00e9 a poskytuj\u00fa <strong>efekt\u00edvna a bezpe\u010dn\u00e1 pr\u00e1ca vo v\u00fd\u0161ke.<\/strong><\/p>\n\n\n\n<p><strong>Komu odpor\u00fa\u010dame dlhodob\u00fd pren\u00e1jom mobiln\u00fdch platforiem?<\/strong><\/p>\n\n\n\n<p>Mo\u017enos\u0165 dlhodob\u00e9ho pren\u00e1jmu v\u00fd\u0165ahov je okrem in\u00e9ho vynikaj\u00facim rie\u0161en\u00edm pre mnoh\u00e9 odvetvia:<\/p>\n\n\n\n<ul class=\"wp-block-list\"><li><strong>v priemyselnom sektore<\/strong>&nbsp;- v ka\u017edom v\u00fdrobnom z\u00e1vode sa postupne pou\u017e\u00edvaj\u00fa zdv\u00edhacie zariadenia na vykon\u00e1vanie \u00fadr\u017eby zariaden\u00ed alebo na priebe\u017en\u00e9 opravy stropn\u00fdch alebo osvet\u013eovac\u00edch zariaden\u00ed.<\/li><li><strong>v sektore logistiky a skladovania<\/strong>&nbsp;- V\u00fd\u0165ah, ktor\u00fd je v zariaden\u00ed k dispoz\u00edcii nepretr\u017eite, sa m\u00f4\u017ee pou\u017e\u00edva\u0165 na ka\u017edodenn\u00fa kompletiz\u00e1ciu, \u00fadr\u017ebu zariadenia a pravideln\u00e9 invent\u00fary.<\/li><li><strong>v stavebn\u00fdch a renova\u010dn\u00fdch diel\u0148ach<\/strong>&nbsp;- vynikaj\u00faca pomoc pri r\u00fdchlej preprave tovaru a pri ka\u017edodennej prev\u00e1dzke zariadenia, napr\u00edklad pri \u010disten\u00ed fas\u00e1dy alebo v\u00fdmene osvetlenia.<\/li><\/ul>\n\n\n\n<p><a href=\"https:\/\/www.bacpolska.pl\/sprzedaz\/nowe\/\" target=\"_blank\" rel=\"noreferrer noopener\"><strong>M\u00e1me pre v\u00e1s to najlep\u0161ie vybavenie s l\u00edtiov\u00fdmi bat\u00e9riami Zoomlion<\/strong>.<\/a><\/p>","protected":false},"excerpt":{"rendered":"","protected":false},"author":1,"featured_media":0,"parent":0,"menu_order":0,"comment_status":"closed","ping_status":"closed","template":"","meta":{"footnotes":""},"class_list":{"0":"post-391423","1":"page","2":"type-page","3":"status-publish","5":"infinite-scroll-item"},"_links":{"self":[{"href":"https:\/\/www.bacpolska.pl\/sk\/wp-json\/wp\/v2\/pages\/391423","targetHints":{"allow":["GET"]}}],"collection":[{"href":"https:\/\/www.bacpolska.pl\/sk\/wp-json\/wp\/v2\/pages"}],"about":[{"href":"https:\/\/www.bacpolska.pl\/sk\/wp-json\/wp\/v2\/types\/page"}],"author":[{"embeddable":true,"href":"https:\/\/www.bacpolska.pl\/sk\/wp-json\/wp\/v2\/users\/1"}],"replies":[{"embeddable":true,"href":"https:\/\/www.bacpolska.pl\/sk\/wp-json\/wp\/v2\/comments?post=391423"}],"version-history":[{"count":0,"href":"https:\/\/www.bacpolska.pl\/sk\/wp-json\/wp\/v2\/pages\/391423\/revisions"}],"wp:attachment":[{"href":"https:\/\/www.bacpolska.pl\/sk\/wp-json\/wp\/v2\/media?parent=391423"}],"curies":[{"name":"wp","href":"https:\/\/api.w.org\/{rel}","templated":true}]}}