{"id":407801,"date":"2022-06-22T11:51:06","date_gmt":"2022-06-22T09:51:06","guid":{"rendered":"https:\/\/www.bacpolska.pl\/?page_id=407801"},"modified":"2024-01-23T16:32:20","modified_gmt":"2024-01-23T15:32:20","slug":"historia-spolocnosti-bac-polsko","status":"publish","type":"page","link":"https:\/\/www.bacpolska.pl\/sk\/historia-firmy-bac-polska\/","title":{"rendered":"Hist\u00f3ria spolo\u010dnosti BAC Polska"},"content":{"rendered":"<div class=\"gb-container gb-container-b5b90694\"><div class=\"gb-inside-container\">\n<div class=\"gb-grid-wrapper gb-grid-wrapper-30351cd7\">\n<div class=\"gb-grid-column gb-grid-column-9c0e79d9\"><div class=\"gb-container gb-container-9c0e79d9\"><div class=\"gb-inside-container\">\n<div class=\"wp-block-image image-shadow img\">\n<figure class=\"aligncenter size-full\"><img decoding=\"async\" width=\"318\" height=\"107\" data-src=\"https:\/\/www.bacpolska.pl\/wp-content\/smush-webp\/2022\/01\/logo-bacpolska.png.webp\" alt=\"logo Bacpolska\" class=\"wp-image-389516 lazyload\" title=\"\" data-srcset=\"https:\/\/www.bacpolska.pl\/wp-content\/smush-webp\/2022\/01\/logo-bacpolska.png.webp 318w, https:\/\/www.bacpolska.pl\/wp-content\/smush-webp\/2022\/01\/logo-bacpolska-64x22.png.webp 64w, https:\/\/www.bacpolska.pl\/wp-content\/smush-webp\/2022\/01\/logo-bacpolska-300x101.png.webp 300w\" data-sizes=\"(max-width: 318px) 100vw, 318px\" src=\"data:image\/svg+xml;base64,PHN2ZyB3aWR0aD0iMSIgaGVpZ2h0PSIxIiB4bWxucz0iaHR0cDovL3d3dy53My5vcmcvMjAwMC9zdmciPjwvc3ZnPg==\" style=\"--smush-placeholder-width: 318px; --smush-placeholder-aspect-ratio: 318\/107;\" data-smush-webp-fallback=\"{&quot;data-src&quot;:&quot;https:\\\/\\\/www.bacpolska.pl\\\/wp-content\\\/uploads\\\/2022\\\/01\\\/logo-bacpolska.png&quot;,&quot;data-srcset&quot;:&quot;https:\\\/\\\/www.bacpolska.pl\\\/wp-content\\\/uploads\\\/2022\\\/01\\\/logo-bacpolska.png 318w, https:\\\/\\\/www.bacpolska.pl\\\/wp-content\\\/uploads\\\/2022\\\/01\\\/logo-bacpolska-64x22.png 64w, https:\\\/\\\/www.bacpolska.pl\\\/wp-content\\\/uploads\\\/2022\\\/01\\\/logo-bacpolska-300x101.png 300w&quot;}\" \/><\/figure>\n<\/div>\n<\/div><\/div><\/div>\n\n<div class=\"gb-grid-column gb-grid-column-27b76bc9\"><div class=\"gb-container gb-container-27b76bc9\"><div class=\"gb-inside-container\">\n\n<h2 class=\"gb-headline gb-headline-3ae41554 gb-headline-text\">Vznik spolo\u010dnosti BAC <\/h2>\n\n\n\n<p>Spolo\u010dnos\u0165 BAC BV bola zalo\u017een\u00e1 v roku 1985 v Holandsku ako rodinn\u00fd podnik. Od sam\u00e9ho za\u010diatku sa spolo\u010dnos\u0165 za\u010dala dynamicky rozv\u00edja\u0165 a poskytovala slu\u017eby v oblasti pren\u00e1jmu mobiln\u00fdch platforiem. Zalo\u017eenie spolo\u010dnosti bolo reakciou na vysok\u00fd dopyt po tomto type strojov na holandskom trhu. V d\u00f4sledku toho sa spolo\u010dnos\u0165 BAC BV za\u010dala r\u00fdchlo rozv\u00edja\u0165 a pon\u00fakala \u010doraz viac v\u00fd\u0165ahov na pren\u00e1jom a predaj.<\/p>\n\n<\/div><\/div><\/div>\n\n<div class=\"gb-grid-column gb-grid-column-fc815922\"><div class=\"gb-container gb-container-fc815922\"><div class=\"gb-inside-container\">\n\n<h2 class=\"gb-headline gb-headline-d6fae0aa gb-headline-text\">Rast na glob\u00e1lnych trhoch<\/h2>\n\n\n\n<p>U\u017e o nieko\u013eko rokov nesk\u00f4r za\u010dala spolo\u010dnos\u0165 expandova\u0165 do \u010fal\u0161\u00edch kraj\u00edn a otvorila pobo\u010dku v Po\u013esku. V roku 2002 zalo\u017eil spolo\u010dnos\u0165 BAC Polska p\u00e1n <strong>Geriit Baastian Slooijer<\/strong> a <strong>Dirk Jacobus Baca<\/strong>, ktor\u00e1 sa tak uk\u00e1zala ako pokra\u010dovate\u013eka holandsk\u00fdch trad\u00edci\u00ed a poskytuje slu\u017eby v oblasti mobiln\u00fdch platforiem vr\u00e1tane: <strong>no\u017enicov\u00e9 v\u00fd\u0165ahy<\/strong>, <strong>teleskopick\u00e9 manipul\u00e1tory<\/strong> a <strong>Vzdu\u0161n\u00e9 pracovn\u00e9 plo\u0161iny<\/strong>.<\/p>\n\n\n\n<p>Hlavn\u00e9 s\u00eddlo spolo\u010dnosti BAC Polska bolo otvoren\u00e9 v Kostrzyne nad Odrou v roku 2003. Sk\u00fasenosti z\u00edskan\u00e9 z pozorovania holandsk\u00e9ho rodinn\u00e9ho podniku umo\u017enili predsedom po\u013eskej pobo\u010dky \u00faspe\u0161ne realizova\u0165 opatrenia na rozvoj spolo\u010dnosti. N\u00e1kup \u010fal\u0161\u00edch pozemkov na \u010fal\u0161ie invest\u00edcie bol len ot\u00e1zkou \u010dasu. V\u00fdsledkom efekt\u00edvnej pr\u00e1ce bola u\u017e o nieko\u013eko rokov nesk\u00f4r v\u00fdstavba nov\u00fdch pobo\u010diek, ktor\u00e9 boli rozmiestnen\u00e9 po celom Po\u013esku. V roku 2006 bola otvoren\u00e1 pobo\u010dka v <strong>Nowa Wie\u015b Wroc\u0142awskie<\/strong>, v roku 2012 v <strong>Piotrk\u00f3w Trybunalski (Jarosty)<\/strong> a v roku 2016 v <strong>D\u0105browa G\u00f3rnicza.<\/strong><\/p>\n\n<\/div><\/div><\/div>\n\n<div class=\"gb-grid-column gb-grid-column-c49e88c1\"><div class=\"gb-container gb-container-c49e88c1\"><div class=\"gb-inside-container\">\n<div class=\"wp-block-image image-shadow img\">\n<figure class=\"aligncenter size-full\"><img decoding=\"async\" width=\"496\" height=\"367\" data-src=\"https:\/\/www.bacpolska.pl\/wp-content\/smush-webp\/2022\/06\/historia-firmy-BAC-Polska-01.jpg.webp\" alt=\"Hist\u00f3ria spolo\u010dnosti bac polska 01\" class=\"wp-image-407808 lazyload\" title=\"\" data-srcset=\"https:\/\/www.bacpolska.pl\/wp-content\/smush-webp\/2022\/06\/historia-firmy-BAC-Polska-01.jpg.webp 496w, https:\/\/www.bacpolska.pl\/wp-content\/smush-webp\/2022\/06\/historia-firmy-BAC-Polska-01-64x47.jpg.webp 64w, https:\/\/www.bacpolska.pl\/wp-content\/uploads\/2022\/06\/historia-firmy-BAC-Polska-01-300x222.jpg 300w, https:\/\/www.bacpolska.pl\/wp-content\/uploads\/2022\/06\/historia-firmy-BAC-Polska-01-360x266.jpg 360w\" data-sizes=\"(max-width: 496px) 100vw, 496px\" src=\"data:image\/svg+xml;base64,PHN2ZyB3aWR0aD0iMSIgaGVpZ2h0PSIxIiB4bWxucz0iaHR0cDovL3d3dy53My5vcmcvMjAwMC9zdmciPjwvc3ZnPg==\" style=\"--smush-placeholder-width: 496px; --smush-placeholder-aspect-ratio: 496\/367;\" data-smush-webp-fallback=\"{&quot;data-src&quot;:&quot;https:\\\/\\\/www.bacpolska.pl\\\/wp-content\\\/uploads\\\/2022\\\/06\\\/historia-firmy-BAC-Polska-01.jpg&quot;,&quot;data-srcset&quot;:&quot;https:\\\/\\\/www.bacpolska.pl\\\/wp-content\\\/uploads\\\/2022\\\/06\\\/historia-firmy-BAC-Polska-01.jpg 496w, https:\\\/\\\/www.bacpolska.pl\\\/wp-content\\\/uploads\\\/2022\\\/06\\\/historia-firmy-BAC-Polska-01-64x47.jpg 64w, https:\\\/\\\/www.bacpolska.pl\\\/wp-content\\\/uploads\\\/2022\\\/06\\\/historia-firmy-BAC-Polska-01-300x222.jpg 300w, https:\\\/\\\/www.bacpolska.pl\\\/wp-content\\\/uploads\\\/2022\\\/06\\\/historia-firmy-BAC-Polska-01-360x266.jpg 360w&quot;}\" \/><\/figure>\n<\/div>\n<\/div><\/div><\/div>\n<\/div>\n\n\n<p><\/p>\n\n\n<div class=\"gb-container gb-container-fec61585\"><div class=\"gb-inside-container\">\n\n<h2 class=\"gb-headline gb-headline-d4b26c43 gb-headline-text\">\u010casov\u00e1 os<\/h2>\n\n\n<div class=\"gb-container gb-container-61aad81b\"><div class=\"gb-inside-container\">\n\n<p class=\"gb-headline gb-headline-6b16b964 gb-headline-text\">1985 r. - Zalo\u017eenie spolo\u010dnosti BAC BV<\/p>\n\n\n<div class=\"gb-container gb-container-b4a3598a\"><div class=\"gb-inside-container\">\n\n<p class=\"gb-headline gb-headline-c66ede76 gb-headline-text\">2002 r. - Zalo\u017eenie spolo\u010dnosti BAC Polska<\/p>\n\n\n<div class=\"gb-container gb-container-48596116\"><div class=\"gb-inside-container\">\n\n<p class=\"gb-headline gb-headline-c6058756 gb-headline-text\">2003 r. - Otvorenie centr\u00e1ly v Kostrzyne nad Odrou<\/p>\n\n\n<div class=\"gb-container gb-container-5486e19a\"><div class=\"gb-inside-container\">\n\n<p class=\"gb-headline gb-headline-36709b35 gb-headline-text\">2006 r. - Otvorenie pobo\u010dky v meste Nowa Wie\u015b Wroc\u0142awska<\/p>\n\n\n<div class=\"gb-container gb-container-bb8483c9\"><div class=\"gb-inside-container\">\n\n<p class=\"gb-headline gb-headline-98ec158a gb-headline-text\">2012 r. - Otvorenie pobo\u010dky v meste Piotrk\u00f3w Trybunalski<\/p>\n\n\n<div class=\"gb-container gb-container-d3ef3676\"><div class=\"gb-inside-container\">\n\n<p class=\"gb-headline gb-headline-2c368a58 gb-headline-text\">2016 r. - Otvorenie pobo\u010dky v D\u0105browej G\u00f3rniczej<\/p>\n\n\n<div class=\"gb-container gb-container-db95ce2c\"><div class=\"gb-inside-container\">\n\n<p class=\"gb-headline gb-headline-8b1832c8 gb-headline-text\">2006 r. - BAC Polska z\u00e1stupca zna\u010dky MEC<\/p>\n\n\n<div class=\"gb-container gb-container-7766d4f1\"><div class=\"gb-inside-container\">\n\n<p class=\"gb-headline gb-headline-ae4adbb5 gb-headline-text\">2007 r. - BAC Polska z\u00e1stupca zna\u010dky UpRight<\/p>\n\n\n<div class=\"gb-container gb-container-6895a863\"><div class=\"gb-inside-container\">\n\n<p class=\"gb-headline gb-headline-d5b4a8e9 gb-headline-text\">2020 r. - BAC Polska autorizovan\u00fd predajca zna\u010dky Zoomlion<\/p>\n\n<\/div><\/div>\n<\/div><\/div>\n<\/div><\/div>\n<\/div><\/div>\n<\/div><\/div>\n<\/div><\/div>\n<\/div><\/div>\n<\/div><\/div>\n<\/div><\/div>\n<\/div><\/div>\n\n<div class=\"gb-grid-wrapper gb-grid-wrapper-f9a65bfd\">\n<div class=\"gb-grid-column gb-grid-column-765ed59a\"><div class=\"gb-container gb-container-765ed59a\"><div class=\"gb-inside-container\">\n\n<figure class=\"wp-block-image size-large\"><a href=\"https:\/\/www.bacpolska.pl\/wp-content\/smush-webp\/2022\/06\/historia-firmy-BAC-Polska-02.jpg.webp\" data-smush-webp-fallback=\"{&quot;href&quot;:&quot;https:\\\/\\\/www.bacpolska.pl\\\/wp-content\\\/uploads\\\/2022\\\/06\\\/historia-firmy-BAC-Polska-02.jpg&quot;}\"><img decoding=\"async\" width=\"1024\" height=\"768\" data-src=\"https:\/\/www.bacpolska.pl\/wp-content\/uploads\/2022\/06\/historia-firmy-BAC-Polska-02-1024x768.jpg\" alt=\"Hist\u00f3ria spolo\u010dnosti bac polska 02\" class=\"wp-image-407809 lazyload\" title=\"\" data-srcset=\"https:\/\/www.bacpolska.pl\/wp-content\/uploads\/2022\/06\/historia-firmy-BAC-Polska-02-1024x768.jpg 1024w, https:\/\/www.bacpolska.pl\/wp-content\/smush-webp\/2022\/06\/historia-firmy-BAC-Polska-02-64x48.jpg.webp 64w, https:\/\/www.bacpolska.pl\/wp-content\/uploads\/2022\/06\/historia-firmy-BAC-Polska-02-300x225.jpg 300w, https:\/\/www.bacpolska.pl\/wp-content\/uploads\/2022\/06\/historia-firmy-BAC-Polska-02-768x576.jpg 768w, https:\/\/www.bacpolska.pl\/wp-content\/uploads\/2022\/06\/historia-firmy-BAC-Polska-02-360x270.jpg 360w, https:\/\/www.bacpolska.pl\/wp-content\/smush-webp\/2022\/06\/historia-firmy-BAC-Polska-02.jpg.webp 1440w\" data-sizes=\"(max-width: 1024px) 100vw, 1024px\" src=\"data:image\/svg+xml;base64,PHN2ZyB3aWR0aD0iMSIgaGVpZ2h0PSIxIiB4bWxucz0iaHR0cDovL3d3dy53My5vcmcvMjAwMC9zdmciPjwvc3ZnPg==\" style=\"--smush-placeholder-width: 1024px; --smush-placeholder-aspect-ratio: 1024\/768;\" data-smush-webp-fallback=\"{&quot;data-srcset&quot;:&quot;https:\\\/\\\/www.bacpolska.pl\\\/wp-content\\\/uploads\\\/2022\\\/06\\\/historia-firmy-BAC-Polska-02-1024x768.jpg 1024w, https:\\\/\\\/www.bacpolska.pl\\\/wp-content\\\/uploads\\\/2022\\\/06\\\/historia-firmy-BAC-Polska-02-64x48.jpg 64w, https:\\\/\\\/www.bacpolska.pl\\\/wp-content\\\/uploads\\\/2022\\\/06\\\/historia-firmy-BAC-Polska-02-300x225.jpg 300w, https:\\\/\\\/www.bacpolska.pl\\\/wp-content\\\/uploads\\\/2022\\\/06\\\/historia-firmy-BAC-Polska-02-768x576.jpg 768w, https:\\\/\\\/www.bacpolska.pl\\\/wp-content\\\/uploads\\\/2022\\\/06\\\/historia-firmy-BAC-Polska-02-360x270.jpg 360w, https:\\\/\\\/www.bacpolska.pl\\\/wp-content\\\/uploads\\\/2022\\\/06\\\/historia-firmy-BAC-Polska-02.jpg 1440w&quot;}\" \/><\/a><\/figure>\n\n<\/div><\/div><\/div>\n\n<div class=\"gb-grid-column gb-grid-column-acdd36d2\"><div class=\"gb-container gb-container-acdd36d2\"><div class=\"gb-inside-container\">\n\n<h2 class=\"gb-headline gb-headline-b384a866 gb-headline-text\">Spolupr\u00e1ca so zna\u010dkou Zoomlion<\/h2>\n\n\n\n<p>Po\u013esk\u00e1 pobo\u010dka spolu so svojimi tromi dc\u00e9rskymi spolo\u010dnos\u0165ami na\u010falej rastie a prosperuje v na\u0161ej krajine, kde pon\u00faka v\u00fd\u0165ahy na pren\u00e1jom a predaj. V\u010faka svojim \u00faspechom sa spolo\u010dnos\u0165 BAC Polska r\u00fdchlo stala l\u00eddrom na po\u013eskom trhu v sektore zdv\u00edhac\u00edch pracovn\u00fdch plo\u0161\u00edn.<\/p>\n\n\n\n<p>D\u00f4kazom dynamick\u00e9ho v\u00fdvoja bolo nadviazanie partnerstva so zna\u010dkou <a href=\"https:\/\/www.bacpolska.pl\/zoomlion\/\" target=\"_blank\" rel=\"noreferrer noopener\"><em>Zoomlion<\/em><\/a>, celosvetov\u00fd v\u00fdrobca stavebn\u00fdch strojov vr\u00e1tane mobiln\u00fdch plo\u0161\u00edn. V roku 2020 sa spolo\u010dnos\u0165 BAC Polska stala v\u00fdhradn\u00fdm predajcom v\u00fd\u0165ahov tejto zna\u010dky v Po\u013esku. Sme presved\u010den\u00ed, \u017ee plody tejto spolupr\u00e1ce budeme zbiera\u0165 e\u0161te dlh\u00e9 roky, ke\u010f\u017ee Zoomlion aj BAC maj\u00fa jasn\u00fd cie\u013e - cie\u013eavedome budova\u0165 strat\u00e9giu rastu na svetov\u00fdch a eur\u00f3pskych trhoch.<\/p>\n\n<\/div><\/div><\/div>\n\n<div class=\"gb-grid-column gb-grid-column-997ede34\"><div class=\"gb-container gb-container-997ede34\"><div class=\"gb-inside-container\">\n\n<h2 class=\"gb-headline gb-headline-c50990e2 gb-headline-text\">L\u00edder v oblasti predaja a pren\u00e1jmu zdv\u00edhac\u00edch voz\u00edkov<\/h2>\n\n\n\n<p>Partnerstvo so spolo\u010dnos\u0165ou Zoomlion n\u00e1m umo\u017e\u0148uje pon\u00faknu\u0165 z\u00e1kazn\u00edkom nov\u00e9 <strong>no\u017enicov\u00e9 v\u00fd\u0165ahy<\/strong> a <strong>teleskopick\u00e9 manipul\u00e1tory<\/strong> s r\u00f4znymi pracovn\u00fdmi v\u00fd\u0161kami. V na\u0161om strojovom parku v\u0161ak m\u00e1me mobiln\u00e9 plo\u0161iny e\u0161te od viacer\u00fdch svetov\u00fdch v\u00fdrobcov, t. j. JLG, Genie, UpRight, Liftlux, Holland Lift, Denka Lift, Haulotte, ktor\u00e9 poskytujeme na pren\u00e1jom.<\/p>\n\n\n\n<p>Medzit\u00fdm bola spolo\u010dnos\u0165 BAC Polska ofici\u00e1lnym z\u00e1stupcom dvoch zna\u010diek - MEC (2006) a UpRight (2007).<\/p>\n\n<\/div><\/div><\/div>\n\n<div class=\"gb-grid-column gb-grid-column-ad83e15e\"><div class=\"gb-container gb-container-ad83e15e\"><div class=\"gb-inside-container\">\n\n<figure class=\"wp-block-image size-large\"><a href=\"https:\/\/www.bacpolska.pl\/wp-content\/smush-webp\/2022\/06\/historia-firmy-BAC-Polska-03.jpg.webp\" data-smush-webp-fallback=\"{&quot;href&quot;:&quot;https:\\\/\\\/www.bacpolska.pl\\\/wp-content\\\/uploads\\\/2022\\\/06\\\/historia-firmy-BAC-Polska-03.jpg&quot;}\"><img decoding=\"async\" width=\"1024\" height=\"768\" data-src=\"https:\/\/www.bacpolska.pl\/wp-content\/uploads\/2022\/06\/historia-firmy-BAC-Polska-03-1024x768.jpg\" alt=\"hist\u00f3ria spolo\u010dnosti bac polska 03\" class=\"wp-image-407810 lazyload\" title=\"\" data-srcset=\"https:\/\/www.bacpolska.pl\/wp-content\/uploads\/2022\/06\/historia-firmy-BAC-Polska-03-1024x768.jpg 1024w, https:\/\/www.bacpolska.pl\/wp-content\/smush-webp\/2022\/06\/historia-firmy-BAC-Polska-03-64x48.jpg.webp 64w, https:\/\/www.bacpolska.pl\/wp-content\/uploads\/2022\/06\/historia-firmy-BAC-Polska-03-300x225.jpg 300w, https:\/\/www.bacpolska.pl\/wp-content\/uploads\/2022\/06\/historia-firmy-BAC-Polska-03-768x576.jpg 768w, https:\/\/www.bacpolska.pl\/wp-content\/uploads\/2022\/06\/historia-firmy-BAC-Polska-03-360x270.jpg 360w, https:\/\/www.bacpolska.pl\/wp-content\/smush-webp\/2022\/06\/historia-firmy-BAC-Polska-03.jpg.webp 1440w\" data-sizes=\"(max-width: 1024px) 100vw, 1024px\" src=\"data:image\/svg+xml;base64,PHN2ZyB3aWR0aD0iMSIgaGVpZ2h0PSIxIiB4bWxucz0iaHR0cDovL3d3dy53My5vcmcvMjAwMC9zdmciPjwvc3ZnPg==\" style=\"--smush-placeholder-width: 1024px; --smush-placeholder-aspect-ratio: 1024\/768;\" data-smush-webp-fallback=\"{&quot;data-srcset&quot;:&quot;https:\\\/\\\/www.bacpolska.pl\\\/wp-content\\\/uploads\\\/2022\\\/06\\\/historia-firmy-BAC-Polska-03-1024x768.jpg 1024w, https:\\\/\\\/www.bacpolska.pl\\\/wp-content\\\/uploads\\\/2022\\\/06\\\/historia-firmy-BAC-Polska-03-64x48.jpg 64w, https:\\\/\\\/www.bacpolska.pl\\\/wp-content\\\/uploads\\\/2022\\\/06\\\/historia-firmy-BAC-Polska-03-300x225.jpg 300w, https:\\\/\\\/www.bacpolska.pl\\\/wp-content\\\/uploads\\\/2022\\\/06\\\/historia-firmy-BAC-Polska-03-768x576.jpg 768w, https:\\\/\\\/www.bacpolska.pl\\\/wp-content\\\/uploads\\\/2022\\\/06\\\/historia-firmy-BAC-Polska-03-360x270.jpg 360w, https:\\\/\\\/www.bacpolska.pl\\\/wp-content\\\/uploads\\\/2022\\\/06\\\/historia-firmy-BAC-Polska-03.jpg 1440w&quot;}\" \/><\/a><\/figure>\n\n<\/div><\/div><\/div>\n<\/div>\n\n<div class=\"gb-container gb-container-fecfbc56\"><div class=\"gb-inside-container\">\n\n<p>Ver\u00edme, \u017ee pokrok je st\u00e1le mo\u017en\u00fd, a riadime sa heslom: <strong>\"nebo nie je limit\".<\/strong> Te\u0161\u00edme sa na \u010fal\u0161ie roky a d\u00fafame, \u017ee rast spolo\u010dnosti bude rovnako v\u00fdrazn\u00fd ako v uplynul\u00fdch necel\u00fdch dvoch desa\u0165ro\u010diach.<\/p>\n\n<\/div><\/div>\n\n<div class=\"wp-block-image\">\n<figure class=\"aligncenter size-full is-resized\"><a href=\"https:\/\/www.bacpolska.pl\/wp-content\/uploads\/2022\/06\/bac-zoomlion-logo.jpg\"><img decoding=\"async\" width=\"617\" height=\"166\" data-src=\"https:\/\/www.bacpolska.pl\/wp-content\/uploads\/2022\/06\/bac-zoomlion-logo.jpg\" alt=\"logo bac zoomlion\" class=\"wp-image-407823 lazyload\" style=\"--smush-placeholder-width: 617px; --smush-placeholder-aspect-ratio: 617\/166;width:442px;height:119px\" title=\"\" data-srcset=\"https:\/\/www.bacpolska.pl\/wp-content\/uploads\/2022\/06\/bac-zoomlion-logo.jpg 617w, https:\/\/www.bacpolska.pl\/wp-content\/smush-webp\/2022\/06\/bac-zoomlion-logo-64x17.jpg.webp 64w, https:\/\/www.bacpolska.pl\/wp-content\/uploads\/2022\/06\/bac-zoomlion-logo-300x81.jpg 300w, https:\/\/www.bacpolska.pl\/wp-content\/uploads\/2022\/06\/bac-zoomlion-logo-18x5.jpg 18w, https:\/\/www.bacpolska.pl\/wp-content\/uploads\/2022\/06\/bac-zoomlion-logo-360x97.jpg 360w\" data-sizes=\"(max-width: 617px) 100vw, 617px\" src=\"data:image\/svg+xml;base64,PHN2ZyB3aWR0aD0iMSIgaGVpZ2h0PSIxIiB4bWxucz0iaHR0cDovL3d3dy53My5vcmcvMjAwMC9zdmciPjwvc3ZnPg==\" data-smush-webp-fallback=\"{&quot;data-srcset&quot;:&quot;https:\\\/\\\/www.bacpolska.pl\\\/wp-content\\\/uploads\\\/2022\\\/06\\\/bac-zoomlion-logo.jpg 617w, https:\\\/\\\/www.bacpolska.pl\\\/wp-content\\\/uploads\\\/2022\\\/06\\\/bac-zoomlion-logo-64x17.jpg 64w, https:\\\/\\\/www.bacpolska.pl\\\/wp-content\\\/uploads\\\/2022\\\/06\\\/bac-zoomlion-logo-300x81.jpg 300w, https:\\\/\\\/www.bacpolska.pl\\\/wp-content\\\/uploads\\\/2022\\\/06\\\/bac-zoomlion-logo-18x5.jpg 18w, https:\\\/\\\/www.bacpolska.pl\\\/wp-content\\\/uploads\\\/2022\\\/06\\\/bac-zoomlion-logo-360x97.jpg 360w&quot;}\" \/><\/a><\/figure>\n<\/div>\n<\/div><\/div>","protected":false},"excerpt":{"rendered":"","protected":false},"author":1,"featured_media":0,"parent":0,"menu_order":0,"comment_status":"closed","ping_status":"closed","template":"","meta":{"footnotes":""},"class_list":{"0":"post-407801","1":"page","2":"type-page","3":"status-publish","5":"infinite-scroll-item"},"_links":{"self":[{"href":"https:\/\/www.bacpolska.pl\/sk\/wp-json\/wp\/v2\/pages\/407801","targetHints":{"allow":["GET"]}}],"collection":[{"href":"https:\/\/www.bacpolska.pl\/sk\/wp-json\/wp\/v2\/pages"}],"about":[{"href":"https:\/\/www.bacpolska.pl\/sk\/wp-json\/wp\/v2\/types\/page"}],"author":[{"embeddable":true,"href":"https:\/\/www.bacpolska.pl\/sk\/wp-json\/wp\/v2\/users\/1"}],"replies":[{"embeddable":true,"href":"https:\/\/www.bacpolska.pl\/sk\/wp-json\/wp\/v2\/comments?post=407801"}],"version-history":[{"count":0,"href":"https:\/\/www.bacpolska.pl\/sk\/wp-json\/wp\/v2\/pages\/407801\/revisions"}],"wp:attachment":[{"href":"https:\/\/www.bacpolska.pl\/sk\/wp-json\/wp\/v2\/media?parent=407801"}],"curies":[{"name":"wp","href":"https:\/\/api.w.org\/{rel}","templated":true}]}}