{"id":457148,"date":"2025-09-10T13:05:49","date_gmt":"2025-09-10T11:05:49","guid":{"rendered":"https:\/\/www.bacpolska.pl\/?page_id=457148"},"modified":"2025-09-10T14:10:55","modified_gmt":"2025-09-10T12:10:55","slug":"zasady-pouzivania-suborov-cookie","status":"publish","type":"page","link":"https:\/\/www.bacpolska.pl\/sk\/polityka-plikow-cookie\/","title":{"rendered":"Politika pou\u017e\u00edvania s\u00faborov cookie"},"content":{"rendered":"<p><strong>\u00a7 1.<\/strong><\/p>\n\n\n\n<ol class=\"wp-block-list\">\n<li>Prev\u00e1dzkovate\u013eom webovej str\u00e1nky\u00a0<a href=\"https:\/\/bacpolska.pl\/\" rel=\"nofollow noopener\" target=\"_blank\">bacpolska.pl<\/a>\u00a0je BAC POLSKA so s\u00eddlom ul. Gorzowska 112, 66-470 Kostrzyn n\/O, voj. Lubu\u0161sk\u00e9, Po\u013esko, NIP: 5981531425, REGON: 211178677, KRS: 0000132330.<\/li>\n\n\n\n<li>Prev\u00e1dzkovate\u013e prev\u00e1dzkuje webov\u00fa str\u00e1nku pre svojich klientov a potenci\u00e1lnych klientov (\u010falej spolo\u010dne ozna\u010dovan\u00fdch ako pou\u017e\u00edvatelia).<\/li>\n<\/ol>\n\n\n\n<p><strong>\u00a7 2.<\/strong>&nbsp;Slu\u017eba automaticky zhroma\u017e\u010fuje inform\u00e1cie obsiahnut\u00e9 v tzv. s\u00faboroch cookies (\u010falej len: cookies).<\/p>\n\n\n\n<p><strong>\u00a7 3.<\/strong>&nbsp;Cookies s\u00fa textov\u00e9 s\u00fabory, ktor\u00e9 sa automaticky vytv\u00e1raj\u00fa a ukladaj\u00fa na koncovom zariaden\u00ed ka\u017ed\u00e9ho pou\u017e\u00edvate\u013ea. S\u00fa ur\u010den\u00e9 na pou\u017e\u00edvanie webov\u00fdch str\u00e1nok slu\u017eby. Obsahuj\u00fa n\u00e1zov webovej str\u00e1nky, z ktorej poch\u00e1dzaj\u00fa, svoje jedine\u010dn\u00e9 \u010d\u00edslo a \u010das ich uchov\u00e1vania na koncovom zariaden\u00ed.<\/p>\n\n\n\n<p><strong>\u00a7 4.<\/strong>&nbsp;Subjektom, ktor\u00fd umiest\u0148uje cookies na koncov\u00e9 zariadenie pou\u017e\u00edvate\u013ea a z\u00edskava k nim pr\u00edstup, je prev\u00e1dzkovate\u013e.<\/p>\n\n\n\n<p><strong>\u00a7 5. Prev\u00e1dzkovate\u013e webovej str\u00e1nky pou\u017e\u00edva cookies na:<\/strong><\/p>\n\n\n\n<ul class=\"wp-block-list\">\n<li>Prisp\u00f4sobenie obsahu str\u00e1nok slu\u017eby individu\u00e1lnym nastaveniam pou\u017e\u00edvate\u013ea, najm\u00e4 prostredn\u00edctvom rozpoznania zariadenia dan\u00e9ho pou\u017e\u00edvate\u013ea za \u00fa\u010delom zobrazenia str\u00e1nok slu\u017eby v s\u00falade s jeho nastaveniami;<\/li>\n\n\n\n<li>Vytv\u00e1ranie anonymn\u00fdch \u0161tatist\u00edk, ktor\u00e9 pom\u00e1haj\u00fa pochopi\u0165 preferencie a spr\u00e1vanie pou\u017e\u00edvate\u013eov;<\/li>\n\n\n\n<li>Informovanie pou\u017e\u00edvate\u013eov o pou\u017e\u00edvan\u00ed technicky nevyhnutn\u00fdch cookies, ktor\u00e9 m\u00f4\u017eu by\u0165 nastaven\u00e9 bez s\u00fahlasu, ako aj o cookies, ktor\u00e9 vy\u017eaduj\u00fa v\u00fdslovn\u00fd s\u00fahlas pou\u017e\u00edvate\u013eov.<\/li>\n<\/ul>\n\n\n\n<p><strong>\u00a7 6. Druhy cookies:<\/strong><\/p>\n\n\n\n<ol class=\"wp-block-list\">\n<li>Prev\u00e1dzkovate\u013e m\u00f4\u017ee na webovej str\u00e1nke pou\u017e\u00edva\u0165 dva druhy cookies \u2013 rela\u010dn\u00e9 a trval\u00e9.<\/li>\n\n\n\n<li>Okrem toho sa cookies klasifikuj\u00fa ako vlastn\u00e9 alebo extern\u00e9, v z\u00e1vislosti od toho, \u010di s\u00fa generovan\u00e9 samotnou nav\u0161t\u00edvenou dom\u00e9nou alebo slu\u017ebou inej dom\u00e9ny.<\/li>\n\n\n\n<li>Technicky nevyhnutn\u00e9 cookies a cookies, ktor\u00e9 vy\u017eaduj\u00fa v\u00fdslovn\u00fd s\u00fahlas pou\u017e\u00edvate\u013eov, by mali by\u0165 jasne identifikovan\u00e9 a ich funkcia a \u00fa\u010del ozn\u00e1men\u00e9 pou\u017e\u00edvate\u013eom.<\/li>\n<\/ol>\n\n\n\n<p><strong>\u00a7 7.<\/strong>&nbsp;Pou\u017e\u00edvate\u013e m\u00f4\u017ee kedyko\u013evek zmeni\u0165 nastavenia svojho prehliada\u010da tak, aby blokoval pou\u017e\u00edvanie cookies alebo aby pri ka\u017edom ich umiestnen\u00ed do svojho zariadenia dostal inform\u00e1ciu. T\u00e1to mo\u017enos\u0165 z\u00e1vis\u00ed od typu a verzie prehliada\u010da, ktor\u00fd pou\u017e\u00edvate\u013e pou\u017e\u00edva.<\/p>\n\n\n\n<p><strong>\u00a7 8.<\/strong>&nbsp;Zmeny nastaven\u00ed cookies v internetovom prehliada\u010di pou\u017e\u00edvate\u013ea m\u00f4\u017eu obmedzi\u0165 pr\u00edstup k niektor\u00fdm funkci\u00e1m webovej str\u00e1nky.<\/p>\n\n\n\n<p><strong>\u00a7 9.<\/strong>&nbsp;Cookies pou\u017e\u00edvan\u00e9 webovou str\u00e1nkou m\u00f4\u017eu by\u0165 zdie\u013ean\u00e9 s partnermi a spolupracuj\u00facimi inzerentmi.<\/p>\n\n\n\n<p><strong>\u00a7 10.<\/strong>&nbsp;V pr\u00edpade \u010fal\u0161\u00edch ot\u00e1zok t\u00fdkaj\u00facich sa cookies n\u00e1s pros\u00edm kontaktujte.<\/p>\n\n\n\n<p><strong>\u00a7 11. S\u00fahlas s cookies:<\/strong><\/p>\n\n\n\n<ol class=\"wp-block-list\">\n<li>Pou\u017e\u00edvate\u013e vyjadruje s\u00fahlas s pou\u017e\u00edvan\u00edm cookies kliknut\u00edm na tla\u010didlo \u201ePrija\u0165 cookies\u201c v informa\u010dnom bannere o cookies, ktor\u00fd sa zobraz\u00ed pri prvej n\u00e1v\u0161teve webovej str\u00e1nky.<\/li>\n\n\n\n<li>Pou\u017e\u00edvate\u013e m\u00f4\u017ee kedyko\u013evek odvola\u0165 svoj s\u00fahlas s pou\u017e\u00edvan\u00edm cookies zmenou nastaven\u00ed svojho internetov\u00e9ho prehliada\u010da.<\/li>\n\n\n\n<li>Nes\u00fahlas s pou\u017e\u00edvan\u00edm cookies m\u00f4\u017ee obmedzi\u0165 funkcionalitu webovej str\u00e1nky, ale pr\u00edstup k z\u00e1kladn\u00fdm funkci\u00e1m webovej str\u00e1nky nebude zablokovan\u00fd.<\/li>\n<\/ol>\n\n\n\n<p><strong>\u00a7 12. Sankcie za nedodr\u017eiavanie predpisov:<\/strong><\/p>\n\n\n\n<p>Nedodr\u017eiavanie nemeck\u00fdch predpisov t\u00fdkaj\u00facich sa cookies m\u00f4\u017ee vies\u0165 k varovaniam, pokut\u00e1m a in\u00fdm finan\u010dn\u00fdm sankci\u00e1m, k odstr\u00e1neniu \u00fadajov zhroma\u017eden\u00fdch bez s\u00fahlasu, k obmedzeniam pri poskytovan\u00ed \u00fadajov tret\u00edm stran\u00e1m a k do\u010dasn\u00fdm alebo trval\u00fdm z\u00e1kazom sprac\u00favania.<\/p>\n\n\n\n<p><strong>\u00a7 13. Kontakt:<\/strong><\/p>\n\n\n\n<p>V pr\u00edpade ak\u00fdchko\u013evek ot\u00e1zok alebo nejasnost\u00ed t\u00fdkaj\u00facich sa na\u0161ich z\u00e1sad pou\u017e\u00edvania cookies n\u00e1s pros\u00edm kontaktujte prostredn\u00edctvom<\/p>\n\n\n\n<ul class=\"wp-block-list\">\n<li>elektronick\u00e1 po\u0161ta:&nbsp;<a href=\"mailto:info@bacpolska.pl.\" data-type=\"mailto\" data-id=\"mailto:info@bacpolska.pl.\">info@bacpolska.pl<\/a>,<\/li>\n\n\n\n<li>telefonicky:&nbsp;<a href=\"tel:+48695742350\"><\/a><a href=\"tel:+48957529227\">+48 957 529 277<\/a>.<\/li>\n\n\n\n<li>alebo na adrese: BAC POLSKA ul. Gorzowska 112, 66-470 Kostrzyn n\/O, voj. Lubu\u0161sk\u00e9, Po\u013esko.<\/li>\n<\/ul>\n\n\n\n<p><\/p>","protected":false},"excerpt":{"rendered":"","protected":false},"author":1,"featured_media":0,"parent":0,"menu_order":0,"comment_status":"closed","ping_status":"open","template":"","meta":{"footnotes":""},"class_list":{"0":"post-457148","1":"page","2":"type-page","3":"status-publish","5":"infinite-scroll-item"},"_links":{"self":[{"href":"https:\/\/www.bacpolska.pl\/sk\/wp-json\/wp\/v2\/pages\/457148","targetHints":{"allow":["GET"]}}],"collection":[{"href":"https:\/\/www.bacpolska.pl\/sk\/wp-json\/wp\/v2\/pages"}],"about":[{"href":"https:\/\/www.bacpolska.pl\/sk\/wp-json\/wp\/v2\/types\/page"}],"author":[{"embeddable":true,"href":"https:\/\/www.bacpolska.pl\/sk\/wp-json\/wp\/v2\/users\/1"}],"replies":[{"embeddable":true,"href":"https:\/\/www.bacpolska.pl\/sk\/wp-json\/wp\/v2\/comments?post=457148"}],"version-history":[{"count":2,"href":"https:\/\/www.bacpolska.pl\/sk\/wp-json\/wp\/v2\/pages\/457148\/revisions"}],"predecessor-version":[{"id":457150,"href":"https:\/\/www.bacpolska.pl\/sk\/wp-json\/wp\/v2\/pages\/457148\/revisions\/457150"}],"wp:attachment":[{"href":"https:\/\/www.bacpolska.pl\/sk\/wp-json\/wp\/v2\/media?parent=457148"}],"curies":[{"name":"wp","href":"https:\/\/api.w.org\/{rel}","templated":true}]}}