{"id":389626,"date":"2022-01-07T15:15:12","date_gmt":"2022-01-07T14:15:12","guid":{"rendered":"https:\/\/www.bacpolska.pl\/produkt\/bez-kategorii\/jlg-1250-ajp\/"},"modified":"2024-06-13T08:44:45","modified_gmt":"2024-06-13T06:44:45","slug":"jlg-1250-ajp","status":"publish","type":"product","link":"https:\/\/www.bacpolska.pl\/sk\/katalog\/wynajem\/podesty-przegubowe-teleskopowe-spalinowe\/jlg-1250-ajp\/","title":{"rendered":"JLG 1250AJP"},"content":{"rendered":"<h2>Pren\u00e1jom k\u013abov\u00e9ho dieselov\u00e9ho v\u00fd\u0165ahu JLG 1250AJP<\/h2>\n<p>&nbsp;<\/p>","protected":false},"excerpt":{"rendered":"<p><strong>Pren\u00e1jom v\u00fd\u0165ahu JLG 1250AJP<\/strong> za dobr\u00fa cenu je mo\u017en\u00e9 v ponuke pripravenej <strong>BAC Polska<\/strong>. Tento v\u00fd\u0165ah sa ide\u00e1lne hod\u00ed na r\u00f4zne projekty. M\u00f4\u017ee sa pou\u017e\u00edva\u0165 na futbalov\u00fdch \u0161tadi\u00f3noch pri mont\u00e1\u017ei oce\u013eov\u00fdch kon\u0161trukci\u00ed vo ve\u013ek\u00fdch v\u00fd\u0161kach. T\u00e1to mobiln\u00e1 plo\u0161ina je vybaven\u00e1 dieselov\u00fdm motorom, ktor\u00fd umo\u017e\u0148uje vykon\u00e1va\u0165 pr\u00e1ce vo v\u00fd\u0161kach a\u017e do 40 m. Dosah stroja je nastaven\u00fd na 19,25 m. Okrem toho m\u00e1 tento k\u013abov\u00fd v\u00fdlo\u017en\u00edk maxim\u00e1lnu nosnos\u0165 plo\u0161iny 450 kg, \u010do umo\u017e\u0148uje umiestni\u0165 do ko\u0161a pomerne zna\u010dn\u00fd n\u00e1klad.<\/p>","protected":false},"featured_media":389627,"template":"","meta":[],"product_brand":[],"product_cat":[61,513],"product_tag":[],"class_list":{"0":"post-389626","1":"product","2":"type-product","3":"status-publish","4":"has-post-thumbnail","6":"product_cat-wynajem","7":"product_cat-podesty-przegubowe-teleskopowe-spalinowe","8":"pa_dl-platformy-m-0-91","9":"pa_dl-transportu-m-11-46","10":"pa_kola-terenowe","11":"pa_max-udzwig-kg-374","12":"pa_naped-4x4","13":"pa_praca-na-zewnatrz","14":"pa_przeswit-od-podloza-m-0-30","15":"pa_rodzaj-spalinowy","16":"pa_rotacja-361","17":"pa_rotacja-platformy-180-o","18":"pa_szer-maszyny-m-no","19":"pa_szer-platformy-m-2-45","20":"pa_waga-kg-549","21":"pa_wymiary-platformy-m-2-45x0-90","22":"pa_wys-podlogi-platformy-m-38-10","23":"pa_wys-robocza-m-40-10","24":"pa_wys-transportu-m-3-05","25":"pa_zasieg-m-19-25","26":"pa_zasilanie-diesel","27":"infinite-scroll-item","28":"","29":"woocommerce-text-align-center","30":"woocommerce-image-align-center","31":"do-quantity-buttons","33":"first","34":"instock","35":"product-type-simple"},"_links":{"self":[{"href":"https:\/\/www.bacpolska.pl\/sk\/wp-json\/wp\/v2\/product\/389626","targetHints":{"allow":["GET"]}}],"collection":[{"href":"https:\/\/www.bacpolska.pl\/sk\/wp-json\/wp\/v2\/product"}],"about":[{"href":"https:\/\/www.bacpolska.pl\/sk\/wp-json\/wp\/v2\/types\/product"}],"wp:featuredmedia":[{"embeddable":true,"href":"https:\/\/www.bacpolska.pl\/sk\/wp-json\/wp\/v2\/media\/389627"}],"wp:attachment":[{"href":"https:\/\/www.bacpolska.pl\/sk\/wp-json\/wp\/v2\/media?parent=389626"}],"wp:term":[{"taxonomy":"product_brand","embeddable":true,"href":"https:\/\/www.bacpolska.pl\/sk\/wp-json\/wp\/v2\/product_brand?post=389626"},{"taxonomy":"product_cat","embeddable":true,"href":"https:\/\/www.bacpolska.pl\/sk\/wp-json\/wp\/v2\/product_cat?post=389626"},{"taxonomy":"product_tag","embeddable":true,"href":"https:\/\/www.bacpolska.pl\/sk\/wp-json\/wp\/v2\/product_tag?post=389626"}],"curies":[{"name":"wp","href":"https:\/\/api.w.org\/{rel}","templated":true}]}}