{"id":391591,"date":"2021-11-12T11:25:16","date_gmt":"2021-11-12T10:25:16","guid":{"rendered":"https:\/\/www.bacpolska.pl\/katalog\/uncategorized\/podnosnik-teleskopowy-elektryczny-zoomlion-za14je\/"},"modified":"2025-05-07T15:43:56","modified_gmt":"2025-05-07T13:43:56","slug":"teleskopicky-vyloznik-elektricky-zoomlion-za14je","status":"publish","type":"product","link":"https:\/\/www.bacpolska.pl\/sk\/katalog\/sprzedaz\/nowe\/podnosniki-teleskopowe-elektryczne\/podnosnik-teleskopowy-elektryczny-zoomlion-za14je\/","title":{"rendered":"K\u013abov\u00fd teleskopick\u00fd v\u00fd\u0165ah Zoomlion ZA14NJE Li"},"content":{"rendered":"<p><strong>\u0160tandardn\u00e9 funkcie elektrick\u00e9ho teleskopick\u00e9ho manipul\u00e1tora Zoomlion ZA14NJE Li<\/strong><\/p>\n<ul>\n<li>Proporcion\u00e1lne riadenie<\/li>\n<li>V\u0161etky pohybov\u00e9 alarmy<\/li>\n<li>Blikaj\u00face oran\u017eov\u00e9 v\u00fdstra\u017en\u00e9 svetlo<\/li>\n<li>Samozatv\u00e1racia br\u00e1na ko\u0161a<\/li>\n<li>Nez\u00e1visl\u00fd syst\u00e9m n\u00fadzov\u00e9ho sp\u00fa\u0161\u0165ania<\/li>\n<li>Hlavn\u00fd vyp\u00edna\u010d<\/li>\n<li>Automatick\u00fd syst\u00e9m vyrovn\u00e1vania ko\u0161a<\/li>\n<li>Palubn\u00fd diagnostick\u00fd syst\u00e9m<\/li>\n<li>Syst\u00e9m ochrany proti nakloneniu<\/li>\n<li>Syst\u00e9m detekcie za\u0165a\u017eenia<\/li>\n<li>4,3\" LED displej<\/li>\n<li>Roh<\/li>\n<li>Nezna\u010dkovacie pneumatiky<\/li>\n<li>Kryty valcov<\/li>\n<li>48V\/315Ah Li-ion bat\u00e9ria<\/li>\n<li>Bezpe\u010dnostn\u00e1 ty\u010d v ko\u0161i<\/li>\n<\/ul>","protected":false},"excerpt":{"rendered":"<p><strong>BAC POLSKA<\/strong>\u00a0 pon\u00faka na predaj jeden z najob\u013e\u00fabenej\u0161\u00edch elektrick\u00fdch teleskopick\u00fdch k\u013abov\u00fdch v\u00fd\u0165ahov Zoomlion<strong> ZA14NJE Li.<\/strong> Od konkurencie sa odli\u0161uje zv\u00fd\u0161enou bo\u010dnou tuhos\u0165ou 17% a zv\u00fd\u0161enou vertik\u00e1lnou tuhos\u0165ou 40%. K\u013abov\u00fd v\u00fd\u0165ah Zoomlion ZA14NJE Li poskytuje pr\u00e1cu v pracovnej v\u00fd\u0161ke <strong>16 m,<\/strong> <strong>horizont\u00e1lny dosah nad s\u00fa\u0165a\u017eou 7,80 m<\/strong> <strong>a nosnos\u0165<\/strong> <strong>230 kg. <\/strong>\u00a0Nasz podno\u015bnik wyposa\u017cony jest standardowo w opony non marking.<\/p>\n<p>V\u00fd\u0165ah je vybaven\u00fd bez\u00fadr\u017ebov\u00fdm motorom na striedav\u00fd pr\u00fad s <strong>vysoko v\u00fdkonn\u00fd<\/strong> <strong>AC 32V\/4hp<\/strong> poskytovanie vysok\u00e9ho v\u00fdkonu, pou\u017eitie motora hydraulick\u00e9ho \u010derpadla s v\u00fdkonom <strong>AC 32V\/7kw<\/strong> . Okrem toho je Zoomlion ZA14NJE Li vybaven\u00fd. <strong>48V\/315Ah l\u00edtium-\u017eelezito-fosf\u00e1tov\u00e9 bat\u00e9rie s 5-ro\u010dnou z\u00e1rukou na bat\u00e9rie (na kapacitu 80% poskytujeme z\u00e1ruku po 5 rokoch)<\/strong>. Pou\u017eitie tohto rie\u0161enia sa prejavilo vo ve\u013emi dlhom \u010dase prev\u00e1dzky zdvih\u00e1ka na jedno nabitie. V\u010faka n\u00edzkej hladine hluku, nulov\u00fdm emisi\u00e1m a jednoduchej \u00fadr\u017ebe je tento v\u00fd\u0165ah ide\u00e1lny na pou\u017eitie vo vn\u00fatorn\u00fdch priestoroch.<\/p>\n<p><strong>Ak m\u00e1te z\u00e1ujem o k\u00fapu, l\u00edzing alebo pren\u00e1jom v\u00fd\u0165ahu, kontaktujte na\u0161e obchodn\u00e9 oddelenie - na\u0161i poradcovia v\u00e1m pripravia atrakt\u00edvnu obchodn\u00fa ponuku. V\u010faka konkuren\u010dn\u00fdm podmienkam financovania vieme poskytn\u00fa\u0165 ve\u013emi v\u00fdhodn\u00fa l\u00edzingov\u00fa ponuku. Nezabudnite, \u017ee 100 v\u00fd\u0165ahov Zoomlion na predaj m\u00e1me v\u017edy na sklade!<\/strong><\/p>\n<p><strong>Nev\u00e1hajte a vypl\u0148te kontaktn\u00fd formul\u00e1r, zaru\u010dujeme v\u00e1m odpove\u010f do 24 hod\u00edn.<\/strong><\/p>\n<p>https:\/\/www.youtube.com\/watch?v=_efe6LEXWVk<\/p>","protected":false},"featured_media":456963,"template":"","meta":[],"product_brand":[],"product_cat":[861,863,883],"product_tag":[1283,884,885,886,887,888,889,890,891],"class_list":{"0":"post-391591","1":"product","2":"type-product","3":"status-publish","4":"has-post-thumbnail","6":"product_cat-sprzedaz","7":"product_cat-nowe","8":"product_cat-podnosniki-teleskopowe-elektryczne","9":"product_tag-leasing","10":"product_tag-podesty-teleskopowe-elektryczne","11":"product_tag-podnosnik-teleskopowy-mobilny","12":"product_tag-podnosnik-teleskopowy-samojezdny-wynajem","13":"product_tag-podnosniki-przegubowe-elektryczne","14":"product_tag-podnosniki-teleskopowe-budowlane","15":"product_tag-podnosniki-teleskopowe-nowe","16":"product_tag-podnosniki-teleskopowe-warszawa","17":"product_tag-podnosniki-teleskopowe-wynajem","18":"pa_kategoria-teleskopowe","19":"pa_kola-biale","20":"pa_max-udzwig-kg-374","21":"pa_praca-na-zewnatrz-i-w-srodku","22":"pa_rodzaj-elektryczny","23":"pa_waga-kg-1288","24":"pa_wys-robocza-m-16-00","25":"pa_zasieg-boczny-m-8-14","26":"infinite-scroll-item","27":"","28":"woocommerce-text-align-center","29":"woocommerce-image-align-center","30":"do-quantity-buttons","32":"first","33":"instock","34":"shipping-taxable","35":"product-type-simple"},"_links":{"self":[{"href":"https:\/\/www.bacpolska.pl\/sk\/wp-json\/wp\/v2\/product\/391591","targetHints":{"allow":["GET"]}}],"collection":[{"href":"https:\/\/www.bacpolska.pl\/sk\/wp-json\/wp\/v2\/product"}],"about":[{"href":"https:\/\/www.bacpolska.pl\/sk\/wp-json\/wp\/v2\/types\/product"}],"wp:featuredmedia":[{"embeddable":true,"href":"https:\/\/www.bacpolska.pl\/sk\/wp-json\/wp\/v2\/media\/456963"}],"wp:attachment":[{"href":"https:\/\/www.bacpolska.pl\/sk\/wp-json\/wp\/v2\/media?parent=391591"}],"wp:term":[{"taxonomy":"product_brand","embeddable":true,"href":"https:\/\/www.bacpolska.pl\/sk\/wp-json\/wp\/v2\/product_brand?post=391591"},{"taxonomy":"product_cat","embeddable":true,"href":"https:\/\/www.bacpolska.pl\/sk\/wp-json\/wp\/v2\/product_cat?post=391591"},{"taxonomy":"product_tag","embeddable":true,"href":"https:\/\/www.bacpolska.pl\/sk\/wp-json\/wp\/v2\/product_tag?post=391591"}],"curies":[{"name":"wp","href":"https:\/\/api.w.org\/{rel}","templated":true}]}}