{"id":392023,"date":"2022-03-01T11:00:39","date_gmt":"2022-03-01T10:00:39","guid":{"rendered":"https:\/\/www.bacpolska.pl\/?post_type=product&#038;p=392023"},"modified":"2022-03-01T11:00:45","modified_gmt":"2022-03-01T10:00:45","slug":"genie-gs2032","status":"publish","type":"product","link":"https:\/\/www.bacpolska.pl\/sk\/katalog\/sprzedaz\/uzywane\/genie-gs2032\/","title":{"rendered":"Genie-GS2032"},"content":{"rendered":"","protected":false},"excerpt":{"rendered":"<p>Spolo\u010dnos\u0165 BAC Polska pon\u00faka elektrick\u00fd no\u017enicov\u00fd v\u00fd\u0165ah GenieGS2032 (demon\u0161tra\u010dn\u00fd stroj len 11 mesiacov), ktor\u00fd sa vyzna\u010duje pracovnou v\u00fd\u0161kou 7,90 m a maxim\u00e1lnou nosnos\u0165ou 363 kg.<\/p>","protected":false},"featured_media":392025,"template":"","meta":[],"product_brand":[],"product_cat":[861,864],"product_tag":[],"class_list":{"0":"post-392023","1":"product","2":"type-product","3":"status-publish","4":"has-post-thumbnail","6":"product_cat-sprzedaz","7":"product_cat-uzywane","8":"infinite-scroll-item","9":"","10":"woocommerce-text-align-center","11":"woocommerce-image-align-center","12":"do-quantity-buttons","14":"first","15":"instock","16":"shipping-taxable","17":"product-type-simple"},"_links":{"self":[{"href":"https:\/\/www.bacpolska.pl\/sk\/wp-json\/wp\/v2\/product\/392023","targetHints":{"allow":["GET"]}}],"collection":[{"href":"https:\/\/www.bacpolska.pl\/sk\/wp-json\/wp\/v2\/product"}],"about":[{"href":"https:\/\/www.bacpolska.pl\/sk\/wp-json\/wp\/v2\/types\/product"}],"wp:featuredmedia":[{"embeddable":true,"href":"https:\/\/www.bacpolska.pl\/sk\/wp-json\/wp\/v2\/media\/392025"}],"wp:attachment":[{"href":"https:\/\/www.bacpolska.pl\/sk\/wp-json\/wp\/v2\/media?parent=392023"}],"wp:term":[{"taxonomy":"product_brand","embeddable":true,"href":"https:\/\/www.bacpolska.pl\/sk\/wp-json\/wp\/v2\/product_brand?post=392023"},{"taxonomy":"product_cat","embeddable":true,"href":"https:\/\/www.bacpolska.pl\/sk\/wp-json\/wp\/v2\/product_cat?post=392023"},{"taxonomy":"product_tag","embeddable":true,"href":"https:\/\/www.bacpolska.pl\/sk\/wp-json\/wp\/v2\/product_tag?post=392023"}],"curies":[{"name":"wp","href":"https:\/\/api.w.org\/{rel}","templated":true}]}}