{"id":392280,"date":"2022-03-07T12:34:26","date_gmt":"2022-03-07T11:34:26","guid":{"rendered":"https:\/\/www.bacpolska.pl\/?post_type=product&#038;p=392280"},"modified":"2025-05-07T13:57:32","modified_gmt":"2025-05-07T11:57:32","slug":"zmg-g25hg","status":"publish","type":"product","link":"https:\/\/www.bacpolska.pl\/sk\/katalog\/wynajem\/wozki-widlowe-od-1-5t-do-5t\/zmg-g25hg\/","title":{"rendered":"ZMG G25HG 4.5M"},"content":{"rendered":"<h2>Pren\u00e1jom plynov\u00e9ho vysokozdvi\u017en\u00e9ho voz\u00edka ZMG G25HG 4,5 m<\/h2>\n<p>&nbsp;<\/p>","protected":false},"excerpt":{"rendered":"<p><strong>Pren\u00e1jom plynov\u00e9ho vysokozdvi\u017en\u00e9ho voz\u00edka ZMG G25HG 4,5M za dobr\u00fa cenu.<\/strong> Spolo\u010dnos\u0165 BAC Po\u013esko pon\u00faka \u0161irok\u00fd sortiment vysokozdvi\u017en\u00fdch voz\u00edkov poh\u00e1\u0148an\u00fdch LPG. Tento model dosahuje v\u00fd\u0161ku 4,5 m a dok\u00e1\u017ee zdvihn\u00fa\u0165 a\u017e 2 500 kg. Model m\u00e1 neozna\u010duj\u00face pneumatiky, \u010do je nepochybne v\u00fdhodou, najm\u00e4 pri pou\u017e\u00edvan\u00ed v interi\u00e9ri.<\/p>","protected":false},"featured_media":456937,"template":"","meta":[],"product_brand":[],"product_cat":[61,1021],"product_tag":[],"class_list":{"0":"post-392280","1":"product","2":"type-product","3":"status-publish","4":"has-post-thumbnail","6":"product_cat-wynajem","7":"product_cat-wozki-widlowe-od-1-5t-do-5t","8":"pa_dl-transportu-m-2-73","9":"pa_max-udzwig-kg-2500-1900","10":"pa_max-wysokosc-widel-m-4-5","11":"pa_model-g25hg","12":"pa_producent-zmg","13":"pa_przesuw-boczny-tak","14":"pa_szer-transportu-m-1-17","15":"pa_typ-masztu-triplex","16":"pa_waga-kg-1044","17":"pa_wys-transportu-m-2-18","18":"pa_zasilanie-lpg","19":"infinite-scroll-item","20":"","21":"woocommerce-text-align-center","22":"woocommerce-image-align-center","23":"do-quantity-buttons","25":"first","26":"instock","27":"shipping-taxable","28":"product-type-simple"},"_links":{"self":[{"href":"https:\/\/www.bacpolska.pl\/sk\/wp-json\/wp\/v2\/product\/392280","targetHints":{"allow":["GET"]}}],"collection":[{"href":"https:\/\/www.bacpolska.pl\/sk\/wp-json\/wp\/v2\/product"}],"about":[{"href":"https:\/\/www.bacpolska.pl\/sk\/wp-json\/wp\/v2\/types\/product"}],"wp:featuredmedia":[{"embeddable":true,"href":"https:\/\/www.bacpolska.pl\/sk\/wp-json\/wp\/v2\/media\/456937"}],"wp:attachment":[{"href":"https:\/\/www.bacpolska.pl\/sk\/wp-json\/wp\/v2\/media?parent=392280"}],"wp:term":[{"taxonomy":"product_brand","embeddable":true,"href":"https:\/\/www.bacpolska.pl\/sk\/wp-json\/wp\/v2\/product_brand?post=392280"},{"taxonomy":"product_cat","embeddable":true,"href":"https:\/\/www.bacpolska.pl\/sk\/wp-json\/wp\/v2\/product_cat?post=392280"},{"taxonomy":"product_tag","embeddable":true,"href":"https:\/\/www.bacpolska.pl\/sk\/wp-json\/wp\/v2\/product_tag?post=392280"}],"curies":[{"name":"wp","href":"https:\/\/api.w.org\/{rel}","templated":true}]}}