{"id":440781,"date":"2024-06-14T15:14:34","date_gmt":"2024-06-14T13:14:34","guid":{"rendered":"https:\/\/www.bacpolska.pl\/?post_type=product&#038;p=440781"},"modified":"2025-12-31T11:44:45","modified_gmt":"2025-12-31T10:44:45","slug":"zoomlion-zth-2506","status":"publish","type":"product","link":"https:\/\/www.bacpolska.pl\/sk\/katalog\/sprzedaz-ladowarki-teleskopowe-zoomlion\/zoomlion-zth-2506\/","title":{"rendered":"Zoomlion ZTH2506"},"content":{"rendered":"<h2>K\u013e\u00fa\u010dov\u00e9 vlastnosti naklada\u010da Zoomlion ZTH2506<\/h2>\n<ul>\n<li data-start=\"494\" data-end=\"527\">Maxim\u00e1lna nosnos\u0165: 2 500 kg<\/li>\n<li data-start=\"530\" data-end=\"566\">V\u00fd\u0161ka zdv\u00edhania: 6 metrov<\/li>\n<li data-start=\"569\" data-end=\"640\">Kompaktn\u00fd dizajn na pr\u00e1cu v stiesnen\u00fdch priestoroch<\/li>\n<li data-start=\"643\" data-end=\"730\">Pohon v\u0161etk\u00fdch \u0161tyroch kolies a torzn\u00e9 n\u00e1pravy pre vynikaj\u00facu man\u00e9vrovate\u013enos\u0165 a stabilitu<\/li>\n<li data-start=\"733\" data-end=\"824\">Pohodln\u00e1 kab\u00edna obsluhy s ergonomick\u00fdmi ovl\u00e1dac\u00edmi prvkami a dobr\u00fdm v\u00fdh\u013eadom<\/li>\n<li>Klimatizovan\u00e1 kab\u00edna<\/li>\n<li>Mechanick\u00e9 sedadlo Grammer<\/li>\n<li>Zadn\u00e9 z\u00e1va\u017eie pre lep\u0161iu stabilitu<\/li>\n<li>Osvetlenie LED (vpredu a vzadu)<\/li>\n<li>Sp\u00e4tn\u00e1 kamera<\/li>\n<li>Telematick\u00fd syst\u00e9m s diagnostikou v \u0161tandardnej v\u00fdbave<\/li>\n<li>Ovl\u00e1dacia konzola s 10,1\u2033 displejom<\/li>\n<li>Bluetooth<\/li>\n<li>hydraulick\u00e1 spojka<\/li>\n<\/ul>\n<div id=\"gtx-trans\" style=\"position: absolute; left: 434px; top: 470px;\">\n<div class=\"gtx-trans-icon\"><\/div>\n<\/div>","protected":false},"excerpt":{"rendered":"<h2 data-start=\"159\" data-end=\"241\">Zoomlion ZTH 2506 - teleskopick\u00fd manipul\u00e1tor pre n\u00e1ro\u010dn\u00fdch pou\u017e\u00edvate\u013eov v ponuke spolo\u010dnosti BAC Polska<\/h2>\n<p data-start=\"1031\" data-end=\"1383\"><strong data-start=\"1031\" data-end=\"1051\">Zoomlion ZTH2506<\/strong> je modern\u00fd teleskopick\u00fd naklada\u010d, ktor\u00fd sp\u00e1ja v\u00fdkon s kompaktn\u00fdm dizajnom. Jeho <strong data-start=\"1136\" data-end=\"1158\">kompaktn\u00e9 rozmery<\/strong> je ide\u00e1lny pre stiesnen\u00e9 pracovn\u00e9 priestory, kde je d\u00f4le\u017eit\u00e1 presnos\u0165 a man\u00e9vrovate\u013enos\u0165. <strong data-start=\"1273\" data-end=\"1286\">Ve\u013ek\u00e9 koles\u00e1<\/strong> i <strong data-start=\"1289\" data-end=\"1306\">ve\u013ek\u00fd vo\u013en\u00fd priestor<\/strong> zaru\u010duj\u00fa vynikaj\u00face ter\u00e9nne vlastnosti aj na nerovnom povrchu.<\/p>\n<p data-start=\"1385\" data-end=\"1790\">Stroj bol navrhnut\u00fd s oh\u013eadom na pohodlie obsluhy - \u0161tandardne pon\u00faka <strong data-start=\"1469\" data-end=\"1493\">klimatizovan\u00e1 kab\u00edna<\/strong>, <strong data-start=\"1495\" data-end=\"1523\">digit\u00e1lny ovl\u00e1dac\u00ed panel<\/strong> a <strong data-start=\"1529\" data-end=\"1547\">c\u00favacia kamera<\/strong>, \u010do v\u00fdrazne zvy\u0161uje pracovn\u00fd komfort a bezpe\u010dnos\u0165. Modern\u00fd dizajn, intuit\u00edvne ovl\u00e1danie a spo\u013eahlivos\u0165 robia zo ZTH2506 vynikaj\u00facu invest\u00edciu pre stavebn\u00e9, priemyseln\u00e9 a po\u013enohospod\u00e1rske podniky, ktor\u00e9 klad\u00fa d\u00f4raz na funk\u010dnos\u0165 a \u0161t\u00fdl.<\/p>\n<h3 data-start=\"826\" data-end=\"866\">Pre\u010do stavi\u0165 na spolo\u010dnos\u0165 Zoomlion?<\/h3>\n<p data-start=\"868\" data-end=\"1070\">Spolo\u010dnos\u0165 Zoomlion je etablovan\u00fdm v\u00fdrobcom stavebn\u00fdch strojov, ktor\u00fd sp\u00e1ja modern\u00fa technol\u00f3giu s robustn\u00fdm spracovan\u00edm. Model ZTH 2506 je vynikaj\u00facou vo\u013ebou pre spolo\u010dnosti, ktor\u00e9 h\u013eadaj\u00fa v\u00fdkon, odolnos\u0165 a bezpe\u010dnos\u0165.<\/p>\n<h3 data-start=\"1072\" data-end=\"1083\">Kontakt<\/h3>\n<p data-start=\"1085\" data-end=\"1195\">Chcete sa dozvedie\u0165 viac o ponuke, op\u00fdta\u0165 sa na cenu alebo si dohodn\u00fa\u0165 predvedenie stroja?<br data-start=\"1170\" data-end=\"1173\" \/>Kontaktujte n\u00e1s:<\/p>","protected":false},"featured_media":457449,"template":"","meta":[],"product_brand":[1570],"product_cat":[1615,861],"product_tag":[],"class_list":{"0":"post-440781","1":"product","2":"type-product","3":"status-publish","4":"has-post-thumbnail","6":"product_brand-zoomlion","7":"product_cat-sprzedaz-ladowarki-teleskopowe-zoomlion","8":"product_cat-sprzedaz","9":"pa_kategoria-teleskopowe","10":"pa_max-udzwig-kg-1617","11":"pa_naped-4x4-2","12":"pa_naped-4x4-crab-4x2","13":"pa_praca-na-zewnatrz-i-w-srodku","14":"pa_rodzaj-spalinowy","15":"pa_waga-kg-1619","16":"pa_wys-robocza-m-6-1","17":"pa_zasieg-boczny-m-3-5","18":"infinite-scroll-item","19":"","20":"woocommerce-text-align-center","21":"woocommerce-image-align-center","22":"do-quantity-buttons","24":"first","25":"instock","26":"shipping-taxable","27":"product-type-simple"},"_links":{"self":[{"href":"https:\/\/www.bacpolska.pl\/sk\/wp-json\/wp\/v2\/product\/440781","targetHints":{"allow":["GET"]}}],"collection":[{"href":"https:\/\/www.bacpolska.pl\/sk\/wp-json\/wp\/v2\/product"}],"about":[{"href":"https:\/\/www.bacpolska.pl\/sk\/wp-json\/wp\/v2\/types\/product"}],"wp:featuredmedia":[{"embeddable":true,"href":"https:\/\/www.bacpolska.pl\/sk\/wp-json\/wp\/v2\/media\/457449"}],"wp:attachment":[{"href":"https:\/\/www.bacpolska.pl\/sk\/wp-json\/wp\/v2\/media?parent=440781"}],"wp:term":[{"taxonomy":"product_brand","embeddable":true,"href":"https:\/\/www.bacpolska.pl\/sk\/wp-json\/wp\/v2\/product_brand?post=440781"},{"taxonomy":"product_cat","embeddable":true,"href":"https:\/\/www.bacpolska.pl\/sk\/wp-json\/wp\/v2\/product_cat?post=440781"},{"taxonomy":"product_tag","embeddable":true,"href":"https:\/\/www.bacpolska.pl\/sk\/wp-json\/wp\/v2\/product_tag?post=440781"}],"curies":[{"name":"wp","href":"https:\/\/api.w.org\/{rel}","templated":true}]}}