{"id":440991,"date":"2024-06-14T13:44:51","date_gmt":"2024-06-14T11:44:51","guid":{"rendered":"https:\/\/www.bacpolska.pl\/?post_type=product&#038;p=440991"},"modified":"2026-02-23T13:34:32","modified_gmt":"2026-02-23T12:34:32","slug":"zoomlion-zt26j-v-4x4","status":"publish","type":"product","link":"https:\/\/www.bacpolska.pl\/sk\/katalog\/sprzedaz\/nowe\/podnosniki-teleskopowe-spalinowe\/zoomlion-zt26j-v-4x4\/","title":{"rendered":"Teleskopick\u00fd manipul\u00e1tor Zoomlion ZT26J-V 4\u00d74"},"content":{"rendered":"","protected":false},"excerpt":{"rendered":"<p><strong>Sprzeda\u017c Nowych Maszyn: Podno\u015bnik Koszowy Zoomlion ZT26J-V<\/strong><\/p>\n<p>Poszukujesz nowoczesnego i wydajnego podno\u015bnika koszowego do swoich zada\u0144? Zoomlion ZT26J-V to idealna opcja! Oferujemy sprzeda\u017c zaawansowanych zwy\u017cek, kt\u00f3re zapewniaj\u0105 niezawodno\u015b\u0107 i wysok\u0105 jako\u015b\u0107 pracy. Model ZT26J-V to solidny i szybki podno\u015bnik spalinowy, kt\u00f3ry podo\u0142a pracy w ka\u017cdych warunkach. Wysoko\u015b\u0107 robocza ponad 28m, ud\u017awig platformy 454kg, du\u017cy prze\u015bwit i wahliwa o\u015b sprawiaj\u0105 \u017ce model ten \u015bwietnie sprawdzi si\u0119 w szerokim zakresie prac w trudnym terenie.<\/p>\n<p><strong>Z\u00e1kladn\u00e9 technick\u00e9 parametre:<\/strong><\/p>\n<ul>\n<li><strong>Kapacita<\/strong>: 300\/454 kg<\/li>\n<li><strong>Pokrytie<\/strong>: 22,10 m<\/li>\n<li><strong>Motor<\/strong>: Kubota Stage V, 36 kW<\/li>\n<li><strong>Disk<\/strong>: 4\u00d74<\/li>\n<li><strong>Typ<\/strong>: teleskopick\u00e9 s\u00e9rie V<\/li>\n<\/ul>\n<p><strong>Najwa\u017cniejsze Zalety Zoomlion ZT26J-V:<\/strong><\/p>\n<ol>\n<li><strong>Modern\u00fd spa\u013eovac\u00ed motor<\/strong>: Wyposa\u017cony w silnik Kubota Stage V, podno\u015bnik Zoomlion ZT26J-V zapewnia doskona\u0142\u0105 wydajno\u015b\u0107 i niezawodno\u015b\u0107. Silnik ten spe\u0142nia najnowsze normy emisji spalin, co czyni go cichym, przyjaznym dla \u015brodowiska i ekonomicznym w eksploatacji.<\/li>\n<li><strong>Stabiln\u00e1 kon\u0161trukcia<\/strong>: Pou\u017eitie teleskopu s\u00e9rie V - zvy\u0161uje stabilitu tohto stroja a rob\u00ed pr\u00e1cu na \u0148om e\u0161te bezpe\u010dnej\u0161ou. Zdvih\u00e1k s nosnos\u0165ou 454 kg je v\u0161estrann\u00fd a mo\u017eno ho pou\u017ei\u0165 na r\u00f4zne \u00falohy, pri\u010dom zaru\u010duje bezpe\u010dnos\u0165 a stabilitu aj pri maxim\u00e1lnom za\u0165a\u017een\u00ed.<\/li>\n<li><strong>Vysok\u00e1 zdv\u00edhacia kapacita<\/strong>: Podno\u015bnik Zoomlion ZT26J-V ma \u00a0ud\u017awig 454 kg, co czyni go idealnym do r\u00f3\u017cnorodnych zada\u0144. Solidna konstrukcja zapewnia bezpiecze\u0144stwo pracy nawet przy maksymalnym obci\u0105\u017ceniu.<\/li>\n<li><strong>Pohon 4\u00d74<\/strong>: Wyposa\u017cony w nap\u0119d na cztery ko\u0142a, podno\u015bnik Zoomlion ZT26J-V gwarantuje doskona\u0142\u0105 mobilno\u015b\u0107 i zdolno\u015b\u0107 do pracy w trudnym terenie. Stabilno\u015b\u0107 i \u0142atwo\u015b\u0107 manewrowania s\u0105 niezale\u017cne od warunk\u00f3w terenowych.<\/li>\n<li><strong>Inovat\u00edvny teleskop V<\/strong>: Modern\u00fd teleskopick\u00fd dizajn v tvare V. T\u00e1to kon\u0161trukcia zvy\u0161uje stabilitu a rozsah pohybu, \u010do vedie k vy\u0161\u0161ej \u00fa\u010dinnosti a bezpe\u010dnosti.<\/li>\n<\/ol>\n<p>Pon\u00fakame profesion\u00e1lny z\u00e1kazn\u00edcky servis a \u00fapln\u00fa technick\u00fa podporu. Sme hrd\u00ed na to, \u017ee poskytujeme v\u00fdrobky najvy\u0161\u0161ej kvality, ktor\u00e9 sp\u013a\u0148aj\u00fa o\u010dak\u00e1vania najn\u00e1ro\u010dnej\u0161\u00edch pou\u017e\u00edvate\u013eov. Kontaktujte n\u00e1s, aby ste sa dozvedeli viac o predaji nov\u00fdch strojov a spoznali n\u00e1\u0161 kompletn\u00fd sortiment v\u00fd\u0161kov\u00fdch pracovn\u00fdch plo\u0161\u00edn Zoomlion.<\/p>\n<p><strong>Te\u0161\u00edme sa na spolupr\u00e1cu s vami!<\/strong> Viac inform\u00e1ci\u00ed n\u00e1jdete na str\u00e1nke www.<a href=\"https:\/\/bacpolska.pl\">bacpolska.pl<\/a><\/p>","protected":false},"featured_media":456983,"template":"","meta":[],"product_brand":[],"product_cat":[861,863,892],"product_tag":[],"class_list":{"0":"post-440991","1":"product","2":"type-product","3":"status-publish","4":"has-post-thumbnail","6":"product_cat-sprzedaz","7":"product_cat-nowe","8":"product_cat-podnosniki-teleskopowe-spalinowe","9":"pa_dlugosc-transportowa-10-50","10":"pa_max-udzwig-kg-300-454","11":"pa_naped-4x4-2","12":"pa_szerokosc-transportowa-m-2-45","13":"pa_waga-kg-1387","14":"pa_wys-robocza-m-28-70","15":"pa_zasieg-boczny-m-22-1","16":"infinite-scroll-item","17":"","18":"woocommerce-text-align-center","19":"woocommerce-image-align-center","20":"do-quantity-buttons","22":"first","23":"instock","24":"shipping-taxable","25":"product-type-simple"},"_links":{"self":[{"href":"https:\/\/www.bacpolska.pl\/sk\/wp-json\/wp\/v2\/product\/440991","targetHints":{"allow":["GET"]}}],"collection":[{"href":"https:\/\/www.bacpolska.pl\/sk\/wp-json\/wp\/v2\/product"}],"about":[{"href":"https:\/\/www.bacpolska.pl\/sk\/wp-json\/wp\/v2\/types\/product"}],"wp:featuredmedia":[{"embeddable":true,"href":"https:\/\/www.bacpolska.pl\/sk\/wp-json\/wp\/v2\/media\/456983"}],"wp:attachment":[{"href":"https:\/\/www.bacpolska.pl\/sk\/wp-json\/wp\/v2\/media?parent=440991"}],"wp:term":[{"taxonomy":"product_brand","embeddable":true,"href":"https:\/\/www.bacpolska.pl\/sk\/wp-json\/wp\/v2\/product_brand?post=440991"},{"taxonomy":"product_cat","embeddable":true,"href":"https:\/\/www.bacpolska.pl\/sk\/wp-json\/wp\/v2\/product_cat?post=440991"},{"taxonomy":"product_tag","embeddable":true,"href":"https:\/\/www.bacpolska.pl\/sk\/wp-json\/wp\/v2\/product_tag?post=440991"}],"curies":[{"name":"wp","href":"https:\/\/api.w.org\/{rel}","templated":true}]}}