{"id":457262,"date":"2025-10-03T13:39:28","date_gmt":"2025-10-03T11:39:28","guid":{"rendered":"https:\/\/www.bacpolska.pl\/?post_type=product&#038;p=457262"},"modified":"2025-10-03T14:06:46","modified_gmt":"2025-10-03T12:06:46","slug":"zoomlion-zmp04-sprzedaz","status":"publish","type":"product","link":"https:\/\/www.bacpolska.pl\/sk\/katalog\/sprzedaz\/nowe\/podnosniki-masztowe-zoomlion\/zoomlion-zmp04-sprzedaz\/","title":{"rendered":"Zoomlion ZMP04"},"content":{"rendered":"<h2>Najwa\u017cniejsze cechy podno\u015bnika masztowego Zoomlion ZMP04<\/h2>\n<ul>\n<li>Wysoko\u015b\u0107 robocza: 5,82\u202fm<\/li>\n<li>Wysoko\u015b\u0107 platformy: 3,82\u202fm<\/li>\n<li>Ud\u017awig: 230\u202fkg (2 osoby + narz\u0119dzia)<\/li>\n<li>Mo\u017cliwo\u015b\u0107 jazdy na maksymalnym podniesieniu (mikrojazda)<\/li>\n<li>Waga: jedynie 900 kg<\/li>\n<li>Wymiary transportowe: 1,39\u202f\u00d7\u202f0,78\u202f\u00d7\u202f1,72\u202fm (w po\u0142\u0105czeniu z ma\u0142\u0105 wag\u0105 sprawiaj\u0105, \u017ce sprz\u0119t bez problemu mo\u017cna transportowa\u0107 nawet niedu\u017cym busem lub przyczep\u0105)<\/li>\n<li>Nap\u0119d i skr\u0119t na przednie ko\u0142a wraz z bardzo ma\u0142ym k\u0105tem zawracania \u2014 \u0142atwo\u015b\u0107 przeje\u017cd\u017cania przez drwi i manewrowania mi\u0119dzy rega\u0142ami (promie\u0144 zawracania do wewn\u0105trz &#8211; 0.14m, do zewn\u0105trz &#8211; 1.43m)<\/li>\n<li>Zdolno\u015b\u0107 pokonywania wzniesie\u0144: do 25%<\/li>\n<li>Pr\u0119dko\u015b\u0107 jazdy: do 4,5\u202fkm\/h<\/li>\n<li>Zasilanie: AGM 2\u00d712V\/120Ah \u2013 cicho i ekologicznie<\/li>\n<li>\u0141adowanie akumulator\u00f3w 24V\/20A<\/li>\n<li>Solidna konstrukcja w ca\u0142o\u015bci spawana robotem i malowana proszkowo (5 lat gwarancji na konstrukcj\u0119)<\/li>\n<li>Balkon wykonany z grubego metalu: 3 tryby wysuwania; \u0142o\u017cyskowane k\u00f3\u0142ka i prowadnice, kt\u00f3re zapobiegaj\u0105 zacinaniu si\u0119; drzwiczki z zamkiem i solidnymi zawiasami<\/li>\n<li>Szybki, stabilny system podnoszenia \u2013 wieloramienny, synchroniczny uk\u0142ad + system linek zapobiegaj\u0105cych zacinaniu si\u0119<\/li>\n<li>Pe\u0142ne ko\u0142a niebrudz\u0105ce \u2013 idealne do posadzek przemys\u0142owych i handlowych<\/li>\n<li>Systemy bezpiecze\u0144stwa: automatyczne hamulce, alarm ruchu, czujnik przechy\u0142u, awaryjne opuszczanie, system antyzapadkowy<\/li>\n<\/ul>\n<p><!-- notionvc: 2ea739eb-134e-4f48-9fa8-b4f0026baeb4 --><\/p>","protected":false},"excerpt":{"rendered":"<h3>Podno\u015bnik masztowy elektryczny <strong>Zoomlion ZMP04<\/strong> w ofercie BAC Polska<\/h3>\n<p><strong>Zoomlion ZMP04<\/strong> to niezawodny i kompaktowy elektryczny <strong>podno\u015bnik masztowy<\/strong>, stworzony do pracy w wymagaj\u0105cych warunkach, gdzie liczy si\u0119 precyzja, bezpiecze\u0144stwo i wysoka mobilno\u015b\u0107.<\/p>\n<h3>Mobilno\u015b\u0107 i \u0142atwy transport<\/h3>\n<p>Jednym z najwi\u0119kszych atut\u00f3w <strong>Zoomlion ZMP04<\/strong> jest jego kompaktowa budowa i niska waga \u2013 tylko <strong>900 kg<\/strong>. Dzi\u0119ki wymiarom transportowym <strong>1,39 \u00d7 0,78 \u00d7 1,72 m<\/strong> podno\u015bnik mo\u017cna przewozi\u0107 nawet mniejszym busem lub na standardowej przyczepie. W dodatku urz\u0105dzenie wyposa\u017cone jest w <strong>kieszenie na w\u00f3zek wid\u0142owy<\/strong>, co dodatkowo u\u0142atwia za\u0142adunek i roz\u0142adunek.<\/p>\n<p>Dzi\u0119ki nap\u0119dowi na przednie ko\u0142a i bardzo <strong>ma\u0142emu promieniowi skr\u0119tu (0,14 m do wewn\u0105trz i 1,43 m na zewn\u0105trz)<\/strong>, urz\u0105dzenie bez problemu porusza si\u0119 w w\u0105skich korytarzach magazynowych, mi\u0119dzy rega\u0142ami czy w halach produkcyjnych. Z kolei zdolno\u015b\u0107 pokonywania wzniesie\u0144 do 25% sprawia, \u017ce sprz\u0119t sprawdzi si\u0119 r\u00f3wnie\u017c na zr\u00f3\u017cnicowanym pod\u0142o\u017cu.<\/p>\n<p>Niebrudz\u0105ce, pe\u0142ne ko\u0142a pozwalaj\u0105 bezpiecznie u\u017cytkowa\u0107 maszyn\u0119 na posadzkach przemys\u0142owych i handlowych, bez ryzyka pozostawiania \u015blad\u00f3w.<\/p>\n<h3>Wydajno\u015b\u0107 i bezpiecze\u0144stwo w codziennej pracy<\/h3>\n<p>Podno\u015bnik masztowy <strong>Zoomlion ZMP04<\/strong> zapewnia wysoko\u015b\u0107 robocz\u0105 do <strong>5,82 m<\/strong> co pozwala z \u0142atwo\u015bci\u0105 dotrze\u0107 do instalacji, o\u015bwietlenia, system\u00f3w wentylacyjnych lub towar\u00f3w na wysokich rega\u0142ach i czyni go idealnym rozwi\u0105zaniem dla logistyki, przemys\u0142u i sektora handlowego.<\/p>\n<p>Kapacita <strong>230 kg<\/strong>, co pozwala na prac\u0119 dw\u00f3ch os\u00f3b z kompletem narz\u0119dzi. Stabilny i synchroniczny system podnoszenia gwarantuje p\u0142ynne ruchy platformy, a mo\u017cliwo\u015b\u0107 jazdy przy maksymalnym podniesieniu (mikrojazda) zwi\u0119ksza efektywno\u015b\u0107 pracy.<\/p>\n<p>Podno\u015bnik wyr\u00f3\u017cnia si\u0119 stabilnym, wieloramiennym systemem podnoszenia, <strong>elektrycznym nap\u0119dem z AGM 2\u00d712V\/120Ah<\/strong> oraz pe\u0142nym pakietem zabezpiecze\u0144: czujnikiem przechy\u0142u, systemem antyzapadkowym, automatycznymi hamulcami i funkcj\u0105 awaryjnego opuszczania. Warto te\u017c zaznaczy\u0107 mo\u017cliwo\u015b\u0107 jazdy przy pe\u0142nym podniesieniu, co znacz\u0105co podnosi wydajno\u015b\u0107 pracy.<\/p>\n<p>Operator ma pe\u0142n\u0105 kontrol\u0119 dzi\u0119ki <strong>diagnostyce z dolnego panelu<\/strong>, a wbudowane <strong>czujniki wagowe z dok\u0142adno\u015bci\u0105 do 1 kg<\/strong> dbaj\u0105 o bezpiecze\u0144stwo u\u017cytkownik\u00f3w. Standardem s\u0105 tak\u017ce zaawansowane systemy ochrony: automatyczne hamulce, czujnik przechy\u0142u, alarm ruchu, system antyzapadkowy oraz awaryjne opuszczanie platformy.<\/p>\n<h3>Solidna konstrukcja i komfort u\u017cytkowania<\/h3>\n<p>Podno\u015bnik masztowy <strong>Zoomlion ZMP04<\/strong> zosta\u0142 zaprojektowany z my\u015bl\u0105 o trwa\u0142o\u015bci i wygodzie pracy. <strong>Konstrukcja w ca\u0142o\u015bci spawana robotem i malowana proszkowo<\/strong> zapewnia wyj\u0105tkow\u0105 wytrzyma\u0142o\u015b\u0107, co potwierdza a\u017c <strong>5-letnia gwarancja<\/strong> na ram\u0119.<\/p>\n<p>Operatorzy doceni\u0105 <strong>solidny balkon wykonany z grubego metalu<\/strong> z trzema trybami wysuwania, \u0142o\u017cyskowanymi prowadnicami oraz drzwiczkami wyposa\u017conymi w zamek i wytrzyma\u0142e zawiasy. <strong>Ryflowana pod\u0142oga<\/strong> eliminuje konieczno\u015b\u0107 stosowania dodatkowych naklejek antypo\u015blizgowych, a joystick kompatybilny z innymi modelami podno\u015bnik\u00f3w zwi\u0119ksza intuicyjno\u015b\u0107 obs\u0142ugi.<\/p>\n<p>Dodatkowe rozwi\u0105zania, takie jak <strong>aktywny system podp\u00f3r<\/strong> chroni\u0105cy przed wybojami, inteligentny prostownik monitoruj\u0105cy \u0142adowanie baterii czy mo\u017cliwo\u015b\u0107 pracy tak\u017ce w trybie zewn\u0119trznym, czyni\u0105 z tego modelu niezawodne i wszechstronne narz\u0119dzie.<\/p>\n<h3>Gwarancja jako\u015bci i niezawodno\u015bci<\/h3>\n<p>Decyduj\u0105c si\u0119 na zakup w <strong>BAC Polska<\/strong>, zyskujesz nie tylko nowoczesny sprz\u0119t, ale tak\u017ce pe\u0142ne wsparcie serwisowe:<\/p>\n<ul>\n<li><strong>5 lat gwarancji na konstrukcj\u0119<\/strong><\/li>\n<li><strong>2 lata gwarancji na cz\u0119\u015bci<\/strong><\/li>\n<li><strong>1 rok serwisu<\/strong><\/li>\n<\/ul>\n<h3>Dost\u0119pno\u015b\u0107 od r\u0119ki w atrakcyjnej cenie i z finansowaniem<\/h3>\n<p>Podno\u015bnik Zoomlion ZMP04 jest dost\u0119pny od r\u0119ki w sprzeda\u017cy w BAC Polska w konkurencyjnej cenie i z mo\u017cliwo\u015bci\u0105 elastycznego finansowania.<\/p>\n<p>\ud83d\udc49 Skontaktuj si\u0119 z nami, aby pozna\u0107 pe\u0142n\u0105 ofert\u0119, warunki sprzeda\u017cy i aktualn\u0105 cen\u0119.<\/p>\n<p><!-- notionvc: 802fe148-2003-4af3-954b-1433abbfa2c8 --><\/p>","protected":false},"featured_media":457291,"template":"","meta":[],"product_brand":[],"product_cat":[1614,861,863],"product_tag":[],"class_list":{"0":"post-457262","1":"product","2":"type-product","3":"status-publish","4":"has-post-thumbnail","6":"product_cat-podnosniki-masztowe-zoomlion","7":"product_cat-sprzedaz","8":"product_cat-nowe","9":"pa_dlugosc-transportowa-1-39","10":"pa_kola-biale","11":"pa_max-udzwig-kg-374","12":"pa_praca-na-zewnatrz-i-w-srodku","13":"pa_przedluzenie-platformy-m-0-50","14":"pa_przeswit-od-podloza-m-0-06","15":"pa_rodzaj-elektryczny","16":"pa_szerokosc-transportowa-m-0-78","17":"pa_waga-kg-1683","18":"pa_wymiary-platformy-m-1-02x0-76","19":"pa_wymiary-rozsunietej-platformy-1-52x0-76","20":"pa_wys-robocza-m-5-82","21":"pa_wysokosc-jazdy-w-pelnym-zakresie","22":"pa_wysokosc-platformy-m-3-82","23":"pa_wysokosc-robocza-5-82","24":"pa_wysokosc-transportowa-m-1-72","25":"pa_zasilanie-2x12v-120ah","26":"infinite-scroll-item","27":"","28":"woocommerce-text-align-center","29":"woocommerce-image-align-center","30":"do-quantity-buttons","32":"first","33":"instock","34":"shipping-taxable","35":"product-type-simple"},"_links":{"self":[{"href":"https:\/\/www.bacpolska.pl\/sk\/wp-json\/wp\/v2\/product\/457262","targetHints":{"allow":["GET"]}}],"collection":[{"href":"https:\/\/www.bacpolska.pl\/sk\/wp-json\/wp\/v2\/product"}],"about":[{"href":"https:\/\/www.bacpolska.pl\/sk\/wp-json\/wp\/v2\/types\/product"}],"wp:featuredmedia":[{"embeddable":true,"href":"https:\/\/www.bacpolska.pl\/sk\/wp-json\/wp\/v2\/media\/457291"}],"wp:attachment":[{"href":"https:\/\/www.bacpolska.pl\/sk\/wp-json\/wp\/v2\/media?parent=457262"}],"wp:term":[{"taxonomy":"product_brand","embeddable":true,"href":"https:\/\/www.bacpolska.pl\/sk\/wp-json\/wp\/v2\/product_brand?post=457262"},{"taxonomy":"product_cat","embeddable":true,"href":"https:\/\/www.bacpolska.pl\/sk\/wp-json\/wp\/v2\/product_cat?post=457262"},{"taxonomy":"product_tag","embeddable":true,"href":"https:\/\/www.bacpolska.pl\/sk\/wp-json\/wp\/v2\/product_tag?post=457262"}],"curies":[{"name":"wp","href":"https:\/\/api.w.org\/{rel}","templated":true}]}}